{"id":7881,"date":"2019-02-20T18:43:59","date_gmt":"2019-02-20T16:43:59","guid":{"rendered":"https:\/\/www.redwingfrankfurt.com\/?post_type=product&#038;p=7881"},"modified":"2023-02-11T17:16:49","modified_gmt":"2023-02-11T15:16:49","slug":"3336-wacouta","status":"publish","type":"product","link":"https:\/\/www.redwingfrankfurt.com\/en\/shop\/mens-shoes-en\/3336-wacouta\/","title":{"rendered":"3336 Weekender Canvas Moc"},"content":{"rendered":"<p>Der Weekender Canvas Moc ist ein casual Lifestyle Boot mit unserem premium Briar Oil Slick Leder in Kombination mit gewachstem Canvas. Das Canvas wird ausschle\u00dflich in den U.S.A produziert und kommt von der alt eingesessenen Firma &#8220;Fairfield Textiles&#8221;. Durch Verwendung von Canvas erzielen wir einen hohen Grad an Komfort und reduzieren dabei gleichzeitig das Gewicht. Ideal<br \/>\nf\u00fcr die w\u00e4rmeren Tage des Jahres. Der Weekender Canvas Moc ist zwiegen\u00e4ht und verf\u00fcgt \u00fcber eine leichte Honeywheat Sohle. Einsteigen und wohlf\u00fchlen.<\/p>\n","protected":false},"excerpt":{"rendered":"<ul>\n<li>Leder: Briar Oil Slick<\/li>\n<li>Innen: Lederbrandsohle<\/li>\n<li>Sohle: Honeywheat<\/li>\n<li>Konstruktion: Zwiegen\u00e4ht<br \/>\n<span style=\"color: #ffffff;\">&#8212;&#8212;&#8212;&#8212;&#8212;&#8212;&#8212;&#8212;&#8212;&#8212;&#8212;&#8211;<\/span><br \/>\nMade in the USA!<\/li>\n<\/ul>\n","protected":false},"featured_media":11906,"template":"","meta":[],"product_brand":[],"product_cat":[83],"product_tag":[547,458,846,427,546],"class_list":{"0":"post-7881","1":"product","2":"type-product","3":"status-publish","4":"has-post-thumbnail","6":"product_cat-mens-shoes","7":"product_tag-547","8":"product_tag-briar-oil-slick","9":"product_tag-data","10":"product_tag-moc-toe","11":"product_tag-weekender-canvas-moc","12":"pa_farbe-braun","13":"pa_groesse-129","14":"pa_groesse-130","15":"pa_groesse-44-5","16":"pa_groesse-132","17":"pa_groesse-133","18":"pa_groesse-134","19":"pa_groesse-122","20":"pa_groesse-123","21":"pa_groesse-118","22":"pa_groesse-41-5","23":"pa_groesse-127","24":"pa_groesse-42-5","26":"first","27":"outofstock","28":"taxable","29":"shipping-taxable","30":"purchasable","31":"product-type-variable","32":"add-to-wishlist-before_image"},"yoast_head":"<!-- This site is optimized with the Yoast SEO plugin v27.4 - https:\/\/yoast.com\/product\/yoast-seo-wordpress\/ -->\n<title>3336 Weekender Canvas Moc - Red Wing Store Frankfurt<\/title>\n<meta name=\"robots\" content=\"index, follow, max-snippet:-1, max-image-preview:large, max-video-preview:-1\" \/>\n<link rel=\"canonical\" href=\"https:\/\/www.redwingfrankfurt.com\/en\/shop\/mens-shoes-en\/3336-wacouta\/\" \/>\n<meta property=\"og:locale\" content=\"en_US\" \/>\n<meta property=\"og:type\" content=\"article\" \/>\n<meta property=\"og:title\" content=\"3336 Weekender Canvas Moc - Red Wing Store Frankfurt\" \/>\n<meta property=\"og:description\" content=\"Leder: Briar Oil Slick  Innen: Lederbrandsohle  Sohle: Honeywheat  Konstruktion: Zwiegen\u00e4ht ----------------------------------- Made in the USA!\" \/>\n<meta property=\"og:url\" content=\"https:\/\/www.redwingfrankfurt.com\/en\/shop\/mens-shoes-en\/3336-wacouta\/\" \/>\n<meta property=\"og:site_name\" content=\"Red Wing Store Frankfurt\" \/>\n<meta property=\"article:modified_time\" content=\"2023-02-11T15:16:49+00:00\" \/>\n<meta property=\"og:image\" content=\"https:\/\/www.redwingfrankfurt.com\/wp-content\/uploads\/2022\/02\/red-wing-shoe-store-frankfurt-3336-weekender-canvas-moc-briar-oil-slick-berlin-hamburg-muenchen-4.jpg\" \/>\n\t<meta property=\"og:image:width\" content=\"2000\" \/>\n\t<meta property=\"og:image:height\" content=\"2000\" \/>\n\t<meta property=\"og:image:type\" content=\"image\/jpeg\" \/>\n<meta name=\"twitter:card\" content=\"summary_large_image\" \/>\n<script type=\"application\/ld+json\" class=\"yoast-schema-graph\">{\"@context\":\"https:\\\/\\\/schema.org\",\"@graph\":[{\"@type\":\"WebPage\",\"@id\":\"https:\\\/\\\/www.redwingfrankfurt.com\\\/en\\\/shop\\\/mens-shoes-en\\\/3336-wacouta\\\/\",\"url\":\"https:\\\/\\\/www.redwingfrankfurt.com\\\/en\\\/shop\\\/mens-shoes-en\\\/3336-wacouta\\\/\",\"name\":\"3336 Weekender Canvas Moc - Red Wing Store Frankfurt\",\"isPartOf\":{\"@id\":\"https:\\\/\\\/www.redwingfrankfurt.com\\\/en\\\/#website\"},\"primaryImageOfPage\":{\"@id\":\"https:\\\/\\\/www.redwingfrankfurt.com\\\/en\\\/shop\\\/mens-shoes-en\\\/3336-wacouta\\\/#primaryimage\"},\"image\":{\"@id\":\"https:\\\/\\\/www.redwingfrankfurt.com\\\/en\\\/shop\\\/mens-shoes-en\\\/3336-wacouta\\\/#primaryimage\"},\"thumbnailUrl\":\"https:\\\/\\\/www.redwingfrankfurt.com\\\/wp-content\\\/uploads\\\/2022\\\/02\\\/red-wing-shoe-store-frankfurt-3336-weekender-canvas-moc-briar-oil-slick-berlin-hamburg-muenchen-4.jpg\",\"datePublished\":\"2019-02-20T16:43:59+00:00\",\"dateModified\":\"2023-02-11T15:16:49+00:00\",\"breadcrumb\":{\"@id\":\"https:\\\/\\\/www.redwingfrankfurt.com\\\/en\\\/shop\\\/mens-shoes-en\\\/3336-wacouta\\\/#breadcrumb\"},\"inLanguage\":\"en-US\",\"potentialAction\":[{\"@type\":\"ReadAction\",\"target\":[\"https:\\\/\\\/www.redwingfrankfurt.com\\\/en\\\/shop\\\/mens-shoes-en\\\/3336-wacouta\\\/\"]}]},{\"@type\":\"ImageObject\",\"inLanguage\":\"en-US\",\"@id\":\"https:\\\/\\\/www.redwingfrankfurt.com\\\/en\\\/shop\\\/mens-shoes-en\\\/3336-wacouta\\\/#primaryimage\",\"url\":\"https:\\\/\\\/www.redwingfrankfurt.com\\\/wp-content\\\/uploads\\\/2022\\\/02\\\/red-wing-shoe-store-frankfurt-3336-weekender-canvas-moc-briar-oil-slick-berlin-hamburg-muenchen-4.jpg\",\"contentUrl\":\"https:\\\/\\\/www.redwingfrankfurt.com\\\/wp-content\\\/uploads\\\/2022\\\/02\\\/red-wing-shoe-store-frankfurt-3336-weekender-canvas-moc-briar-oil-slick-berlin-hamburg-muenchen-4.jpg\",\"width\":2000,\"height\":2000,\"caption\":\"red wing shoe store frankfurt 3336 weekender canvas moc briar oil slick berlin hamburg muenchen\"},{\"@type\":\"BreadcrumbList\",\"@id\":\"https:\\\/\\\/www.redwingfrankfurt.com\\\/en\\\/shop\\\/mens-shoes-en\\\/3336-wacouta\\\/#breadcrumb\",\"itemListElement\":[{\"@type\":\"ListItem\",\"position\":1,\"name\":\"Startseite\",\"item\":\"https:\\\/\\\/www.redwingfrankfurt.com\\\/en\\\/\"},{\"@type\":\"ListItem\",\"position\":2,\"name\":\"Shop\",\"item\":\"https:\\\/\\\/www.redwingfrankfurt.com\\\/shop\\\/\"},{\"@type\":\"ListItem\",\"position\":3,\"name\":\"3336 Weekender Canvas Moc\"}]},{\"@type\":\"WebSite\",\"@id\":\"https:\\\/\\\/www.redwingfrankfurt.com\\\/en\\\/#website\",\"url\":\"https:\\\/\\\/www.redwingfrankfurt.com\\\/en\\\/\",\"name\":\"Red Wing Store Frankfurt\",\"description\":\"First Red Wing Store in Europe \u2013 since 1977\",\"potentialAction\":[{\"@type\":\"SearchAction\",\"target\":{\"@type\":\"EntryPoint\",\"urlTemplate\":\"https:\\\/\\\/www.redwingfrankfurt.com\\\/en\\\/?s={search_term_string}\"},\"query-input\":{\"@type\":\"PropertyValueSpecification\",\"valueRequired\":true,\"valueName\":\"search_term_string\"}}],\"inLanguage\":\"en-US\"}]}<\/script>\n<!-- \/ Yoast SEO plugin. -->","yoast_head_json":{"title":"3336 Weekender Canvas Moc - Red Wing Store Frankfurt","robots":{"index":"index","follow":"follow","max-snippet":"max-snippet:-1","max-image-preview":"max-image-preview:large","max-video-preview":"max-video-preview:-1"},"canonical":"https:\/\/www.redwingfrankfurt.com\/en\/shop\/mens-shoes-en\/3336-wacouta\/","og_locale":"en_US","og_type":"article","og_title":"3336 Weekender Canvas Moc - Red Wing Store Frankfurt","og_description":"Leder: Briar Oil Slick  Innen: Lederbrandsohle  Sohle: Honeywheat  Konstruktion: Zwiegen\u00e4ht ----------------------------------- Made in the USA!","og_url":"https:\/\/www.redwingfrankfurt.com\/en\/shop\/mens-shoes-en\/3336-wacouta\/","og_site_name":"Red Wing Store Frankfurt","article_modified_time":"2023-02-11T15:16:49+00:00","og_image":[{"width":2000,"height":2000,"url":"https:\/\/www.redwingfrankfurt.com\/wp-content\/uploads\/2022\/02\/red-wing-shoe-store-frankfurt-3336-weekender-canvas-moc-briar-oil-slick-berlin-hamburg-muenchen-4.jpg","type":"image\/jpeg"}],"twitter_card":"summary_large_image","schema":{"@context":"https:\/\/schema.org","@graph":[{"@type":"WebPage","@id":"https:\/\/www.redwingfrankfurt.com\/en\/shop\/mens-shoes-en\/3336-wacouta\/","url":"https:\/\/www.redwingfrankfurt.com\/en\/shop\/mens-shoes-en\/3336-wacouta\/","name":"3336 Weekender Canvas Moc - Red Wing Store Frankfurt","isPartOf":{"@id":"https:\/\/www.redwingfrankfurt.com\/en\/#website"},"primaryImageOfPage":{"@id":"https:\/\/www.redwingfrankfurt.com\/en\/shop\/mens-shoes-en\/3336-wacouta\/#primaryimage"},"image":{"@id":"https:\/\/www.redwingfrankfurt.com\/en\/shop\/mens-shoes-en\/3336-wacouta\/#primaryimage"},"thumbnailUrl":"https:\/\/www.redwingfrankfurt.com\/wp-content\/uploads\/2022\/02\/red-wing-shoe-store-frankfurt-3336-weekender-canvas-moc-briar-oil-slick-berlin-hamburg-muenchen-4.jpg","datePublished":"2019-02-20T16:43:59+00:00","dateModified":"2023-02-11T15:16:49+00:00","breadcrumb":{"@id":"https:\/\/www.redwingfrankfurt.com\/en\/shop\/mens-shoes-en\/3336-wacouta\/#breadcrumb"},"inLanguage":"en-US","potentialAction":[{"@type":"ReadAction","target":["https:\/\/www.redwingfrankfurt.com\/en\/shop\/mens-shoes-en\/3336-wacouta\/"]}]},{"@type":"ImageObject","inLanguage":"en-US","@id":"https:\/\/www.redwingfrankfurt.com\/en\/shop\/mens-shoes-en\/3336-wacouta\/#primaryimage","url":"https:\/\/www.redwingfrankfurt.com\/wp-content\/uploads\/2022\/02\/red-wing-shoe-store-frankfurt-3336-weekender-canvas-moc-briar-oil-slick-berlin-hamburg-muenchen-4.jpg","contentUrl":"https:\/\/www.redwingfrankfurt.com\/wp-content\/uploads\/2022\/02\/red-wing-shoe-store-frankfurt-3336-weekender-canvas-moc-briar-oil-slick-berlin-hamburg-muenchen-4.jpg","width":2000,"height":2000,"caption":"red wing shoe store frankfurt 3336 weekender canvas moc briar oil slick berlin hamburg muenchen"},{"@type":"BreadcrumbList","@id":"https:\/\/www.redwingfrankfurt.com\/en\/shop\/mens-shoes-en\/3336-wacouta\/#breadcrumb","itemListElement":[{"@type":"ListItem","position":1,"name":"Startseite","item":"https:\/\/www.redwingfrankfurt.com\/en\/"},{"@type":"ListItem","position":2,"name":"Shop","item":"https:\/\/www.redwingfrankfurt.com\/shop\/"},{"@type":"ListItem","position":3,"name":"3336 Weekender Canvas Moc"}]},{"@type":"WebSite","@id":"https:\/\/www.redwingfrankfurt.com\/en\/#website","url":"https:\/\/www.redwingfrankfurt.com\/en\/","name":"Red Wing Store Frankfurt","description":"First Red Wing Store in Europe \u2013 since 1977","potentialAction":[{"@type":"SearchAction","target":{"@type":"EntryPoint","urlTemplate":"https:\/\/www.redwingfrankfurt.com\/en\/?s={search_term_string}"},"query-input":{"@type":"PropertyValueSpecification","valueRequired":true,"valueName":"search_term_string"}}],"inLanguage":"en-US"}]}},"_links":{"self":[{"href":"https:\/\/www.redwingfrankfurt.com\/en\/wp-json\/wp\/v2\/product\/7881","targetHints":{"allow":["GET"]}}],"collection":[{"href":"https:\/\/www.redwingfrankfurt.com\/en\/wp-json\/wp\/v2\/product"}],"about":[{"href":"https:\/\/www.redwingfrankfurt.com\/en\/wp-json\/wp\/v2\/types\/product"}],"wp:featuredmedia":[{"embeddable":true,"href":"https:\/\/www.redwingfrankfurt.com\/en\/wp-json\/wp\/v2\/media\/11906"}],"wp:attachment":[{"href":"https:\/\/www.redwingfrankfurt.com\/en\/wp-json\/wp\/v2\/media?parent=7881"}],"wp:term":[{"taxonomy":"product_brand","embeddable":true,"href":"https:\/\/www.redwingfrankfurt.com\/en\/wp-json\/wp\/v2\/product_brand?post=7881"},{"taxonomy":"product_cat","embeddable":true,"href":"https:\/\/www.redwingfrankfurt.com\/en\/wp-json\/wp\/v2\/product_cat?post=7881"},{"taxonomy":"product_tag","embeddable":true,"href":"https:\/\/www.redwingfrankfurt.com\/en\/wp-json\/wp\/v2\/product_tag?post=7881"}],"curies":[{"name":"wp","href":"https:\/\/api.w.org\/{rel}","templated":true}]}}