{"id":7154,"date":"2018-08-31T14:22:50","date_gmt":"2018-08-31T12:22:50","guid":{"rendered":"https:\/\/www.redwingfrankfurt.com\/?post_type=product&#038;p=7154"},"modified":"2026-04-16T20:22:53","modified_gmt":"2026-04-16T18:22:53","slug":"schuhspanner-stiefel","status":"publish","type":"product","link":"https:\/\/www.redwingfrankfurt.com\/en\/shop\/accessories\/schuhspanner\/schuhspanner-stiefel\/","title":{"rendered":"Schuhspanner Stiefel"},"content":{"rendered":"","protected":false},"excerpt":{"rendered":"<p>Red Wing Schuhspanner aus 100% Zedernholz. Diese Schuhspanner halten nicht nur ihre Red Wings in Form sondern gl\u00e4tten auch die Lauffalten im vorderen Bereich des Schuhs auftreten k\u00f6nnen. Zedernholz ist ideal um \u00fcbersch\u00fcssige Feuchtigkeit und auch Ger\u00fcche aus dem Leder zu ziehen.<\/p>\n<p>Made by Red Wing in the USA!<\/p>\n","protected":false},"featured_media":12891,"template":"","meta":[],"product_brand":[],"product_cat":[258],"product_tag":[744,746,747],"class_list":{"0":"post-7154","1":"product","2":"type-product","3":"status-publish","4":"has-post-thumbnail","6":"product_cat-schuhspanner","7":"product_tag-744","8":"product_tag-boot-tree","9":"product_tag-schuhspanner","10":"pa_groesse-groesse-l-us-9-105-eu-42-44","11":"pa_groesse-groesse-m-us-7-85-eu-39-415","12":"pa_groesse-groesse-s-us-5-65-eu-37-385","13":"pa_groesse-groesse-xl-us-11-13-eu-445-47","14":"pa_groesse-groesse-xs-us-4-45-eu-355-36","16":"first","17":"instock","18":"taxable","19":"shipping-taxable","20":"purchasable","21":"product-type-variable","22":"add-to-wishlist-before_image"},"yoast_head":"<!-- This site is optimized with the Yoast SEO plugin v27.4 - https:\/\/yoast.com\/product\/yoast-seo-wordpress\/ -->\n<title>Schuhspanner Stiefel - Red Wing Store Frankfurt<\/title>\n<meta name=\"robots\" content=\"index, follow, max-snippet:-1, max-image-preview:large, max-video-preview:-1\" \/>\n<link rel=\"canonical\" href=\"https:\/\/www.redwingfrankfurt.com\/en\/shop\/accessories\/schuhspanner\/schuhspanner-stiefel\/\" \/>\n<meta property=\"og:locale\" content=\"en_US\" \/>\n<meta property=\"og:type\" content=\"article\" \/>\n<meta property=\"og:title\" content=\"Schuhspanner Stiefel - Red Wing Store Frankfurt\" \/>\n<meta property=\"og:description\" content=\"Red Wing Schuhspanner aus 100% Zedernholz. Diese Schuhspanner halten nicht nur ihre Red Wings in Form sondern gl\u00e4tten auch die Lauffalten im vorderen Bereich des Schuhs auftreten k\u00f6nnen. Zedernholz ist ideal um \u00fcbersch\u00fcssige Feuchtigkeit und auch Ger\u00fcche aus dem Leder zu ziehen.  Made by Red Wing in the USA!\" \/>\n<meta property=\"og:url\" content=\"https:\/\/www.redwingfrankfurt.com\/en\/shop\/accessories\/schuhspanner\/schuhspanner-stiefel\/\" \/>\n<meta property=\"og:site_name\" content=\"Red Wing Store Frankfurt\" \/>\n<meta property=\"article:modified_time\" content=\"2026-04-16T18:22:53+00:00\" \/>\n<meta property=\"og:image\" content=\"https:\/\/www.redwingfrankfurt.com\/wp-content\/uploads\/2022\/03\/red-wing-shoe-store-frankfurt-boot-tree-schuhspanner-95062-berlin-hamburg-muenchen-1024x1024.jpg\" \/>\n\t<meta property=\"og:image:width\" content=\"1024\" \/>\n\t<meta property=\"og:image:height\" content=\"1024\" \/>\n\t<meta property=\"og:image:type\" content=\"image\/jpeg\" \/>\n<meta name=\"twitter:card\" content=\"summary_large_image\" \/>\n<script type=\"application\/ld+json\" class=\"yoast-schema-graph\">{\"@context\":\"https:\\\/\\\/schema.org\",\"@graph\":[{\"@type\":\"WebPage\",\"@id\":\"https:\\\/\\\/www.redwingfrankfurt.com\\\/en\\\/shop\\\/accessories\\\/schuhspanner\\\/schuhspanner-stiefel\\\/\",\"url\":\"https:\\\/\\\/www.redwingfrankfurt.com\\\/en\\\/shop\\\/accessories\\\/schuhspanner\\\/schuhspanner-stiefel\\\/\",\"name\":\"Schuhspanner Stiefel - Red Wing Store Frankfurt\",\"isPartOf\":{\"@id\":\"https:\\\/\\\/www.redwingfrankfurt.com\\\/en\\\/#website\"},\"primaryImageOfPage\":{\"@id\":\"https:\\\/\\\/www.redwingfrankfurt.com\\\/en\\\/shop\\\/accessories\\\/schuhspanner\\\/schuhspanner-stiefel\\\/#primaryimage\"},\"image\":{\"@id\":\"https:\\\/\\\/www.redwingfrankfurt.com\\\/en\\\/shop\\\/accessories\\\/schuhspanner\\\/schuhspanner-stiefel\\\/#primaryimage\"},\"thumbnailUrl\":\"https:\\\/\\\/www.redwingfrankfurt.com\\\/wp-content\\\/uploads\\\/2022\\\/03\\\/red-wing-shoe-store-frankfurt-boot-tree-schuhspanner-95062-berlin-hamburg-muenchen.jpg\",\"datePublished\":\"2018-08-31T12:22:50+00:00\",\"dateModified\":\"2026-04-16T18:22:53+00:00\",\"breadcrumb\":{\"@id\":\"https:\\\/\\\/www.redwingfrankfurt.com\\\/en\\\/shop\\\/accessories\\\/schuhspanner\\\/schuhspanner-stiefel\\\/#breadcrumb\"},\"inLanguage\":\"en-US\",\"potentialAction\":[{\"@type\":\"ReadAction\",\"target\":[\"https:\\\/\\\/www.redwingfrankfurt.com\\\/en\\\/shop\\\/accessories\\\/schuhspanner\\\/schuhspanner-stiefel\\\/\"]}]},{\"@type\":\"ImageObject\",\"inLanguage\":\"en-US\",\"@id\":\"https:\\\/\\\/www.redwingfrankfurt.com\\\/en\\\/shop\\\/accessories\\\/schuhspanner\\\/schuhspanner-stiefel\\\/#primaryimage\",\"url\":\"https:\\\/\\\/www.redwingfrankfurt.com\\\/wp-content\\\/uploads\\\/2022\\\/03\\\/red-wing-shoe-store-frankfurt-boot-tree-schuhspanner-95062-berlin-hamburg-muenchen.jpg\",\"contentUrl\":\"https:\\\/\\\/www.redwingfrankfurt.com\\\/wp-content\\\/uploads\\\/2022\\\/03\\\/red-wing-shoe-store-frankfurt-boot-tree-schuhspanner-95062-berlin-hamburg-muenchen.jpg\",\"width\":1100,\"height\":1100,\"caption\":\"red-wing-show-store-frankfurt-boot-tree-schuhspanner-95062-berlin-hamburg-muenchen\"},{\"@type\":\"BreadcrumbList\",\"@id\":\"https:\\\/\\\/www.redwingfrankfurt.com\\\/en\\\/shop\\\/accessories\\\/schuhspanner\\\/schuhspanner-stiefel\\\/#breadcrumb\",\"itemListElement\":[{\"@type\":\"ListItem\",\"position\":1,\"name\":\"Startseite\",\"item\":\"https:\\\/\\\/www.redwingfrankfurt.com\\\/en\\\/\"},{\"@type\":\"ListItem\",\"position\":2,\"name\":\"Shop\",\"item\":\"https:\\\/\\\/www.redwingfrankfurt.com\\\/shop\\\/\"},{\"@type\":\"ListItem\",\"position\":3,\"name\":\"Schuhspanner Stiefel\"}]},{\"@type\":\"WebSite\",\"@id\":\"https:\\\/\\\/www.redwingfrankfurt.com\\\/en\\\/#website\",\"url\":\"https:\\\/\\\/www.redwingfrankfurt.com\\\/en\\\/\",\"name\":\"Red Wing Store Frankfurt\",\"description\":\"First Red Wing Store in Europe \u2013 since 1977\",\"potentialAction\":[{\"@type\":\"SearchAction\",\"target\":{\"@type\":\"EntryPoint\",\"urlTemplate\":\"https:\\\/\\\/www.redwingfrankfurt.com\\\/en\\\/?s={search_term_string}\"},\"query-input\":{\"@type\":\"PropertyValueSpecification\",\"valueRequired\":true,\"valueName\":\"search_term_string\"}}],\"inLanguage\":\"en-US\"}]}<\/script>\n<!-- \/ Yoast SEO plugin. -->","yoast_head_json":{"title":"Schuhspanner Stiefel - Red Wing Store Frankfurt","robots":{"index":"index","follow":"follow","max-snippet":"max-snippet:-1","max-image-preview":"max-image-preview:large","max-video-preview":"max-video-preview:-1"},"canonical":"https:\/\/www.redwingfrankfurt.com\/en\/shop\/accessories\/schuhspanner\/schuhspanner-stiefel\/","og_locale":"en_US","og_type":"article","og_title":"Schuhspanner Stiefel - Red Wing Store Frankfurt","og_description":"Red Wing Schuhspanner aus 100% Zedernholz. Diese Schuhspanner halten nicht nur ihre Red Wings in Form sondern gl\u00e4tten auch die Lauffalten im vorderen Bereich des Schuhs auftreten k\u00f6nnen. Zedernholz ist ideal um \u00fcbersch\u00fcssige Feuchtigkeit und auch Ger\u00fcche aus dem Leder zu ziehen.  Made by Red Wing in the USA!","og_url":"https:\/\/www.redwingfrankfurt.com\/en\/shop\/accessories\/schuhspanner\/schuhspanner-stiefel\/","og_site_name":"Red Wing Store Frankfurt","article_modified_time":"2026-04-16T18:22:53+00:00","og_image":[{"width":1024,"height":1024,"url":"https:\/\/www.redwingfrankfurt.com\/wp-content\/uploads\/2022\/03\/red-wing-shoe-store-frankfurt-boot-tree-schuhspanner-95062-berlin-hamburg-muenchen-1024x1024.jpg","type":"image\/jpeg"}],"twitter_card":"summary_large_image","schema":{"@context":"https:\/\/schema.org","@graph":[{"@type":"WebPage","@id":"https:\/\/www.redwingfrankfurt.com\/en\/shop\/accessories\/schuhspanner\/schuhspanner-stiefel\/","url":"https:\/\/www.redwingfrankfurt.com\/en\/shop\/accessories\/schuhspanner\/schuhspanner-stiefel\/","name":"Schuhspanner Stiefel - Red Wing Store Frankfurt","isPartOf":{"@id":"https:\/\/www.redwingfrankfurt.com\/en\/#website"},"primaryImageOfPage":{"@id":"https:\/\/www.redwingfrankfurt.com\/en\/shop\/accessories\/schuhspanner\/schuhspanner-stiefel\/#primaryimage"},"image":{"@id":"https:\/\/www.redwingfrankfurt.com\/en\/shop\/accessories\/schuhspanner\/schuhspanner-stiefel\/#primaryimage"},"thumbnailUrl":"https:\/\/www.redwingfrankfurt.com\/wp-content\/uploads\/2022\/03\/red-wing-shoe-store-frankfurt-boot-tree-schuhspanner-95062-berlin-hamburg-muenchen.jpg","datePublished":"2018-08-31T12:22:50+00:00","dateModified":"2026-04-16T18:22:53+00:00","breadcrumb":{"@id":"https:\/\/www.redwingfrankfurt.com\/en\/shop\/accessories\/schuhspanner\/schuhspanner-stiefel\/#breadcrumb"},"inLanguage":"en-US","potentialAction":[{"@type":"ReadAction","target":["https:\/\/www.redwingfrankfurt.com\/en\/shop\/accessories\/schuhspanner\/schuhspanner-stiefel\/"]}]},{"@type":"ImageObject","inLanguage":"en-US","@id":"https:\/\/www.redwingfrankfurt.com\/en\/shop\/accessories\/schuhspanner\/schuhspanner-stiefel\/#primaryimage","url":"https:\/\/www.redwingfrankfurt.com\/wp-content\/uploads\/2022\/03\/red-wing-shoe-store-frankfurt-boot-tree-schuhspanner-95062-berlin-hamburg-muenchen.jpg","contentUrl":"https:\/\/www.redwingfrankfurt.com\/wp-content\/uploads\/2022\/03\/red-wing-shoe-store-frankfurt-boot-tree-schuhspanner-95062-berlin-hamburg-muenchen.jpg","width":1100,"height":1100,"caption":"red-wing-show-store-frankfurt-boot-tree-schuhspanner-95062-berlin-hamburg-muenchen"},{"@type":"BreadcrumbList","@id":"https:\/\/www.redwingfrankfurt.com\/en\/shop\/accessories\/schuhspanner\/schuhspanner-stiefel\/#breadcrumb","itemListElement":[{"@type":"ListItem","position":1,"name":"Startseite","item":"https:\/\/www.redwingfrankfurt.com\/en\/"},{"@type":"ListItem","position":2,"name":"Shop","item":"https:\/\/www.redwingfrankfurt.com\/shop\/"},{"@type":"ListItem","position":3,"name":"Schuhspanner Stiefel"}]},{"@type":"WebSite","@id":"https:\/\/www.redwingfrankfurt.com\/en\/#website","url":"https:\/\/www.redwingfrankfurt.com\/en\/","name":"Red Wing Store Frankfurt","description":"First Red Wing Store in Europe \u2013 since 1977","potentialAction":[{"@type":"SearchAction","target":{"@type":"EntryPoint","urlTemplate":"https:\/\/www.redwingfrankfurt.com\/en\/?s={search_term_string}"},"query-input":{"@type":"PropertyValueSpecification","valueRequired":true,"valueName":"search_term_string"}}],"inLanguage":"en-US"}]}},"_links":{"self":[{"href":"https:\/\/www.redwingfrankfurt.com\/en\/wp-json\/wp\/v2\/product\/7154","targetHints":{"allow":["GET"]}}],"collection":[{"href":"https:\/\/www.redwingfrankfurt.com\/en\/wp-json\/wp\/v2\/product"}],"about":[{"href":"https:\/\/www.redwingfrankfurt.com\/en\/wp-json\/wp\/v2\/types\/product"}],"wp:featuredmedia":[{"embeddable":true,"href":"https:\/\/www.redwingfrankfurt.com\/en\/wp-json\/wp\/v2\/media\/12891"}],"wp:attachment":[{"href":"https:\/\/www.redwingfrankfurt.com\/en\/wp-json\/wp\/v2\/media?parent=7154"}],"wp:term":[{"taxonomy":"product_brand","embeddable":true,"href":"https:\/\/www.redwingfrankfurt.com\/en\/wp-json\/wp\/v2\/product_brand?post=7154"},{"taxonomy":"product_cat","embeddable":true,"href":"https:\/\/www.redwingfrankfurt.com\/en\/wp-json\/wp\/v2\/product_cat?post=7154"},{"taxonomy":"product_tag","embeddable":true,"href":"https:\/\/www.redwingfrankfurt.com\/en\/wp-json\/wp\/v2\/product_tag?post=7154"}],"curies":[{"name":"wp","href":"https:\/\/api.w.org\/{rel}","templated":true}]}}