{"id":7130,"date":"2018-08-31T12:30:14","date_gmt":"2018-08-31T10:30:14","guid":{"rendered":"https:\/\/www.redwingfrankfurt.com\/?post_type=product&#038;p=7130"},"modified":"2026-04-01T15:44:14","modified_gmt":"2026-04-01T13:44:14","slug":"work-gloves-ungefuettert","status":"publish","type":"product","link":"https:\/\/www.redwingfrankfurt.com\/en\/shop\/accessories\/gloves\/work-gloves-ungefuettert\/","title":{"rendered":"Work Gloves Ungef\u00fcttert"},"content":{"rendered":"","protected":false},"excerpt":{"rendered":"<p>F\u00fcr unsere Handschuhe verwenden wir auschliesslich 3.25 oz chromgegerbtes Hirschleder, \u00e4hnlich dem Gerbverfahren das Red Wing auch f\u00fcr die meisten unserer Boots verwendet. Ausgelegt f\u00fcr maximalen Komfort und Bewegungsfreiheit durch den Gun Cut Palm Pattern der Hand Innenfl\u00e4chen und Key Stone Thumb Naht am Daumen. Die Handfl\u00e4chen sind zus\u00e4tzlich doppelt verst\u00e4rkt.<\/p>\n<p>Leder: Hirschleder<br \/>\nInnen: Ungef\u00fcttert<br \/>\nFarbe: Gelb<\/p>\n","protected":false},"featured_media":7134,"template":"","meta":[],"product_brand":[],"product_cat":[116],"product_tag":[704,705,727,709,701],"class_list":{"0":"post-7130","1":"product","2":"type-product","3":"status-publish","4":"has-post-thumbnail","6":"product_cat-gloves","7":"product_tag-704","8":"product_tag-gelb","9":"product_tag-handschuhe-gloves","10":"product_tag-work-gloves","11":"product_tag-yellow","12":"pa_farbe-gelb","13":"pa_size-large","14":"pa_size-medium","15":"pa_size-small","16":"pa_size-xl","18":"first","19":"instock","20":"taxable","21":"shipping-taxable","22":"purchasable","23":"product-type-variable","24":"add-to-wishlist-before_image"},"yoast_head":"<!-- This site is optimized with the Yoast SEO plugin v27.3 - https:\/\/yoast.com\/product\/yoast-seo-wordpress\/ -->\n<title>Work Gloves Ungef\u00fcttert - Red Wing Store Frankfurt<\/title>\n<meta name=\"robots\" content=\"index, follow, max-snippet:-1, max-image-preview:large, max-video-preview:-1\" \/>\n<link rel=\"canonical\" href=\"https:\/\/www.redwingfrankfurt.com\/en\/shop\/accessories\/gloves\/work-gloves-ungefuettert\/\" \/>\n<meta property=\"og:locale\" content=\"en_US\" \/>\n<meta property=\"og:type\" content=\"article\" \/>\n<meta property=\"og:title\" content=\"Work Gloves Ungef\u00fcttert - Red Wing Store Frankfurt\" \/>\n<meta property=\"og:description\" content=\"F\u00fcr unsere Handschuhe verwenden wir auschliesslich 3.25 oz chromgegerbtes Hirschleder, \u00e4hnlich dem Gerbverfahren das Red Wing auch f\u00fcr die meisten unserer Boots verwendet. Ausgelegt f\u00fcr maximalen Komfort und Bewegungsfreiheit durch den Gun Cut Palm Pattern der Hand Innenfl\u00e4chen und Key Stone Thumb Naht am Daumen. Die Handfl\u00e4chen sind zus\u00e4tzlich doppelt verst\u00e4rkt.  Leder: Hirschleder Innen: Ungef\u00fcttert Farbe: Gelb\" \/>\n<meta property=\"og:url\" content=\"https:\/\/www.redwingfrankfurt.com\/en\/shop\/accessories\/gloves\/work-gloves-ungefuettert\/\" \/>\n<meta property=\"og:site_name\" content=\"Red Wing Store Frankfurt\" \/>\n<meta property=\"article:modified_time\" content=\"2026-04-01T13:44:14+00:00\" \/>\n<meta property=\"og:image\" content=\"https:\/\/www.redwingfrankfurt.com\/wp-content\/uploads\/2018\/08\/red-wing-shoe-store-frankfurt-95233-gloves-yellow-ungefu\u0308ttert.jpg\" \/>\n\t<meta property=\"og:image:width\" content=\"2000\" \/>\n\t<meta property=\"og:image:height\" content=\"2000\" \/>\n\t<meta property=\"og:image:type\" content=\"image\/jpeg\" \/>\n<meta name=\"twitter:card\" content=\"summary_large_image\" \/>\n<script type=\"application\/ld+json\" class=\"yoast-schema-graph\">{\"@context\":\"https:\\\/\\\/schema.org\",\"@graph\":[{\"@type\":\"WebPage\",\"@id\":\"https:\\\/\\\/www.redwingfrankfurt.com\\\/en\\\/shop\\\/accessories\\\/gloves\\\/work-gloves-ungefuettert\\\/\",\"url\":\"https:\\\/\\\/www.redwingfrankfurt.com\\\/en\\\/shop\\\/accessories\\\/gloves\\\/work-gloves-ungefuettert\\\/\",\"name\":\"Work Gloves Ungef\u00fcttert - Red Wing Store Frankfurt\",\"isPartOf\":{\"@id\":\"https:\\\/\\\/www.redwingfrankfurt.com\\\/en\\\/#website\"},\"primaryImageOfPage\":{\"@id\":\"https:\\\/\\\/www.redwingfrankfurt.com\\\/en\\\/shop\\\/accessories\\\/gloves\\\/work-gloves-ungefuettert\\\/#primaryimage\"},\"image\":{\"@id\":\"https:\\\/\\\/www.redwingfrankfurt.com\\\/en\\\/shop\\\/accessories\\\/gloves\\\/work-gloves-ungefuettert\\\/#primaryimage\"},\"thumbnailUrl\":\"https:\\\/\\\/www.redwingfrankfurt.com\\\/wp-content\\\/uploads\\\/2018\\\/08\\\/red-wing-shoe-store-frankfurt-95233-gloves-yellow-ungefu\u0308ttert.jpg\",\"datePublished\":\"2018-08-31T10:30:14+00:00\",\"dateModified\":\"2026-04-01T13:44:14+00:00\",\"breadcrumb\":{\"@id\":\"https:\\\/\\\/www.redwingfrankfurt.com\\\/en\\\/shop\\\/accessories\\\/gloves\\\/work-gloves-ungefuettert\\\/#breadcrumb\"},\"inLanguage\":\"en-US\",\"potentialAction\":[{\"@type\":\"ReadAction\",\"target\":[\"https:\\\/\\\/www.redwingfrankfurt.com\\\/en\\\/shop\\\/accessories\\\/gloves\\\/work-gloves-ungefuettert\\\/\"]}]},{\"@type\":\"ImageObject\",\"inLanguage\":\"en-US\",\"@id\":\"https:\\\/\\\/www.redwingfrankfurt.com\\\/en\\\/shop\\\/accessories\\\/gloves\\\/work-gloves-ungefuettert\\\/#primaryimage\",\"url\":\"https:\\\/\\\/www.redwingfrankfurt.com\\\/wp-content\\\/uploads\\\/2018\\\/08\\\/red-wing-shoe-store-frankfurt-95233-gloves-yellow-ungefu\u0308ttert.jpg\",\"contentUrl\":\"https:\\\/\\\/www.redwingfrankfurt.com\\\/wp-content\\\/uploads\\\/2018\\\/08\\\/red-wing-shoe-store-frankfurt-95233-gloves-yellow-ungefu\u0308ttert.jpg\",\"width\":2000,\"height\":2000,\"caption\":\"red-wing-shoe-store-frankfurt-95233-gloves-yellow-ungef\u00fcttert-berlin-hamburg-muenchen\"},{\"@type\":\"BreadcrumbList\",\"@id\":\"https:\\\/\\\/www.redwingfrankfurt.com\\\/en\\\/shop\\\/accessories\\\/gloves\\\/work-gloves-ungefuettert\\\/#breadcrumb\",\"itemListElement\":[{\"@type\":\"ListItem\",\"position\":1,\"name\":\"Startseite\",\"item\":\"https:\\\/\\\/www.redwingfrankfurt.com\\\/en\\\/\"},{\"@type\":\"ListItem\",\"position\":2,\"name\":\"Shop\",\"item\":\"https:\\\/\\\/www.redwingfrankfurt.com\\\/shop\\\/\"},{\"@type\":\"ListItem\",\"position\":3,\"name\":\"Work Gloves Ungef\u00fcttert\"}]},{\"@type\":\"WebSite\",\"@id\":\"https:\\\/\\\/www.redwingfrankfurt.com\\\/en\\\/#website\",\"url\":\"https:\\\/\\\/www.redwingfrankfurt.com\\\/en\\\/\",\"name\":\"Red Wing Store Frankfurt\",\"description\":\"First Red Wing Store in Europe \u2013 since 1977\",\"potentialAction\":[{\"@type\":\"SearchAction\",\"target\":{\"@type\":\"EntryPoint\",\"urlTemplate\":\"https:\\\/\\\/www.redwingfrankfurt.com\\\/en\\\/?s={search_term_string}\"},\"query-input\":{\"@type\":\"PropertyValueSpecification\",\"valueRequired\":true,\"valueName\":\"search_term_string\"}}],\"inLanguage\":\"en-US\"}]}<\/script>\n<!-- \/ Yoast SEO plugin. -->","yoast_head_json":{"title":"Work Gloves Ungef\u00fcttert - Red Wing Store Frankfurt","robots":{"index":"index","follow":"follow","max-snippet":"max-snippet:-1","max-image-preview":"max-image-preview:large","max-video-preview":"max-video-preview:-1"},"canonical":"https:\/\/www.redwingfrankfurt.com\/en\/shop\/accessories\/gloves\/work-gloves-ungefuettert\/","og_locale":"en_US","og_type":"article","og_title":"Work Gloves Ungef\u00fcttert - Red Wing Store Frankfurt","og_description":"F\u00fcr unsere Handschuhe verwenden wir auschliesslich 3.25 oz chromgegerbtes Hirschleder, \u00e4hnlich dem Gerbverfahren das Red Wing auch f\u00fcr die meisten unserer Boots verwendet. Ausgelegt f\u00fcr maximalen Komfort und Bewegungsfreiheit durch den Gun Cut Palm Pattern der Hand Innenfl\u00e4chen und Key Stone Thumb Naht am Daumen. Die Handfl\u00e4chen sind zus\u00e4tzlich doppelt verst\u00e4rkt.  Leder: Hirschleder Innen: Ungef\u00fcttert Farbe: Gelb","og_url":"https:\/\/www.redwingfrankfurt.com\/en\/shop\/accessories\/gloves\/work-gloves-ungefuettert\/","og_site_name":"Red Wing Store Frankfurt","article_modified_time":"2026-04-01T13:44:14+00:00","og_image":[{"width":2000,"height":2000,"url":"https:\/\/www.redwingfrankfurt.com\/wp-content\/uploads\/2018\/08\/red-wing-shoe-store-frankfurt-95233-gloves-yellow-ungefu\u0308ttert.jpg","type":"image\/jpeg"}],"twitter_card":"summary_large_image","schema":{"@context":"https:\/\/schema.org","@graph":[{"@type":"WebPage","@id":"https:\/\/www.redwingfrankfurt.com\/en\/shop\/accessories\/gloves\/work-gloves-ungefuettert\/","url":"https:\/\/www.redwingfrankfurt.com\/en\/shop\/accessories\/gloves\/work-gloves-ungefuettert\/","name":"Work Gloves Ungef\u00fcttert - Red Wing Store Frankfurt","isPartOf":{"@id":"https:\/\/www.redwingfrankfurt.com\/en\/#website"},"primaryImageOfPage":{"@id":"https:\/\/www.redwingfrankfurt.com\/en\/shop\/accessories\/gloves\/work-gloves-ungefuettert\/#primaryimage"},"image":{"@id":"https:\/\/www.redwingfrankfurt.com\/en\/shop\/accessories\/gloves\/work-gloves-ungefuettert\/#primaryimage"},"thumbnailUrl":"https:\/\/www.redwingfrankfurt.com\/wp-content\/uploads\/2018\/08\/red-wing-shoe-store-frankfurt-95233-gloves-yellow-ungefu\u0308ttert.jpg","datePublished":"2018-08-31T10:30:14+00:00","dateModified":"2026-04-01T13:44:14+00:00","breadcrumb":{"@id":"https:\/\/www.redwingfrankfurt.com\/en\/shop\/accessories\/gloves\/work-gloves-ungefuettert\/#breadcrumb"},"inLanguage":"en-US","potentialAction":[{"@type":"ReadAction","target":["https:\/\/www.redwingfrankfurt.com\/en\/shop\/accessories\/gloves\/work-gloves-ungefuettert\/"]}]},{"@type":"ImageObject","inLanguage":"en-US","@id":"https:\/\/www.redwingfrankfurt.com\/en\/shop\/accessories\/gloves\/work-gloves-ungefuettert\/#primaryimage","url":"https:\/\/www.redwingfrankfurt.com\/wp-content\/uploads\/2018\/08\/red-wing-shoe-store-frankfurt-95233-gloves-yellow-ungefu\u0308ttert.jpg","contentUrl":"https:\/\/www.redwingfrankfurt.com\/wp-content\/uploads\/2018\/08\/red-wing-shoe-store-frankfurt-95233-gloves-yellow-ungefu\u0308ttert.jpg","width":2000,"height":2000,"caption":"red-wing-shoe-store-frankfurt-95233-gloves-yellow-ungef\u00fcttert-berlin-hamburg-muenchen"},{"@type":"BreadcrumbList","@id":"https:\/\/www.redwingfrankfurt.com\/en\/shop\/accessories\/gloves\/work-gloves-ungefuettert\/#breadcrumb","itemListElement":[{"@type":"ListItem","position":1,"name":"Startseite","item":"https:\/\/www.redwingfrankfurt.com\/en\/"},{"@type":"ListItem","position":2,"name":"Shop","item":"https:\/\/www.redwingfrankfurt.com\/shop\/"},{"@type":"ListItem","position":3,"name":"Work Gloves Ungef\u00fcttert"}]},{"@type":"WebSite","@id":"https:\/\/www.redwingfrankfurt.com\/en\/#website","url":"https:\/\/www.redwingfrankfurt.com\/en\/","name":"Red Wing Store Frankfurt","description":"First Red Wing Store in Europe \u2013 since 1977","potentialAction":[{"@type":"SearchAction","target":{"@type":"EntryPoint","urlTemplate":"https:\/\/www.redwingfrankfurt.com\/en\/?s={search_term_string}"},"query-input":{"@type":"PropertyValueSpecification","valueRequired":true,"valueName":"search_term_string"}}],"inLanguage":"en-US"}]}},"_links":{"self":[{"href":"https:\/\/www.redwingfrankfurt.com\/en\/wp-json\/wp\/v2\/product\/7130","targetHints":{"allow":["GET"]}}],"collection":[{"href":"https:\/\/www.redwingfrankfurt.com\/en\/wp-json\/wp\/v2\/product"}],"about":[{"href":"https:\/\/www.redwingfrankfurt.com\/en\/wp-json\/wp\/v2\/types\/product"}],"wp:featuredmedia":[{"embeddable":true,"href":"https:\/\/www.redwingfrankfurt.com\/en\/wp-json\/wp\/v2\/media\/7134"}],"wp:attachment":[{"href":"https:\/\/www.redwingfrankfurt.com\/en\/wp-json\/wp\/v2\/media?parent=7130"}],"wp:term":[{"taxonomy":"product_brand","embeddable":true,"href":"https:\/\/www.redwingfrankfurt.com\/en\/wp-json\/wp\/v2\/product_brand?post=7130"},{"taxonomy":"product_cat","embeddable":true,"href":"https:\/\/www.redwingfrankfurt.com\/en\/wp-json\/wp\/v2\/product_cat?post=7130"},{"taxonomy":"product_tag","embeddable":true,"href":"https:\/\/www.redwingfrankfurt.com\/en\/wp-json\/wp\/v2\/product_tag?post=7130"}],"curies":[{"name":"wp","href":"https:\/\/api.w.org\/{rel}","templated":true}]}}