{"id":6378,"date":"2018-02-27T14:31:48","date_gmt":"2018-02-27T12:31:48","guid":{"rendered":"https:\/\/www.redwingfrankfurt.com\/?post_type=product&#038;p=6378"},"modified":"2026-03-11T17:28:04","modified_gmt":"2026-03-11T15:28:04","slug":"red-wing-t-shirt-black","status":"publish","type":"product","link":"https:\/\/www.redwingfrankfurt.com\/en\/shop\/accessories\/t-shirts\/red-wing-t-shirt-black\/","title":{"rendered":"T-Shirt Black"},"content":{"rendered":"<p data-start=\"197\" data-end=\"443\">Das schwarze T-Shirt aus 100 % Baumwolle \u00fcberzeugt mit hohem Tragekomfort und einem klaren, markanten Design. Der hochwertige Baumwollstoff f\u00fchlt sich angenehm auf der Haut an, ist atmungsaktiv und eignet sich ideal f\u00fcr den t\u00e4glichen Einsatz. Auf der Brust befindet sich ein kleines Logo, das dem Shirt einen dezenten Akzent verleiht. Auf der R\u00fcckseite sorgt ein gro\u00dfes Logo f\u00fcr einen starken Look und macht das T-Shirt zu einem echten Hingucker.<\/p>\n","protected":false},"excerpt":{"rendered":"<p>Unser Logo -T-Shirt aus 100 % Baumwolle\u00a0 bietet ein angenehmes und langlebiges Tragegef\u00fchl.<\/p>\n<p>In den USA mit Stolz zugeschnitten, gen\u00e4ht und mit Tinte auf Wasserbasis bedruckt.<br \/>\nNormale Passform,<\/p>\n","protected":false},"featured_media":6382,"template":"","meta":[],"product_brand":[],"product_cat":[232],"product_tag":[930,460,461,780],"class_list":{"0":"post-6378","1":"product","2":"type-product","3":"status-publish","4":"has-post-thumbnail","6":"product_cat-t-shirts","7":"product_tag-930","8":"product_tag-black","9":"product_tag-schwarz","10":"product_tag-t-shirt","11":"pa_size-large","12":"pa_size-medium","13":"pa_size-xl","14":"pa_size-xx-large","16":"first","17":"instock","18":"taxable","19":"shipping-taxable","20":"purchasable","21":"product-type-variable","22":"add-to-wishlist-before_image"},"yoast_head":"<!-- This site is optimized with the Yoast SEO plugin v27.3 - https:\/\/yoast.com\/product\/yoast-seo-wordpress\/ -->\n<title>T-Shirt Black - Red Wing Store Frankfurt<\/title>\n<meta name=\"description\" content=\"Schwarzes Red Wing T-Shirt aus 100 % Baumwolle mit kleinem Logo auf der Brust und gro\u00dfem R\u00fcckenprint. Bequemes Shirt im klassischen Workwear-Stil.\" \/>\n<meta name=\"robots\" content=\"index, follow, max-snippet:-1, max-image-preview:large, max-video-preview:-1\" \/>\n<link rel=\"canonical\" href=\"https:\/\/www.redwingfrankfurt.com\/en\/shop\/accessories\/t-shirts\/red-wing-t-shirt-black\/\" \/>\n<meta property=\"og:locale\" content=\"en_US\" \/>\n<meta property=\"og:type\" content=\"article\" \/>\n<meta property=\"og:title\" content=\"T-Shirt Black - Red Wing Store Frankfurt\" \/>\n<meta property=\"og:description\" content=\"Schwarzes Red Wing T-Shirt aus 100 % Baumwolle mit kleinem Logo auf der Brust und gro\u00dfem R\u00fcckenprint. Bequemes Shirt im klassischen Workwear-Stil.\" \/>\n<meta property=\"og:url\" content=\"https:\/\/www.redwingfrankfurt.com\/en\/shop\/accessories\/t-shirts\/red-wing-t-shirt-black\/\" \/>\n<meta property=\"og:site_name\" content=\"Red Wing Store Frankfurt\" \/>\n<meta property=\"article:modified_time\" content=\"2026-03-11T15:28:04+00:00\" \/>\n<meta property=\"og:image\" content=\"https:\/\/www.redwingfrankfurt.com\/wp-content\/uploads\/2018\/02\/RW-Shirt-Black-Front-1.jpg\" \/>\n\t<meta property=\"og:image:width\" content=\"2000\" \/>\n\t<meta property=\"og:image:height\" content=\"2000\" \/>\n\t<meta property=\"og:image:type\" content=\"image\/jpeg\" \/>\n<meta name=\"twitter:card\" content=\"summary_large_image\" \/>\n<script type=\"application\/ld+json\" class=\"yoast-schema-graph\">{\"@context\":\"https:\\\/\\\/schema.org\",\"@graph\":[{\"@type\":\"WebPage\",\"@id\":\"https:\\\/\\\/www.redwingfrankfurt.com\\\/en\\\/shop\\\/accessories\\\/t-shirts\\\/red-wing-t-shirt-black\\\/\",\"url\":\"https:\\\/\\\/www.redwingfrankfurt.com\\\/en\\\/shop\\\/accessories\\\/t-shirts\\\/red-wing-t-shirt-black\\\/\",\"name\":\"T-Shirt Black - Red Wing Store Frankfurt\",\"isPartOf\":{\"@id\":\"https:\\\/\\\/www.redwingfrankfurt.com\\\/en\\\/#website\"},\"primaryImageOfPage\":{\"@id\":\"https:\\\/\\\/www.redwingfrankfurt.com\\\/en\\\/shop\\\/accessories\\\/t-shirts\\\/red-wing-t-shirt-black\\\/#primaryimage\"},\"image\":{\"@id\":\"https:\\\/\\\/www.redwingfrankfurt.com\\\/en\\\/shop\\\/accessories\\\/t-shirts\\\/red-wing-t-shirt-black\\\/#primaryimage\"},\"thumbnailUrl\":\"https:\\\/\\\/www.redwingfrankfurt.com\\\/wp-content\\\/uploads\\\/2018\\\/02\\\/RW-Shirt-Black-Front-1.jpg\",\"datePublished\":\"2018-02-27T12:31:48+00:00\",\"dateModified\":\"2026-03-11T15:28:04+00:00\",\"description\":\"Schwarzes Red Wing T-Shirt aus 100 % Baumwolle mit kleinem Logo auf der Brust und gro\u00dfem R\u00fcckenprint. Bequemes Shirt im klassischen Workwear-Stil.\",\"breadcrumb\":{\"@id\":\"https:\\\/\\\/www.redwingfrankfurt.com\\\/en\\\/shop\\\/accessories\\\/t-shirts\\\/red-wing-t-shirt-black\\\/#breadcrumb\"},\"inLanguage\":\"en-US\",\"potentialAction\":[{\"@type\":\"ReadAction\",\"target\":[\"https:\\\/\\\/www.redwingfrankfurt.com\\\/en\\\/shop\\\/accessories\\\/t-shirts\\\/red-wing-t-shirt-black\\\/\"]}]},{\"@type\":\"ImageObject\",\"inLanguage\":\"en-US\",\"@id\":\"https:\\\/\\\/www.redwingfrankfurt.com\\\/en\\\/shop\\\/accessories\\\/t-shirts\\\/red-wing-t-shirt-black\\\/#primaryimage\",\"url\":\"https:\\\/\\\/www.redwingfrankfurt.com\\\/wp-content\\\/uploads\\\/2018\\\/02\\\/RW-Shirt-Black-Front-1.jpg\",\"contentUrl\":\"https:\\\/\\\/www.redwingfrankfurt.com\\\/wp-content\\\/uploads\\\/2018\\\/02\\\/RW-Shirt-Black-Front-1.jpg\",\"width\":2000,\"height\":2000,\"caption\":\"red-wing-shoe-store-frankfurt-t-shirt-black-94171-berlin-hamburg-muenchen\"},{\"@type\":\"BreadcrumbList\",\"@id\":\"https:\\\/\\\/www.redwingfrankfurt.com\\\/en\\\/shop\\\/accessories\\\/t-shirts\\\/red-wing-t-shirt-black\\\/#breadcrumb\",\"itemListElement\":[{\"@type\":\"ListItem\",\"position\":1,\"name\":\"Startseite\",\"item\":\"https:\\\/\\\/www.redwingfrankfurt.com\\\/en\\\/\"},{\"@type\":\"ListItem\",\"position\":2,\"name\":\"Shop\",\"item\":\"https:\\\/\\\/www.redwingfrankfurt.com\\\/shop\\\/\"},{\"@type\":\"ListItem\",\"position\":3,\"name\":\"T-Shirt Black\"}]},{\"@type\":\"WebSite\",\"@id\":\"https:\\\/\\\/www.redwingfrankfurt.com\\\/en\\\/#website\",\"url\":\"https:\\\/\\\/www.redwingfrankfurt.com\\\/en\\\/\",\"name\":\"Red Wing Store Frankfurt\",\"description\":\"First Red Wing Store in Europe \u2013 since 1977\",\"potentialAction\":[{\"@type\":\"SearchAction\",\"target\":{\"@type\":\"EntryPoint\",\"urlTemplate\":\"https:\\\/\\\/www.redwingfrankfurt.com\\\/en\\\/?s={search_term_string}\"},\"query-input\":{\"@type\":\"PropertyValueSpecification\",\"valueRequired\":true,\"valueName\":\"search_term_string\"}}],\"inLanguage\":\"en-US\"}]}<\/script>\n<!-- \/ Yoast SEO plugin. -->","yoast_head_json":{"title":"T-Shirt Black - Red Wing Store Frankfurt","description":"Schwarzes Red Wing T-Shirt aus 100 % Baumwolle mit kleinem Logo auf der Brust und gro\u00dfem R\u00fcckenprint. Bequemes Shirt im klassischen Workwear-Stil.","robots":{"index":"index","follow":"follow","max-snippet":"max-snippet:-1","max-image-preview":"max-image-preview:large","max-video-preview":"max-video-preview:-1"},"canonical":"https:\/\/www.redwingfrankfurt.com\/en\/shop\/accessories\/t-shirts\/red-wing-t-shirt-black\/","og_locale":"en_US","og_type":"article","og_title":"T-Shirt Black - Red Wing Store Frankfurt","og_description":"Schwarzes Red Wing T-Shirt aus 100 % Baumwolle mit kleinem Logo auf der Brust und gro\u00dfem R\u00fcckenprint. Bequemes Shirt im klassischen Workwear-Stil.","og_url":"https:\/\/www.redwingfrankfurt.com\/en\/shop\/accessories\/t-shirts\/red-wing-t-shirt-black\/","og_site_name":"Red Wing Store Frankfurt","article_modified_time":"2026-03-11T15:28:04+00:00","og_image":[{"width":2000,"height":2000,"url":"https:\/\/www.redwingfrankfurt.com\/wp-content\/uploads\/2018\/02\/RW-Shirt-Black-Front-1.jpg","type":"image\/jpeg"}],"twitter_card":"summary_large_image","schema":{"@context":"https:\/\/schema.org","@graph":[{"@type":"WebPage","@id":"https:\/\/www.redwingfrankfurt.com\/en\/shop\/accessories\/t-shirts\/red-wing-t-shirt-black\/","url":"https:\/\/www.redwingfrankfurt.com\/en\/shop\/accessories\/t-shirts\/red-wing-t-shirt-black\/","name":"T-Shirt Black - Red Wing Store Frankfurt","isPartOf":{"@id":"https:\/\/www.redwingfrankfurt.com\/en\/#website"},"primaryImageOfPage":{"@id":"https:\/\/www.redwingfrankfurt.com\/en\/shop\/accessories\/t-shirts\/red-wing-t-shirt-black\/#primaryimage"},"image":{"@id":"https:\/\/www.redwingfrankfurt.com\/en\/shop\/accessories\/t-shirts\/red-wing-t-shirt-black\/#primaryimage"},"thumbnailUrl":"https:\/\/www.redwingfrankfurt.com\/wp-content\/uploads\/2018\/02\/RW-Shirt-Black-Front-1.jpg","datePublished":"2018-02-27T12:31:48+00:00","dateModified":"2026-03-11T15:28:04+00:00","description":"Schwarzes Red Wing T-Shirt aus 100 % Baumwolle mit kleinem Logo auf der Brust und gro\u00dfem R\u00fcckenprint. Bequemes Shirt im klassischen Workwear-Stil.","breadcrumb":{"@id":"https:\/\/www.redwingfrankfurt.com\/en\/shop\/accessories\/t-shirts\/red-wing-t-shirt-black\/#breadcrumb"},"inLanguage":"en-US","potentialAction":[{"@type":"ReadAction","target":["https:\/\/www.redwingfrankfurt.com\/en\/shop\/accessories\/t-shirts\/red-wing-t-shirt-black\/"]}]},{"@type":"ImageObject","inLanguage":"en-US","@id":"https:\/\/www.redwingfrankfurt.com\/en\/shop\/accessories\/t-shirts\/red-wing-t-shirt-black\/#primaryimage","url":"https:\/\/www.redwingfrankfurt.com\/wp-content\/uploads\/2018\/02\/RW-Shirt-Black-Front-1.jpg","contentUrl":"https:\/\/www.redwingfrankfurt.com\/wp-content\/uploads\/2018\/02\/RW-Shirt-Black-Front-1.jpg","width":2000,"height":2000,"caption":"red-wing-shoe-store-frankfurt-t-shirt-black-94171-berlin-hamburg-muenchen"},{"@type":"BreadcrumbList","@id":"https:\/\/www.redwingfrankfurt.com\/en\/shop\/accessories\/t-shirts\/red-wing-t-shirt-black\/#breadcrumb","itemListElement":[{"@type":"ListItem","position":1,"name":"Startseite","item":"https:\/\/www.redwingfrankfurt.com\/en\/"},{"@type":"ListItem","position":2,"name":"Shop","item":"https:\/\/www.redwingfrankfurt.com\/shop\/"},{"@type":"ListItem","position":3,"name":"T-Shirt Black"}]},{"@type":"WebSite","@id":"https:\/\/www.redwingfrankfurt.com\/en\/#website","url":"https:\/\/www.redwingfrankfurt.com\/en\/","name":"Red Wing Store Frankfurt","description":"First Red Wing Store in Europe \u2013 since 1977","potentialAction":[{"@type":"SearchAction","target":{"@type":"EntryPoint","urlTemplate":"https:\/\/www.redwingfrankfurt.com\/en\/?s={search_term_string}"},"query-input":{"@type":"PropertyValueSpecification","valueRequired":true,"valueName":"search_term_string"}}],"inLanguage":"en-US"}]}},"_links":{"self":[{"href":"https:\/\/www.redwingfrankfurt.com\/en\/wp-json\/wp\/v2\/product\/6378","targetHints":{"allow":["GET"]}}],"collection":[{"href":"https:\/\/www.redwingfrankfurt.com\/en\/wp-json\/wp\/v2\/product"}],"about":[{"href":"https:\/\/www.redwingfrankfurt.com\/en\/wp-json\/wp\/v2\/types\/product"}],"wp:featuredmedia":[{"embeddable":true,"href":"https:\/\/www.redwingfrankfurt.com\/en\/wp-json\/wp\/v2\/media\/6382"}],"wp:attachment":[{"href":"https:\/\/www.redwingfrankfurt.com\/en\/wp-json\/wp\/v2\/media?parent=6378"}],"wp:term":[{"taxonomy":"product_brand","embeddable":true,"href":"https:\/\/www.redwingfrankfurt.com\/en\/wp-json\/wp\/v2\/product_brand?post=6378"},{"taxonomy":"product_cat","embeddable":true,"href":"https:\/\/www.redwingfrankfurt.com\/en\/wp-json\/wp\/v2\/product_cat?post=6378"},{"taxonomy":"product_tag","embeddable":true,"href":"https:\/\/www.redwingfrankfurt.com\/en\/wp-json\/wp\/v2\/product_tag?post=6378"}],"curies":[{"name":"wp","href":"https:\/\/api.w.org\/{rel}","templated":true}]}}