{"id":6296,"date":"2018-01-22T15:40:56","date_gmt":"2018-01-22T13:40:56","guid":{"rendered":"https:\/\/www.redwingfrankfurt.com\/shop\/accessories\/footbeds\/leather-footbed\/"},"modified":"2026-04-04T13:10:44","modified_gmt":"2026-04-04T11:10:44","slug":"leather-footbed","status":"publish","type":"product","link":"https:\/\/www.redwingfrankfurt.com\/en\/shop\/accessories\/footbeds\/leather-footbed\/","title":{"rendered":"Leather Footbed"},"content":{"rendered":"","protected":false},"excerpt":{"rendered":"<p>Leder Fussbett mit d\u00e4mpfender Kunststoffschicht auf der Unterseite.<br \/>\nDas Leather Footbed empfehlen wir auch falls ihnen ihre Red Wings zu weit sein sollten, durch die hinzunahme des<br \/>\nFu\u00dfbetts kommt der Fu\u00df im Schuh etwas h\u00f6her und sie f\u00fcllen den Schuh somit auch besser aus.<\/p>\n","protected":false},"featured_media":7185,"template":"","meta":[],"product_brand":[],"product_cat":[111],"product_tag":[691,688,445,687,690],"class_list":{"0":"post-6296","1":"product","2":"type-product","3":"status-publish","4":"has-post-thumbnail","6":"product_cat-footbeds","7":"product_tag-691","8":"product_tag-einlegesohle","9":"product_tag-fussbett","10":"product_tag-insole","11":"product_tag-leather-footbed","12":"pa_groesse-large-us-9-eu42-us-10-5-eu44","13":"pa_groesse-medium-us-7-eu39-us-8-5-eu41-5","14":"pa_groesse-small-us-5-eu37-us-6-5-eu-38-5","15":"pa_groesse-x-large-us-11-eu44-5-us-13-eu47","17":"first","18":"instock","19":"taxable","20":"shipping-taxable","21":"purchasable","22":"product-type-variable","23":"add-to-wishlist-before_image"},"yoast_head":"<!-- This site is optimized with the Yoast SEO plugin v27.4 - https:\/\/yoast.com\/product\/yoast-seo-wordpress\/ -->\n<title>Leather Footbed - Red Wing Store Frankfurt<\/title>\n<meta name=\"robots\" content=\"index, follow, max-snippet:-1, max-image-preview:large, max-video-preview:-1\" \/>\n<link rel=\"canonical\" href=\"https:\/\/www.redwingfrankfurt.com\/en\/shop\/accessories\/footbeds\/leather-footbed\/\" \/>\n<meta property=\"og:locale\" content=\"en_US\" \/>\n<meta property=\"og:type\" content=\"article\" \/>\n<meta property=\"og:title\" content=\"Leather Footbed - Red Wing Store Frankfurt\" \/>\n<meta property=\"og:description\" content=\"Leder Fussbett mit d\u00e4mpfender Kunststoffschicht auf der Unterseite. Das Leather Footbed empfehlen wir auch falls ihnen ihre Red Wings zu weit sein sollten, durch die hinzunahme des Fu\u00dfbetts kommt der Fu\u00df im Schuh etwas h\u00f6her und sie f\u00fcllen den Schuh somit auch besser aus.\" \/>\n<meta property=\"og:url\" content=\"https:\/\/www.redwingfrankfurt.com\/en\/shop\/accessories\/footbeds\/leather-footbed\/\" \/>\n<meta property=\"og:site_name\" content=\"Red Wing Store Frankfurt\" \/>\n<meta property=\"article:modified_time\" content=\"2026-04-04T11:10:44+00:00\" \/>\n<meta property=\"og:image\" content=\"https:\/\/www.redwingfrankfurt.com\/wp-content\/uploads\/2018\/01\/red-wing-shoe-store-frankfurt-leather-footbed-96356-berlin-hamburg-muenchen.jpg\" \/>\n\t<meta property=\"og:image:width\" content=\"2362\" \/>\n\t<meta property=\"og:image:height\" content=\"1803\" \/>\n\t<meta property=\"og:image:type\" content=\"image\/jpeg\" \/>\n<meta name=\"twitter:card\" content=\"summary_large_image\" \/>\n<script type=\"application\/ld+json\" class=\"yoast-schema-graph\">{\"@context\":\"https:\\\/\\\/schema.org\",\"@graph\":[{\"@type\":\"WebPage\",\"@id\":\"https:\\\/\\\/www.redwingfrankfurt.com\\\/en\\\/shop\\\/accessories\\\/footbeds\\\/leather-footbed\\\/\",\"url\":\"https:\\\/\\\/www.redwingfrankfurt.com\\\/en\\\/shop\\\/accessories\\\/footbeds\\\/leather-footbed\\\/\",\"name\":\"Leather Footbed - Red Wing Store Frankfurt\",\"isPartOf\":{\"@id\":\"https:\\\/\\\/www.redwingfrankfurt.com\\\/en\\\/#website\"},\"primaryImageOfPage\":{\"@id\":\"https:\\\/\\\/www.redwingfrankfurt.com\\\/en\\\/shop\\\/accessories\\\/footbeds\\\/leather-footbed\\\/#primaryimage\"},\"image\":{\"@id\":\"https:\\\/\\\/www.redwingfrankfurt.com\\\/en\\\/shop\\\/accessories\\\/footbeds\\\/leather-footbed\\\/#primaryimage\"},\"thumbnailUrl\":\"https:\\\/\\\/www.redwingfrankfurt.com\\\/wp-content\\\/uploads\\\/2018\\\/01\\\/red-wing-shoe-store-frankfurt-leather-footbed-96356-berlin-hamburg-muenchen.jpg\",\"datePublished\":\"2018-01-22T13:40:56+00:00\",\"dateModified\":\"2026-04-04T11:10:44+00:00\",\"breadcrumb\":{\"@id\":\"https:\\\/\\\/www.redwingfrankfurt.com\\\/en\\\/shop\\\/accessories\\\/footbeds\\\/leather-footbed\\\/#breadcrumb\"},\"inLanguage\":\"en-US\",\"potentialAction\":[{\"@type\":\"ReadAction\",\"target\":[\"https:\\\/\\\/www.redwingfrankfurt.com\\\/en\\\/shop\\\/accessories\\\/footbeds\\\/leather-footbed\\\/\"]}]},{\"@type\":\"ImageObject\",\"inLanguage\":\"en-US\",\"@id\":\"https:\\\/\\\/www.redwingfrankfurt.com\\\/en\\\/shop\\\/accessories\\\/footbeds\\\/leather-footbed\\\/#primaryimage\",\"url\":\"https:\\\/\\\/www.redwingfrankfurt.com\\\/wp-content\\\/uploads\\\/2018\\\/01\\\/red-wing-shoe-store-frankfurt-leather-footbed-96356-berlin-hamburg-muenchen.jpg\",\"contentUrl\":\"https:\\\/\\\/www.redwingfrankfurt.com\\\/wp-content\\\/uploads\\\/2018\\\/01\\\/red-wing-shoe-store-frankfurt-leather-footbed-96356-berlin-hamburg-muenchen.jpg\",\"width\":2362,\"height\":1803,\"caption\":\"red wing shoe store frankfurt leather footbed 96356 berlin hamburg muenchen\"},{\"@type\":\"BreadcrumbList\",\"@id\":\"https:\\\/\\\/www.redwingfrankfurt.com\\\/en\\\/shop\\\/accessories\\\/footbeds\\\/leather-footbed\\\/#breadcrumb\",\"itemListElement\":[{\"@type\":\"ListItem\",\"position\":1,\"name\":\"Startseite\",\"item\":\"https:\\\/\\\/www.redwingfrankfurt.com\\\/en\\\/\"},{\"@type\":\"ListItem\",\"position\":2,\"name\":\"Shop\",\"item\":\"https:\\\/\\\/www.redwingfrankfurt.com\\\/shop\\\/\"},{\"@type\":\"ListItem\",\"position\":3,\"name\":\"Leather Footbed\"}]},{\"@type\":\"WebSite\",\"@id\":\"https:\\\/\\\/www.redwingfrankfurt.com\\\/en\\\/#website\",\"url\":\"https:\\\/\\\/www.redwingfrankfurt.com\\\/en\\\/\",\"name\":\"Red Wing Store Frankfurt\",\"description\":\"First Red Wing Store in Europe \u2013 since 1977\",\"potentialAction\":[{\"@type\":\"SearchAction\",\"target\":{\"@type\":\"EntryPoint\",\"urlTemplate\":\"https:\\\/\\\/www.redwingfrankfurt.com\\\/en\\\/?s={search_term_string}\"},\"query-input\":{\"@type\":\"PropertyValueSpecification\",\"valueRequired\":true,\"valueName\":\"search_term_string\"}}],\"inLanguage\":\"en-US\"}]}<\/script>\n<!-- \/ Yoast SEO plugin. -->","yoast_head_json":{"title":"Leather Footbed - Red Wing Store Frankfurt","robots":{"index":"index","follow":"follow","max-snippet":"max-snippet:-1","max-image-preview":"max-image-preview:large","max-video-preview":"max-video-preview:-1"},"canonical":"https:\/\/www.redwingfrankfurt.com\/en\/shop\/accessories\/footbeds\/leather-footbed\/","og_locale":"en_US","og_type":"article","og_title":"Leather Footbed - Red Wing Store Frankfurt","og_description":"Leder Fussbett mit d\u00e4mpfender Kunststoffschicht auf der Unterseite. Das Leather Footbed empfehlen wir auch falls ihnen ihre Red Wings zu weit sein sollten, durch die hinzunahme des Fu\u00dfbetts kommt der Fu\u00df im Schuh etwas h\u00f6her und sie f\u00fcllen den Schuh somit auch besser aus.","og_url":"https:\/\/www.redwingfrankfurt.com\/en\/shop\/accessories\/footbeds\/leather-footbed\/","og_site_name":"Red Wing Store Frankfurt","article_modified_time":"2026-04-04T11:10:44+00:00","og_image":[{"width":2362,"height":1803,"url":"https:\/\/www.redwingfrankfurt.com\/wp-content\/uploads\/2018\/01\/red-wing-shoe-store-frankfurt-leather-footbed-96356-berlin-hamburg-muenchen.jpg","type":"image\/jpeg"}],"twitter_card":"summary_large_image","schema":{"@context":"https:\/\/schema.org","@graph":[{"@type":"WebPage","@id":"https:\/\/www.redwingfrankfurt.com\/en\/shop\/accessories\/footbeds\/leather-footbed\/","url":"https:\/\/www.redwingfrankfurt.com\/en\/shop\/accessories\/footbeds\/leather-footbed\/","name":"Leather Footbed - Red Wing Store Frankfurt","isPartOf":{"@id":"https:\/\/www.redwingfrankfurt.com\/en\/#website"},"primaryImageOfPage":{"@id":"https:\/\/www.redwingfrankfurt.com\/en\/shop\/accessories\/footbeds\/leather-footbed\/#primaryimage"},"image":{"@id":"https:\/\/www.redwingfrankfurt.com\/en\/shop\/accessories\/footbeds\/leather-footbed\/#primaryimage"},"thumbnailUrl":"https:\/\/www.redwingfrankfurt.com\/wp-content\/uploads\/2018\/01\/red-wing-shoe-store-frankfurt-leather-footbed-96356-berlin-hamburg-muenchen.jpg","datePublished":"2018-01-22T13:40:56+00:00","dateModified":"2026-04-04T11:10:44+00:00","breadcrumb":{"@id":"https:\/\/www.redwingfrankfurt.com\/en\/shop\/accessories\/footbeds\/leather-footbed\/#breadcrumb"},"inLanguage":"en-US","potentialAction":[{"@type":"ReadAction","target":["https:\/\/www.redwingfrankfurt.com\/en\/shop\/accessories\/footbeds\/leather-footbed\/"]}]},{"@type":"ImageObject","inLanguage":"en-US","@id":"https:\/\/www.redwingfrankfurt.com\/en\/shop\/accessories\/footbeds\/leather-footbed\/#primaryimage","url":"https:\/\/www.redwingfrankfurt.com\/wp-content\/uploads\/2018\/01\/red-wing-shoe-store-frankfurt-leather-footbed-96356-berlin-hamburg-muenchen.jpg","contentUrl":"https:\/\/www.redwingfrankfurt.com\/wp-content\/uploads\/2018\/01\/red-wing-shoe-store-frankfurt-leather-footbed-96356-berlin-hamburg-muenchen.jpg","width":2362,"height":1803,"caption":"red wing shoe store frankfurt leather footbed 96356 berlin hamburg muenchen"},{"@type":"BreadcrumbList","@id":"https:\/\/www.redwingfrankfurt.com\/en\/shop\/accessories\/footbeds\/leather-footbed\/#breadcrumb","itemListElement":[{"@type":"ListItem","position":1,"name":"Startseite","item":"https:\/\/www.redwingfrankfurt.com\/en\/"},{"@type":"ListItem","position":2,"name":"Shop","item":"https:\/\/www.redwingfrankfurt.com\/shop\/"},{"@type":"ListItem","position":3,"name":"Leather Footbed"}]},{"@type":"WebSite","@id":"https:\/\/www.redwingfrankfurt.com\/en\/#website","url":"https:\/\/www.redwingfrankfurt.com\/en\/","name":"Red Wing Store Frankfurt","description":"First Red Wing Store in Europe \u2013 since 1977","potentialAction":[{"@type":"SearchAction","target":{"@type":"EntryPoint","urlTemplate":"https:\/\/www.redwingfrankfurt.com\/en\/?s={search_term_string}"},"query-input":{"@type":"PropertyValueSpecification","valueRequired":true,"valueName":"search_term_string"}}],"inLanguage":"en-US"}]}},"_links":{"self":[{"href":"https:\/\/www.redwingfrankfurt.com\/en\/wp-json\/wp\/v2\/product\/6296","targetHints":{"allow":["GET"]}}],"collection":[{"href":"https:\/\/www.redwingfrankfurt.com\/en\/wp-json\/wp\/v2\/product"}],"about":[{"href":"https:\/\/www.redwingfrankfurt.com\/en\/wp-json\/wp\/v2\/types\/product"}],"wp:featuredmedia":[{"embeddable":true,"href":"https:\/\/www.redwingfrankfurt.com\/en\/wp-json\/wp\/v2\/media\/7185"}],"wp:attachment":[{"href":"https:\/\/www.redwingfrankfurt.com\/en\/wp-json\/wp\/v2\/media?parent=6296"}],"wp:term":[{"taxonomy":"product_brand","embeddable":true,"href":"https:\/\/www.redwingfrankfurt.com\/en\/wp-json\/wp\/v2\/product_brand?post=6296"},{"taxonomy":"product_cat","embeddable":true,"href":"https:\/\/www.redwingfrankfurt.com\/en\/wp-json\/wp\/v2\/product_cat?post=6296"},{"taxonomy":"product_tag","embeddable":true,"href":"https:\/\/www.redwingfrankfurt.com\/en\/wp-json\/wp\/v2\/product_tag?post=6296"}],"curies":[{"name":"wp","href":"https:\/\/api.w.org\/{rel}","templated":true}]}}