{"id":6287,"date":"2018-01-22T15:21:14","date_gmt":"2018-01-22T13:21:14","guid":{"rendered":"https:\/\/www.redwingfrankfurt.com\/shop\/accessories\/care-products\/leather-creme\/"},"modified":"2026-04-11T14:36:19","modified_gmt":"2026-04-11T12:36:19","slug":"leather-creme","status":"publish","type":"product","link":"https:\/\/www.redwingfrankfurt.com\/en\/shop\/care-products\/leather-creme\/","title":{"rendered":"Leather Cream"},"content":{"rendered":"<p>Die Leather Cream frischt Farbe und Glanz auf und bewahrt die charakteristische Struktur glatter Leder. Enth\u00e4lt nat\u00fcrliche Wachse und pflegende Inhaltsstoffe, die das Leder sch\u00fctzen, ohne es stark zu verdunkeln. Ideal f\u00fcr Beckman, Postman und andere glatte Heritage Leder.<\/p>\n","protected":false},"excerpt":{"rendered":"<p>Leder wird mit der Zeit trocken, br\u00fcchig und stumpf. Dies kann dazu f\u00fchren, dass das Leder aufgrund von Austrocknung bricht und reisst. Um dagegen vorzugehen, gibt es die Red Wing Leather Cream. Ein farbloser Lederbalsam der tief in das Leder eindringt, die nat\u00fcrliche Farbe weitestgehend wieder herstellt und dem Leder Feuchtigkeit verleiht ohne dem leder Glanz zu verleihen oder es dunkler zu machen.<\/p>\n<p>&nbsp;<\/p>\n","protected":false},"featured_media":21661,"template":"","meta":[],"product_brand":[],"product_cat":[108],"product_tag":[657,859,638],"class_list":{"0":"post-6287","1":"product","2":"type-product","3":"status-publish","4":"has-post-thumbnail","6":"product_cat-care-products","7":"product_tag-657","8":"product_tag-care","9":"product_tag-leather-cream","11":"first","12":"instock","13":"taxable","14":"shipping-taxable","15":"purchasable","16":"product-type-simple","17":"add-to-wishlist-before_image"},"yoast_head":"<!-- This site is optimized with the Yoast SEO plugin v27.3 - https:\/\/yoast.com\/product\/yoast-seo-wordpress\/ -->\n<title>Leather Cream - Red Wing Store Frankfurt<\/title>\n<meta name=\"description\" content=\"Red Wing Leather Cream \u2013 Glanz &amp; Schutz f\u00fcr glatte Leder. Pflegt, frischt Farbe auf und sch\u00fctzt. Ideal f\u00fcr glattes Heritage Leder wie Beckman oder Postman.\" \/>\n<meta name=\"robots\" content=\"index, follow, max-snippet:-1, max-image-preview:large, max-video-preview:-1\" \/>\n<link rel=\"canonical\" href=\"https:\/\/www.redwingfrankfurt.com\/en\/shop\/care-products\/leather-creme\/\" \/>\n<meta property=\"og:locale\" content=\"en_US\" \/>\n<meta property=\"og:type\" content=\"article\" \/>\n<meta property=\"og:title\" content=\"Leather Cream - Red Wing Store Frankfurt\" \/>\n<meta property=\"og:description\" content=\"Red Wing Leather Cream \u2013 Glanz &amp; Schutz f\u00fcr glatte Leder. Pflegt, frischt Farbe auf und sch\u00fctzt. Ideal f\u00fcr glattes Heritage Leder wie Beckman oder Postman.\" \/>\n<meta property=\"og:url\" content=\"https:\/\/www.redwingfrankfurt.com\/en\/shop\/care-products\/leather-creme\/\" \/>\n<meta property=\"og:site_name\" content=\"Red Wing Store Frankfurt\" \/>\n<meta property=\"article:modified_time\" content=\"2026-04-11T12:36:19+00:00\" \/>\n<meta property=\"og:image\" content=\"https:\/\/www.redwingfrankfurt.com\/wp-content\/uploads\/2025\/11\/RW97095_MUL_N1_1024-471x471.png\" \/>\n\t<meta property=\"og:image:width\" content=\"471\" \/>\n\t<meta property=\"og:image:height\" content=\"471\" \/>\n\t<meta property=\"og:image:type\" content=\"image\/png\" \/>\n<meta name=\"twitter:card\" content=\"summary_large_image\" \/>\n<script type=\"application\/ld+json\" class=\"yoast-schema-graph\">{\"@context\":\"https:\\\/\\\/schema.org\",\"@graph\":[{\"@type\":\"WebPage\",\"@id\":\"https:\\\/\\\/www.redwingfrankfurt.com\\\/en\\\/shop\\\/care-products\\\/leather-creme\\\/\",\"url\":\"https:\\\/\\\/www.redwingfrankfurt.com\\\/en\\\/shop\\\/care-products\\\/leather-creme\\\/\",\"name\":\"Leather Cream - Red Wing Store Frankfurt\",\"isPartOf\":{\"@id\":\"https:\\\/\\\/www.redwingfrankfurt.com\\\/en\\\/#website\"},\"primaryImageOfPage\":{\"@id\":\"https:\\\/\\\/www.redwingfrankfurt.com\\\/en\\\/shop\\\/care-products\\\/leather-creme\\\/#primaryimage\"},\"image\":{\"@id\":\"https:\\\/\\\/www.redwingfrankfurt.com\\\/en\\\/shop\\\/care-products\\\/leather-creme\\\/#primaryimage\"},\"thumbnailUrl\":\"https:\\\/\\\/www.redwingfrankfurt.com\\\/wp-content\\\/uploads\\\/2025\\\/11\\\/RW97095_MUL_N1_1024.png\",\"datePublished\":\"2018-01-22T13:21:14+00:00\",\"dateModified\":\"2026-04-11T12:36:19+00:00\",\"description\":\"Red Wing Leather Cream \u2013 Glanz & Schutz f\u00fcr glatte Leder. Pflegt, frischt Farbe auf und sch\u00fctzt. Ideal f\u00fcr glattes Heritage Leder wie Beckman oder Postman.\",\"breadcrumb\":{\"@id\":\"https:\\\/\\\/www.redwingfrankfurt.com\\\/en\\\/shop\\\/care-products\\\/leather-creme\\\/#breadcrumb\"},\"inLanguage\":\"en-US\",\"potentialAction\":[{\"@type\":\"ReadAction\",\"target\":[\"https:\\\/\\\/www.redwingfrankfurt.com\\\/en\\\/shop\\\/care-products\\\/leather-creme\\\/\"]}]},{\"@type\":\"ImageObject\",\"inLanguage\":\"en-US\",\"@id\":\"https:\\\/\\\/www.redwingfrankfurt.com\\\/en\\\/shop\\\/care-products\\\/leather-creme\\\/#primaryimage\",\"url\":\"https:\\\/\\\/www.redwingfrankfurt.com\\\/wp-content\\\/uploads\\\/2025\\\/11\\\/RW97095_MUL_N1_1024.png\",\"contentUrl\":\"https:\\\/\\\/www.redwingfrankfurt.com\\\/wp-content\\\/uploads\\\/2025\\\/11\\\/RW97095_MUL_N1_1024.png\",\"width\":2000,\"height\":2000},{\"@type\":\"BreadcrumbList\",\"@id\":\"https:\\\/\\\/www.redwingfrankfurt.com\\\/en\\\/shop\\\/care-products\\\/leather-creme\\\/#breadcrumb\",\"itemListElement\":[{\"@type\":\"ListItem\",\"position\":1,\"name\":\"Startseite\",\"item\":\"https:\\\/\\\/www.redwingfrankfurt.com\\\/en\\\/\"},{\"@type\":\"ListItem\",\"position\":2,\"name\":\"Shop\",\"item\":\"https:\\\/\\\/www.redwingfrankfurt.com\\\/shop\\\/\"},{\"@type\":\"ListItem\",\"position\":3,\"name\":\"Leather Cream\"}]},{\"@type\":\"WebSite\",\"@id\":\"https:\\\/\\\/www.redwingfrankfurt.com\\\/en\\\/#website\",\"url\":\"https:\\\/\\\/www.redwingfrankfurt.com\\\/en\\\/\",\"name\":\"Red Wing Store Frankfurt\",\"description\":\"First Red Wing Store in Europe \u2013 since 1977\",\"potentialAction\":[{\"@type\":\"SearchAction\",\"target\":{\"@type\":\"EntryPoint\",\"urlTemplate\":\"https:\\\/\\\/www.redwingfrankfurt.com\\\/en\\\/?s={search_term_string}\"},\"query-input\":{\"@type\":\"PropertyValueSpecification\",\"valueRequired\":true,\"valueName\":\"search_term_string\"}}],\"inLanguage\":\"en-US\"}]}<\/script>\n<!-- \/ Yoast SEO plugin. -->","yoast_head_json":{"title":"Leather Cream - Red Wing Store Frankfurt","description":"Red Wing Leather Cream \u2013 Glanz & Schutz f\u00fcr glatte Leder. Pflegt, frischt Farbe auf und sch\u00fctzt. Ideal f\u00fcr glattes Heritage Leder wie Beckman oder Postman.","robots":{"index":"index","follow":"follow","max-snippet":"max-snippet:-1","max-image-preview":"max-image-preview:large","max-video-preview":"max-video-preview:-1"},"canonical":"https:\/\/www.redwingfrankfurt.com\/en\/shop\/care-products\/leather-creme\/","og_locale":"en_US","og_type":"article","og_title":"Leather Cream - Red Wing Store Frankfurt","og_description":"Red Wing Leather Cream \u2013 Glanz & Schutz f\u00fcr glatte Leder. Pflegt, frischt Farbe auf und sch\u00fctzt. Ideal f\u00fcr glattes Heritage Leder wie Beckman oder Postman.","og_url":"https:\/\/www.redwingfrankfurt.com\/en\/shop\/care-products\/leather-creme\/","og_site_name":"Red Wing Store Frankfurt","article_modified_time":"2026-04-11T12:36:19+00:00","og_image":[{"width":471,"height":471,"url":"https:\/\/www.redwingfrankfurt.com\/wp-content\/uploads\/2025\/11\/RW97095_MUL_N1_1024-471x471.png","type":"image\/png"}],"twitter_card":"summary_large_image","schema":{"@context":"https:\/\/schema.org","@graph":[{"@type":"WebPage","@id":"https:\/\/www.redwingfrankfurt.com\/en\/shop\/care-products\/leather-creme\/","url":"https:\/\/www.redwingfrankfurt.com\/en\/shop\/care-products\/leather-creme\/","name":"Leather Cream - Red Wing Store Frankfurt","isPartOf":{"@id":"https:\/\/www.redwingfrankfurt.com\/en\/#website"},"primaryImageOfPage":{"@id":"https:\/\/www.redwingfrankfurt.com\/en\/shop\/care-products\/leather-creme\/#primaryimage"},"image":{"@id":"https:\/\/www.redwingfrankfurt.com\/en\/shop\/care-products\/leather-creme\/#primaryimage"},"thumbnailUrl":"https:\/\/www.redwingfrankfurt.com\/wp-content\/uploads\/2025\/11\/RW97095_MUL_N1_1024.png","datePublished":"2018-01-22T13:21:14+00:00","dateModified":"2026-04-11T12:36:19+00:00","description":"Red Wing Leather Cream \u2013 Glanz & Schutz f\u00fcr glatte Leder. Pflegt, frischt Farbe auf und sch\u00fctzt. Ideal f\u00fcr glattes Heritage Leder wie Beckman oder Postman.","breadcrumb":{"@id":"https:\/\/www.redwingfrankfurt.com\/en\/shop\/care-products\/leather-creme\/#breadcrumb"},"inLanguage":"en-US","potentialAction":[{"@type":"ReadAction","target":["https:\/\/www.redwingfrankfurt.com\/en\/shop\/care-products\/leather-creme\/"]}]},{"@type":"ImageObject","inLanguage":"en-US","@id":"https:\/\/www.redwingfrankfurt.com\/en\/shop\/care-products\/leather-creme\/#primaryimage","url":"https:\/\/www.redwingfrankfurt.com\/wp-content\/uploads\/2025\/11\/RW97095_MUL_N1_1024.png","contentUrl":"https:\/\/www.redwingfrankfurt.com\/wp-content\/uploads\/2025\/11\/RW97095_MUL_N1_1024.png","width":2000,"height":2000},{"@type":"BreadcrumbList","@id":"https:\/\/www.redwingfrankfurt.com\/en\/shop\/care-products\/leather-creme\/#breadcrumb","itemListElement":[{"@type":"ListItem","position":1,"name":"Startseite","item":"https:\/\/www.redwingfrankfurt.com\/en\/"},{"@type":"ListItem","position":2,"name":"Shop","item":"https:\/\/www.redwingfrankfurt.com\/shop\/"},{"@type":"ListItem","position":3,"name":"Leather Cream"}]},{"@type":"WebSite","@id":"https:\/\/www.redwingfrankfurt.com\/en\/#website","url":"https:\/\/www.redwingfrankfurt.com\/en\/","name":"Red Wing Store Frankfurt","description":"First Red Wing Store in Europe \u2013 since 1977","potentialAction":[{"@type":"SearchAction","target":{"@type":"EntryPoint","urlTemplate":"https:\/\/www.redwingfrankfurt.com\/en\/?s={search_term_string}"},"query-input":{"@type":"PropertyValueSpecification","valueRequired":true,"valueName":"search_term_string"}}],"inLanguage":"en-US"}]}},"_links":{"self":[{"href":"https:\/\/www.redwingfrankfurt.com\/en\/wp-json\/wp\/v2\/product\/6287","targetHints":{"allow":["GET"]}}],"collection":[{"href":"https:\/\/www.redwingfrankfurt.com\/en\/wp-json\/wp\/v2\/product"}],"about":[{"href":"https:\/\/www.redwingfrankfurt.com\/en\/wp-json\/wp\/v2\/types\/product"}],"wp:featuredmedia":[{"embeddable":true,"href":"https:\/\/www.redwingfrankfurt.com\/en\/wp-json\/wp\/v2\/media\/21661"}],"wp:attachment":[{"href":"https:\/\/www.redwingfrankfurt.com\/en\/wp-json\/wp\/v2\/media?parent=6287"}],"wp:term":[{"taxonomy":"product_brand","embeddable":true,"href":"https:\/\/www.redwingfrankfurt.com\/en\/wp-json\/wp\/v2\/product_brand?post=6287"},{"taxonomy":"product_cat","embeddable":true,"href":"https:\/\/www.redwingfrankfurt.com\/en\/wp-json\/wp\/v2\/product_cat?post=6287"},{"taxonomy":"product_tag","embeddable":true,"href":"https:\/\/www.redwingfrankfurt.com\/en\/wp-json\/wp\/v2\/product_tag?post=6287"}],"curies":[{"name":"wp","href":"https:\/\/api.w.org\/{rel}","templated":true}]}}