{"id":6124,"date":"2017-11-14T13:44:35","date_gmt":"2017-11-14T11:44:35","guid":{"rendered":"https:\/\/www.redwingfrankfurt.com\/shop\/accessories\/gloves\/work-gloves-gefuettert-braun\/"},"modified":"2026-02-21T17:19:00","modified_gmt":"2026-02-21T15:19:00","slug":"work-gloves-gefuettert-braun","status":"publish","type":"product","link":"https:\/\/www.redwingfrankfurt.com\/en\/shop\/accessories\/gloves\/work-gloves-gefuettert-braun\/","title":{"rendered":"Work Gloves Gef\u00fcttert"},"content":{"rendered":"","protected":false},"excerpt":{"rendered":"<p>F\u00fcr unsere gef\u00fctterten Handschuhe verwenden wir auschliesslich 3.25 oz chromgegerbtes Hirschleder, \u00e4hnlich dem Gerbverfahren das Red Wing auch f\u00fcr die meisten unserer Boots verwendet. Ausgelegt f\u00fcr maximalen Komfort und Bewegungsfreiheit durch den Gunn Cut Palm Pattern der Hand Innenfl\u00e4chen und Key Stone Thumb Naht am Daumen. Innen sind die Handschuhe mit einem 40g Thinsulate Vlies Futter ausgestattet und sch\u00fctzten die H\u00e4nde so wirksam vor K\u00e4lte.<\/p>\n<p>Leder: Hirschleder<br \/>\nInnen: Thinsulate Vlies Futter<br \/>\nFarbe: Braun<\/p>\n","protected":false},"featured_media":12906,"template":"","meta":[],"product_brand":[],"product_cat":[116],"product_tag":[708,457,459,710,709],"class_list":{"0":"post-6124","1":"product","2":"type-product","3":"status-publish","4":"has-post-thumbnail","6":"product_cat-gloves","7":"product_tag-708","8":"product_tag-braun","9":"product_tag-brown","10":"product_tag-hanschuhe","11":"product_tag-work-gloves","12":"pa_farbe-braun","13":"pa_size-large","14":"pa_size-medium","15":"pa_size-xl","17":"first","18":"instock","19":"taxable","20":"shipping-taxable","21":"purchasable","22":"product-type-variable","23":"add-to-wishlist-before_image"},"yoast_head":"<!-- This site is optimized with the Yoast SEO plugin v27.3 - https:\/\/yoast.com\/product\/yoast-seo-wordpress\/ -->\n<title>Work Gloves Gef\u00fcttert - Red Wing Store Frankfurt<\/title>\n<meta name=\"robots\" content=\"index, follow, max-snippet:-1, max-image-preview:large, max-video-preview:-1\" \/>\n<link rel=\"canonical\" href=\"https:\/\/www.redwingfrankfurt.com\/en\/shop\/accessories\/gloves\/work-gloves-gefuettert-braun\/\" \/>\n<meta property=\"og:locale\" content=\"en_US\" \/>\n<meta property=\"og:type\" content=\"article\" \/>\n<meta property=\"og:title\" content=\"Work Gloves Gef\u00fcttert - Red Wing Store Frankfurt\" \/>\n<meta property=\"og:description\" content=\"F\u00fcr unsere gef\u00fctterten Handschuhe verwenden wir auschliesslich 3.25 oz chromgegerbtes Hirschleder, \u00e4hnlich dem Gerbverfahren das Red Wing auch f\u00fcr die meisten unserer Boots verwendet. Ausgelegt f\u00fcr maximalen Komfort und Bewegungsfreiheit durch den Gunn Cut Palm Pattern der Hand Innenfl\u00e4chen und Key Stone Thumb Naht am Daumen. Innen sind die Handschuhe mit einem 40g Thinsulate Vlies Futter ausgestattet und sch\u00fctzten die H\u00e4nde so wirksam vor K\u00e4lte.  Leder: Hirschleder Innen: Thinsulate Vlies Futter Farbe: Braun\" \/>\n<meta property=\"og:url\" content=\"https:\/\/www.redwingfrankfurt.com\/en\/shop\/accessories\/gloves\/work-gloves-gefuettert-braun\/\" \/>\n<meta property=\"og:site_name\" content=\"Red Wing Store Frankfurt\" \/>\n<meta property=\"article:modified_time\" content=\"2026-02-21T15:19:00+00:00\" \/>\n<meta property=\"og:image\" content=\"https:\/\/www.redwingfrankfurt.com\/wp-content\/uploads\/2022\/03\/red-wing-shoe-store-frankfurt-95231-work-gloves-brown-gefuettert-berlin-hamburg-muenchen.jpg\" \/>\n\t<meta property=\"og:image:width\" content=\"1000\" \/>\n\t<meta property=\"og:image:height\" content=\"1000\" \/>\n\t<meta property=\"og:image:type\" content=\"image\/jpeg\" \/>\n<meta name=\"twitter:card\" content=\"summary_large_image\" \/>\n<script type=\"application\/ld+json\" class=\"yoast-schema-graph\">{\"@context\":\"https:\\\/\\\/schema.org\",\"@graph\":[{\"@type\":\"WebPage\",\"@id\":\"https:\\\/\\\/www.redwingfrankfurt.com\\\/en\\\/shop\\\/accessories\\\/gloves\\\/work-gloves-gefuettert-braun\\\/\",\"url\":\"https:\\\/\\\/www.redwingfrankfurt.com\\\/en\\\/shop\\\/accessories\\\/gloves\\\/work-gloves-gefuettert-braun\\\/\",\"name\":\"Work Gloves Gef\u00fcttert - Red Wing Store Frankfurt\",\"isPartOf\":{\"@id\":\"https:\\\/\\\/www.redwingfrankfurt.com\\\/en\\\/#website\"},\"primaryImageOfPage\":{\"@id\":\"https:\\\/\\\/www.redwingfrankfurt.com\\\/en\\\/shop\\\/accessories\\\/gloves\\\/work-gloves-gefuettert-braun\\\/#primaryimage\"},\"image\":{\"@id\":\"https:\\\/\\\/www.redwingfrankfurt.com\\\/en\\\/shop\\\/accessories\\\/gloves\\\/work-gloves-gefuettert-braun\\\/#primaryimage\"},\"thumbnailUrl\":\"https:\\\/\\\/www.redwingfrankfurt.com\\\/wp-content\\\/uploads\\\/2022\\\/03\\\/red-wing-shoe-store-frankfurt-95231-work-gloves-brown-gefuettert-berlin-hamburg-muenchen.jpg\",\"datePublished\":\"2017-11-14T11:44:35+00:00\",\"dateModified\":\"2026-02-21T15:19:00+00:00\",\"breadcrumb\":{\"@id\":\"https:\\\/\\\/www.redwingfrankfurt.com\\\/en\\\/shop\\\/accessories\\\/gloves\\\/work-gloves-gefuettert-braun\\\/#breadcrumb\"},\"inLanguage\":\"en-US\",\"potentialAction\":[{\"@type\":\"ReadAction\",\"target\":[\"https:\\\/\\\/www.redwingfrankfurt.com\\\/en\\\/shop\\\/accessories\\\/gloves\\\/work-gloves-gefuettert-braun\\\/\"]}]},{\"@type\":\"ImageObject\",\"inLanguage\":\"en-US\",\"@id\":\"https:\\\/\\\/www.redwingfrankfurt.com\\\/en\\\/shop\\\/accessories\\\/gloves\\\/work-gloves-gefuettert-braun\\\/#primaryimage\",\"url\":\"https:\\\/\\\/www.redwingfrankfurt.com\\\/wp-content\\\/uploads\\\/2022\\\/03\\\/red-wing-shoe-store-frankfurt-95231-work-gloves-brown-gefuettert-berlin-hamburg-muenchen.jpg\",\"contentUrl\":\"https:\\\/\\\/www.redwingfrankfurt.com\\\/wp-content\\\/uploads\\\/2022\\\/03\\\/red-wing-shoe-store-frankfurt-95231-work-gloves-brown-gefuettert-berlin-hamburg-muenchen.jpg\",\"width\":1000,\"height\":1000,\"caption\":\"red-wing-shoe-store-frankfurt-95231-work-gloves-brown-gef\u00fcttert-berlin-hamburg-muenchen\"},{\"@type\":\"BreadcrumbList\",\"@id\":\"https:\\\/\\\/www.redwingfrankfurt.com\\\/en\\\/shop\\\/accessories\\\/gloves\\\/work-gloves-gefuettert-braun\\\/#breadcrumb\",\"itemListElement\":[{\"@type\":\"ListItem\",\"position\":1,\"name\":\"Startseite\",\"item\":\"https:\\\/\\\/www.redwingfrankfurt.com\\\/en\\\/\"},{\"@type\":\"ListItem\",\"position\":2,\"name\":\"Shop\",\"item\":\"https:\\\/\\\/www.redwingfrankfurt.com\\\/shop\\\/\"},{\"@type\":\"ListItem\",\"position\":3,\"name\":\"Work Gloves Gef\u00fcttert\"}]},{\"@type\":\"WebSite\",\"@id\":\"https:\\\/\\\/www.redwingfrankfurt.com\\\/en\\\/#website\",\"url\":\"https:\\\/\\\/www.redwingfrankfurt.com\\\/en\\\/\",\"name\":\"Red Wing Store Frankfurt\",\"description\":\"First Red Wing Store in Europe \u2013 since 1977\",\"potentialAction\":[{\"@type\":\"SearchAction\",\"target\":{\"@type\":\"EntryPoint\",\"urlTemplate\":\"https:\\\/\\\/www.redwingfrankfurt.com\\\/en\\\/?s={search_term_string}\"},\"query-input\":{\"@type\":\"PropertyValueSpecification\",\"valueRequired\":true,\"valueName\":\"search_term_string\"}}],\"inLanguage\":\"en-US\"}]}<\/script>\n<!-- \/ Yoast SEO plugin. -->","yoast_head_json":{"title":"Work Gloves Gef\u00fcttert - Red Wing Store Frankfurt","robots":{"index":"index","follow":"follow","max-snippet":"max-snippet:-1","max-image-preview":"max-image-preview:large","max-video-preview":"max-video-preview:-1"},"canonical":"https:\/\/www.redwingfrankfurt.com\/en\/shop\/accessories\/gloves\/work-gloves-gefuettert-braun\/","og_locale":"en_US","og_type":"article","og_title":"Work Gloves Gef\u00fcttert - Red Wing Store Frankfurt","og_description":"F\u00fcr unsere gef\u00fctterten Handschuhe verwenden wir auschliesslich 3.25 oz chromgegerbtes Hirschleder, \u00e4hnlich dem Gerbverfahren das Red Wing auch f\u00fcr die meisten unserer Boots verwendet. Ausgelegt f\u00fcr maximalen Komfort und Bewegungsfreiheit durch den Gunn Cut Palm Pattern der Hand Innenfl\u00e4chen und Key Stone Thumb Naht am Daumen. Innen sind die Handschuhe mit einem 40g Thinsulate Vlies Futter ausgestattet und sch\u00fctzten die H\u00e4nde so wirksam vor K\u00e4lte.  Leder: Hirschleder Innen: Thinsulate Vlies Futter Farbe: Braun","og_url":"https:\/\/www.redwingfrankfurt.com\/en\/shop\/accessories\/gloves\/work-gloves-gefuettert-braun\/","og_site_name":"Red Wing Store Frankfurt","article_modified_time":"2026-02-21T15:19:00+00:00","og_image":[{"width":1000,"height":1000,"url":"https:\/\/www.redwingfrankfurt.com\/wp-content\/uploads\/2022\/03\/red-wing-shoe-store-frankfurt-95231-work-gloves-brown-gefuettert-berlin-hamburg-muenchen.jpg","type":"image\/jpeg"}],"twitter_card":"summary_large_image","schema":{"@context":"https:\/\/schema.org","@graph":[{"@type":"WebPage","@id":"https:\/\/www.redwingfrankfurt.com\/en\/shop\/accessories\/gloves\/work-gloves-gefuettert-braun\/","url":"https:\/\/www.redwingfrankfurt.com\/en\/shop\/accessories\/gloves\/work-gloves-gefuettert-braun\/","name":"Work Gloves Gef\u00fcttert - Red Wing Store Frankfurt","isPartOf":{"@id":"https:\/\/www.redwingfrankfurt.com\/en\/#website"},"primaryImageOfPage":{"@id":"https:\/\/www.redwingfrankfurt.com\/en\/shop\/accessories\/gloves\/work-gloves-gefuettert-braun\/#primaryimage"},"image":{"@id":"https:\/\/www.redwingfrankfurt.com\/en\/shop\/accessories\/gloves\/work-gloves-gefuettert-braun\/#primaryimage"},"thumbnailUrl":"https:\/\/www.redwingfrankfurt.com\/wp-content\/uploads\/2022\/03\/red-wing-shoe-store-frankfurt-95231-work-gloves-brown-gefuettert-berlin-hamburg-muenchen.jpg","datePublished":"2017-11-14T11:44:35+00:00","dateModified":"2026-02-21T15:19:00+00:00","breadcrumb":{"@id":"https:\/\/www.redwingfrankfurt.com\/en\/shop\/accessories\/gloves\/work-gloves-gefuettert-braun\/#breadcrumb"},"inLanguage":"en-US","potentialAction":[{"@type":"ReadAction","target":["https:\/\/www.redwingfrankfurt.com\/en\/shop\/accessories\/gloves\/work-gloves-gefuettert-braun\/"]}]},{"@type":"ImageObject","inLanguage":"en-US","@id":"https:\/\/www.redwingfrankfurt.com\/en\/shop\/accessories\/gloves\/work-gloves-gefuettert-braun\/#primaryimage","url":"https:\/\/www.redwingfrankfurt.com\/wp-content\/uploads\/2022\/03\/red-wing-shoe-store-frankfurt-95231-work-gloves-brown-gefuettert-berlin-hamburg-muenchen.jpg","contentUrl":"https:\/\/www.redwingfrankfurt.com\/wp-content\/uploads\/2022\/03\/red-wing-shoe-store-frankfurt-95231-work-gloves-brown-gefuettert-berlin-hamburg-muenchen.jpg","width":1000,"height":1000,"caption":"red-wing-shoe-store-frankfurt-95231-work-gloves-brown-gef\u00fcttert-berlin-hamburg-muenchen"},{"@type":"BreadcrumbList","@id":"https:\/\/www.redwingfrankfurt.com\/en\/shop\/accessories\/gloves\/work-gloves-gefuettert-braun\/#breadcrumb","itemListElement":[{"@type":"ListItem","position":1,"name":"Startseite","item":"https:\/\/www.redwingfrankfurt.com\/en\/"},{"@type":"ListItem","position":2,"name":"Shop","item":"https:\/\/www.redwingfrankfurt.com\/shop\/"},{"@type":"ListItem","position":3,"name":"Work Gloves Gef\u00fcttert"}]},{"@type":"WebSite","@id":"https:\/\/www.redwingfrankfurt.com\/en\/#website","url":"https:\/\/www.redwingfrankfurt.com\/en\/","name":"Red Wing Store Frankfurt","description":"First Red Wing Store in Europe \u2013 since 1977","potentialAction":[{"@type":"SearchAction","target":{"@type":"EntryPoint","urlTemplate":"https:\/\/www.redwingfrankfurt.com\/en\/?s={search_term_string}"},"query-input":{"@type":"PropertyValueSpecification","valueRequired":true,"valueName":"search_term_string"}}],"inLanguage":"en-US"}]}},"_links":{"self":[{"href":"https:\/\/www.redwingfrankfurt.com\/en\/wp-json\/wp\/v2\/product\/6124","targetHints":{"allow":["GET"]}}],"collection":[{"href":"https:\/\/www.redwingfrankfurt.com\/en\/wp-json\/wp\/v2\/product"}],"about":[{"href":"https:\/\/www.redwingfrankfurt.com\/en\/wp-json\/wp\/v2\/types\/product"}],"wp:featuredmedia":[{"embeddable":true,"href":"https:\/\/www.redwingfrankfurt.com\/en\/wp-json\/wp\/v2\/media\/12906"}],"wp:attachment":[{"href":"https:\/\/www.redwingfrankfurt.com\/en\/wp-json\/wp\/v2\/media?parent=6124"}],"wp:term":[{"taxonomy":"product_brand","embeddable":true,"href":"https:\/\/www.redwingfrankfurt.com\/en\/wp-json\/wp\/v2\/product_brand?post=6124"},{"taxonomy":"product_cat","embeddable":true,"href":"https:\/\/www.redwingfrankfurt.com\/en\/wp-json\/wp\/v2\/product_cat?post=6124"},{"taxonomy":"product_tag","embeddable":true,"href":"https:\/\/www.redwingfrankfurt.com\/en\/wp-json\/wp\/v2\/product_tag?post=6124"}],"curies":[{"name":"wp","href":"https:\/\/api.w.org\/{rel}","templated":true}]}}