{"id":5749,"date":"2017-08-22T17:52:37","date_gmt":"2017-08-22T15:52:37","guid":{"rendered":"https:\/\/www.redwingfrankfurt.com\/shop\/womens-shoes\/silversmith\/3361-silversmith\/"},"modified":"2026-03-19T12:59:26","modified_gmt":"2026-03-19T10:59:26","slug":"3361-silversmith","status":"publish","type":"product","link":"https:\/\/www.redwingfrankfurt.com\/en\/shop\/womens-shoes\/silversmith\/3361-silversmith\/","title":{"rendered":"3361 Silversmith"},"content":{"rendered":"<p>Klassischer round Toe Damenstiefel. Der <span class=\"hiddenSpellError\">Silversmith<\/span> ist ein markanter Damenstiefel zum Schn\u00fcren und hohem Schaft, der sofort alle Blicke auf sich zieht. Messing Speed \u200b\u200b<span class=\"hiddenSpellError\">Hooks<\/span> verleihen einen robusten Look, der durch eine elegante, schlanke Silhouette ausgeglichen wird.<br \/>\nPremium Black Boundary Leder, trittd\u00e4mpfendes Poron Fussbett mit Leder als obermaterial, f\u00fcr ein weiches Laufgef\u00fchl. Einfach einsteigen und wohlf\u00fchlen!<\/p>\n<p>&nbsp;<\/p>\n","protected":false},"excerpt":{"rendered":"<ul>\n<li>Leder: Black Boundary<\/li>\n<li>Innen: Poron Sohle mit Leder als Obermaterial<\/li>\n<li>Sohle: Vibram Mini Lug<\/li>\n<li>Konstruktion: Rahmengen\u00e4ht<br \/>\n<span style=\"color: #ffffff;\">&#8212;&#8212;&#8212;&#8212;&#8212;&#8212;&#8212;&#8212;&#8212;&#8212;&#8212;&#8211;<\/span><br \/>\nMade in the USA!<\/li>\n<\/ul>\n","protected":false},"featured_media":19128,"template":"","meta":[],"product_brand":[],"product_cat":[217,207],"product_tag":[603,558,846,602],"class_list":{"0":"post-5749","1":"product","2":"type-product","3":"status-publish","4":"has-post-thumbnail","6":"product_cat-silversmith","7":"product_cat-womens-shoes","8":"product_tag-603","9":"product_tag-black-boundary","10":"product_tag-data","11":"product_tag-silversmith","12":"pa_farbe-schwarz","13":"pa_groesse-10-us-415-eu","14":"pa_groesse-11-us-425-eu","15":"pa_groesse-5-us-34-5-eu","16":"pa_groesse-55-us-35-eu","17":"pa_groesse-6-us-36-eu","18":"pa_groesse-65-us-37-eu","19":"pa_groesse-7-us-375-eu","20":"pa_groesse-75-us-38-eu","21":"pa_groesse-8-us-385-eu","22":"pa_groesse-85-us-39-eu","23":"pa_groesse-9-us-40-eu","24":"pa_groesse-95-us-41-eu","26":"first","27":"instock","28":"taxable","29":"shipping-taxable","30":"purchasable","31":"product-type-variable","32":"add-to-wishlist-before_image"},"yoast_head":"<!-- This site is optimized with the Yoast SEO plugin v27.4 - https:\/\/yoast.com\/product\/yoast-seo-wordpress\/ -->\n<title>3361 Silversmith - Red Wing Store Frankfurt<\/title>\n<meta name=\"robots\" content=\"index, follow, max-snippet:-1, max-image-preview:large, max-video-preview:-1\" \/>\n<link rel=\"canonical\" href=\"https:\/\/www.redwingfrankfurt.com\/en\/shop\/womens-shoes\/silversmith\/3361-silversmith\/\" \/>\n<meta property=\"og:locale\" content=\"en_US\" \/>\n<meta property=\"og:type\" content=\"article\" \/>\n<meta property=\"og:title\" content=\"3361 Silversmith - Red Wing Store Frankfurt\" \/>\n<meta property=\"og:description\" content=\"Leder: Black Boundary  Innen: Poron Sohle mit Leder als Obermaterial  Sohle: Vibram Mini Lug  Konstruktion: Rahmengen\u00e4ht ----------------------------------- Made in the USA!\" \/>\n<meta property=\"og:url\" content=\"https:\/\/www.redwingfrankfurt.com\/en\/shop\/womens-shoes\/silversmith\/3361-silversmith\/\" \/>\n<meta property=\"og:site_name\" content=\"Red Wing Store Frankfurt\" \/>\n<meta property=\"article:modified_time\" content=\"2026-03-19T10:59:26+00:00\" \/>\n<meta property=\"og:image\" content=\"https:\/\/www.redwingfrankfurt.com\/wp-content\/uploads\/2024\/07\/RW03361C_MUL_N3_0617-scaled-e1721824368925.jpg\" \/>\n\t<meta property=\"og:image:width\" content=\"2560\" \/>\n\t<meta property=\"og:image:height\" content=\"2560\" \/>\n\t<meta property=\"og:image:type\" content=\"image\/jpeg\" \/>\n<meta name=\"twitter:card\" content=\"summary_large_image\" \/>\n<script type=\"application\/ld+json\" class=\"yoast-schema-graph\">{\"@context\":\"https:\\\/\\\/schema.org\",\"@graph\":[{\"@type\":\"WebPage\",\"@id\":\"https:\\\/\\\/www.redwingfrankfurt.com\\\/en\\\/shop\\\/womens-shoes\\\/silversmith\\\/3361-silversmith\\\/\",\"url\":\"https:\\\/\\\/www.redwingfrankfurt.com\\\/en\\\/shop\\\/womens-shoes\\\/silversmith\\\/3361-silversmith\\\/\",\"name\":\"3361 Silversmith - Red Wing Store Frankfurt\",\"isPartOf\":{\"@id\":\"https:\\\/\\\/www.redwingfrankfurt.com\\\/en\\\/#website\"},\"primaryImageOfPage\":{\"@id\":\"https:\\\/\\\/www.redwingfrankfurt.com\\\/en\\\/shop\\\/womens-shoes\\\/silversmith\\\/3361-silversmith\\\/#primaryimage\"},\"image\":{\"@id\":\"https:\\\/\\\/www.redwingfrankfurt.com\\\/en\\\/shop\\\/womens-shoes\\\/silversmith\\\/3361-silversmith\\\/#primaryimage\"},\"thumbnailUrl\":\"https:\\\/\\\/www.redwingfrankfurt.com\\\/wp-content\\\/uploads\\\/2024\\\/07\\\/RW03361C_MUL_N3_0617-scaled-e1721824368925.jpg\",\"datePublished\":\"2017-08-22T15:52:37+00:00\",\"dateModified\":\"2026-03-19T10:59:26+00:00\",\"breadcrumb\":{\"@id\":\"https:\\\/\\\/www.redwingfrankfurt.com\\\/en\\\/shop\\\/womens-shoes\\\/silversmith\\\/3361-silversmith\\\/#breadcrumb\"},\"inLanguage\":\"en-US\",\"potentialAction\":[{\"@type\":\"ReadAction\",\"target\":[\"https:\\\/\\\/www.redwingfrankfurt.com\\\/en\\\/shop\\\/womens-shoes\\\/silversmith\\\/3361-silversmith\\\/\"]}]},{\"@type\":\"ImageObject\",\"inLanguage\":\"en-US\",\"@id\":\"https:\\\/\\\/www.redwingfrankfurt.com\\\/en\\\/shop\\\/womens-shoes\\\/silversmith\\\/3361-silversmith\\\/#primaryimage\",\"url\":\"https:\\\/\\\/www.redwingfrankfurt.com\\\/wp-content\\\/uploads\\\/2024\\\/07\\\/RW03361C_MUL_N3_0617-scaled-e1721824368925.jpg\",\"contentUrl\":\"https:\\\/\\\/www.redwingfrankfurt.com\\\/wp-content\\\/uploads\\\/2024\\\/07\\\/RW03361C_MUL_N3_0617-scaled-e1721824368925.jpg\",\"width\":2560,\"height\":2560},{\"@type\":\"BreadcrumbList\",\"@id\":\"https:\\\/\\\/www.redwingfrankfurt.com\\\/en\\\/shop\\\/womens-shoes\\\/silversmith\\\/3361-silversmith\\\/#breadcrumb\",\"itemListElement\":[{\"@type\":\"ListItem\",\"position\":1,\"name\":\"Startseite\",\"item\":\"https:\\\/\\\/www.redwingfrankfurt.com\\\/en\\\/\"},{\"@type\":\"ListItem\",\"position\":2,\"name\":\"Shop\",\"item\":\"https:\\\/\\\/www.redwingfrankfurt.com\\\/shop\\\/\"},{\"@type\":\"ListItem\",\"position\":3,\"name\":\"3361 Silversmith\"}]},{\"@type\":\"WebSite\",\"@id\":\"https:\\\/\\\/www.redwingfrankfurt.com\\\/en\\\/#website\",\"url\":\"https:\\\/\\\/www.redwingfrankfurt.com\\\/en\\\/\",\"name\":\"Red Wing Store Frankfurt\",\"description\":\"First Red Wing Store in Europe \u2013 since 1977\",\"potentialAction\":[{\"@type\":\"SearchAction\",\"target\":{\"@type\":\"EntryPoint\",\"urlTemplate\":\"https:\\\/\\\/www.redwingfrankfurt.com\\\/en\\\/?s={search_term_string}\"},\"query-input\":{\"@type\":\"PropertyValueSpecification\",\"valueRequired\":true,\"valueName\":\"search_term_string\"}}],\"inLanguage\":\"en-US\"}]}<\/script>\n<!-- \/ Yoast SEO plugin. -->","yoast_head_json":{"title":"3361 Silversmith - Red Wing Store Frankfurt","robots":{"index":"index","follow":"follow","max-snippet":"max-snippet:-1","max-image-preview":"max-image-preview:large","max-video-preview":"max-video-preview:-1"},"canonical":"https:\/\/www.redwingfrankfurt.com\/en\/shop\/womens-shoes\/silversmith\/3361-silversmith\/","og_locale":"en_US","og_type":"article","og_title":"3361 Silversmith - Red Wing Store Frankfurt","og_description":"Leder: Black Boundary  Innen: Poron Sohle mit Leder als Obermaterial  Sohle: Vibram Mini Lug  Konstruktion: Rahmengen\u00e4ht ----------------------------------- Made in the USA!","og_url":"https:\/\/www.redwingfrankfurt.com\/en\/shop\/womens-shoes\/silversmith\/3361-silversmith\/","og_site_name":"Red Wing Store Frankfurt","article_modified_time":"2026-03-19T10:59:26+00:00","og_image":[{"width":2560,"height":2560,"url":"https:\/\/www.redwingfrankfurt.com\/wp-content\/uploads\/2024\/07\/RW03361C_MUL_N3_0617-scaled-e1721824368925.jpg","type":"image\/jpeg"}],"twitter_card":"summary_large_image","schema":{"@context":"https:\/\/schema.org","@graph":[{"@type":"WebPage","@id":"https:\/\/www.redwingfrankfurt.com\/en\/shop\/womens-shoes\/silversmith\/3361-silversmith\/","url":"https:\/\/www.redwingfrankfurt.com\/en\/shop\/womens-shoes\/silversmith\/3361-silversmith\/","name":"3361 Silversmith - Red Wing Store Frankfurt","isPartOf":{"@id":"https:\/\/www.redwingfrankfurt.com\/en\/#website"},"primaryImageOfPage":{"@id":"https:\/\/www.redwingfrankfurt.com\/en\/shop\/womens-shoes\/silversmith\/3361-silversmith\/#primaryimage"},"image":{"@id":"https:\/\/www.redwingfrankfurt.com\/en\/shop\/womens-shoes\/silversmith\/3361-silversmith\/#primaryimage"},"thumbnailUrl":"https:\/\/www.redwingfrankfurt.com\/wp-content\/uploads\/2024\/07\/RW03361C_MUL_N3_0617-scaled-e1721824368925.jpg","datePublished":"2017-08-22T15:52:37+00:00","dateModified":"2026-03-19T10:59:26+00:00","breadcrumb":{"@id":"https:\/\/www.redwingfrankfurt.com\/en\/shop\/womens-shoes\/silversmith\/3361-silversmith\/#breadcrumb"},"inLanguage":"en-US","potentialAction":[{"@type":"ReadAction","target":["https:\/\/www.redwingfrankfurt.com\/en\/shop\/womens-shoes\/silversmith\/3361-silversmith\/"]}]},{"@type":"ImageObject","inLanguage":"en-US","@id":"https:\/\/www.redwingfrankfurt.com\/en\/shop\/womens-shoes\/silversmith\/3361-silversmith\/#primaryimage","url":"https:\/\/www.redwingfrankfurt.com\/wp-content\/uploads\/2024\/07\/RW03361C_MUL_N3_0617-scaled-e1721824368925.jpg","contentUrl":"https:\/\/www.redwingfrankfurt.com\/wp-content\/uploads\/2024\/07\/RW03361C_MUL_N3_0617-scaled-e1721824368925.jpg","width":2560,"height":2560},{"@type":"BreadcrumbList","@id":"https:\/\/www.redwingfrankfurt.com\/en\/shop\/womens-shoes\/silversmith\/3361-silversmith\/#breadcrumb","itemListElement":[{"@type":"ListItem","position":1,"name":"Startseite","item":"https:\/\/www.redwingfrankfurt.com\/en\/"},{"@type":"ListItem","position":2,"name":"Shop","item":"https:\/\/www.redwingfrankfurt.com\/shop\/"},{"@type":"ListItem","position":3,"name":"3361 Silversmith"}]},{"@type":"WebSite","@id":"https:\/\/www.redwingfrankfurt.com\/en\/#website","url":"https:\/\/www.redwingfrankfurt.com\/en\/","name":"Red Wing Store Frankfurt","description":"First Red Wing Store in Europe \u2013 since 1977","potentialAction":[{"@type":"SearchAction","target":{"@type":"EntryPoint","urlTemplate":"https:\/\/www.redwingfrankfurt.com\/en\/?s={search_term_string}"},"query-input":{"@type":"PropertyValueSpecification","valueRequired":true,"valueName":"search_term_string"}}],"inLanguage":"en-US"}]}},"_links":{"self":[{"href":"https:\/\/www.redwingfrankfurt.com\/en\/wp-json\/wp\/v2\/product\/5749","targetHints":{"allow":["GET"]}}],"collection":[{"href":"https:\/\/www.redwingfrankfurt.com\/en\/wp-json\/wp\/v2\/product"}],"about":[{"href":"https:\/\/www.redwingfrankfurt.com\/en\/wp-json\/wp\/v2\/types\/product"}],"wp:featuredmedia":[{"embeddable":true,"href":"https:\/\/www.redwingfrankfurt.com\/en\/wp-json\/wp\/v2\/media\/19128"}],"wp:attachment":[{"href":"https:\/\/www.redwingfrankfurt.com\/en\/wp-json\/wp\/v2\/media?parent=5749"}],"wp:term":[{"taxonomy":"product_brand","embeddable":true,"href":"https:\/\/www.redwingfrankfurt.com\/en\/wp-json\/wp\/v2\/product_brand?post=5749"},{"taxonomy":"product_cat","embeddable":true,"href":"https:\/\/www.redwingfrankfurt.com\/en\/wp-json\/wp\/v2\/product_cat?post=5749"},{"taxonomy":"product_tag","embeddable":true,"href":"https:\/\/www.redwingfrankfurt.com\/en\/wp-json\/wp\/v2\/product_tag?post=5749"}],"curies":[{"name":"wp","href":"https:\/\/api.w.org\/{rel}","templated":true}]}}