{"id":4558,"date":"2016-08-29T14:00:01","date_gmt":"2016-08-29T12:00:01","guid":{"rendered":"https:\/\/www.redwingfrankfurt.com\/shop\/womens-shoes\/iron-ranger-womens-shoes\/3366-iron-ranger\/"},"modified":"2026-03-05T19:33:23","modified_gmt":"2026-03-05T17:33:23","slug":"3366-iron-ranger","status":"publish","type":"product","link":"https:\/\/www.redwingfrankfurt.com\/en\/shop\/unkategorisiert\/3366-iron-ranger\/","title":{"rendered":"3366 Iron Ranger"},"content":{"rendered":"<p>Der #3366 ist die Damenvariante unseres Klassikers #8111 Iron Ranger. Der <span class=\"hiddenSpellError\">Iron<\/span> Ranger ist eine amerikanische Ikone. Der von Frauen f\u00fcr Frauen \u00fcberarbeitete 6-<span class=\"hiddenSpellError\">Inch-Stiefel<\/span> ist aus weichem voll narbigem Rindsleder gefertigt, um das Einlaufen zu erleichtern, ohne die Haltbarkeit zu beeintr\u00e4chtigen. Die charakteristische <span class=\"hiddenSpellError\">Zehenkappe<\/span> und die Messing-Speed-Haken runden die robuste Silhouette ab. Premium Black Boundary Leder, trittd\u00e4mpfendes Poron Fussbett mit Leder als obermaterial, f\u00fcr ein weiches Laufgef\u00fchl. Einfach einsteigen und wohlf\u00fchlen!<\/p>\n","protected":false},"excerpt":{"rendered":"<ul>\n<li>Leder: Black Boundary<\/li>\n<li>Innen: Poron Sohle mit Leder als Obermaterial<\/li>\n<li>Sohle: Vibram Mini Lug<\/li>\n<li>Konstruktion: Rahmengen\u00e4ht<br \/>\n<span style=\"color: #ffffff;\">&#8212;&#8212;&#8212;&#8212;&#8212;&#8212;&#8212;&#8212;&#8212;&#8212;&#8212;&#8211;<\/span><br \/>\nMade in the USA!<\/li>\n<\/ul>\n","protected":false},"featured_media":19138,"template":"","meta":[],"product_brand":[],"product_cat":[209,207],"product_tag":[578,558,846,428],"class_list":{"0":"post-4558","1":"product","2":"type-product","3":"status-publish","4":"has-post-thumbnail","6":"product_cat-iron-ranger-womens-shoes","7":"product_cat-womens-shoes","8":"product_tag-578","9":"product_tag-black-boundary","10":"product_tag-data","11":"product_tag-iron-ranger","12":"pa_farbe-schwarz","13":"pa_groesse-10-us-415-eu","14":"pa_groesse-11-us-425-eu","15":"pa_groesse-5-us-34-5-eu","16":"pa_groesse-55-us-35-eu","17":"pa_groesse-6-us-36-eu","18":"pa_groesse-65-us-37-eu","19":"pa_groesse-7-us-375-eu","20":"pa_groesse-75-us-38-eu","21":"pa_groesse-8-us-385-eu","22":"pa_groesse-85-us-39-eu","23":"pa_groesse-9-us-40-eu","24":"pa_groesse-95-us-41-eu","26":"first","27":"instock","28":"taxable","29":"shipping-taxable","30":"purchasable","31":"product-type-variable","32":"add-to-wishlist-before_image"},"yoast_head":"<!-- This site is optimized with the Yoast SEO plugin v27.4 - https:\/\/yoast.com\/product\/yoast-seo-wordpress\/ -->\n<title>3366 Iron Ranger - Red Wing Store Frankfurt<\/title>\n<meta name=\"robots\" content=\"index, follow, max-snippet:-1, max-image-preview:large, max-video-preview:-1\" \/>\n<link rel=\"canonical\" href=\"https:\/\/www.redwingfrankfurt.com\/en\/shop\/unkategorisiert\/3366-iron-ranger\/\" \/>\n<meta property=\"og:locale\" content=\"en_US\" \/>\n<meta property=\"og:type\" content=\"article\" \/>\n<meta property=\"og:title\" content=\"3366 Iron Ranger - Red Wing Store Frankfurt\" \/>\n<meta property=\"og:description\" content=\"Leder: Black Boundary  Innen: Poron Sohle mit Leder als Obermaterial  Sohle: Vibram Mini Lug  Konstruktion: Rahmengen\u00e4ht ----------------------------------- Made in the USA!\" \/>\n<meta property=\"og:url\" content=\"https:\/\/www.redwingfrankfurt.com\/en\/shop\/unkategorisiert\/3366-iron-ranger\/\" \/>\n<meta property=\"og:site_name\" content=\"Red Wing Store Frankfurt\" \/>\n<meta property=\"article:modified_time\" content=\"2026-03-05T17:33:23+00:00\" \/>\n<meta property=\"og:image\" content=\"https:\/\/www.redwingfrankfurt.com\/wp-content\/uploads\/2024\/07\/RW03366C_MUL_N3_0716-scaled-e1721822878720.jpg\" \/>\n\t<meta property=\"og:image:width\" content=\"2560\" \/>\n\t<meta property=\"og:image:height\" content=\"2560\" \/>\n\t<meta property=\"og:image:type\" content=\"image\/jpeg\" \/>\n<meta name=\"twitter:card\" content=\"summary_large_image\" \/>\n<script type=\"application\/ld+json\" class=\"yoast-schema-graph\">{\"@context\":\"https:\\\/\\\/schema.org\",\"@graph\":[{\"@type\":\"WebPage\",\"@id\":\"https:\\\/\\\/www.redwingfrankfurt.com\\\/en\\\/shop\\\/unkategorisiert\\\/3366-iron-ranger\\\/\",\"url\":\"https:\\\/\\\/www.redwingfrankfurt.com\\\/en\\\/shop\\\/unkategorisiert\\\/3366-iron-ranger\\\/\",\"name\":\"3366 Iron Ranger - Red Wing Store Frankfurt\",\"isPartOf\":{\"@id\":\"https:\\\/\\\/www.redwingfrankfurt.com\\\/en\\\/#website\"},\"primaryImageOfPage\":{\"@id\":\"https:\\\/\\\/www.redwingfrankfurt.com\\\/en\\\/shop\\\/unkategorisiert\\\/3366-iron-ranger\\\/#primaryimage\"},\"image\":{\"@id\":\"https:\\\/\\\/www.redwingfrankfurt.com\\\/en\\\/shop\\\/unkategorisiert\\\/3366-iron-ranger\\\/#primaryimage\"},\"thumbnailUrl\":\"https:\\\/\\\/www.redwingfrankfurt.com\\\/wp-content\\\/uploads\\\/2024\\\/07\\\/RW03366C_MUL_N3_0716-scaled-e1721822878720.jpg\",\"datePublished\":\"2016-08-29T12:00:01+00:00\",\"dateModified\":\"2026-03-05T17:33:23+00:00\",\"breadcrumb\":{\"@id\":\"https:\\\/\\\/www.redwingfrankfurt.com\\\/en\\\/shop\\\/unkategorisiert\\\/3366-iron-ranger\\\/#breadcrumb\"},\"inLanguage\":\"en-US\",\"potentialAction\":[{\"@type\":\"ReadAction\",\"target\":[\"https:\\\/\\\/www.redwingfrankfurt.com\\\/en\\\/shop\\\/unkategorisiert\\\/3366-iron-ranger\\\/\"]}]},{\"@type\":\"ImageObject\",\"inLanguage\":\"en-US\",\"@id\":\"https:\\\/\\\/www.redwingfrankfurt.com\\\/en\\\/shop\\\/unkategorisiert\\\/3366-iron-ranger\\\/#primaryimage\",\"url\":\"https:\\\/\\\/www.redwingfrankfurt.com\\\/wp-content\\\/uploads\\\/2024\\\/07\\\/RW03366C_MUL_N3_0716-scaled-e1721822878720.jpg\",\"contentUrl\":\"https:\\\/\\\/www.redwingfrankfurt.com\\\/wp-content\\\/uploads\\\/2024\\\/07\\\/RW03366C_MUL_N3_0716-scaled-e1721822878720.jpg\",\"width\":2560,\"height\":2560},{\"@type\":\"BreadcrumbList\",\"@id\":\"https:\\\/\\\/www.redwingfrankfurt.com\\\/en\\\/shop\\\/unkategorisiert\\\/3366-iron-ranger\\\/#breadcrumb\",\"itemListElement\":[{\"@type\":\"ListItem\",\"position\":1,\"name\":\"Startseite\",\"item\":\"https:\\\/\\\/www.redwingfrankfurt.com\\\/en\\\/\"},{\"@type\":\"ListItem\",\"position\":2,\"name\":\"Shop\",\"item\":\"https:\\\/\\\/www.redwingfrankfurt.com\\\/shop\\\/\"},{\"@type\":\"ListItem\",\"position\":3,\"name\":\"3366 Iron Ranger\"}]},{\"@type\":\"WebSite\",\"@id\":\"https:\\\/\\\/www.redwingfrankfurt.com\\\/en\\\/#website\",\"url\":\"https:\\\/\\\/www.redwingfrankfurt.com\\\/en\\\/\",\"name\":\"Red Wing Store Frankfurt\",\"description\":\"First Red Wing Store in Europe \u2013 since 1977\",\"potentialAction\":[{\"@type\":\"SearchAction\",\"target\":{\"@type\":\"EntryPoint\",\"urlTemplate\":\"https:\\\/\\\/www.redwingfrankfurt.com\\\/en\\\/?s={search_term_string}\"},\"query-input\":{\"@type\":\"PropertyValueSpecification\",\"valueRequired\":true,\"valueName\":\"search_term_string\"}}],\"inLanguage\":\"en-US\"}]}<\/script>\n<!-- \/ Yoast SEO plugin. -->","yoast_head_json":{"title":"3366 Iron Ranger - Red Wing Store Frankfurt","robots":{"index":"index","follow":"follow","max-snippet":"max-snippet:-1","max-image-preview":"max-image-preview:large","max-video-preview":"max-video-preview:-1"},"canonical":"https:\/\/www.redwingfrankfurt.com\/en\/shop\/unkategorisiert\/3366-iron-ranger\/","og_locale":"en_US","og_type":"article","og_title":"3366 Iron Ranger - Red Wing Store Frankfurt","og_description":"Leder: Black Boundary  Innen: Poron Sohle mit Leder als Obermaterial  Sohle: Vibram Mini Lug  Konstruktion: Rahmengen\u00e4ht ----------------------------------- Made in the USA!","og_url":"https:\/\/www.redwingfrankfurt.com\/en\/shop\/unkategorisiert\/3366-iron-ranger\/","og_site_name":"Red Wing Store Frankfurt","article_modified_time":"2026-03-05T17:33:23+00:00","og_image":[{"width":2560,"height":2560,"url":"https:\/\/www.redwingfrankfurt.com\/wp-content\/uploads\/2024\/07\/RW03366C_MUL_N3_0716-scaled-e1721822878720.jpg","type":"image\/jpeg"}],"twitter_card":"summary_large_image","schema":{"@context":"https:\/\/schema.org","@graph":[{"@type":"WebPage","@id":"https:\/\/www.redwingfrankfurt.com\/en\/shop\/unkategorisiert\/3366-iron-ranger\/","url":"https:\/\/www.redwingfrankfurt.com\/en\/shop\/unkategorisiert\/3366-iron-ranger\/","name":"3366 Iron Ranger - Red Wing Store Frankfurt","isPartOf":{"@id":"https:\/\/www.redwingfrankfurt.com\/en\/#website"},"primaryImageOfPage":{"@id":"https:\/\/www.redwingfrankfurt.com\/en\/shop\/unkategorisiert\/3366-iron-ranger\/#primaryimage"},"image":{"@id":"https:\/\/www.redwingfrankfurt.com\/en\/shop\/unkategorisiert\/3366-iron-ranger\/#primaryimage"},"thumbnailUrl":"https:\/\/www.redwingfrankfurt.com\/wp-content\/uploads\/2024\/07\/RW03366C_MUL_N3_0716-scaled-e1721822878720.jpg","datePublished":"2016-08-29T12:00:01+00:00","dateModified":"2026-03-05T17:33:23+00:00","breadcrumb":{"@id":"https:\/\/www.redwingfrankfurt.com\/en\/shop\/unkategorisiert\/3366-iron-ranger\/#breadcrumb"},"inLanguage":"en-US","potentialAction":[{"@type":"ReadAction","target":["https:\/\/www.redwingfrankfurt.com\/en\/shop\/unkategorisiert\/3366-iron-ranger\/"]}]},{"@type":"ImageObject","inLanguage":"en-US","@id":"https:\/\/www.redwingfrankfurt.com\/en\/shop\/unkategorisiert\/3366-iron-ranger\/#primaryimage","url":"https:\/\/www.redwingfrankfurt.com\/wp-content\/uploads\/2024\/07\/RW03366C_MUL_N3_0716-scaled-e1721822878720.jpg","contentUrl":"https:\/\/www.redwingfrankfurt.com\/wp-content\/uploads\/2024\/07\/RW03366C_MUL_N3_0716-scaled-e1721822878720.jpg","width":2560,"height":2560},{"@type":"BreadcrumbList","@id":"https:\/\/www.redwingfrankfurt.com\/en\/shop\/unkategorisiert\/3366-iron-ranger\/#breadcrumb","itemListElement":[{"@type":"ListItem","position":1,"name":"Startseite","item":"https:\/\/www.redwingfrankfurt.com\/en\/"},{"@type":"ListItem","position":2,"name":"Shop","item":"https:\/\/www.redwingfrankfurt.com\/shop\/"},{"@type":"ListItem","position":3,"name":"3366 Iron Ranger"}]},{"@type":"WebSite","@id":"https:\/\/www.redwingfrankfurt.com\/en\/#website","url":"https:\/\/www.redwingfrankfurt.com\/en\/","name":"Red Wing Store Frankfurt","description":"First Red Wing Store in Europe \u2013 since 1977","potentialAction":[{"@type":"SearchAction","target":{"@type":"EntryPoint","urlTemplate":"https:\/\/www.redwingfrankfurt.com\/en\/?s={search_term_string}"},"query-input":{"@type":"PropertyValueSpecification","valueRequired":true,"valueName":"search_term_string"}}],"inLanguage":"en-US"}]}},"_links":{"self":[{"href":"https:\/\/www.redwingfrankfurt.com\/en\/wp-json\/wp\/v2\/product\/4558","targetHints":{"allow":["GET"]}}],"collection":[{"href":"https:\/\/www.redwingfrankfurt.com\/en\/wp-json\/wp\/v2\/product"}],"about":[{"href":"https:\/\/www.redwingfrankfurt.com\/en\/wp-json\/wp\/v2\/types\/product"}],"wp:featuredmedia":[{"embeddable":true,"href":"https:\/\/www.redwingfrankfurt.com\/en\/wp-json\/wp\/v2\/media\/19138"}],"wp:attachment":[{"href":"https:\/\/www.redwingfrankfurt.com\/en\/wp-json\/wp\/v2\/media?parent=4558"}],"wp:term":[{"taxonomy":"product_brand","embeddable":true,"href":"https:\/\/www.redwingfrankfurt.com\/en\/wp-json\/wp\/v2\/product_brand?post=4558"},{"taxonomy":"product_cat","embeddable":true,"href":"https:\/\/www.redwingfrankfurt.com\/en\/wp-json\/wp\/v2\/product_cat?post=4558"},{"taxonomy":"product_tag","embeddable":true,"href":"https:\/\/www.redwingfrankfurt.com\/en\/wp-json\/wp\/v2\/product_tag?post=4558"}],"curies":[{"name":"wp","href":"https:\/\/api.w.org\/{rel}","templated":true}]}}