{"id":4533,"date":"2016-08-29T13:00:35","date_gmt":"2016-08-29T11:00:35","guid":{"rendered":"https:\/\/www.redwingfrankfurt.com\/shop\/womens-shoes\/6-inch-moc\/3375-moc-toe\/"},"modified":"2026-04-04T13:32:28","modified_gmt":"2026-04-04T11:32:28","slug":"3375-moc-toe","status":"publish","type":"product","link":"https:\/\/www.redwingfrankfurt.com\/en\/shop\/womens-shoes\/moc-toe-womens-shoes\/3375-moc-toe\/","title":{"rendered":"3375 Moc Toe"},"content":{"rendered":"<p>Klassischer Red Wing Moc Toe in der Farbe <strong>Oro-Legacy<\/strong>. Unsere Moc Toes sind der perfekte Begleiter f\u00fcr den Alltag. Unverw\u00fcstliches vollnarbiges Rindsleder, Rahmengen\u00e4ht, trittd\u00e4mpfendes Poron Fussbett mit Leder als Obermaterial und eine weiche Krepp Sohle. Diese Kombination sorgt nicht nur f\u00fcr einen sicheren Stand sondern auch f\u00fcr langanhaltenden Komfort f\u00fcr alle die lange auf den F\u00fc\u00dfen sind.<br \/>\nWir benutzen ausschlie\u00dflich Kuhleder, da dies im Gegensatz zu Ochsenleder wesentlich weicher und leichter einzulaufen ist. Einfach einsteigen und wohlf\u00fchlen!<\/p>\n<p>&nbsp;<\/p>\n<p>&nbsp;<\/p>\n","protected":false},"excerpt":{"rendered":"<ul>\n<li>Leder: Oro-Legacy<\/li>\n<li>Innen: Poron Sohle mit Leder als Obermaterial<\/li>\n<li>Sohle: Cushion Crepe Wedge<\/li>\n<li>Konstruktion: Rahmengen\u00e4ht<br \/>\n<span style=\"color: #ffffff;\">&#8212;&#8212;&#8212;&#8212;&#8212;&#8212;&#8212;&#8212;&#8212;&#8212;&#8212;&#8211;<\/span><br \/>\nMade in the USA!<\/li>\n<\/ul>\n","protected":false},"featured_media":19180,"template":"","meta":[],"product_brand":[],"product_cat":[210,207],"product_tag":[282,846,427,518],"class_list":{"0":"post-4533","1":"product","2":"type-product","3":"status-publish","4":"has-post-thumbnail","6":"product_cat-moc-toe-womens-shoes","7":"product_cat-womens-shoes","8":"product_tag-282","9":"product_tag-data","10":"product_tag-moc-toe","11":"product_tag-oro-legacy","12":"pa_farbe-cognac","13":"pa_groesse-10-us-415-eu","14":"pa_groesse-11-us-425-eu","15":"pa_groesse-5-us-34-5-eu","16":"pa_groesse-55-us-35-eu","17":"pa_groesse-6-us-36-eu","18":"pa_groesse-65-us-37-eu","19":"pa_groesse-7-us-375-eu","20":"pa_groesse-75-us-38-eu","21":"pa_groesse-8-us-385-eu","22":"pa_groesse-85-us-39-eu","23":"pa_groesse-9-us-40-eu","24":"pa_groesse-95-us-41-eu","26":"first","27":"instock","28":"taxable","29":"shipping-taxable","30":"purchasable","31":"product-type-variable","32":"add-to-wishlist-before_image"},"yoast_head":"<!-- This site is optimized with the Yoast SEO plugin v27.4 - https:\/\/yoast.com\/product\/yoast-seo-wordpress\/ -->\n<title>3375 Moc Toe - Red Wing Store Frankfurt<\/title>\n<meta name=\"robots\" content=\"index, follow, max-snippet:-1, max-image-preview:large, max-video-preview:-1\" \/>\n<link rel=\"canonical\" href=\"https:\/\/www.redwingfrankfurt.com\/en\/shop\/womens-shoes\/moc-toe-womens-shoes\/3375-moc-toe\/\" \/>\n<meta property=\"og:locale\" content=\"en_US\" \/>\n<meta property=\"og:type\" content=\"article\" \/>\n<meta property=\"og:title\" content=\"3375 Moc Toe - Red Wing Store Frankfurt\" \/>\n<meta property=\"og:description\" content=\"Leder: Oro-Legacy  Innen: Poron Sohle mit Leder als Obermaterial  Sohle: Cushion Crepe Wedge  Konstruktion: Rahmengen\u00e4ht ----------------------------------- Made in the USA!\" \/>\n<meta property=\"og:url\" content=\"https:\/\/www.redwingfrankfurt.com\/en\/shop\/womens-shoes\/moc-toe-womens-shoes\/3375-moc-toe\/\" \/>\n<meta property=\"og:site_name\" content=\"Red Wing Store Frankfurt\" \/>\n<meta property=\"article:modified_time\" content=\"2026-04-04T11:32:28+00:00\" \/>\n<meta property=\"og:image\" content=\"https:\/\/www.redwingfrankfurt.com\/wp-content\/uploads\/2024\/07\/RW03375C_MUL_N3_0716-scaled-e1721823542868.jpg\" \/>\n\t<meta property=\"og:image:width\" content=\"2560\" \/>\n\t<meta property=\"og:image:height\" content=\"2560\" \/>\n\t<meta property=\"og:image:type\" content=\"image\/jpeg\" \/>\n<meta name=\"twitter:card\" content=\"summary_large_image\" \/>\n<script type=\"application\/ld+json\" class=\"yoast-schema-graph\">{\"@context\":\"https:\\\/\\\/schema.org\",\"@graph\":[{\"@type\":\"WebPage\",\"@id\":\"https:\\\/\\\/www.redwingfrankfurt.com\\\/en\\\/shop\\\/womens-shoes\\\/moc-toe-womens-shoes\\\/3375-moc-toe\\\/\",\"url\":\"https:\\\/\\\/www.redwingfrankfurt.com\\\/en\\\/shop\\\/womens-shoes\\\/moc-toe-womens-shoes\\\/3375-moc-toe\\\/\",\"name\":\"3375 Moc Toe - Red Wing Store Frankfurt\",\"isPartOf\":{\"@id\":\"https:\\\/\\\/www.redwingfrankfurt.com\\\/en\\\/#website\"},\"primaryImageOfPage\":{\"@id\":\"https:\\\/\\\/www.redwingfrankfurt.com\\\/en\\\/shop\\\/womens-shoes\\\/moc-toe-womens-shoes\\\/3375-moc-toe\\\/#primaryimage\"},\"image\":{\"@id\":\"https:\\\/\\\/www.redwingfrankfurt.com\\\/en\\\/shop\\\/womens-shoes\\\/moc-toe-womens-shoes\\\/3375-moc-toe\\\/#primaryimage\"},\"thumbnailUrl\":\"https:\\\/\\\/www.redwingfrankfurt.com\\\/wp-content\\\/uploads\\\/2024\\\/07\\\/RW03375C_MUL_N3_0716-scaled-e1721823542868.jpg\",\"datePublished\":\"2016-08-29T11:00:35+00:00\",\"dateModified\":\"2026-04-04T11:32:28+00:00\",\"breadcrumb\":{\"@id\":\"https:\\\/\\\/www.redwingfrankfurt.com\\\/en\\\/shop\\\/womens-shoes\\\/moc-toe-womens-shoes\\\/3375-moc-toe\\\/#breadcrumb\"},\"inLanguage\":\"en-US\",\"potentialAction\":[{\"@type\":\"ReadAction\",\"target\":[\"https:\\\/\\\/www.redwingfrankfurt.com\\\/en\\\/shop\\\/womens-shoes\\\/moc-toe-womens-shoes\\\/3375-moc-toe\\\/\"]}]},{\"@type\":\"ImageObject\",\"inLanguage\":\"en-US\",\"@id\":\"https:\\\/\\\/www.redwingfrankfurt.com\\\/en\\\/shop\\\/womens-shoes\\\/moc-toe-womens-shoes\\\/3375-moc-toe\\\/#primaryimage\",\"url\":\"https:\\\/\\\/www.redwingfrankfurt.com\\\/wp-content\\\/uploads\\\/2024\\\/07\\\/RW03375C_MUL_N3_0716-scaled-e1721823542868.jpg\",\"contentUrl\":\"https:\\\/\\\/www.redwingfrankfurt.com\\\/wp-content\\\/uploads\\\/2024\\\/07\\\/RW03375C_MUL_N3_0716-scaled-e1721823542868.jpg\",\"width\":2560,\"height\":2560},{\"@type\":\"BreadcrumbList\",\"@id\":\"https:\\\/\\\/www.redwingfrankfurt.com\\\/en\\\/shop\\\/womens-shoes\\\/moc-toe-womens-shoes\\\/3375-moc-toe\\\/#breadcrumb\",\"itemListElement\":[{\"@type\":\"ListItem\",\"position\":1,\"name\":\"Startseite\",\"item\":\"https:\\\/\\\/www.redwingfrankfurt.com\\\/en\\\/\"},{\"@type\":\"ListItem\",\"position\":2,\"name\":\"Shop\",\"item\":\"https:\\\/\\\/www.redwingfrankfurt.com\\\/shop\\\/\"},{\"@type\":\"ListItem\",\"position\":3,\"name\":\"3375 Moc Toe\"}]},{\"@type\":\"WebSite\",\"@id\":\"https:\\\/\\\/www.redwingfrankfurt.com\\\/en\\\/#website\",\"url\":\"https:\\\/\\\/www.redwingfrankfurt.com\\\/en\\\/\",\"name\":\"Red Wing Store Frankfurt\",\"description\":\"First Red Wing Store in Europe \u2013 since 1977\",\"potentialAction\":[{\"@type\":\"SearchAction\",\"target\":{\"@type\":\"EntryPoint\",\"urlTemplate\":\"https:\\\/\\\/www.redwingfrankfurt.com\\\/en\\\/?s={search_term_string}\"},\"query-input\":{\"@type\":\"PropertyValueSpecification\",\"valueRequired\":true,\"valueName\":\"search_term_string\"}}],\"inLanguage\":\"en-US\"}]}<\/script>\n<!-- \/ Yoast SEO plugin. -->","yoast_head_json":{"title":"3375 Moc Toe - Red Wing Store Frankfurt","robots":{"index":"index","follow":"follow","max-snippet":"max-snippet:-1","max-image-preview":"max-image-preview:large","max-video-preview":"max-video-preview:-1"},"canonical":"https:\/\/www.redwingfrankfurt.com\/en\/shop\/womens-shoes\/moc-toe-womens-shoes\/3375-moc-toe\/","og_locale":"en_US","og_type":"article","og_title":"3375 Moc Toe - Red Wing Store Frankfurt","og_description":"Leder: Oro-Legacy  Innen: Poron Sohle mit Leder als Obermaterial  Sohle: Cushion Crepe Wedge  Konstruktion: Rahmengen\u00e4ht ----------------------------------- Made in the USA!","og_url":"https:\/\/www.redwingfrankfurt.com\/en\/shop\/womens-shoes\/moc-toe-womens-shoes\/3375-moc-toe\/","og_site_name":"Red Wing Store Frankfurt","article_modified_time":"2026-04-04T11:32:28+00:00","og_image":[{"width":2560,"height":2560,"url":"https:\/\/www.redwingfrankfurt.com\/wp-content\/uploads\/2024\/07\/RW03375C_MUL_N3_0716-scaled-e1721823542868.jpg","type":"image\/jpeg"}],"twitter_card":"summary_large_image","schema":{"@context":"https:\/\/schema.org","@graph":[{"@type":"WebPage","@id":"https:\/\/www.redwingfrankfurt.com\/en\/shop\/womens-shoes\/moc-toe-womens-shoes\/3375-moc-toe\/","url":"https:\/\/www.redwingfrankfurt.com\/en\/shop\/womens-shoes\/moc-toe-womens-shoes\/3375-moc-toe\/","name":"3375 Moc Toe - Red Wing Store Frankfurt","isPartOf":{"@id":"https:\/\/www.redwingfrankfurt.com\/en\/#website"},"primaryImageOfPage":{"@id":"https:\/\/www.redwingfrankfurt.com\/en\/shop\/womens-shoes\/moc-toe-womens-shoes\/3375-moc-toe\/#primaryimage"},"image":{"@id":"https:\/\/www.redwingfrankfurt.com\/en\/shop\/womens-shoes\/moc-toe-womens-shoes\/3375-moc-toe\/#primaryimage"},"thumbnailUrl":"https:\/\/www.redwingfrankfurt.com\/wp-content\/uploads\/2024\/07\/RW03375C_MUL_N3_0716-scaled-e1721823542868.jpg","datePublished":"2016-08-29T11:00:35+00:00","dateModified":"2026-04-04T11:32:28+00:00","breadcrumb":{"@id":"https:\/\/www.redwingfrankfurt.com\/en\/shop\/womens-shoes\/moc-toe-womens-shoes\/3375-moc-toe\/#breadcrumb"},"inLanguage":"en-US","potentialAction":[{"@type":"ReadAction","target":["https:\/\/www.redwingfrankfurt.com\/en\/shop\/womens-shoes\/moc-toe-womens-shoes\/3375-moc-toe\/"]}]},{"@type":"ImageObject","inLanguage":"en-US","@id":"https:\/\/www.redwingfrankfurt.com\/en\/shop\/womens-shoes\/moc-toe-womens-shoes\/3375-moc-toe\/#primaryimage","url":"https:\/\/www.redwingfrankfurt.com\/wp-content\/uploads\/2024\/07\/RW03375C_MUL_N3_0716-scaled-e1721823542868.jpg","contentUrl":"https:\/\/www.redwingfrankfurt.com\/wp-content\/uploads\/2024\/07\/RW03375C_MUL_N3_0716-scaled-e1721823542868.jpg","width":2560,"height":2560},{"@type":"BreadcrumbList","@id":"https:\/\/www.redwingfrankfurt.com\/en\/shop\/womens-shoes\/moc-toe-womens-shoes\/3375-moc-toe\/#breadcrumb","itemListElement":[{"@type":"ListItem","position":1,"name":"Startseite","item":"https:\/\/www.redwingfrankfurt.com\/en\/"},{"@type":"ListItem","position":2,"name":"Shop","item":"https:\/\/www.redwingfrankfurt.com\/shop\/"},{"@type":"ListItem","position":3,"name":"3375 Moc Toe"}]},{"@type":"WebSite","@id":"https:\/\/www.redwingfrankfurt.com\/en\/#website","url":"https:\/\/www.redwingfrankfurt.com\/en\/","name":"Red Wing Store Frankfurt","description":"First Red Wing Store in Europe \u2013 since 1977","potentialAction":[{"@type":"SearchAction","target":{"@type":"EntryPoint","urlTemplate":"https:\/\/www.redwingfrankfurt.com\/en\/?s={search_term_string}"},"query-input":{"@type":"PropertyValueSpecification","valueRequired":true,"valueName":"search_term_string"}}],"inLanguage":"en-US"}]}},"_links":{"self":[{"href":"https:\/\/www.redwingfrankfurt.com\/en\/wp-json\/wp\/v2\/product\/4533","targetHints":{"allow":["GET"]}}],"collection":[{"href":"https:\/\/www.redwingfrankfurt.com\/en\/wp-json\/wp\/v2\/product"}],"about":[{"href":"https:\/\/www.redwingfrankfurt.com\/en\/wp-json\/wp\/v2\/types\/product"}],"wp:featuredmedia":[{"embeddable":true,"href":"https:\/\/www.redwingfrankfurt.com\/en\/wp-json\/wp\/v2\/media\/19180"}],"wp:attachment":[{"href":"https:\/\/www.redwingfrankfurt.com\/en\/wp-json\/wp\/v2\/media?parent=4533"}],"wp:term":[{"taxonomy":"product_brand","embeddable":true,"href":"https:\/\/www.redwingfrankfurt.com\/en\/wp-json\/wp\/v2\/product_brand?post=4533"},{"taxonomy":"product_cat","embeddable":true,"href":"https:\/\/www.redwingfrankfurt.com\/en\/wp-json\/wp\/v2\/product_cat?post=4533"},{"taxonomy":"product_tag","embeddable":true,"href":"https:\/\/www.redwingfrankfurt.com\/en\/wp-json\/wp\/v2\/product_tag?post=4533"}],"curies":[{"name":"wp","href":"https:\/\/api.w.org\/{rel}","templated":true}]}}