{"id":3920,"date":"2015-12-16T15:27:53","date_gmt":"2015-12-16T13:27:53","guid":{"rendered":"https:\/\/www.redwingfrankfurt.com\/shop\/accessories\/care-products\/leather-conditioner\/"},"modified":"2026-04-11T14:01:31","modified_gmt":"2026-04-11T12:01:31","slug":"leather-conditioner","status":"publish","type":"product","link":"https:\/\/www.redwingfrankfurt.com\/en\/shop\/care-products\/leather-conditioner\/","title":{"rendered":"Leather Conditioner"},"content":{"rendered":"<p>Sanfte Pflege f\u00fcr empfindliches Leder: Der All Natural Leather Conditioner n\u00e4hrt das Material ohne starke Farbver\u00e4nderung. Ideal f\u00fcr alle, die die nat\u00fcrliche Optik ihrer Boots erhalten m\u00f6chten. Sch\u00fctzt vor Austrocknung und sorgt f\u00fcr ein geschmeidiges, atmungsaktives Finish \u2013 perfekt f\u00fcr alle oil tanned Leder.<\/p>\n","protected":false},"excerpt":{"rendered":"<p>Sanfte Pflege f\u00fcr empfindliches Leder: Der All Natural Leather Conditioner n\u00e4hrt das Material ohne starke Farbver\u00e4nderung. Ideal f\u00fcr alle, die die nat\u00fcrliche Optik ihrer Boots erhalten m\u00f6chten. Sch\u00fctzt vor Austrocknung und sorgt f\u00fcr ein geschmeidiges, atmungsaktives Finish \u2013 perfekt f\u00fcr alle oil tanned Leder.<\/p>\n","protected":false},"featured_media":21667,"template":"","meta":[],"product_brand":[],"product_cat":[108],"product_tag":[661,859,638],"class_list":{"0":"post-3920","1":"product","2":"type-product","3":"status-publish","4":"has-post-thumbnail","6":"product_cat-care-products","7":"product_tag-661","8":"product_tag-care","9":"product_tag-leather-cream","11":"first","12":"instock","13":"taxable","14":"shipping-taxable","15":"purchasable","16":"product-type-simple","17":"add-to-wishlist-before_image"},"yoast_head":"<!-- This site is optimized with the Yoast SEO plugin v27.3 - https:\/\/yoast.com\/product\/yoast-seo-wordpress\/ -->\n<title>Leather Conditioner - Red Wing Store Frankfurt<\/title>\n<meta name=\"description\" content=\"Red Wing Leather Conditioner. N\u00e4hrt Leder ohne Farbver\u00e4nderung. Sch\u00fctzt vor Austrocknung und erh\u00e4lt den nat\u00fcrlichen Look deiner Boots.\" \/>\n<meta name=\"robots\" content=\"index, follow, max-snippet:-1, max-image-preview:large, max-video-preview:-1\" \/>\n<link rel=\"canonical\" href=\"https:\/\/www.redwingfrankfurt.com\/en\/shop\/care-products\/leather-conditioner\/\" \/>\n<meta property=\"og:locale\" content=\"en_US\" \/>\n<meta property=\"og:type\" content=\"article\" \/>\n<meta property=\"og:title\" content=\"Leather Conditioner - Red Wing Store Frankfurt\" \/>\n<meta property=\"og:description\" content=\"Red Wing Leather Conditioner. N\u00e4hrt Leder ohne Farbver\u00e4nderung. Sch\u00fctzt vor Austrocknung und erh\u00e4lt den nat\u00fcrlichen Look deiner Boots.\" \/>\n<meta property=\"og:url\" content=\"https:\/\/www.redwingfrankfurt.com\/en\/shop\/care-products\/leather-conditioner\/\" \/>\n<meta property=\"og:site_name\" content=\"Red Wing Store Frankfurt\" \/>\n<meta property=\"article:modified_time\" content=\"2026-04-11T12:01:31+00:00\" \/>\n<meta property=\"og:image\" content=\"https:\/\/www.redwingfrankfurt.com\/wp-content\/uploads\/2025\/11\/97104_PC1-471x471.png\" \/>\n\t<meta property=\"og:image:width\" content=\"471\" \/>\n\t<meta property=\"og:image:height\" content=\"471\" \/>\n\t<meta property=\"og:image:type\" content=\"image\/png\" \/>\n<meta name=\"twitter:card\" content=\"summary_large_image\" \/>\n<script type=\"application\/ld+json\" class=\"yoast-schema-graph\">{\"@context\":\"https:\\\/\\\/schema.org\",\"@graph\":[{\"@type\":\"WebPage\",\"@id\":\"https:\\\/\\\/www.redwingfrankfurt.com\\\/en\\\/shop\\\/care-products\\\/leather-conditioner\\\/\",\"url\":\"https:\\\/\\\/www.redwingfrankfurt.com\\\/en\\\/shop\\\/care-products\\\/leather-conditioner\\\/\",\"name\":\"Leather Conditioner - Red Wing Store Frankfurt\",\"isPartOf\":{\"@id\":\"https:\\\/\\\/www.redwingfrankfurt.com\\\/en\\\/#website\"},\"primaryImageOfPage\":{\"@id\":\"https:\\\/\\\/www.redwingfrankfurt.com\\\/en\\\/shop\\\/care-products\\\/leather-conditioner\\\/#primaryimage\"},\"image\":{\"@id\":\"https:\\\/\\\/www.redwingfrankfurt.com\\\/en\\\/shop\\\/care-products\\\/leather-conditioner\\\/#primaryimage\"},\"thumbnailUrl\":\"https:\\\/\\\/www.redwingfrankfurt.com\\\/wp-content\\\/uploads\\\/2025\\\/11\\\/97104_PC1-scaled.png\",\"datePublished\":\"2015-12-16T13:27:53+00:00\",\"dateModified\":\"2026-04-11T12:01:31+00:00\",\"description\":\"Red Wing Leather Conditioner. N\u00e4hrt Leder ohne Farbver\u00e4nderung. Sch\u00fctzt vor Austrocknung und erh\u00e4lt den nat\u00fcrlichen Look deiner Boots.\",\"breadcrumb\":{\"@id\":\"https:\\\/\\\/www.redwingfrankfurt.com\\\/en\\\/shop\\\/care-products\\\/leather-conditioner\\\/#breadcrumb\"},\"inLanguage\":\"en-US\",\"potentialAction\":[{\"@type\":\"ReadAction\",\"target\":[\"https:\\\/\\\/www.redwingfrankfurt.com\\\/en\\\/shop\\\/care-products\\\/leather-conditioner\\\/\"]}]},{\"@type\":\"ImageObject\",\"inLanguage\":\"en-US\",\"@id\":\"https:\\\/\\\/www.redwingfrankfurt.com\\\/en\\\/shop\\\/care-products\\\/leather-conditioner\\\/#primaryimage\",\"url\":\"https:\\\/\\\/www.redwingfrankfurt.com\\\/wp-content\\\/uploads\\\/2025\\\/11\\\/97104_PC1-scaled.png\",\"contentUrl\":\"https:\\\/\\\/www.redwingfrankfurt.com\\\/wp-content\\\/uploads\\\/2025\\\/11\\\/97104_PC1-scaled.png\",\"width\":2560,\"height\":2560},{\"@type\":\"BreadcrumbList\",\"@id\":\"https:\\\/\\\/www.redwingfrankfurt.com\\\/en\\\/shop\\\/care-products\\\/leather-conditioner\\\/#breadcrumb\",\"itemListElement\":[{\"@type\":\"ListItem\",\"position\":1,\"name\":\"Startseite\",\"item\":\"https:\\\/\\\/www.redwingfrankfurt.com\\\/en\\\/\"},{\"@type\":\"ListItem\",\"position\":2,\"name\":\"Shop\",\"item\":\"https:\\\/\\\/www.redwingfrankfurt.com\\\/shop\\\/\"},{\"@type\":\"ListItem\",\"position\":3,\"name\":\"Leather Conditioner\"}]},{\"@type\":\"WebSite\",\"@id\":\"https:\\\/\\\/www.redwingfrankfurt.com\\\/en\\\/#website\",\"url\":\"https:\\\/\\\/www.redwingfrankfurt.com\\\/en\\\/\",\"name\":\"Red Wing Store Frankfurt\",\"description\":\"First Red Wing Store in Europe \u2013 since 1977\",\"potentialAction\":[{\"@type\":\"SearchAction\",\"target\":{\"@type\":\"EntryPoint\",\"urlTemplate\":\"https:\\\/\\\/www.redwingfrankfurt.com\\\/en\\\/?s={search_term_string}\"},\"query-input\":{\"@type\":\"PropertyValueSpecification\",\"valueRequired\":true,\"valueName\":\"search_term_string\"}}],\"inLanguage\":\"en-US\"}]}<\/script>\n<!-- \/ Yoast SEO plugin. -->","yoast_head_json":{"title":"Leather Conditioner - Red Wing Store Frankfurt","description":"Red Wing Leather Conditioner. N\u00e4hrt Leder ohne Farbver\u00e4nderung. Sch\u00fctzt vor Austrocknung und erh\u00e4lt den nat\u00fcrlichen Look deiner Boots.","robots":{"index":"index","follow":"follow","max-snippet":"max-snippet:-1","max-image-preview":"max-image-preview:large","max-video-preview":"max-video-preview:-1"},"canonical":"https:\/\/www.redwingfrankfurt.com\/en\/shop\/care-products\/leather-conditioner\/","og_locale":"en_US","og_type":"article","og_title":"Leather Conditioner - Red Wing Store Frankfurt","og_description":"Red Wing Leather Conditioner. N\u00e4hrt Leder ohne Farbver\u00e4nderung. Sch\u00fctzt vor Austrocknung und erh\u00e4lt den nat\u00fcrlichen Look deiner Boots.","og_url":"https:\/\/www.redwingfrankfurt.com\/en\/shop\/care-products\/leather-conditioner\/","og_site_name":"Red Wing Store Frankfurt","article_modified_time":"2026-04-11T12:01:31+00:00","og_image":[{"width":471,"height":471,"url":"https:\/\/www.redwingfrankfurt.com\/wp-content\/uploads\/2025\/11\/97104_PC1-471x471.png","type":"image\/png"}],"twitter_card":"summary_large_image","schema":{"@context":"https:\/\/schema.org","@graph":[{"@type":"WebPage","@id":"https:\/\/www.redwingfrankfurt.com\/en\/shop\/care-products\/leather-conditioner\/","url":"https:\/\/www.redwingfrankfurt.com\/en\/shop\/care-products\/leather-conditioner\/","name":"Leather Conditioner - Red Wing Store Frankfurt","isPartOf":{"@id":"https:\/\/www.redwingfrankfurt.com\/en\/#website"},"primaryImageOfPage":{"@id":"https:\/\/www.redwingfrankfurt.com\/en\/shop\/care-products\/leather-conditioner\/#primaryimage"},"image":{"@id":"https:\/\/www.redwingfrankfurt.com\/en\/shop\/care-products\/leather-conditioner\/#primaryimage"},"thumbnailUrl":"https:\/\/www.redwingfrankfurt.com\/wp-content\/uploads\/2025\/11\/97104_PC1-scaled.png","datePublished":"2015-12-16T13:27:53+00:00","dateModified":"2026-04-11T12:01:31+00:00","description":"Red Wing Leather Conditioner. N\u00e4hrt Leder ohne Farbver\u00e4nderung. Sch\u00fctzt vor Austrocknung und erh\u00e4lt den nat\u00fcrlichen Look deiner Boots.","breadcrumb":{"@id":"https:\/\/www.redwingfrankfurt.com\/en\/shop\/care-products\/leather-conditioner\/#breadcrumb"},"inLanguage":"en-US","potentialAction":[{"@type":"ReadAction","target":["https:\/\/www.redwingfrankfurt.com\/en\/shop\/care-products\/leather-conditioner\/"]}]},{"@type":"ImageObject","inLanguage":"en-US","@id":"https:\/\/www.redwingfrankfurt.com\/en\/shop\/care-products\/leather-conditioner\/#primaryimage","url":"https:\/\/www.redwingfrankfurt.com\/wp-content\/uploads\/2025\/11\/97104_PC1-scaled.png","contentUrl":"https:\/\/www.redwingfrankfurt.com\/wp-content\/uploads\/2025\/11\/97104_PC1-scaled.png","width":2560,"height":2560},{"@type":"BreadcrumbList","@id":"https:\/\/www.redwingfrankfurt.com\/en\/shop\/care-products\/leather-conditioner\/#breadcrumb","itemListElement":[{"@type":"ListItem","position":1,"name":"Startseite","item":"https:\/\/www.redwingfrankfurt.com\/en\/"},{"@type":"ListItem","position":2,"name":"Shop","item":"https:\/\/www.redwingfrankfurt.com\/shop\/"},{"@type":"ListItem","position":3,"name":"Leather Conditioner"}]},{"@type":"WebSite","@id":"https:\/\/www.redwingfrankfurt.com\/en\/#website","url":"https:\/\/www.redwingfrankfurt.com\/en\/","name":"Red Wing Store Frankfurt","description":"First Red Wing Store in Europe \u2013 since 1977","potentialAction":[{"@type":"SearchAction","target":{"@type":"EntryPoint","urlTemplate":"https:\/\/www.redwingfrankfurt.com\/en\/?s={search_term_string}"},"query-input":{"@type":"PropertyValueSpecification","valueRequired":true,"valueName":"search_term_string"}}],"inLanguage":"en-US"}]}},"_links":{"self":[{"href":"https:\/\/www.redwingfrankfurt.com\/en\/wp-json\/wp\/v2\/product\/3920","targetHints":{"allow":["GET"]}}],"collection":[{"href":"https:\/\/www.redwingfrankfurt.com\/en\/wp-json\/wp\/v2\/product"}],"about":[{"href":"https:\/\/www.redwingfrankfurt.com\/en\/wp-json\/wp\/v2\/types\/product"}],"wp:featuredmedia":[{"embeddable":true,"href":"https:\/\/www.redwingfrankfurt.com\/en\/wp-json\/wp\/v2\/media\/21667"}],"wp:attachment":[{"href":"https:\/\/www.redwingfrankfurt.com\/en\/wp-json\/wp\/v2\/media?parent=3920"}],"wp:term":[{"taxonomy":"product_brand","embeddable":true,"href":"https:\/\/www.redwingfrankfurt.com\/en\/wp-json\/wp\/v2\/product_brand?post=3920"},{"taxonomy":"product_cat","embeddable":true,"href":"https:\/\/www.redwingfrankfurt.com\/en\/wp-json\/wp\/v2\/product_cat?post=3920"},{"taxonomy":"product_tag","embeddable":true,"href":"https:\/\/www.redwingfrankfurt.com\/en\/wp-json\/wp\/v2\/product_tag?post=3920"}],"curies":[{"name":"wp","href":"https:\/\/api.w.org\/{rel}","templated":true}]}}