{"id":3843,"date":"2015-11-19T18:25:58","date_gmt":"2015-11-19T16:25:58","guid":{"rendered":"https:\/\/www.redwingfrankfurt.com\/?post_type=product&#038;p=3843"},"modified":"2026-04-19T23:12:14","modified_gmt":"2026-04-19T21:12:14","slug":"shaped-comfort-insole","status":"publish","type":"product","link":"https:\/\/www.redwingfrankfurt.com\/en\/shop\/accessories\/footbeds\/shaped-comfort-insole\/","title":{"rendered":"Shaped Comfort Insole"},"content":{"rendered":"","protected":false},"excerpt":{"rendered":"<p>Weiches trittd\u00e4mpfendes Fu\u00dfbett f\u00fcr Kunden denen die Lederbrandsohle innen zu hart ist.<br \/>\nDie Oberseite ist mit Samt \u00fcberzogen f\u00fcr gute Feuchtigkeitsaufnahme.<br \/>\nDie Unterseite besteht aus trittd\u00e4mpfendem Poron Kunstoff.<\/p>\n<p>Kann bei Bedarf von Hand gewaschen werden.<br \/>\nBitte nur lufttrocknen lassen.<\/p>\n","protected":false},"featured_media":3844,"template":"","meta":[],"product_brand":[],"product_cat":[111],"product_tag":[693,688,444,445,687,692],"class_list":{"0":"post-3843","1":"product","2":"type-product","3":"status-publish","4":"has-post-thumbnail","6":"product_cat-footbeds","7":"product_tag-693","8":"product_tag-einlegesohle","9":"product_tag-footbed","10":"product_tag-fussbett","11":"product_tag-insole","12":"product_tag-shaped-comfort-insole","13":"pa_groesse-large-us-9-eu42-us-10-5-eu44","14":"pa_groesse-medium-us-7-eu39-us-8-5-eu41-5","15":"pa_groesse-small-us-5-eu37-us-6-5-eu-38-5","16":"pa_groesse-x-large-us-11-eu44-5-us-13-eu47","18":"first","19":"instock","20":"taxable","21":"shipping-taxable","22":"purchasable","23":"product-type-variable","24":"add-to-wishlist-before_image"},"yoast_head":"<!-- This site is optimized with the Yoast SEO plugin v27.4 - https:\/\/yoast.com\/product\/yoast-seo-wordpress\/ -->\n<title>Shaped Comfort Insole - Red Wing Store Frankfurt<\/title>\n<meta name=\"robots\" content=\"index, follow, max-snippet:-1, max-image-preview:large, max-video-preview:-1\" \/>\n<link rel=\"canonical\" href=\"https:\/\/www.redwingfrankfurt.com\/en\/shop\/accessories\/footbeds\/shaped-comfort-insole\/\" \/>\n<meta property=\"og:locale\" content=\"en_US\" \/>\n<meta property=\"og:type\" content=\"article\" \/>\n<meta property=\"og:title\" content=\"Shaped Comfort Insole - Red Wing Store Frankfurt\" \/>\n<meta property=\"og:description\" content=\"Weiches trittd\u00e4mpfendes Fu\u00dfbett f\u00fcr Kunden denen die Lederbrandsohle innen zu hart ist. Die Oberseite ist mit Samt \u00fcberzogen f\u00fcr gute Feuchtigkeitsaufnahme. Die Unterseite besteht aus trittd\u00e4mpfendem Poron Kunstoff.  Kann bei Bedarf von Hand gewaschen werden. Bitte nur lufttrocknen lassen.\" \/>\n<meta property=\"og:url\" content=\"https:\/\/www.redwingfrankfurt.com\/en\/shop\/accessories\/footbeds\/shaped-comfort-insole\/\" \/>\n<meta property=\"og:site_name\" content=\"Red Wing Store Frankfurt\" \/>\n<meta property=\"article:modified_time\" content=\"2026-04-19T21:12:14+00:00\" \/>\n<meta property=\"og:image\" content=\"https:\/\/www.redwingfrankfurt.com\/wp-content\/uploads\/2015\/11\/red-wing-shoe-store-frankfurt-shaped-comfort-insole-96317-berlin-hamburg-muenchen.jpg\" \/>\n\t<meta property=\"og:image:width\" content=\"2362\" \/>\n\t<meta property=\"og:image:height\" content=\"1803\" \/>\n\t<meta property=\"og:image:type\" content=\"image\/jpeg\" \/>\n<meta name=\"twitter:card\" content=\"summary_large_image\" \/>\n<script type=\"application\/ld+json\" class=\"yoast-schema-graph\">{\"@context\":\"https:\\\/\\\/schema.org\",\"@graph\":[{\"@type\":\"WebPage\",\"@id\":\"https:\\\/\\\/www.redwingfrankfurt.com\\\/en\\\/shop\\\/accessories\\\/footbeds\\\/shaped-comfort-insole\\\/\",\"url\":\"https:\\\/\\\/www.redwingfrankfurt.com\\\/en\\\/shop\\\/accessories\\\/footbeds\\\/shaped-comfort-insole\\\/\",\"name\":\"Shaped Comfort Insole - Red Wing Store Frankfurt\",\"isPartOf\":{\"@id\":\"https:\\\/\\\/www.redwingfrankfurt.com\\\/en\\\/#website\"},\"primaryImageOfPage\":{\"@id\":\"https:\\\/\\\/www.redwingfrankfurt.com\\\/en\\\/shop\\\/accessories\\\/footbeds\\\/shaped-comfort-insole\\\/#primaryimage\"},\"image\":{\"@id\":\"https:\\\/\\\/www.redwingfrankfurt.com\\\/en\\\/shop\\\/accessories\\\/footbeds\\\/shaped-comfort-insole\\\/#primaryimage\"},\"thumbnailUrl\":\"https:\\\/\\\/www.redwingfrankfurt.com\\\/wp-content\\\/uploads\\\/2015\\\/11\\\/red-wing-shoe-store-frankfurt-shaped-comfort-insole-96317-berlin-hamburg-muenchen.jpg\",\"datePublished\":\"2015-11-19T16:25:58+00:00\",\"dateModified\":\"2026-04-19T21:12:14+00:00\",\"breadcrumb\":{\"@id\":\"https:\\\/\\\/www.redwingfrankfurt.com\\\/en\\\/shop\\\/accessories\\\/footbeds\\\/shaped-comfort-insole\\\/#breadcrumb\"},\"inLanguage\":\"en-US\",\"potentialAction\":[{\"@type\":\"ReadAction\",\"target\":[\"https:\\\/\\\/www.redwingfrankfurt.com\\\/en\\\/shop\\\/accessories\\\/footbeds\\\/shaped-comfort-insole\\\/\"]}]},{\"@type\":\"ImageObject\",\"inLanguage\":\"en-US\",\"@id\":\"https:\\\/\\\/www.redwingfrankfurt.com\\\/en\\\/shop\\\/accessories\\\/footbeds\\\/shaped-comfort-insole\\\/#primaryimage\",\"url\":\"https:\\\/\\\/www.redwingfrankfurt.com\\\/wp-content\\\/uploads\\\/2015\\\/11\\\/red-wing-shoe-store-frankfurt-shaped-comfort-insole-96317-berlin-hamburg-muenchen.jpg\",\"contentUrl\":\"https:\\\/\\\/www.redwingfrankfurt.com\\\/wp-content\\\/uploads\\\/2015\\\/11\\\/red-wing-shoe-store-frankfurt-shaped-comfort-insole-96317-berlin-hamburg-muenchen.jpg\",\"width\":2362,\"height\":1803,\"caption\":\"red wing shoe store frankfurt shaped comfort insole 96317 berlin hamburg muenchen\"},{\"@type\":\"BreadcrumbList\",\"@id\":\"https:\\\/\\\/www.redwingfrankfurt.com\\\/en\\\/shop\\\/accessories\\\/footbeds\\\/shaped-comfort-insole\\\/#breadcrumb\",\"itemListElement\":[{\"@type\":\"ListItem\",\"position\":1,\"name\":\"Startseite\",\"item\":\"https:\\\/\\\/www.redwingfrankfurt.com\\\/en\\\/\"},{\"@type\":\"ListItem\",\"position\":2,\"name\":\"Shop\",\"item\":\"https:\\\/\\\/www.redwingfrankfurt.com\\\/shop\\\/\"},{\"@type\":\"ListItem\",\"position\":3,\"name\":\"Shaped Comfort Insole\"}]},{\"@type\":\"WebSite\",\"@id\":\"https:\\\/\\\/www.redwingfrankfurt.com\\\/en\\\/#website\",\"url\":\"https:\\\/\\\/www.redwingfrankfurt.com\\\/en\\\/\",\"name\":\"Red Wing Store Frankfurt\",\"description\":\"First Red Wing Store in Europe \u2013 since 1977\",\"potentialAction\":[{\"@type\":\"SearchAction\",\"target\":{\"@type\":\"EntryPoint\",\"urlTemplate\":\"https:\\\/\\\/www.redwingfrankfurt.com\\\/en\\\/?s={search_term_string}\"},\"query-input\":{\"@type\":\"PropertyValueSpecification\",\"valueRequired\":true,\"valueName\":\"search_term_string\"}}],\"inLanguage\":\"en-US\"}]}<\/script>\n<!-- \/ Yoast SEO plugin. -->","yoast_head_json":{"title":"Shaped Comfort Insole - Red Wing Store Frankfurt","robots":{"index":"index","follow":"follow","max-snippet":"max-snippet:-1","max-image-preview":"max-image-preview:large","max-video-preview":"max-video-preview:-1"},"canonical":"https:\/\/www.redwingfrankfurt.com\/en\/shop\/accessories\/footbeds\/shaped-comfort-insole\/","og_locale":"en_US","og_type":"article","og_title":"Shaped Comfort Insole - Red Wing Store Frankfurt","og_description":"Weiches trittd\u00e4mpfendes Fu\u00dfbett f\u00fcr Kunden denen die Lederbrandsohle innen zu hart ist. Die Oberseite ist mit Samt \u00fcberzogen f\u00fcr gute Feuchtigkeitsaufnahme. Die Unterseite besteht aus trittd\u00e4mpfendem Poron Kunstoff.  Kann bei Bedarf von Hand gewaschen werden. Bitte nur lufttrocknen lassen.","og_url":"https:\/\/www.redwingfrankfurt.com\/en\/shop\/accessories\/footbeds\/shaped-comfort-insole\/","og_site_name":"Red Wing Store Frankfurt","article_modified_time":"2026-04-19T21:12:14+00:00","og_image":[{"width":2362,"height":1803,"url":"https:\/\/www.redwingfrankfurt.com\/wp-content\/uploads\/2015\/11\/red-wing-shoe-store-frankfurt-shaped-comfort-insole-96317-berlin-hamburg-muenchen.jpg","type":"image\/jpeg"}],"twitter_card":"summary_large_image","schema":{"@context":"https:\/\/schema.org","@graph":[{"@type":"WebPage","@id":"https:\/\/www.redwingfrankfurt.com\/en\/shop\/accessories\/footbeds\/shaped-comfort-insole\/","url":"https:\/\/www.redwingfrankfurt.com\/en\/shop\/accessories\/footbeds\/shaped-comfort-insole\/","name":"Shaped Comfort Insole - Red Wing Store Frankfurt","isPartOf":{"@id":"https:\/\/www.redwingfrankfurt.com\/en\/#website"},"primaryImageOfPage":{"@id":"https:\/\/www.redwingfrankfurt.com\/en\/shop\/accessories\/footbeds\/shaped-comfort-insole\/#primaryimage"},"image":{"@id":"https:\/\/www.redwingfrankfurt.com\/en\/shop\/accessories\/footbeds\/shaped-comfort-insole\/#primaryimage"},"thumbnailUrl":"https:\/\/www.redwingfrankfurt.com\/wp-content\/uploads\/2015\/11\/red-wing-shoe-store-frankfurt-shaped-comfort-insole-96317-berlin-hamburg-muenchen.jpg","datePublished":"2015-11-19T16:25:58+00:00","dateModified":"2026-04-19T21:12:14+00:00","breadcrumb":{"@id":"https:\/\/www.redwingfrankfurt.com\/en\/shop\/accessories\/footbeds\/shaped-comfort-insole\/#breadcrumb"},"inLanguage":"en-US","potentialAction":[{"@type":"ReadAction","target":["https:\/\/www.redwingfrankfurt.com\/en\/shop\/accessories\/footbeds\/shaped-comfort-insole\/"]}]},{"@type":"ImageObject","inLanguage":"en-US","@id":"https:\/\/www.redwingfrankfurt.com\/en\/shop\/accessories\/footbeds\/shaped-comfort-insole\/#primaryimage","url":"https:\/\/www.redwingfrankfurt.com\/wp-content\/uploads\/2015\/11\/red-wing-shoe-store-frankfurt-shaped-comfort-insole-96317-berlin-hamburg-muenchen.jpg","contentUrl":"https:\/\/www.redwingfrankfurt.com\/wp-content\/uploads\/2015\/11\/red-wing-shoe-store-frankfurt-shaped-comfort-insole-96317-berlin-hamburg-muenchen.jpg","width":2362,"height":1803,"caption":"red wing shoe store frankfurt shaped comfort insole 96317 berlin hamburg muenchen"},{"@type":"BreadcrumbList","@id":"https:\/\/www.redwingfrankfurt.com\/en\/shop\/accessories\/footbeds\/shaped-comfort-insole\/#breadcrumb","itemListElement":[{"@type":"ListItem","position":1,"name":"Startseite","item":"https:\/\/www.redwingfrankfurt.com\/en\/"},{"@type":"ListItem","position":2,"name":"Shop","item":"https:\/\/www.redwingfrankfurt.com\/shop\/"},{"@type":"ListItem","position":3,"name":"Shaped Comfort Insole"}]},{"@type":"WebSite","@id":"https:\/\/www.redwingfrankfurt.com\/en\/#website","url":"https:\/\/www.redwingfrankfurt.com\/en\/","name":"Red Wing Store Frankfurt","description":"First Red Wing Store in Europe \u2013 since 1977","potentialAction":[{"@type":"SearchAction","target":{"@type":"EntryPoint","urlTemplate":"https:\/\/www.redwingfrankfurt.com\/en\/?s={search_term_string}"},"query-input":{"@type":"PropertyValueSpecification","valueRequired":true,"valueName":"search_term_string"}}],"inLanguage":"en-US"}]}},"_links":{"self":[{"href":"https:\/\/www.redwingfrankfurt.com\/en\/wp-json\/wp\/v2\/product\/3843","targetHints":{"allow":["GET"]}}],"collection":[{"href":"https:\/\/www.redwingfrankfurt.com\/en\/wp-json\/wp\/v2\/product"}],"about":[{"href":"https:\/\/www.redwingfrankfurt.com\/en\/wp-json\/wp\/v2\/types\/product"}],"wp:featuredmedia":[{"embeddable":true,"href":"https:\/\/www.redwingfrankfurt.com\/en\/wp-json\/wp\/v2\/media\/3844"}],"wp:attachment":[{"href":"https:\/\/www.redwingfrankfurt.com\/en\/wp-json\/wp\/v2\/media?parent=3843"}],"wp:term":[{"taxonomy":"product_brand","embeddable":true,"href":"https:\/\/www.redwingfrankfurt.com\/en\/wp-json\/wp\/v2\/product_brand?post=3843"},{"taxonomy":"product_cat","embeddable":true,"href":"https:\/\/www.redwingfrankfurt.com\/en\/wp-json\/wp\/v2\/product_cat?post=3843"},{"taxonomy":"product_tag","embeddable":true,"href":"https:\/\/www.redwingfrankfurt.com\/en\/wp-json\/wp\/v2\/product_tag?post=3843"}],"curies":[{"name":"wp","href":"https:\/\/api.w.org\/{rel}","templated":true}]}}