{"id":2924,"date":"2014-11-21T13:57:24","date_gmt":"2014-11-21T11:57:24","guid":{"rendered":"http:\/\/dev1.redwingfrankfurt.com\/shop\/care-products\/red-wing-neutral-boot-creme\/"},"modified":"2026-01-29T19:25:43","modified_gmt":"2026-01-29T17:25:43","slug":"red-wing-neutral-boot-creme","status":"publish","type":"product","link":"https:\/\/www.redwingfrankfurt.com\/en\/shop\/accessories\/red-wing-neutral-boot-creme\/","title":{"rendered":"Neutral Shoe Cream"},"content":{"rendered":"<p>Die Neutral Boot Cream pflegt und sch\u00fctzt, ohne den Farbton des Leders zu ver\u00e4ndern. Ideal, um Glanz und Geschmeidigkeit zu erhalten \u2013 besonders f\u00fcr helle oder naturfarbene Red Wing Modelle. N\u00e4hrt, sch\u00fctzt und bringt das Leder dezent zum Strahlen.<\/p>\n","protected":false},"excerpt":{"rendered":"<p>Die Neutral Boot Cream pflegt und sch\u00fctzt, ohne den Farbton des Leders zu ver\u00e4ndern. Ideal, um Glanz und Geschmeidigkeit zu erhalten \u2013 besonders f\u00fcr helle oder naturfarbene Red Wing Modelle. N\u00e4hrt, sch\u00fctzt und bringt das Leder dezent zum Strahlen.<\/p>\n","protected":false},"featured_media":21685,"template":"","meta":[],"product_brand":[],"product_cat":[51,108],"product_tag":[667,859,659,650,649],"class_list":{"0":"post-2924","1":"product","2":"type-product","3":"status-publish","4":"has-post-thumbnail","6":"product_cat-accessories","7":"product_cat-care-products","8":"product_tag-boot-cream-97110","9":"product_tag-care","10":"product_tag-neutral","11":"product_tag-schuh-creme","12":"product_tag-schuhcreme","14":"first","15":"instock","16":"taxable","17":"shipping-taxable","18":"purchasable","19":"product-type-simple","20":"add-to-wishlist-before_image"},"yoast_head":"<!-- This site is optimized with the Yoast SEO plugin v27.3 - https:\/\/yoast.com\/product\/yoast-seo-wordpress\/ -->\n<title>Neutral Shoe Cream - Red Wing Store Frankfurt<\/title>\n<meta name=\"description\" content=\"Unsere Neutral Boot Cream verwendet eine Mischung aus Wachsen, L\u00f6sungsmitteln und Lanolin, um das Austrocknen zu verhindern und die wasserabweisende Wirkung des Leders zu erh\u00f6hen. Diese Creme ist farblos und kann auf jedem Glattleder verwendet werden.\" \/>\n<meta name=\"robots\" content=\"index, follow, max-snippet:-1, max-image-preview:large, max-video-preview:-1\" \/>\n<link rel=\"canonical\" href=\"https:\/\/www.redwingfrankfurt.com\/en\/shop\/accessories\/red-wing-neutral-boot-creme\/\" \/>\n<meta property=\"og:locale\" content=\"en_US\" \/>\n<meta property=\"og:type\" content=\"article\" \/>\n<meta property=\"og:title\" content=\"Neutral Shoe Cream - Red Wing Store Frankfurt\" \/>\n<meta property=\"og:description\" content=\"Unsere Neutral Boot Cream verwendet eine Mischung aus Wachsen, L\u00f6sungsmitteln und Lanolin, um das Austrocknen zu verhindern und die wasserabweisende Wirkung des Leders zu erh\u00f6hen. Diese Creme ist farblos und kann auf jedem Glattleder verwendet werden.\" \/>\n<meta property=\"og:url\" content=\"https:\/\/www.redwingfrankfurt.com\/en\/shop\/accessories\/red-wing-neutral-boot-creme\/\" \/>\n<meta property=\"og:site_name\" content=\"Red Wing Store Frankfurt\" \/>\n<meta property=\"article:modified_time\" content=\"2026-01-29T17:25:43+00:00\" \/>\n<meta property=\"og:image\" content=\"https:\/\/www.redwingfrankfurt.com\/wp-content\/uploads\/2025\/11\/RW98032_MUL_N1_1024-471x471.png\" \/>\n\t<meta property=\"og:image:width\" content=\"471\" \/>\n\t<meta property=\"og:image:height\" content=\"471\" \/>\n\t<meta property=\"og:image:type\" content=\"image\/png\" \/>\n<meta name=\"twitter:card\" content=\"summary_large_image\" \/>\n<script type=\"application\/ld+json\" class=\"yoast-schema-graph\">{\"@context\":\"https:\\\/\\\/schema.org\",\"@graph\":[{\"@type\":\"WebPage\",\"@id\":\"https:\\\/\\\/www.redwingfrankfurt.com\\\/en\\\/shop\\\/accessories\\\/red-wing-neutral-boot-creme\\\/\",\"url\":\"https:\\\/\\\/www.redwingfrankfurt.com\\\/en\\\/shop\\\/accessories\\\/red-wing-neutral-boot-creme\\\/\",\"name\":\"Neutral Shoe Cream - Red Wing Store Frankfurt\",\"isPartOf\":{\"@id\":\"https:\\\/\\\/www.redwingfrankfurt.com\\\/en\\\/#website\"},\"primaryImageOfPage\":{\"@id\":\"https:\\\/\\\/www.redwingfrankfurt.com\\\/en\\\/shop\\\/accessories\\\/red-wing-neutral-boot-creme\\\/#primaryimage\"},\"image\":{\"@id\":\"https:\\\/\\\/www.redwingfrankfurt.com\\\/en\\\/shop\\\/accessories\\\/red-wing-neutral-boot-creme\\\/#primaryimage\"},\"thumbnailUrl\":\"https:\\\/\\\/www.redwingfrankfurt.com\\\/wp-content\\\/uploads\\\/2025\\\/11\\\/RW98032_MUL_N1_1024.png\",\"datePublished\":\"2014-11-21T11:57:24+00:00\",\"dateModified\":\"2026-01-29T17:25:43+00:00\",\"description\":\"Unsere Neutral Boot Cream verwendet eine Mischung aus Wachsen, L\u00f6sungsmitteln und Lanolin, um das Austrocknen zu verhindern und die wasserabweisende Wirkung des Leders zu erh\u00f6hen. Diese Creme ist farblos und kann auf jedem Glattleder verwendet werden.\",\"breadcrumb\":{\"@id\":\"https:\\\/\\\/www.redwingfrankfurt.com\\\/en\\\/shop\\\/accessories\\\/red-wing-neutral-boot-creme\\\/#breadcrumb\"},\"inLanguage\":\"en-US\",\"potentialAction\":[{\"@type\":\"ReadAction\",\"target\":[\"https:\\\/\\\/www.redwingfrankfurt.com\\\/en\\\/shop\\\/accessories\\\/red-wing-neutral-boot-creme\\\/\"]}]},{\"@type\":\"ImageObject\",\"inLanguage\":\"en-US\",\"@id\":\"https:\\\/\\\/www.redwingfrankfurt.com\\\/en\\\/shop\\\/accessories\\\/red-wing-neutral-boot-creme\\\/#primaryimage\",\"url\":\"https:\\\/\\\/www.redwingfrankfurt.com\\\/wp-content\\\/uploads\\\/2025\\\/11\\\/RW98032_MUL_N1_1024.png\",\"contentUrl\":\"https:\\\/\\\/www.redwingfrankfurt.com\\\/wp-content\\\/uploads\\\/2025\\\/11\\\/RW98032_MUL_N1_1024.png\",\"width\":2000,\"height\":2000},{\"@type\":\"BreadcrumbList\",\"@id\":\"https:\\\/\\\/www.redwingfrankfurt.com\\\/en\\\/shop\\\/accessories\\\/red-wing-neutral-boot-creme\\\/#breadcrumb\",\"itemListElement\":[{\"@type\":\"ListItem\",\"position\":1,\"name\":\"Startseite\",\"item\":\"https:\\\/\\\/www.redwingfrankfurt.com\\\/en\\\/\"},{\"@type\":\"ListItem\",\"position\":2,\"name\":\"Shop\",\"item\":\"https:\\\/\\\/www.redwingfrankfurt.com\\\/shop\\\/\"},{\"@type\":\"ListItem\",\"position\":3,\"name\":\"Neutral Shoe Cream\"}]},{\"@type\":\"WebSite\",\"@id\":\"https:\\\/\\\/www.redwingfrankfurt.com\\\/en\\\/#website\",\"url\":\"https:\\\/\\\/www.redwingfrankfurt.com\\\/en\\\/\",\"name\":\"Red Wing Store Frankfurt\",\"description\":\"First Red Wing Store in Europe \u2013 since 1977\",\"potentialAction\":[{\"@type\":\"SearchAction\",\"target\":{\"@type\":\"EntryPoint\",\"urlTemplate\":\"https:\\\/\\\/www.redwingfrankfurt.com\\\/en\\\/?s={search_term_string}\"},\"query-input\":{\"@type\":\"PropertyValueSpecification\",\"valueRequired\":true,\"valueName\":\"search_term_string\"}}],\"inLanguage\":\"en-US\"}]}<\/script>\n<!-- \/ Yoast SEO plugin. -->","yoast_head_json":{"title":"Neutral Shoe Cream - Red Wing Store Frankfurt","description":"Unsere Neutral Boot Cream verwendet eine Mischung aus Wachsen, L\u00f6sungsmitteln und Lanolin, um das Austrocknen zu verhindern und die wasserabweisende Wirkung des Leders zu erh\u00f6hen. Diese Creme ist farblos und kann auf jedem Glattleder verwendet werden.","robots":{"index":"index","follow":"follow","max-snippet":"max-snippet:-1","max-image-preview":"max-image-preview:large","max-video-preview":"max-video-preview:-1"},"canonical":"https:\/\/www.redwingfrankfurt.com\/en\/shop\/accessories\/red-wing-neutral-boot-creme\/","og_locale":"en_US","og_type":"article","og_title":"Neutral Shoe Cream - Red Wing Store Frankfurt","og_description":"Unsere Neutral Boot Cream verwendet eine Mischung aus Wachsen, L\u00f6sungsmitteln und Lanolin, um das Austrocknen zu verhindern und die wasserabweisende Wirkung des Leders zu erh\u00f6hen. Diese Creme ist farblos und kann auf jedem Glattleder verwendet werden.","og_url":"https:\/\/www.redwingfrankfurt.com\/en\/shop\/accessories\/red-wing-neutral-boot-creme\/","og_site_name":"Red Wing Store Frankfurt","article_modified_time":"2026-01-29T17:25:43+00:00","og_image":[{"width":471,"height":471,"url":"https:\/\/www.redwingfrankfurt.com\/wp-content\/uploads\/2025\/11\/RW98032_MUL_N1_1024-471x471.png","type":"image\/png"}],"twitter_card":"summary_large_image","schema":{"@context":"https:\/\/schema.org","@graph":[{"@type":"WebPage","@id":"https:\/\/www.redwingfrankfurt.com\/en\/shop\/accessories\/red-wing-neutral-boot-creme\/","url":"https:\/\/www.redwingfrankfurt.com\/en\/shop\/accessories\/red-wing-neutral-boot-creme\/","name":"Neutral Shoe Cream - Red Wing Store Frankfurt","isPartOf":{"@id":"https:\/\/www.redwingfrankfurt.com\/en\/#website"},"primaryImageOfPage":{"@id":"https:\/\/www.redwingfrankfurt.com\/en\/shop\/accessories\/red-wing-neutral-boot-creme\/#primaryimage"},"image":{"@id":"https:\/\/www.redwingfrankfurt.com\/en\/shop\/accessories\/red-wing-neutral-boot-creme\/#primaryimage"},"thumbnailUrl":"https:\/\/www.redwingfrankfurt.com\/wp-content\/uploads\/2025\/11\/RW98032_MUL_N1_1024.png","datePublished":"2014-11-21T11:57:24+00:00","dateModified":"2026-01-29T17:25:43+00:00","description":"Unsere Neutral Boot Cream verwendet eine Mischung aus Wachsen, L\u00f6sungsmitteln und Lanolin, um das Austrocknen zu verhindern und die wasserabweisende Wirkung des Leders zu erh\u00f6hen. Diese Creme ist farblos und kann auf jedem Glattleder verwendet werden.","breadcrumb":{"@id":"https:\/\/www.redwingfrankfurt.com\/en\/shop\/accessories\/red-wing-neutral-boot-creme\/#breadcrumb"},"inLanguage":"en-US","potentialAction":[{"@type":"ReadAction","target":["https:\/\/www.redwingfrankfurt.com\/en\/shop\/accessories\/red-wing-neutral-boot-creme\/"]}]},{"@type":"ImageObject","inLanguage":"en-US","@id":"https:\/\/www.redwingfrankfurt.com\/en\/shop\/accessories\/red-wing-neutral-boot-creme\/#primaryimage","url":"https:\/\/www.redwingfrankfurt.com\/wp-content\/uploads\/2025\/11\/RW98032_MUL_N1_1024.png","contentUrl":"https:\/\/www.redwingfrankfurt.com\/wp-content\/uploads\/2025\/11\/RW98032_MUL_N1_1024.png","width":2000,"height":2000},{"@type":"BreadcrumbList","@id":"https:\/\/www.redwingfrankfurt.com\/en\/shop\/accessories\/red-wing-neutral-boot-creme\/#breadcrumb","itemListElement":[{"@type":"ListItem","position":1,"name":"Startseite","item":"https:\/\/www.redwingfrankfurt.com\/en\/"},{"@type":"ListItem","position":2,"name":"Shop","item":"https:\/\/www.redwingfrankfurt.com\/shop\/"},{"@type":"ListItem","position":3,"name":"Neutral Shoe Cream"}]},{"@type":"WebSite","@id":"https:\/\/www.redwingfrankfurt.com\/en\/#website","url":"https:\/\/www.redwingfrankfurt.com\/en\/","name":"Red Wing Store Frankfurt","description":"First Red Wing Store in Europe \u2013 since 1977","potentialAction":[{"@type":"SearchAction","target":{"@type":"EntryPoint","urlTemplate":"https:\/\/www.redwingfrankfurt.com\/en\/?s={search_term_string}"},"query-input":{"@type":"PropertyValueSpecification","valueRequired":true,"valueName":"search_term_string"}}],"inLanguage":"en-US"}]}},"_links":{"self":[{"href":"https:\/\/www.redwingfrankfurt.com\/en\/wp-json\/wp\/v2\/product\/2924","targetHints":{"allow":["GET"]}}],"collection":[{"href":"https:\/\/www.redwingfrankfurt.com\/en\/wp-json\/wp\/v2\/product"}],"about":[{"href":"https:\/\/www.redwingfrankfurt.com\/en\/wp-json\/wp\/v2\/types\/product"}],"wp:featuredmedia":[{"embeddable":true,"href":"https:\/\/www.redwingfrankfurt.com\/en\/wp-json\/wp\/v2\/media\/21685"}],"wp:attachment":[{"href":"https:\/\/www.redwingfrankfurt.com\/en\/wp-json\/wp\/v2\/media?parent=2924"}],"wp:term":[{"taxonomy":"product_brand","embeddable":true,"href":"https:\/\/www.redwingfrankfurt.com\/en\/wp-json\/wp\/v2\/product_brand?post=2924"},{"taxonomy":"product_cat","embeddable":true,"href":"https:\/\/www.redwingfrankfurt.com\/en\/wp-json\/wp\/v2\/product_cat?post=2924"},{"taxonomy":"product_tag","embeddable":true,"href":"https:\/\/www.redwingfrankfurt.com\/en\/wp-json\/wp\/v2\/product_tag?post=2924"}],"curies":[{"name":"wp","href":"https:\/\/api.w.org\/{rel}","templated":true}]}}