{"id":22779,"date":"2026-04-04T13:29:08","date_gmt":"2026-04-04T11:29:08","guid":{"rendered":"https:\/\/www.redwingfrankfurt.com\/?post_type=product&#038;p=22779"},"modified":"2026-04-04T16:53:14","modified_gmt":"2026-04-04T14:53:14","slug":"cushion-crew-sock-copy","status":"publish","type":"product","link":"https:\/\/www.redwingfrankfurt.com\/en\/shop\/accessories\/socks\/cushion-crew-sock-copy\/","title":{"rendered":"Cushion Crew Sock (Copy)"},"content":{"rendered":"<p data-start=\"243\" data-end=\"623\">Die Red Wing Cushion Crew Boot Sock in der Farbe Gray wurde speziell f\u00fcr das Tragen mit robusten Boots entwickelt und bietet hohen Komfort im Alltag. Die klassische Crew-L\u00e4nge reicht bis zur Wade und sorgt f\u00fcr einen sicheren Sitz im Schuh. Durch den gepolsterten Fu\u00dfbereich wird der Druck im Schuh reduziert, wodurch die Socke besonders angenehm zu tragen ist \u2013 auch bei l\u00e4ngeren Tagen auf den Beinen. Die hochwertige Materialmischung mit hohem Baumwollanteil sorgt f\u00fcr ein weiches Tragegef\u00fchl und eine gute Atmungsaktivit\u00e4t. Gleichzeitig gew\u00e4hrleisten Nylon und Elasthan eine stabile Passform, sodass die Socke auch bei Bewegung zuverl\u00e4ssig sitzt.<\/p>\n","protected":false},"excerpt":{"rendered":"<ul>\n<li>75% gek\u00e4mmte Baumwolle, 22% Nylon, 2% Spandex, 1% Polyester<\/li>\n<li>Zehen- und Fersenbereich verst\u00e4rkt<\/li>\n<li>Frottierung Innen \u2013 F\u00fcr gute Feuchtigkeitsaufnahme<\/li>\n<\/ul>\n","protected":false},"featured_media":22767,"template":"","meta":[],"product_brand":[],"product_cat":[107],"product_tag":[1100,779,858,1099,473,1101,474,756],"class_list":{"0":"post-22779","1":"product","2":"type-product","3":"status-publish","4":"has-post-thumbnail","6":"product_cat-socks","7":"product_tag-1100","8":"product_tag-cotton-cushion-sock","9":"product_tag-cotton-socken","10":"product_tag-cushion-crew-boot-socks","11":"product_tag-grau","12":"product_tag-gray","13":"product_tag-grey","14":"product_tag-socks","15":"pa_farbe-grau","16":"pa_groesse-6-9","17":"pa_groesse-3er-6-9","18":"pa_groesse-3er-9-12","19":"pa_groesse-3er-pack-46-eu-50-eu","20":"pa_groesse-9-12","21":"pa_groesse-46-eu-50-eu","23":"first","24":"instock","25":"taxable","26":"shipping-taxable","27":"purchasable","28":"product-type-variable","29":"add-to-wishlist-before_image"},"yoast_head":"<!-- This site is optimized with the Yoast SEO plugin v27.3 - https:\/\/yoast.com\/product\/yoast-seo-wordpress\/ -->\n<title>Cushion Crew Sock (Copy) - Red Wing Store Frankfurt<\/title>\n<meta name=\"description\" content=\"Original Red Wing Socke 97671 mit gepolsterter Sohle und Crew-L\u00e4nge. Bequeme Baumwollsocke f\u00fcr hohen Komfort beim Tragen von Red Wing Boots.\" \/>\n<meta name=\"robots\" content=\"index, follow, max-snippet:-1, max-image-preview:large, max-video-preview:-1\" \/>\n<link rel=\"canonical\" href=\"https:\/\/www.redwingfrankfurt.com\/en\/shop\/accessories\/socks\/cushion-crew-sock-copy\/\" \/>\n<meta property=\"og:locale\" content=\"en_US\" \/>\n<meta property=\"og:type\" content=\"article\" \/>\n<meta property=\"og:title\" content=\"Cushion Crew Sock (Copy) - Red Wing Store Frankfurt\" \/>\n<meta property=\"og:description\" content=\"Original Red Wing Socke 97671 mit gepolsterter Sohle und Crew-L\u00e4nge. Bequeme Baumwollsocke f\u00fcr hohen Komfort beim Tragen von Red Wing Boots.\" \/>\n<meta property=\"og:url\" content=\"https:\/\/www.redwingfrankfurt.com\/en\/shop\/accessories\/socks\/cushion-crew-sock-copy\/\" \/>\n<meta property=\"og:site_name\" content=\"Red Wing Store Frankfurt\" \/>\n<meta property=\"article:modified_time\" content=\"2026-04-04T14:53:14+00:00\" \/>\n<meta property=\"og:image\" content=\"https:\/\/www.redwingfrankfurt.com\/wp-content\/uploads\/2026\/04\/RWH_97671_MUL_N1_03012026-e1773498224635_kor_3.png\" \/>\n\t<meta property=\"og:image:width\" content=\"756\" \/>\n\t<meta property=\"og:image:height\" content=\"757\" \/>\n\t<meta property=\"og:image:type\" content=\"image\/png\" \/>\n<meta name=\"twitter:card\" content=\"summary_large_image\" \/>\n<meta name=\"twitter:label1\" content=\"Est. reading time\" \/>\n\t<meta name=\"twitter:data1\" content=\"1 minute\" \/>\n<script type=\"application\/ld+json\" class=\"yoast-schema-graph\">{\"@context\":\"https:\\\/\\\/schema.org\",\"@graph\":[{\"@type\":\"WebPage\",\"@id\":\"https:\\\/\\\/www.redwingfrankfurt.com\\\/en\\\/shop\\\/accessories\\\/socks\\\/cushion-crew-sock-copy\\\/\",\"url\":\"https:\\\/\\\/www.redwingfrankfurt.com\\\/en\\\/shop\\\/accessories\\\/socks\\\/cushion-crew-sock-copy\\\/\",\"name\":\"Cushion Crew Sock (Copy) - Red Wing Store Frankfurt\",\"isPartOf\":{\"@id\":\"https:\\\/\\\/www.redwingfrankfurt.com\\\/en\\\/#website\"},\"primaryImageOfPage\":{\"@id\":\"https:\\\/\\\/www.redwingfrankfurt.com\\\/en\\\/shop\\\/accessories\\\/socks\\\/cushion-crew-sock-copy\\\/#primaryimage\"},\"image\":{\"@id\":\"https:\\\/\\\/www.redwingfrankfurt.com\\\/en\\\/shop\\\/accessories\\\/socks\\\/cushion-crew-sock-copy\\\/#primaryimage\"},\"thumbnailUrl\":\"https:\\\/\\\/www.redwingfrankfurt.com\\\/wp-content\\\/uploads\\\/2026\\\/04\\\/RWH_97671_MUL_N1_03012026-e1773498224635_kor_3.png\",\"datePublished\":\"2026-04-04T11:29:08+00:00\",\"dateModified\":\"2026-04-04T14:53:14+00:00\",\"description\":\"Original Red Wing Socke 97671 mit gepolsterter Sohle und Crew-L\u00e4nge. Bequeme Baumwollsocke f\u00fcr hohen Komfort beim Tragen von Red Wing Boots.\",\"breadcrumb\":{\"@id\":\"https:\\\/\\\/www.redwingfrankfurt.com\\\/en\\\/shop\\\/accessories\\\/socks\\\/cushion-crew-sock-copy\\\/#breadcrumb\"},\"inLanguage\":\"en-US\",\"potentialAction\":[{\"@type\":\"ReadAction\",\"target\":[\"https:\\\/\\\/www.redwingfrankfurt.com\\\/en\\\/shop\\\/accessories\\\/socks\\\/cushion-crew-sock-copy\\\/\"]}]},{\"@type\":\"ImageObject\",\"inLanguage\":\"en-US\",\"@id\":\"https:\\\/\\\/www.redwingfrankfurt.com\\\/en\\\/shop\\\/accessories\\\/socks\\\/cushion-crew-sock-copy\\\/#primaryimage\",\"url\":\"https:\\\/\\\/www.redwingfrankfurt.com\\\/wp-content\\\/uploads\\\/2026\\\/04\\\/RWH_97671_MUL_N1_03012026-e1773498224635_kor_3.png\",\"contentUrl\":\"https:\\\/\\\/www.redwingfrankfurt.com\\\/wp-content\\\/uploads\\\/2026\\\/04\\\/RWH_97671_MUL_N1_03012026-e1773498224635_kor_3.png\",\"width\":756,\"height\":757},{\"@type\":\"BreadcrumbList\",\"@id\":\"https:\\\/\\\/www.redwingfrankfurt.com\\\/en\\\/shop\\\/accessories\\\/socks\\\/cushion-crew-sock-copy\\\/#breadcrumb\",\"itemListElement\":[{\"@type\":\"ListItem\",\"position\":1,\"name\":\"Startseite\",\"item\":\"https:\\\/\\\/www.redwingfrankfurt.com\\\/en\\\/\"},{\"@type\":\"ListItem\",\"position\":2,\"name\":\"Shop\",\"item\":\"https:\\\/\\\/www.redwingfrankfurt.com\\\/shop\\\/\"},{\"@type\":\"ListItem\",\"position\":3,\"name\":\"Cushion Crew Sock (Copy)\"}]},{\"@type\":\"WebSite\",\"@id\":\"https:\\\/\\\/www.redwingfrankfurt.com\\\/en\\\/#website\",\"url\":\"https:\\\/\\\/www.redwingfrankfurt.com\\\/en\\\/\",\"name\":\"Red Wing Store Frankfurt\",\"description\":\"First Red Wing Store in Europe \u2013 since 1977\",\"potentialAction\":[{\"@type\":\"SearchAction\",\"target\":{\"@type\":\"EntryPoint\",\"urlTemplate\":\"https:\\\/\\\/www.redwingfrankfurt.com\\\/en\\\/?s={search_term_string}\"},\"query-input\":{\"@type\":\"PropertyValueSpecification\",\"valueRequired\":true,\"valueName\":\"search_term_string\"}}],\"inLanguage\":\"en-US\"}]}<\/script>\n<!-- \/ Yoast SEO plugin. -->","yoast_head_json":{"title":"Cushion Crew Sock (Copy) - Red Wing Store Frankfurt","description":"Original Red Wing Socke 97671 mit gepolsterter Sohle und Crew-L\u00e4nge. Bequeme Baumwollsocke f\u00fcr hohen Komfort beim Tragen von Red Wing Boots.","robots":{"index":"index","follow":"follow","max-snippet":"max-snippet:-1","max-image-preview":"max-image-preview:large","max-video-preview":"max-video-preview:-1"},"canonical":"https:\/\/www.redwingfrankfurt.com\/en\/shop\/accessories\/socks\/cushion-crew-sock-copy\/","og_locale":"en_US","og_type":"article","og_title":"Cushion Crew Sock (Copy) - Red Wing Store Frankfurt","og_description":"Original Red Wing Socke 97671 mit gepolsterter Sohle und Crew-L\u00e4nge. Bequeme Baumwollsocke f\u00fcr hohen Komfort beim Tragen von Red Wing Boots.","og_url":"https:\/\/www.redwingfrankfurt.com\/en\/shop\/accessories\/socks\/cushion-crew-sock-copy\/","og_site_name":"Red Wing Store Frankfurt","article_modified_time":"2026-04-04T14:53:14+00:00","og_image":[{"width":756,"height":757,"url":"https:\/\/www.redwingfrankfurt.com\/wp-content\/uploads\/2026\/04\/RWH_97671_MUL_N1_03012026-e1773498224635_kor_3.png","type":"image\/png"}],"twitter_card":"summary_large_image","twitter_misc":{"Est. reading time":"1 minute"},"schema":{"@context":"https:\/\/schema.org","@graph":[{"@type":"WebPage","@id":"https:\/\/www.redwingfrankfurt.com\/en\/shop\/accessories\/socks\/cushion-crew-sock-copy\/","url":"https:\/\/www.redwingfrankfurt.com\/en\/shop\/accessories\/socks\/cushion-crew-sock-copy\/","name":"Cushion Crew Sock (Copy) - Red Wing Store Frankfurt","isPartOf":{"@id":"https:\/\/www.redwingfrankfurt.com\/en\/#website"},"primaryImageOfPage":{"@id":"https:\/\/www.redwingfrankfurt.com\/en\/shop\/accessories\/socks\/cushion-crew-sock-copy\/#primaryimage"},"image":{"@id":"https:\/\/www.redwingfrankfurt.com\/en\/shop\/accessories\/socks\/cushion-crew-sock-copy\/#primaryimage"},"thumbnailUrl":"https:\/\/www.redwingfrankfurt.com\/wp-content\/uploads\/2026\/04\/RWH_97671_MUL_N1_03012026-e1773498224635_kor_3.png","datePublished":"2026-04-04T11:29:08+00:00","dateModified":"2026-04-04T14:53:14+00:00","description":"Original Red Wing Socke 97671 mit gepolsterter Sohle und Crew-L\u00e4nge. Bequeme Baumwollsocke f\u00fcr hohen Komfort beim Tragen von Red Wing Boots.","breadcrumb":{"@id":"https:\/\/www.redwingfrankfurt.com\/en\/shop\/accessories\/socks\/cushion-crew-sock-copy\/#breadcrumb"},"inLanguage":"en-US","potentialAction":[{"@type":"ReadAction","target":["https:\/\/www.redwingfrankfurt.com\/en\/shop\/accessories\/socks\/cushion-crew-sock-copy\/"]}]},{"@type":"ImageObject","inLanguage":"en-US","@id":"https:\/\/www.redwingfrankfurt.com\/en\/shop\/accessories\/socks\/cushion-crew-sock-copy\/#primaryimage","url":"https:\/\/www.redwingfrankfurt.com\/wp-content\/uploads\/2026\/04\/RWH_97671_MUL_N1_03012026-e1773498224635_kor_3.png","contentUrl":"https:\/\/www.redwingfrankfurt.com\/wp-content\/uploads\/2026\/04\/RWH_97671_MUL_N1_03012026-e1773498224635_kor_3.png","width":756,"height":757},{"@type":"BreadcrumbList","@id":"https:\/\/www.redwingfrankfurt.com\/en\/shop\/accessories\/socks\/cushion-crew-sock-copy\/#breadcrumb","itemListElement":[{"@type":"ListItem","position":1,"name":"Startseite","item":"https:\/\/www.redwingfrankfurt.com\/en\/"},{"@type":"ListItem","position":2,"name":"Shop","item":"https:\/\/www.redwingfrankfurt.com\/shop\/"},{"@type":"ListItem","position":3,"name":"Cushion Crew Sock (Copy)"}]},{"@type":"WebSite","@id":"https:\/\/www.redwingfrankfurt.com\/en\/#website","url":"https:\/\/www.redwingfrankfurt.com\/en\/","name":"Red Wing Store Frankfurt","description":"First Red Wing Store in Europe \u2013 since 1977","potentialAction":[{"@type":"SearchAction","target":{"@type":"EntryPoint","urlTemplate":"https:\/\/www.redwingfrankfurt.com\/en\/?s={search_term_string}"},"query-input":{"@type":"PropertyValueSpecification","valueRequired":true,"valueName":"search_term_string"}}],"inLanguage":"en-US"}]}},"_links":{"self":[{"href":"https:\/\/www.redwingfrankfurt.com\/en\/wp-json\/wp\/v2\/product\/22779","targetHints":{"allow":["GET"]}}],"collection":[{"href":"https:\/\/www.redwingfrankfurt.com\/en\/wp-json\/wp\/v2\/product"}],"about":[{"href":"https:\/\/www.redwingfrankfurt.com\/en\/wp-json\/wp\/v2\/types\/product"}],"wp:featuredmedia":[{"embeddable":true,"href":"https:\/\/www.redwingfrankfurt.com\/en\/wp-json\/wp\/v2\/media\/22767"}],"wp:attachment":[{"href":"https:\/\/www.redwingfrankfurt.com\/en\/wp-json\/wp\/v2\/media?parent=22779"}],"wp:term":[{"taxonomy":"product_brand","embeddable":true,"href":"https:\/\/www.redwingfrankfurt.com\/en\/wp-json\/wp\/v2\/product_brand?post=22779"},{"taxonomy":"product_cat","embeddable":true,"href":"https:\/\/www.redwingfrankfurt.com\/en\/wp-json\/wp\/v2\/product_cat?post=22779"},{"taxonomy":"product_tag","embeddable":true,"href":"https:\/\/www.redwingfrankfurt.com\/en\/wp-json\/wp\/v2\/product_tag?post=22779"}],"curies":[{"name":"wp","href":"https:\/\/api.w.org\/{rel}","templated":true}]}}