{"id":22606,"date":"2026-03-11T17:09:37","date_gmt":"2026-03-11T15:09:37","guid":{"rendered":"https:\/\/www.redwingfrankfurt.com\/?post_type=product&#038;p=22606"},"modified":"2026-03-24T18:54:21","modified_gmt":"2026-03-24T16:54:21","slug":"t-shirt-white","status":"publish","type":"product","link":"https:\/\/www.redwingfrankfurt.com\/en\/shop\/accessories\/t-shirts\/t-shirt-white\/","title":{"rendered":"T-Shirt White"},"content":{"rendered":"<p data-start=\"1213\" data-end=\"1434\">Das wei\u00dfe T-Shirt aus 100 % Baumwolle kombiniert hohen Komfort mit einem klaren und modernen Design. Der hochwertige Baumwollstoff ist angenehm weich, atmungsaktiv und sorgt f\u00fcr ein komfortables Tragegef\u00fchl im Alltag. Das Design setzt auf Kontraste: Ein kleines Logo auf der Brust sorgt f\u00fcr einen dezenten Akzent, w\u00e4hrend das gro\u00dfe Logo auf dem R\u00fccken dem Shirt eine markante Optik verleiht.<\/p>\n","protected":false},"excerpt":{"rendered":"<p>100% Baumwolle<\/p>\n","protected":false},"featured_media":13054,"template":"","meta":[],"product_brand":[],"product_cat":[232],"product_tag":[1097,780,761,760],"class_list":{"0":"post-22606","1":"product","2":"type-product","3":"status-publish","4":"has-post-thumbnail","6":"product_cat-t-shirts","7":"product_tag-1097","8":"product_tag-t-shirt","9":"product_tag-weiss","10":"product_tag-white","11":"pa_size-large","12":"pa_size-medium","13":"pa_size-xl","14":"pa_size-xx-large","16":"first","17":"instock","18":"taxable","19":"shipping-taxable","20":"purchasable","21":"product-type-variable","22":"add-to-wishlist-before_image"},"yoast_head":"<!-- This site is optimized with the Yoast SEO plugin v27.3 - https:\/\/yoast.com\/product\/yoast-seo-wordpress\/ -->\n<title>T-Shirt White - Red Wing Store Frankfurt<\/title>\n<meta name=\"description\" content=\"Wei\u00dfes Red Wing T-Shirt aus 100 % Baumwolle mit kleinem Logo auf der Brust und gro\u00dfem R\u00fcckenprint. Zeitloses Shirt mit hohem Tragekomfort im Heritage-Stil.\" \/>\n<meta name=\"robots\" content=\"index, follow, max-snippet:-1, max-image-preview:large, max-video-preview:-1\" \/>\n<link rel=\"canonical\" href=\"https:\/\/www.redwingfrankfurt.com\/en\/shop\/accessories\/t-shirts\/t-shirt-white\/\" \/>\n<meta property=\"og:locale\" content=\"en_US\" \/>\n<meta property=\"og:type\" content=\"article\" \/>\n<meta property=\"og:title\" content=\"T-Shirt White - Red Wing Store Frankfurt\" \/>\n<meta property=\"og:description\" content=\"Wei\u00dfes Red Wing T-Shirt aus 100 % Baumwolle mit kleinem Logo auf der Brust und gro\u00dfem R\u00fcckenprint. Zeitloses Shirt mit hohem Tragekomfort im Heritage-Stil.\" \/>\n<meta property=\"og:url\" content=\"https:\/\/www.redwingfrankfurt.com\/en\/shop\/accessories\/t-shirts\/t-shirt-white\/\" \/>\n<meta property=\"og:site_name\" content=\"Red Wing Store Frankfurt\" \/>\n<meta property=\"article:modified_time\" content=\"2026-03-24T16:54:21+00:00\" \/>\n<meta property=\"og:image\" content=\"https:\/\/www.redwingfrankfurt.com\/wp-content\/uploads\/2022\/03\/RW97403C_CMY_NA_0317.jpg\" \/>\n\t<meta property=\"og:image:width\" content=\"2000\" \/>\n\t<meta property=\"og:image:height\" content=\"2000\" \/>\n\t<meta property=\"og:image:type\" content=\"image\/jpeg\" \/>\n<meta name=\"twitter:card\" content=\"summary_large_image\" \/>\n<script type=\"application\/ld+json\" class=\"yoast-schema-graph\">{\"@context\":\"https:\\\/\\\/schema.org\",\"@graph\":[{\"@type\":\"WebPage\",\"@id\":\"https:\\\/\\\/www.redwingfrankfurt.com\\\/en\\\/shop\\\/accessories\\\/t-shirts\\\/t-shirt-white\\\/\",\"url\":\"https:\\\/\\\/www.redwingfrankfurt.com\\\/en\\\/shop\\\/accessories\\\/t-shirts\\\/t-shirt-white\\\/\",\"name\":\"T-Shirt White - Red Wing Store Frankfurt\",\"isPartOf\":{\"@id\":\"https:\\\/\\\/www.redwingfrankfurt.com\\\/en\\\/#website\"},\"primaryImageOfPage\":{\"@id\":\"https:\\\/\\\/www.redwingfrankfurt.com\\\/en\\\/shop\\\/accessories\\\/t-shirts\\\/t-shirt-white\\\/#primaryimage\"},\"image\":{\"@id\":\"https:\\\/\\\/www.redwingfrankfurt.com\\\/en\\\/shop\\\/accessories\\\/t-shirts\\\/t-shirt-white\\\/#primaryimage\"},\"thumbnailUrl\":\"https:\\\/\\\/www.redwingfrankfurt.com\\\/wp-content\\\/uploads\\\/2022\\\/03\\\/RW97403C_CMY_NA_0317.jpg\",\"datePublished\":\"2026-03-11T15:09:37+00:00\",\"dateModified\":\"2026-03-24T16:54:21+00:00\",\"description\":\"Wei\u00dfes Red Wing T-Shirt aus 100 % Baumwolle mit kleinem Logo auf der Brust und gro\u00dfem R\u00fcckenprint. Zeitloses Shirt mit hohem Tragekomfort im Heritage-Stil.\",\"breadcrumb\":{\"@id\":\"https:\\\/\\\/www.redwingfrankfurt.com\\\/en\\\/shop\\\/accessories\\\/t-shirts\\\/t-shirt-white\\\/#breadcrumb\"},\"inLanguage\":\"en-US\",\"potentialAction\":[{\"@type\":\"ReadAction\",\"target\":[\"https:\\\/\\\/www.redwingfrankfurt.com\\\/en\\\/shop\\\/accessories\\\/t-shirts\\\/t-shirt-white\\\/\"]}]},{\"@type\":\"ImageObject\",\"inLanguage\":\"en-US\",\"@id\":\"https:\\\/\\\/www.redwingfrankfurt.com\\\/en\\\/shop\\\/accessories\\\/t-shirts\\\/t-shirt-white\\\/#primaryimage\",\"url\":\"https:\\\/\\\/www.redwingfrankfurt.com\\\/wp-content\\\/uploads\\\/2022\\\/03\\\/RW97403C_CMY_NA_0317.jpg\",\"contentUrl\":\"https:\\\/\\\/www.redwingfrankfurt.com\\\/wp-content\\\/uploads\\\/2022\\\/03\\\/RW97403C_CMY_NA_0317.jpg\",\"width\":2000,\"height\":2000},{\"@type\":\"BreadcrumbList\",\"@id\":\"https:\\\/\\\/www.redwingfrankfurt.com\\\/en\\\/shop\\\/accessories\\\/t-shirts\\\/t-shirt-white\\\/#breadcrumb\",\"itemListElement\":[{\"@type\":\"ListItem\",\"position\":1,\"name\":\"Startseite\",\"item\":\"https:\\\/\\\/www.redwingfrankfurt.com\\\/en\\\/\"},{\"@type\":\"ListItem\",\"position\":2,\"name\":\"Shop\",\"item\":\"https:\\\/\\\/www.redwingfrankfurt.com\\\/shop\\\/\"},{\"@type\":\"ListItem\",\"position\":3,\"name\":\"T-Shirt White\"}]},{\"@type\":\"WebSite\",\"@id\":\"https:\\\/\\\/www.redwingfrankfurt.com\\\/en\\\/#website\",\"url\":\"https:\\\/\\\/www.redwingfrankfurt.com\\\/en\\\/\",\"name\":\"Red Wing Store Frankfurt\",\"description\":\"First Red Wing Store in Europe \u2013 since 1977\",\"potentialAction\":[{\"@type\":\"SearchAction\",\"target\":{\"@type\":\"EntryPoint\",\"urlTemplate\":\"https:\\\/\\\/www.redwingfrankfurt.com\\\/en\\\/?s={search_term_string}\"},\"query-input\":{\"@type\":\"PropertyValueSpecification\",\"valueRequired\":true,\"valueName\":\"search_term_string\"}}],\"inLanguage\":\"en-US\"}]}<\/script>\n<!-- \/ Yoast SEO plugin. -->","yoast_head_json":{"title":"T-Shirt White - Red Wing Store Frankfurt","description":"Wei\u00dfes Red Wing T-Shirt aus 100 % Baumwolle mit kleinem Logo auf der Brust und gro\u00dfem R\u00fcckenprint. Zeitloses Shirt mit hohem Tragekomfort im Heritage-Stil.","robots":{"index":"index","follow":"follow","max-snippet":"max-snippet:-1","max-image-preview":"max-image-preview:large","max-video-preview":"max-video-preview:-1"},"canonical":"https:\/\/www.redwingfrankfurt.com\/en\/shop\/accessories\/t-shirts\/t-shirt-white\/","og_locale":"en_US","og_type":"article","og_title":"T-Shirt White - Red Wing Store Frankfurt","og_description":"Wei\u00dfes Red Wing T-Shirt aus 100 % Baumwolle mit kleinem Logo auf der Brust und gro\u00dfem R\u00fcckenprint. Zeitloses Shirt mit hohem Tragekomfort im Heritage-Stil.","og_url":"https:\/\/www.redwingfrankfurt.com\/en\/shop\/accessories\/t-shirts\/t-shirt-white\/","og_site_name":"Red Wing Store Frankfurt","article_modified_time":"2026-03-24T16:54:21+00:00","og_image":[{"width":2000,"height":2000,"url":"https:\/\/www.redwingfrankfurt.com\/wp-content\/uploads\/2022\/03\/RW97403C_CMY_NA_0317.jpg","type":"image\/jpeg"}],"twitter_card":"summary_large_image","schema":{"@context":"https:\/\/schema.org","@graph":[{"@type":"WebPage","@id":"https:\/\/www.redwingfrankfurt.com\/en\/shop\/accessories\/t-shirts\/t-shirt-white\/","url":"https:\/\/www.redwingfrankfurt.com\/en\/shop\/accessories\/t-shirts\/t-shirt-white\/","name":"T-Shirt White - Red Wing Store Frankfurt","isPartOf":{"@id":"https:\/\/www.redwingfrankfurt.com\/en\/#website"},"primaryImageOfPage":{"@id":"https:\/\/www.redwingfrankfurt.com\/en\/shop\/accessories\/t-shirts\/t-shirt-white\/#primaryimage"},"image":{"@id":"https:\/\/www.redwingfrankfurt.com\/en\/shop\/accessories\/t-shirts\/t-shirt-white\/#primaryimage"},"thumbnailUrl":"https:\/\/www.redwingfrankfurt.com\/wp-content\/uploads\/2022\/03\/RW97403C_CMY_NA_0317.jpg","datePublished":"2026-03-11T15:09:37+00:00","dateModified":"2026-03-24T16:54:21+00:00","description":"Wei\u00dfes Red Wing T-Shirt aus 100 % Baumwolle mit kleinem Logo auf der Brust und gro\u00dfem R\u00fcckenprint. Zeitloses Shirt mit hohem Tragekomfort im Heritage-Stil.","breadcrumb":{"@id":"https:\/\/www.redwingfrankfurt.com\/en\/shop\/accessories\/t-shirts\/t-shirt-white\/#breadcrumb"},"inLanguage":"en-US","potentialAction":[{"@type":"ReadAction","target":["https:\/\/www.redwingfrankfurt.com\/en\/shop\/accessories\/t-shirts\/t-shirt-white\/"]}]},{"@type":"ImageObject","inLanguage":"en-US","@id":"https:\/\/www.redwingfrankfurt.com\/en\/shop\/accessories\/t-shirts\/t-shirt-white\/#primaryimage","url":"https:\/\/www.redwingfrankfurt.com\/wp-content\/uploads\/2022\/03\/RW97403C_CMY_NA_0317.jpg","contentUrl":"https:\/\/www.redwingfrankfurt.com\/wp-content\/uploads\/2022\/03\/RW97403C_CMY_NA_0317.jpg","width":2000,"height":2000},{"@type":"BreadcrumbList","@id":"https:\/\/www.redwingfrankfurt.com\/en\/shop\/accessories\/t-shirts\/t-shirt-white\/#breadcrumb","itemListElement":[{"@type":"ListItem","position":1,"name":"Startseite","item":"https:\/\/www.redwingfrankfurt.com\/en\/"},{"@type":"ListItem","position":2,"name":"Shop","item":"https:\/\/www.redwingfrankfurt.com\/shop\/"},{"@type":"ListItem","position":3,"name":"T-Shirt White"}]},{"@type":"WebSite","@id":"https:\/\/www.redwingfrankfurt.com\/en\/#website","url":"https:\/\/www.redwingfrankfurt.com\/en\/","name":"Red Wing Store Frankfurt","description":"First Red Wing Store in Europe \u2013 since 1977","potentialAction":[{"@type":"SearchAction","target":{"@type":"EntryPoint","urlTemplate":"https:\/\/www.redwingfrankfurt.com\/en\/?s={search_term_string}"},"query-input":{"@type":"PropertyValueSpecification","valueRequired":true,"valueName":"search_term_string"}}],"inLanguage":"en-US"}]}},"_links":{"self":[{"href":"https:\/\/www.redwingfrankfurt.com\/en\/wp-json\/wp\/v2\/product\/22606","targetHints":{"allow":["GET"]}}],"collection":[{"href":"https:\/\/www.redwingfrankfurt.com\/en\/wp-json\/wp\/v2\/product"}],"about":[{"href":"https:\/\/www.redwingfrankfurt.com\/en\/wp-json\/wp\/v2\/types\/product"}],"wp:featuredmedia":[{"embeddable":true,"href":"https:\/\/www.redwingfrankfurt.com\/en\/wp-json\/wp\/v2\/media\/13054"}],"wp:attachment":[{"href":"https:\/\/www.redwingfrankfurt.com\/en\/wp-json\/wp\/v2\/media?parent=22606"}],"wp:term":[{"taxonomy":"product_brand","embeddable":true,"href":"https:\/\/www.redwingfrankfurt.com\/en\/wp-json\/wp\/v2\/product_brand?post=22606"},{"taxonomy":"product_cat","embeddable":true,"href":"https:\/\/www.redwingfrankfurt.com\/en\/wp-json\/wp\/v2\/product_cat?post=22606"},{"taxonomy":"product_tag","embeddable":true,"href":"https:\/\/www.redwingfrankfurt.com\/en\/wp-json\/wp\/v2\/product_tag?post=22606"}],"curies":[{"name":"wp","href":"https:\/\/api.w.org\/{rel}","templated":true}]}}