{"id":22542,"date":"2026-02-19T17:39:56","date_gmt":"2026-02-19T15:39:56","guid":{"rendered":"https:\/\/www.redwingfrankfurt.com\/?post_type=product&#038;p=22542"},"modified":"2026-04-02T12:35:22","modified_gmt":"2026-04-02T10:35:22","slug":"laces-taslan-160cm","status":"publish","type":"product","link":"https:\/\/www.redwingfrankfurt.com\/en\/shop\/accessories\/laces\/laces-taslan-160cm\/","title":{"rendered":"Laces Taslan 160cm"},"content":{"rendered":"<p>Mit rund 160 cm L\u00e4nge sind diese Taslan-Schn\u00fcrsenkel optimal f\u00fcr gro\u00dfe Heritage-Boots mit vielen \u00d6sen oder f\u00fcr pers\u00f6nliche Schn\u00fcr-Styles, die zus\u00e4tzlichen Spielraum ben\u00f6tigen. Sie kombinieren traditionelle Red Wing-\u00c4sthetik mit hoher Belastbarkeit.<\/p>\n<div class=\"scriptlesssocialsharing\">\n<div class=\"scriptlesssocialsharing__buttons\"><\/div>\n<\/div>\n","protected":false},"excerpt":{"rendered":"<p>Original Red Wing Senkel in Schwarz\/Braun. Perfekt f\u00fcr Modelle mit 10 Loch-Schn\u00fcrung z.B 4585 Logger<\/p>\n","protected":false},"featured_media":22262,"template":"","meta":[],"product_brand":[],"product_cat":[109],"product_tag":[1096,736,441,442,734,728,723],"class_list":{"0":"post-22542","1":"product","2":"type-product","3":"status-publish","4":"has-post-thumbnail","6":"product_cat-laces","7":"product_tag-1096","8":"product_tag-black-brown","9":"product_tag-laces","10":"product_tag-schnuersenkel","11":"product_tag-schwarz-braun","12":"product_tag-senkel","13":"product_tag-taslan","14":"pa_farbe-braun","16":"first","17":"instock","18":"taxable","19":"shipping-taxable","20":"purchasable","21":"product-type-simple","22":"add-to-wishlist-before_image"},"yoast_head":"<!-- This site is optimized with the Yoast SEO plugin v27.4 - https:\/\/yoast.com\/product\/yoast-seo-wordpress\/ -->\n<title>Laces Taslan 160cm - Red Wing Store Frankfurt<\/title>\n<meta name=\"description\" content=\"Red Wing Schn\u00fcrsenkel 160 cm \u2013 extra lange Taslan-Senkel f\u00fcr hohe Boots und individuelle Schn\u00fcrungen. Robust und langlebig.\" \/>\n<meta name=\"robots\" content=\"index, follow, max-snippet:-1, max-image-preview:large, max-video-preview:-1\" \/>\n<link rel=\"canonical\" href=\"https:\/\/www.redwingfrankfurt.com\/en\/shop\/accessories\/laces\/laces-taslan-160cm\/\" \/>\n<meta property=\"og:locale\" content=\"en_US\" \/>\n<meta property=\"og:type\" content=\"article\" \/>\n<meta property=\"og:title\" content=\"Laces Taslan 160cm - Red Wing Store Frankfurt\" \/>\n<meta property=\"og:description\" content=\"Red Wing Schn\u00fcrsenkel 160 cm \u2013 extra lange Taslan-Senkel f\u00fcr hohe Boots und individuelle Schn\u00fcrungen. Robust und langlebig.\" \/>\n<meta property=\"og:url\" content=\"https:\/\/www.redwingfrankfurt.com\/en\/shop\/accessories\/laces\/laces-taslan-160cm\/\" \/>\n<meta property=\"og:site_name\" content=\"Red Wing Store Frankfurt\" \/>\n<meta property=\"article:modified_time\" content=\"2026-04-02T10:35:22+00:00\" \/>\n<meta property=\"og:image\" content=\"https:\/\/www.redwingfrankfurt.com\/wp-content\/uploads\/2026\/01\/RWS_Senkel_RH97159C_2000x2000.png\" \/>\n\t<meta property=\"og:image:width\" content=\"2000\" \/>\n\t<meta property=\"og:image:height\" content=\"2000\" \/>\n\t<meta property=\"og:image:type\" content=\"image\/png\" \/>\n<meta name=\"twitter:card\" content=\"summary_large_image\" \/>\n<script type=\"application\/ld+json\" class=\"yoast-schema-graph\">{\"@context\":\"https:\\\/\\\/schema.org\",\"@graph\":[{\"@type\":\"WebPage\",\"@id\":\"https:\\\/\\\/www.redwingfrankfurt.com\\\/en\\\/shop\\\/accessories\\\/laces\\\/laces-taslan-160cm\\\/\",\"url\":\"https:\\\/\\\/www.redwingfrankfurt.com\\\/en\\\/shop\\\/accessories\\\/laces\\\/laces-taslan-160cm\\\/\",\"name\":\"Laces Taslan 160cm - Red Wing Store Frankfurt\",\"isPartOf\":{\"@id\":\"https:\\\/\\\/www.redwingfrankfurt.com\\\/en\\\/#website\"},\"primaryImageOfPage\":{\"@id\":\"https:\\\/\\\/www.redwingfrankfurt.com\\\/en\\\/shop\\\/accessories\\\/laces\\\/laces-taslan-160cm\\\/#primaryimage\"},\"image\":{\"@id\":\"https:\\\/\\\/www.redwingfrankfurt.com\\\/en\\\/shop\\\/accessories\\\/laces\\\/laces-taslan-160cm\\\/#primaryimage\"},\"thumbnailUrl\":\"https:\\\/\\\/www.redwingfrankfurt.com\\\/wp-content\\\/uploads\\\/2026\\\/01\\\/RWS_Senkel_RH97159C_2000x2000.png\",\"datePublished\":\"2026-02-19T15:39:56+00:00\",\"dateModified\":\"2026-04-02T10:35:22+00:00\",\"description\":\"Red Wing Schn\u00fcrsenkel 160 cm \u2013 extra lange Taslan-Senkel f\u00fcr hohe Boots und individuelle Schn\u00fcrungen. Robust und langlebig.\",\"breadcrumb\":{\"@id\":\"https:\\\/\\\/www.redwingfrankfurt.com\\\/en\\\/shop\\\/accessories\\\/laces\\\/laces-taslan-160cm\\\/#breadcrumb\"},\"inLanguage\":\"en-US\",\"potentialAction\":[{\"@type\":\"ReadAction\",\"target\":[\"https:\\\/\\\/www.redwingfrankfurt.com\\\/en\\\/shop\\\/accessories\\\/laces\\\/laces-taslan-160cm\\\/\"]}]},{\"@type\":\"ImageObject\",\"inLanguage\":\"en-US\",\"@id\":\"https:\\\/\\\/www.redwingfrankfurt.com\\\/en\\\/shop\\\/accessories\\\/laces\\\/laces-taslan-160cm\\\/#primaryimage\",\"url\":\"https:\\\/\\\/www.redwingfrankfurt.com\\\/wp-content\\\/uploads\\\/2026\\\/01\\\/RWS_Senkel_RH97159C_2000x2000.png\",\"contentUrl\":\"https:\\\/\\\/www.redwingfrankfurt.com\\\/wp-content\\\/uploads\\\/2026\\\/01\\\/RWS_Senkel_RH97159C_2000x2000.png\",\"width\":2000,\"height\":2000},{\"@type\":\"BreadcrumbList\",\"@id\":\"https:\\\/\\\/www.redwingfrankfurt.com\\\/en\\\/shop\\\/accessories\\\/laces\\\/laces-taslan-160cm\\\/#breadcrumb\",\"itemListElement\":[{\"@type\":\"ListItem\",\"position\":1,\"name\":\"Startseite\",\"item\":\"https:\\\/\\\/www.redwingfrankfurt.com\\\/en\\\/\"},{\"@type\":\"ListItem\",\"position\":2,\"name\":\"Shop\",\"item\":\"https:\\\/\\\/www.redwingfrankfurt.com\\\/shop\\\/\"},{\"@type\":\"ListItem\",\"position\":3,\"name\":\"Laces Taslan 160cm\"}]},{\"@type\":\"WebSite\",\"@id\":\"https:\\\/\\\/www.redwingfrankfurt.com\\\/en\\\/#website\",\"url\":\"https:\\\/\\\/www.redwingfrankfurt.com\\\/en\\\/\",\"name\":\"Red Wing Store Frankfurt\",\"description\":\"First Red Wing Store in Europe \u2013 since 1977\",\"potentialAction\":[{\"@type\":\"SearchAction\",\"target\":{\"@type\":\"EntryPoint\",\"urlTemplate\":\"https:\\\/\\\/www.redwingfrankfurt.com\\\/en\\\/?s={search_term_string}\"},\"query-input\":{\"@type\":\"PropertyValueSpecification\",\"valueRequired\":true,\"valueName\":\"search_term_string\"}}],\"inLanguage\":\"en-US\"}]}<\/script>\n<!-- \/ Yoast SEO plugin. -->","yoast_head_json":{"title":"Laces Taslan 160cm - Red Wing Store Frankfurt","description":"Red Wing Schn\u00fcrsenkel 160 cm \u2013 extra lange Taslan-Senkel f\u00fcr hohe Boots und individuelle Schn\u00fcrungen. Robust und langlebig.","robots":{"index":"index","follow":"follow","max-snippet":"max-snippet:-1","max-image-preview":"max-image-preview:large","max-video-preview":"max-video-preview:-1"},"canonical":"https:\/\/www.redwingfrankfurt.com\/en\/shop\/accessories\/laces\/laces-taslan-160cm\/","og_locale":"en_US","og_type":"article","og_title":"Laces Taslan 160cm - Red Wing Store Frankfurt","og_description":"Red Wing Schn\u00fcrsenkel 160 cm \u2013 extra lange Taslan-Senkel f\u00fcr hohe Boots und individuelle Schn\u00fcrungen. Robust und langlebig.","og_url":"https:\/\/www.redwingfrankfurt.com\/en\/shop\/accessories\/laces\/laces-taslan-160cm\/","og_site_name":"Red Wing Store Frankfurt","article_modified_time":"2026-04-02T10:35:22+00:00","og_image":[{"width":2000,"height":2000,"url":"https:\/\/www.redwingfrankfurt.com\/wp-content\/uploads\/2026\/01\/RWS_Senkel_RH97159C_2000x2000.png","type":"image\/png"}],"twitter_card":"summary_large_image","schema":{"@context":"https:\/\/schema.org","@graph":[{"@type":"WebPage","@id":"https:\/\/www.redwingfrankfurt.com\/en\/shop\/accessories\/laces\/laces-taslan-160cm\/","url":"https:\/\/www.redwingfrankfurt.com\/en\/shop\/accessories\/laces\/laces-taslan-160cm\/","name":"Laces Taslan 160cm - Red Wing Store Frankfurt","isPartOf":{"@id":"https:\/\/www.redwingfrankfurt.com\/en\/#website"},"primaryImageOfPage":{"@id":"https:\/\/www.redwingfrankfurt.com\/en\/shop\/accessories\/laces\/laces-taslan-160cm\/#primaryimage"},"image":{"@id":"https:\/\/www.redwingfrankfurt.com\/en\/shop\/accessories\/laces\/laces-taslan-160cm\/#primaryimage"},"thumbnailUrl":"https:\/\/www.redwingfrankfurt.com\/wp-content\/uploads\/2026\/01\/RWS_Senkel_RH97159C_2000x2000.png","datePublished":"2026-02-19T15:39:56+00:00","dateModified":"2026-04-02T10:35:22+00:00","description":"Red Wing Schn\u00fcrsenkel 160 cm \u2013 extra lange Taslan-Senkel f\u00fcr hohe Boots und individuelle Schn\u00fcrungen. Robust und langlebig.","breadcrumb":{"@id":"https:\/\/www.redwingfrankfurt.com\/en\/shop\/accessories\/laces\/laces-taslan-160cm\/#breadcrumb"},"inLanguage":"en-US","potentialAction":[{"@type":"ReadAction","target":["https:\/\/www.redwingfrankfurt.com\/en\/shop\/accessories\/laces\/laces-taslan-160cm\/"]}]},{"@type":"ImageObject","inLanguage":"en-US","@id":"https:\/\/www.redwingfrankfurt.com\/en\/shop\/accessories\/laces\/laces-taslan-160cm\/#primaryimage","url":"https:\/\/www.redwingfrankfurt.com\/wp-content\/uploads\/2026\/01\/RWS_Senkel_RH97159C_2000x2000.png","contentUrl":"https:\/\/www.redwingfrankfurt.com\/wp-content\/uploads\/2026\/01\/RWS_Senkel_RH97159C_2000x2000.png","width":2000,"height":2000},{"@type":"BreadcrumbList","@id":"https:\/\/www.redwingfrankfurt.com\/en\/shop\/accessories\/laces\/laces-taslan-160cm\/#breadcrumb","itemListElement":[{"@type":"ListItem","position":1,"name":"Startseite","item":"https:\/\/www.redwingfrankfurt.com\/en\/"},{"@type":"ListItem","position":2,"name":"Shop","item":"https:\/\/www.redwingfrankfurt.com\/shop\/"},{"@type":"ListItem","position":3,"name":"Laces Taslan 160cm"}]},{"@type":"WebSite","@id":"https:\/\/www.redwingfrankfurt.com\/en\/#website","url":"https:\/\/www.redwingfrankfurt.com\/en\/","name":"Red Wing Store Frankfurt","description":"First Red Wing Store in Europe \u2013 since 1977","potentialAction":[{"@type":"SearchAction","target":{"@type":"EntryPoint","urlTemplate":"https:\/\/www.redwingfrankfurt.com\/en\/?s={search_term_string}"},"query-input":{"@type":"PropertyValueSpecification","valueRequired":true,"valueName":"search_term_string"}}],"inLanguage":"en-US"}]}},"_links":{"self":[{"href":"https:\/\/www.redwingfrankfurt.com\/en\/wp-json\/wp\/v2\/product\/22542","targetHints":{"allow":["GET"]}}],"collection":[{"href":"https:\/\/www.redwingfrankfurt.com\/en\/wp-json\/wp\/v2\/product"}],"about":[{"href":"https:\/\/www.redwingfrankfurt.com\/en\/wp-json\/wp\/v2\/types\/product"}],"wp:featuredmedia":[{"embeddable":true,"href":"https:\/\/www.redwingfrankfurt.com\/en\/wp-json\/wp\/v2\/media\/22262"}],"wp:attachment":[{"href":"https:\/\/www.redwingfrankfurt.com\/en\/wp-json\/wp\/v2\/media?parent=22542"}],"wp:term":[{"taxonomy":"product_brand","embeddable":true,"href":"https:\/\/www.redwingfrankfurt.com\/en\/wp-json\/wp\/v2\/product_brand?post=22542"},{"taxonomy":"product_cat","embeddable":true,"href":"https:\/\/www.redwingfrankfurt.com\/en\/wp-json\/wp\/v2\/product_cat?post=22542"},{"taxonomy":"product_tag","embeddable":true,"href":"https:\/\/www.redwingfrankfurt.com\/en\/wp-json\/wp\/v2\/product_tag?post=22542"}],"curies":[{"name":"wp","href":"https:\/\/api.w.org\/{rel}","templated":true}]}}