{"id":22313,"date":"2026-01-28T15:13:24","date_gmt":"2026-01-28T13:13:24","guid":{"rendered":"https:\/\/www.redwingfrankfurt.com\/?post_type=product&#038;p=22313"},"modified":"2026-01-28T15:51:50","modified_gmt":"2026-01-28T13:51:50","slug":"red-wing-canvas-tote-bag","status":"publish","type":"product","link":"https:\/\/www.redwingfrankfurt.com\/en\/shop\/accessories\/canvas-tote-bag\/red-wing-canvas-tote-bag\/","title":{"rendered":"Canvas Tote Bag"},"content":{"rendered":"<p>Die Red Wing Canvas Tote Bag \u00fcberzeugt durch ihre robuste Verarbeitung und ihr zeitloses Design. Gefertigt aus schwerem, naturfarbenem Canvas bietet sie hohe Strapazierf\u00e4higkeit und ist ideal f\u00fcr den t\u00e4glichen Gebrauch. Die stabilen Tragehenkel aus Gurtband sorgen f\u00fcr angenehmen Tragekomfort, auch bei h\u00f6herem Gewicht. Abgerundet wird das schlichte, funktionale Design durch das markante Red-Wing-Logo im hochwertigen Siebdruck, das den authentischen Workwear-Charakter der Marke unterstreicht. Eine langlebige Tasche f\u00fcr Alltag, Arbeit und Freizeit.<\/p>\n","protected":false},"excerpt":{"rendered":"<p>100% Canvas 15 oz.<br \/>\nGr\u00f6\u00dfe: 46 cm x 43.5 cm<\/p>\n","protected":false},"featured_media":22273,"template":"","meta":[],"product_brand":[],"product_cat":[1085],"product_tag":[1054,859,1055,527,650,649],"class_list":{"0":"post-22313","1":"product","2":"type-product","3":"status-publish","4":"has-post-thumbnail","6":"product_cat-canvas-tote-bag","7":"product_tag-1054","8":"product_tag-care","9":"product_tag-hell-braun","10":"product_tag-oro-russet","11":"product_tag-schuh-creme","12":"product_tag-schuhcreme","14":"first","15":"instock","16":"taxable","17":"shipping-taxable","18":"purchasable","19":"product-type-simple","20":"add-to-wishlist-before_image"},"yoast_head":"<!-- This site is optimized with the Yoast SEO plugin v27.5 - https:\/\/yoast.com\/product\/yoast-seo-wordpress\/ -->\n<title>Canvas Tote Bag - Red Wing Store Frankfurt<\/title>\n<meta name=\"description\" content=\"Robuste Red Wing Canvas Tote Bag aus schwerem Natur-Canvas mit stabilen Tragehenkeln und ikonischem Logo \u2013 ideal f\u00fcr Alltag, Arbeit und Freizeit.\" \/>\n<meta name=\"robots\" content=\"index, follow, max-snippet:-1, max-image-preview:large, max-video-preview:-1\" \/>\n<link rel=\"canonical\" href=\"https:\/\/www.redwingfrankfurt.com\/en\/shop\/accessories\/canvas-tote-bag\/red-wing-canvas-tote-bag\/\" \/>\n<meta property=\"og:locale\" content=\"en_US\" \/>\n<meta property=\"og:type\" content=\"article\" \/>\n<meta property=\"og:title\" content=\"Canvas Tote Bag - Red Wing Store Frankfurt\" \/>\n<meta property=\"og:description\" content=\"Robuste Red Wing Canvas Tote Bag aus schwerem Natur-Canvas mit stabilen Tragehenkeln und ikonischem Logo \u2013 ideal f\u00fcr Alltag, Arbeit und Freizeit.\" \/>\n<meta property=\"og:url\" content=\"https:\/\/www.redwingfrankfurt.com\/en\/shop\/accessories\/canvas-tote-bag\/red-wing-canvas-tote-bag\/\" \/>\n<meta property=\"og:site_name\" content=\"Red Wing Store Frankfurt\" \/>\n<meta property=\"article:modified_time\" content=\"2026-01-28T13:51:50+00:00\" \/>\n<meta property=\"og:image\" content=\"https:\/\/www.redwingfrankfurt.com\/wp-content\/uploads\/2026\/01\/20221114_ARice_RH95069_Web_NA_1122_59301-471x471.png\" \/>\n\t<meta property=\"og:image:width\" content=\"471\" \/>\n\t<meta property=\"og:image:height\" content=\"471\" \/>\n\t<meta property=\"og:image:type\" content=\"image\/png\" \/>\n<meta name=\"twitter:card\" content=\"summary_large_image\" \/>\n<script type=\"application\/ld+json\" class=\"yoast-schema-graph\">{\"@context\":\"https:\\\/\\\/schema.org\",\"@graph\":[{\"@type\":\"WebPage\",\"@id\":\"https:\\\/\\\/www.redwingfrankfurt.com\\\/en\\\/shop\\\/accessories\\\/canvas-tote-bag\\\/red-wing-canvas-tote-bag\\\/\",\"url\":\"https:\\\/\\\/www.redwingfrankfurt.com\\\/en\\\/shop\\\/accessories\\\/canvas-tote-bag\\\/red-wing-canvas-tote-bag\\\/\",\"name\":\"Canvas Tote Bag - Red Wing Store Frankfurt\",\"isPartOf\":{\"@id\":\"https:\\\/\\\/www.redwingfrankfurt.com\\\/en\\\/#website\"},\"primaryImageOfPage\":{\"@id\":\"https:\\\/\\\/www.redwingfrankfurt.com\\\/en\\\/shop\\\/accessories\\\/canvas-tote-bag\\\/red-wing-canvas-tote-bag\\\/#primaryimage\"},\"image\":{\"@id\":\"https:\\\/\\\/www.redwingfrankfurt.com\\\/en\\\/shop\\\/accessories\\\/canvas-tote-bag\\\/red-wing-canvas-tote-bag\\\/#primaryimage\"},\"thumbnailUrl\":\"https:\\\/\\\/www.redwingfrankfurt.com\\\/wp-content\\\/uploads\\\/2026\\\/01\\\/20221114_ARice_RH95069_Web_NA_1122_59301-scaled.png\",\"datePublished\":\"2026-01-28T13:13:24+00:00\",\"dateModified\":\"2026-01-28T13:51:50+00:00\",\"description\":\"Robuste Red Wing Canvas Tote Bag aus schwerem Natur-Canvas mit stabilen Tragehenkeln und ikonischem Logo \u2013 ideal f\u00fcr Alltag, Arbeit und Freizeit.\",\"breadcrumb\":{\"@id\":\"https:\\\/\\\/www.redwingfrankfurt.com\\\/en\\\/shop\\\/accessories\\\/canvas-tote-bag\\\/red-wing-canvas-tote-bag\\\/#breadcrumb\"},\"inLanguage\":\"en-US\",\"potentialAction\":[{\"@type\":\"ReadAction\",\"target\":[\"https:\\\/\\\/www.redwingfrankfurt.com\\\/en\\\/shop\\\/accessories\\\/canvas-tote-bag\\\/red-wing-canvas-tote-bag\\\/\"]}]},{\"@type\":\"ImageObject\",\"inLanguage\":\"en-US\",\"@id\":\"https:\\\/\\\/www.redwingfrankfurt.com\\\/en\\\/shop\\\/accessories\\\/canvas-tote-bag\\\/red-wing-canvas-tote-bag\\\/#primaryimage\",\"url\":\"https:\\\/\\\/www.redwingfrankfurt.com\\\/wp-content\\\/uploads\\\/2026\\\/01\\\/20221114_ARice_RH95069_Web_NA_1122_59301-scaled.png\",\"contentUrl\":\"https:\\\/\\\/www.redwingfrankfurt.com\\\/wp-content\\\/uploads\\\/2026\\\/01\\\/20221114_ARice_RH95069_Web_NA_1122_59301-scaled.png\",\"width\":2560,\"height\":2560},{\"@type\":\"BreadcrumbList\",\"@id\":\"https:\\\/\\\/www.redwingfrankfurt.com\\\/en\\\/shop\\\/accessories\\\/canvas-tote-bag\\\/red-wing-canvas-tote-bag\\\/#breadcrumb\",\"itemListElement\":[{\"@type\":\"ListItem\",\"position\":1,\"name\":\"Startseite\",\"item\":\"https:\\\/\\\/www.redwingfrankfurt.com\\\/en\\\/\"},{\"@type\":\"ListItem\",\"position\":2,\"name\":\"Shop\",\"item\":\"https:\\\/\\\/www.redwingfrankfurt.com\\\/shop\\\/\"},{\"@type\":\"ListItem\",\"position\":3,\"name\":\"Canvas Tote Bag\"}]},{\"@type\":\"WebSite\",\"@id\":\"https:\\\/\\\/www.redwingfrankfurt.com\\\/en\\\/#website\",\"url\":\"https:\\\/\\\/www.redwingfrankfurt.com\\\/en\\\/\",\"name\":\"Red Wing Store Frankfurt\",\"description\":\"First Red Wing Store in Europe \u2013 since 1977\",\"potentialAction\":[{\"@type\":\"SearchAction\",\"target\":{\"@type\":\"EntryPoint\",\"urlTemplate\":\"https:\\\/\\\/www.redwingfrankfurt.com\\\/en\\\/?s={search_term_string}\"},\"query-input\":{\"@type\":\"PropertyValueSpecification\",\"valueRequired\":true,\"valueName\":\"search_term_string\"}}],\"inLanguage\":\"en-US\"}]}<\/script>\n<!-- \/ Yoast SEO plugin. -->","yoast_head_json":{"title":"Canvas Tote Bag - Red Wing Store Frankfurt","description":"Robuste Red Wing Canvas Tote Bag aus schwerem Natur-Canvas mit stabilen Tragehenkeln und ikonischem Logo \u2013 ideal f\u00fcr Alltag, Arbeit und Freizeit.","robots":{"index":"index","follow":"follow","max-snippet":"max-snippet:-1","max-image-preview":"max-image-preview:large","max-video-preview":"max-video-preview:-1"},"canonical":"https:\/\/www.redwingfrankfurt.com\/en\/shop\/accessories\/canvas-tote-bag\/red-wing-canvas-tote-bag\/","og_locale":"en_US","og_type":"article","og_title":"Canvas Tote Bag - Red Wing Store Frankfurt","og_description":"Robuste Red Wing Canvas Tote Bag aus schwerem Natur-Canvas mit stabilen Tragehenkeln und ikonischem Logo \u2013 ideal f\u00fcr Alltag, Arbeit und Freizeit.","og_url":"https:\/\/www.redwingfrankfurt.com\/en\/shop\/accessories\/canvas-tote-bag\/red-wing-canvas-tote-bag\/","og_site_name":"Red Wing Store Frankfurt","article_modified_time":"2026-01-28T13:51:50+00:00","og_image":[{"width":471,"height":471,"url":"https:\/\/www.redwingfrankfurt.com\/wp-content\/uploads\/2026\/01\/20221114_ARice_RH95069_Web_NA_1122_59301-471x471.png","type":"image\/png"}],"twitter_card":"summary_large_image","schema":{"@context":"https:\/\/schema.org","@graph":[{"@type":"WebPage","@id":"https:\/\/www.redwingfrankfurt.com\/en\/shop\/accessories\/canvas-tote-bag\/red-wing-canvas-tote-bag\/","url":"https:\/\/www.redwingfrankfurt.com\/en\/shop\/accessories\/canvas-tote-bag\/red-wing-canvas-tote-bag\/","name":"Canvas Tote Bag - Red Wing Store Frankfurt","isPartOf":{"@id":"https:\/\/www.redwingfrankfurt.com\/en\/#website"},"primaryImageOfPage":{"@id":"https:\/\/www.redwingfrankfurt.com\/en\/shop\/accessories\/canvas-tote-bag\/red-wing-canvas-tote-bag\/#primaryimage"},"image":{"@id":"https:\/\/www.redwingfrankfurt.com\/en\/shop\/accessories\/canvas-tote-bag\/red-wing-canvas-tote-bag\/#primaryimage"},"thumbnailUrl":"https:\/\/www.redwingfrankfurt.com\/wp-content\/uploads\/2026\/01\/20221114_ARice_RH95069_Web_NA_1122_59301-scaled.png","datePublished":"2026-01-28T13:13:24+00:00","dateModified":"2026-01-28T13:51:50+00:00","description":"Robuste Red Wing Canvas Tote Bag aus schwerem Natur-Canvas mit stabilen Tragehenkeln und ikonischem Logo \u2013 ideal f\u00fcr Alltag, Arbeit und Freizeit.","breadcrumb":{"@id":"https:\/\/www.redwingfrankfurt.com\/en\/shop\/accessories\/canvas-tote-bag\/red-wing-canvas-tote-bag\/#breadcrumb"},"inLanguage":"en-US","potentialAction":[{"@type":"ReadAction","target":["https:\/\/www.redwingfrankfurt.com\/en\/shop\/accessories\/canvas-tote-bag\/red-wing-canvas-tote-bag\/"]}]},{"@type":"ImageObject","inLanguage":"en-US","@id":"https:\/\/www.redwingfrankfurt.com\/en\/shop\/accessories\/canvas-tote-bag\/red-wing-canvas-tote-bag\/#primaryimage","url":"https:\/\/www.redwingfrankfurt.com\/wp-content\/uploads\/2026\/01\/20221114_ARice_RH95069_Web_NA_1122_59301-scaled.png","contentUrl":"https:\/\/www.redwingfrankfurt.com\/wp-content\/uploads\/2026\/01\/20221114_ARice_RH95069_Web_NA_1122_59301-scaled.png","width":2560,"height":2560},{"@type":"BreadcrumbList","@id":"https:\/\/www.redwingfrankfurt.com\/en\/shop\/accessories\/canvas-tote-bag\/red-wing-canvas-tote-bag\/#breadcrumb","itemListElement":[{"@type":"ListItem","position":1,"name":"Startseite","item":"https:\/\/www.redwingfrankfurt.com\/en\/"},{"@type":"ListItem","position":2,"name":"Shop","item":"https:\/\/www.redwingfrankfurt.com\/shop\/"},{"@type":"ListItem","position":3,"name":"Canvas Tote Bag"}]},{"@type":"WebSite","@id":"https:\/\/www.redwingfrankfurt.com\/en\/#website","url":"https:\/\/www.redwingfrankfurt.com\/en\/","name":"Red Wing Store Frankfurt","description":"First Red Wing Store in Europe \u2013 since 1977","potentialAction":[{"@type":"SearchAction","target":{"@type":"EntryPoint","urlTemplate":"https:\/\/www.redwingfrankfurt.com\/en\/?s={search_term_string}"},"query-input":{"@type":"PropertyValueSpecification","valueRequired":true,"valueName":"search_term_string"}}],"inLanguage":"en-US"}]}},"_links":{"self":[{"href":"https:\/\/www.redwingfrankfurt.com\/en\/wp-json\/wp\/v2\/product\/22313","targetHints":{"allow":["GET"]}}],"collection":[{"href":"https:\/\/www.redwingfrankfurt.com\/en\/wp-json\/wp\/v2\/product"}],"about":[{"href":"https:\/\/www.redwingfrankfurt.com\/en\/wp-json\/wp\/v2\/types\/product"}],"wp:featuredmedia":[{"embeddable":true,"href":"https:\/\/www.redwingfrankfurt.com\/en\/wp-json\/wp\/v2\/media\/22273"}],"wp:attachment":[{"href":"https:\/\/www.redwingfrankfurt.com\/en\/wp-json\/wp\/v2\/media?parent=22313"}],"wp:term":[{"taxonomy":"product_brand","embeddable":true,"href":"https:\/\/www.redwingfrankfurt.com\/en\/wp-json\/wp\/v2\/product_brand?post=22313"},{"taxonomy":"product_cat","embeddable":true,"href":"https:\/\/www.redwingfrankfurt.com\/en\/wp-json\/wp\/v2\/product_cat?post=22313"},{"taxonomy":"product_tag","embeddable":true,"href":"https:\/\/www.redwingfrankfurt.com\/en\/wp-json\/wp\/v2\/product_tag?post=22313"}],"curies":[{"name":"wp","href":"https:\/\/api.w.org\/{rel}","templated":true}]}}