{"id":2196,"date":"2014-11-11T17:26:29","date_gmt":"2014-11-11T15:26:29","guid":{"rendered":"http:\/\/dev1.redwingfrankfurt.com\/shop\/6-inch-moc-toe\/red-wing-style-8146-moc-lug\/"},"modified":"2026-04-11T11:56:36","modified_gmt":"2026-04-11T09:56:36","slug":"red-wing-style-8146-moc-lug","status":"publish","type":"product","link":"https:\/\/www.redwingfrankfurt.com\/en\/shop\/moc-toe-en\/red-wing-style-8146-moc-lug\/","title":{"rendered":"8146 Moc Lug"},"content":{"rendered":"<p>Der Red Wing 8146 Roughneck ist ein kraftvolles Statement f\u00fcr Abenteuer und Heritage-Style. Das ausdrucksstarke Briar Oil Slick Leder erz\u00e4hlt mit jeder neuen Falte deine Geschichte in warmen Dunkelbraunt\u00f6nen. Die grob profilierte Vibram\u2011Mini\u2011Lug-Sohle sorgt f\u00fcr sicheren Grip selbst auf rutschigem oder unwegsamem Terrain \u2013 robust und dauerhaft komfortabel. Die rahmengen\u00e4hte Goodyear-Konstruktion macht den Boot besonders langlebig und bei Bedarf einfach neu besohlbar. Mit dem kn\u00f6chelhohe 6\u2011Inch-Schaft, nickelfarbenen \u00d6sen und Puritan\u2011Triple\u2011Stichen verstr\u00f6mt der Roughneck klassische Arbeiter-\u00c4sthetik. Hergestellt in den USA \u2013 f\u00fcr Menschen, die Wert auf Charakter, Craft und Stra\u00dfenfestigkeit legen.<\/p>\n<p>&nbsp;<\/p>\n","protected":false},"excerpt":{"rendered":"<ul>\n<li>Leder: Briar Oil Slick<\/li>\n<li>Innen: Lederbrandsohle<\/li>\n<li>Sohle: Vibram Lug<\/li>\n<li>Konstruktion: Rahmengen\u00e4ht<br \/>\n<span style=\"color: #ffffff;\">&#8212;&#8212;&#8212;&#8212;&#8212;&#8212;&#8212;&#8212;&#8212;&#8212;&#8212;<\/span><br \/>\nMade in the USA!<\/li>\n<\/ul>\n","protected":false},"featured_media":18803,"template":"","meta":[],"product_brand":[],"product_cat":[83,96],"product_tag":[502,457,458,459,846,427,503],"class_list":{"0":"post-2196","1":"product","2":"type-product","3":"status-publish","4":"has-post-thumbnail","6":"product_cat-mens-shoes","7":"product_cat-moc-toe","8":"product_tag-502","9":"product_tag-braun","10":"product_tag-briar-oil-slick","11":"product_tag-brown","12":"product_tag-data","13":"product_tag-moc-toe","14":"product_tag-vibram-lug","15":"pa_farbe-braun","16":"pa_groesse-129","17":"pa_groesse-130","18":"pa_groesse-44-5","19":"pa_groesse-132","20":"pa_groesse-133","21":"pa_groesse-134","22":"pa_groesse-122","23":"pa_groesse-123","24":"pa_groesse-118","25":"pa_groesse-41-5","26":"pa_groesse-127","27":"pa_groesse-42-5","29":"first","30":"instock","31":"taxable","32":"shipping-taxable","33":"purchasable","34":"product-type-variable","35":"add-to-wishlist-before_image"},"yoast_head":"<!-- This site is optimized with the Yoast SEO plugin v27.3 - https:\/\/yoast.com\/product\/yoast-seo-wordpress\/ -->\n<title>8146 Moc Lug - Red Wing Store Frankfurt<\/title>\n<meta name=\"description\" content=\"8146 \u2013 Roughneck: Robuster Moc Toe mit Vibram Mini\u2011Lug Sohle, Briar Oil Slick Leder &amp; Goodyear-Welt. Charaktervoll, wetterfest &amp; neu besohlbar. Made in USA.\" \/>\n<meta name=\"robots\" content=\"index, follow, max-snippet:-1, max-image-preview:large, max-video-preview:-1\" \/>\n<link rel=\"canonical\" href=\"https:\/\/www.redwingfrankfurt.com\/en\/shop\/moc-toe-en\/red-wing-style-8146-moc-lug\/\" \/>\n<meta property=\"og:locale\" content=\"en_US\" \/>\n<meta property=\"og:type\" content=\"article\" \/>\n<meta property=\"og:title\" content=\"8146 Moc Lug - Red Wing Store Frankfurt\" \/>\n<meta property=\"og:description\" content=\"8146 \u2013 Roughneck: Robuster Moc Toe mit Vibram Mini\u2011Lug Sohle, Briar Oil Slick Leder &amp; Goodyear-Welt. Charaktervoll, wetterfest &amp; neu besohlbar. Made in USA.\" \/>\n<meta property=\"og:url\" content=\"https:\/\/www.redwingfrankfurt.com\/en\/shop\/moc-toe-en\/red-wing-style-8146-moc-lug\/\" \/>\n<meta property=\"og:site_name\" content=\"Red Wing Store Frankfurt\" \/>\n<meta property=\"article:modified_time\" content=\"2026-04-11T09:56:36+00:00\" \/>\n<meta property=\"og:image\" content=\"https:\/\/www.redwingfrankfurt.com\/wp-content\/uploads\/2024\/07\/8146_PC3-scaled-e1721661620920.jpg\" \/>\n\t<meta property=\"og:image:width\" content=\"2560\" \/>\n\t<meta property=\"og:image:height\" content=\"2560\" \/>\n\t<meta property=\"og:image:type\" content=\"image\/jpeg\" \/>\n<meta name=\"twitter:card\" content=\"summary_large_image\" \/>\n<meta name=\"twitter:label1\" content=\"Est. reading time\" \/>\n\t<meta name=\"twitter:data1\" content=\"1 minute\" \/>\n<script type=\"application\/ld+json\" class=\"yoast-schema-graph\">{\"@context\":\"https:\\\/\\\/schema.org\",\"@graph\":[{\"@type\":\"WebPage\",\"@id\":\"https:\\\/\\\/www.redwingfrankfurt.com\\\/en\\\/shop\\\/moc-toe-en\\\/red-wing-style-8146-moc-lug\\\/\",\"url\":\"https:\\\/\\\/www.redwingfrankfurt.com\\\/en\\\/shop\\\/moc-toe-en\\\/red-wing-style-8146-moc-lug\\\/\",\"name\":\"8146 Moc Lug - Red Wing Store Frankfurt\",\"isPartOf\":{\"@id\":\"https:\\\/\\\/www.redwingfrankfurt.com\\\/en\\\/#website\"},\"primaryImageOfPage\":{\"@id\":\"https:\\\/\\\/www.redwingfrankfurt.com\\\/en\\\/shop\\\/moc-toe-en\\\/red-wing-style-8146-moc-lug\\\/#primaryimage\"},\"image\":{\"@id\":\"https:\\\/\\\/www.redwingfrankfurt.com\\\/en\\\/shop\\\/moc-toe-en\\\/red-wing-style-8146-moc-lug\\\/#primaryimage\"},\"thumbnailUrl\":\"https:\\\/\\\/www.redwingfrankfurt.com\\\/wp-content\\\/uploads\\\/2024\\\/07\\\/8146_PC3-scaled-e1721661620920.jpg\",\"datePublished\":\"2014-11-11T15:26:29+00:00\",\"dateModified\":\"2026-04-11T09:56:36+00:00\",\"description\":\"8146 \u2013 Roughneck: Robuster Moc Toe mit Vibram Mini\u2011Lug Sohle, Briar Oil Slick Leder & Goodyear-Welt. Charaktervoll, wetterfest & neu besohlbar. Made in USA.\",\"breadcrumb\":{\"@id\":\"https:\\\/\\\/www.redwingfrankfurt.com\\\/en\\\/shop\\\/moc-toe-en\\\/red-wing-style-8146-moc-lug\\\/#breadcrumb\"},\"inLanguage\":\"en-US\",\"potentialAction\":[{\"@type\":\"ReadAction\",\"target\":[\"https:\\\/\\\/www.redwingfrankfurt.com\\\/en\\\/shop\\\/moc-toe-en\\\/red-wing-style-8146-moc-lug\\\/\"]}]},{\"@type\":\"ImageObject\",\"inLanguage\":\"en-US\",\"@id\":\"https:\\\/\\\/www.redwingfrankfurt.com\\\/en\\\/shop\\\/moc-toe-en\\\/red-wing-style-8146-moc-lug\\\/#primaryimage\",\"url\":\"https:\\\/\\\/www.redwingfrankfurt.com\\\/wp-content\\\/uploads\\\/2024\\\/07\\\/8146_PC3-scaled-e1721661620920.jpg\",\"contentUrl\":\"https:\\\/\\\/www.redwingfrankfurt.com\\\/wp-content\\\/uploads\\\/2024\\\/07\\\/8146_PC3-scaled-e1721661620920.jpg\",\"width\":2560,\"height\":2560},{\"@type\":\"BreadcrumbList\",\"@id\":\"https:\\\/\\\/www.redwingfrankfurt.com\\\/en\\\/shop\\\/moc-toe-en\\\/red-wing-style-8146-moc-lug\\\/#breadcrumb\",\"itemListElement\":[{\"@type\":\"ListItem\",\"position\":1,\"name\":\"Startseite\",\"item\":\"https:\\\/\\\/www.redwingfrankfurt.com\\\/en\\\/\"},{\"@type\":\"ListItem\",\"position\":2,\"name\":\"Shop\",\"item\":\"https:\\\/\\\/www.redwingfrankfurt.com\\\/shop\\\/\"},{\"@type\":\"ListItem\",\"position\":3,\"name\":\"8146 Moc Lug\"}]},{\"@type\":\"WebSite\",\"@id\":\"https:\\\/\\\/www.redwingfrankfurt.com\\\/en\\\/#website\",\"url\":\"https:\\\/\\\/www.redwingfrankfurt.com\\\/en\\\/\",\"name\":\"Red Wing Store Frankfurt\",\"description\":\"First Red Wing Store in Europe \u2013 since 1977\",\"potentialAction\":[{\"@type\":\"SearchAction\",\"target\":{\"@type\":\"EntryPoint\",\"urlTemplate\":\"https:\\\/\\\/www.redwingfrankfurt.com\\\/en\\\/?s={search_term_string}\"},\"query-input\":{\"@type\":\"PropertyValueSpecification\",\"valueRequired\":true,\"valueName\":\"search_term_string\"}}],\"inLanguage\":\"en-US\"}]}<\/script>\n<!-- \/ Yoast SEO plugin. -->","yoast_head_json":{"title":"8146 Moc Lug - Red Wing Store Frankfurt","description":"8146 \u2013 Roughneck: Robuster Moc Toe mit Vibram Mini\u2011Lug Sohle, Briar Oil Slick Leder & Goodyear-Welt. Charaktervoll, wetterfest & neu besohlbar. Made in USA.","robots":{"index":"index","follow":"follow","max-snippet":"max-snippet:-1","max-image-preview":"max-image-preview:large","max-video-preview":"max-video-preview:-1"},"canonical":"https:\/\/www.redwingfrankfurt.com\/en\/shop\/moc-toe-en\/red-wing-style-8146-moc-lug\/","og_locale":"en_US","og_type":"article","og_title":"8146 Moc Lug - Red Wing Store Frankfurt","og_description":"8146 \u2013 Roughneck: Robuster Moc Toe mit Vibram Mini\u2011Lug Sohle, Briar Oil Slick Leder & Goodyear-Welt. Charaktervoll, wetterfest & neu besohlbar. Made in USA.","og_url":"https:\/\/www.redwingfrankfurt.com\/en\/shop\/moc-toe-en\/red-wing-style-8146-moc-lug\/","og_site_name":"Red Wing Store Frankfurt","article_modified_time":"2026-04-11T09:56:36+00:00","og_image":[{"width":2560,"height":2560,"url":"https:\/\/www.redwingfrankfurt.com\/wp-content\/uploads\/2024\/07\/8146_PC3-scaled-e1721661620920.jpg","type":"image\/jpeg"}],"twitter_card":"summary_large_image","twitter_misc":{"Est. reading time":"1 minute"},"schema":{"@context":"https:\/\/schema.org","@graph":[{"@type":"WebPage","@id":"https:\/\/www.redwingfrankfurt.com\/en\/shop\/moc-toe-en\/red-wing-style-8146-moc-lug\/","url":"https:\/\/www.redwingfrankfurt.com\/en\/shop\/moc-toe-en\/red-wing-style-8146-moc-lug\/","name":"8146 Moc Lug - Red Wing Store Frankfurt","isPartOf":{"@id":"https:\/\/www.redwingfrankfurt.com\/en\/#website"},"primaryImageOfPage":{"@id":"https:\/\/www.redwingfrankfurt.com\/en\/shop\/moc-toe-en\/red-wing-style-8146-moc-lug\/#primaryimage"},"image":{"@id":"https:\/\/www.redwingfrankfurt.com\/en\/shop\/moc-toe-en\/red-wing-style-8146-moc-lug\/#primaryimage"},"thumbnailUrl":"https:\/\/www.redwingfrankfurt.com\/wp-content\/uploads\/2024\/07\/8146_PC3-scaled-e1721661620920.jpg","datePublished":"2014-11-11T15:26:29+00:00","dateModified":"2026-04-11T09:56:36+00:00","description":"8146 \u2013 Roughneck: Robuster Moc Toe mit Vibram Mini\u2011Lug Sohle, Briar Oil Slick Leder & Goodyear-Welt. Charaktervoll, wetterfest & neu besohlbar. Made in USA.","breadcrumb":{"@id":"https:\/\/www.redwingfrankfurt.com\/en\/shop\/moc-toe-en\/red-wing-style-8146-moc-lug\/#breadcrumb"},"inLanguage":"en-US","potentialAction":[{"@type":"ReadAction","target":["https:\/\/www.redwingfrankfurt.com\/en\/shop\/moc-toe-en\/red-wing-style-8146-moc-lug\/"]}]},{"@type":"ImageObject","inLanguage":"en-US","@id":"https:\/\/www.redwingfrankfurt.com\/en\/shop\/moc-toe-en\/red-wing-style-8146-moc-lug\/#primaryimage","url":"https:\/\/www.redwingfrankfurt.com\/wp-content\/uploads\/2024\/07\/8146_PC3-scaled-e1721661620920.jpg","contentUrl":"https:\/\/www.redwingfrankfurt.com\/wp-content\/uploads\/2024\/07\/8146_PC3-scaled-e1721661620920.jpg","width":2560,"height":2560},{"@type":"BreadcrumbList","@id":"https:\/\/www.redwingfrankfurt.com\/en\/shop\/moc-toe-en\/red-wing-style-8146-moc-lug\/#breadcrumb","itemListElement":[{"@type":"ListItem","position":1,"name":"Startseite","item":"https:\/\/www.redwingfrankfurt.com\/en\/"},{"@type":"ListItem","position":2,"name":"Shop","item":"https:\/\/www.redwingfrankfurt.com\/shop\/"},{"@type":"ListItem","position":3,"name":"8146 Moc Lug"}]},{"@type":"WebSite","@id":"https:\/\/www.redwingfrankfurt.com\/en\/#website","url":"https:\/\/www.redwingfrankfurt.com\/en\/","name":"Red Wing Store Frankfurt","description":"First Red Wing Store in Europe \u2013 since 1977","potentialAction":[{"@type":"SearchAction","target":{"@type":"EntryPoint","urlTemplate":"https:\/\/www.redwingfrankfurt.com\/en\/?s={search_term_string}"},"query-input":{"@type":"PropertyValueSpecification","valueRequired":true,"valueName":"search_term_string"}}],"inLanguage":"en-US"}]}},"_links":{"self":[{"href":"https:\/\/www.redwingfrankfurt.com\/en\/wp-json\/wp\/v2\/product\/2196","targetHints":{"allow":["GET"]}}],"collection":[{"href":"https:\/\/www.redwingfrankfurt.com\/en\/wp-json\/wp\/v2\/product"}],"about":[{"href":"https:\/\/www.redwingfrankfurt.com\/en\/wp-json\/wp\/v2\/types\/product"}],"wp:featuredmedia":[{"embeddable":true,"href":"https:\/\/www.redwingfrankfurt.com\/en\/wp-json\/wp\/v2\/media\/18803"}],"wp:attachment":[{"href":"https:\/\/www.redwingfrankfurt.com\/en\/wp-json\/wp\/v2\/media?parent=2196"}],"wp:term":[{"taxonomy":"product_brand","embeddable":true,"href":"https:\/\/www.redwingfrankfurt.com\/en\/wp-json\/wp\/v2\/product_brand?post=2196"},{"taxonomy":"product_cat","embeddable":true,"href":"https:\/\/www.redwingfrankfurt.com\/en\/wp-json\/wp\/v2\/product_cat?post=2196"},{"taxonomy":"product_tag","embeddable":true,"href":"https:\/\/www.redwingfrankfurt.com\/en\/wp-json\/wp\/v2\/product_tag?post=2196"}],"curies":[{"name":"wp","href":"https:\/\/api.w.org\/{rel}","templated":true}]}}