{"id":2195,"date":"2014-11-11T17:08:22","date_gmt":"2014-11-11T15:08:22","guid":{"rendered":"http:\/\/dev1.redwingfrankfurt.com\/shop\/6-inch-moc-toe\/red-wing-style-1907-moc-toe\/"},"modified":"2026-04-09T13:33:30","modified_gmt":"2026-04-09T11:33:30","slug":"red-wing-style-1907-moc-toe","status":"publish","type":"product","link":"https:\/\/www.redwingfrankfurt.com\/en\/shop\/moc-toe-en\/red-wing-style-1907-moc-toe\/","title":{"rendered":"1907 Moc Toe"},"content":{"rendered":"<p data-start=\"150\" data-end=\"187\"><span class=\"relative -mx-px my-[-0.2rem] rounded px-px py-[0.2rem] transition-colors duration-100 ease-in-out\">Der Red Wing 1907 ist ein echtes Statement in tiefem Kupferbraun: Hergestellt aus markantem Copper Rough &amp; Tough Leder mit rustikaler Oberfl\u00e4chenstruktur. St\u00e4rker als \u00fcblich, wirkt es im ersten Moment hart \u2013 entwickelt aber mit der Zeit eine weiche, pers\u00f6nliche Tragecharakteristik und eine warme Patina. Die cleane Traction Tred Sohle kombiniert angenehme D\u00e4mpfung mit sicherem Halt, auch auf rutschigem Untergrund. Besonderes Highlight: die norwegische Rahmennaht (Norwegian welt), die den Schuh extrem robust macht und bei Verschlei\u00df einfach neu besohlbar ist. Das gro\u00dfz\u00fcgige Fu\u00dfbett l\u00e4sst orthop\u00e4dische Einlagen Platz \u2013 der 1907 bleibt auch bei besonderen Anforderungen bequem. Gefertigt in den USA \u2013 hier trifft Tradition auf Funktionalit\u00e4t.<\/span><\/p>\n","protected":false},"excerpt":{"rendered":"<ul>\n<li>Leder: Copper Rough &amp; Tough<\/li>\n<li>Innen: Lederbrandsohle + trittd\u00e4mpfender Einlegesohle<\/li>\n<li>Sohle: Cushion Crepe Wedge<\/li>\n<li>Konstruktion: Rahmengen\u00e4ht<br \/>\n<span style=\"color: #ffffff;\">&#8212;&#8212;&#8212;&#8212;&#8212;&#8212;&#8212;&#8212;&#8212;&#8212;&#8212;&#8211;<\/span><br \/>\nMade in the USA!<\/li>\n<\/ul>\n","protected":false},"featured_media":18937,"template":"","meta":[],"product_brand":[],"product_cat":[83,96],"product_tag":[504,457,459,438,846,427],"class_list":{"0":"post-2195","1":"product","2":"type-product","3":"status-publish","4":"has-post-thumbnail","6":"product_cat-mens-shoes","7":"product_cat-moc-toe","8":"product_tag-504","9":"product_tag-braun","10":"product_tag-brown","11":"product_tag-copper-rough-and-tough","12":"product_tag-data","13":"product_tag-moc-toe","14":"pa_farbe-braun","15":"pa_groesse-129","16":"pa_groesse-130","17":"pa_groesse-44-5","18":"pa_groesse-132","19":"pa_groesse-133","20":"pa_groesse-134","21":"pa_groesse-122","22":"pa_groesse-123","23":"pa_groesse-118","24":"pa_groesse-41-5","25":"pa_groesse-127","26":"pa_groesse-42-5","28":"first","29":"instock","30":"taxable","31":"shipping-taxable","32":"purchasable","33":"product-type-variable","34":"add-to-wishlist-before_image"},"yoast_head":"<!-- This site is optimized with the Yoast SEO plugin v27.3 - https:\/\/yoast.com\/product\/yoast-seo-wordpress\/ -->\n<title>1907 Moc Toe - Red Wing Store Frankfurt<\/title>\n<meta name=\"description\" content=\"1907 Copper Rough &amp; Tough: Rustikaler Moc Toe mit Copper Rough &amp; Tough Leder und norwegischer Rahmennaht. Robust &amp; neu besohlbar \u2013 Made in USA.\" \/>\n<meta name=\"robots\" content=\"index, follow, max-snippet:-1, max-image-preview:large, max-video-preview:-1\" \/>\n<link rel=\"canonical\" href=\"https:\/\/www.redwingfrankfurt.com\/en\/shop\/moc-toe-en\/red-wing-style-1907-moc-toe\/\" \/>\n<meta property=\"og:locale\" content=\"en_US\" \/>\n<meta property=\"og:type\" content=\"article\" \/>\n<meta property=\"og:title\" content=\"1907 Moc Toe - Red Wing Store Frankfurt\" \/>\n<meta property=\"og:description\" content=\"1907 Copper Rough &amp; Tough: Rustikaler Moc Toe mit Copper Rough &amp; Tough Leder und norwegischer Rahmennaht. Robust &amp; neu besohlbar \u2013 Made in USA.\" \/>\n<meta property=\"og:url\" content=\"https:\/\/www.redwingfrankfurt.com\/en\/shop\/moc-toe-en\/red-wing-style-1907-moc-toe\/\" \/>\n<meta property=\"og:site_name\" content=\"Red Wing Store Frankfurt\" \/>\n<meta property=\"article:modified_time\" content=\"2026-04-09T11:33:30+00:00\" \/>\n<meta property=\"og:image\" content=\"https:\/\/www.redwingfrankfurt.com\/wp-content\/uploads\/2024\/07\/1907_PC3-scaled-e1721661742666.jpg\" \/>\n\t<meta property=\"og:image:width\" content=\"2560\" \/>\n\t<meta property=\"og:image:height\" content=\"2560\" \/>\n\t<meta property=\"og:image:type\" content=\"image\/jpeg\" \/>\n<meta name=\"twitter:card\" content=\"summary_large_image\" \/>\n<meta name=\"twitter:label1\" content=\"Est. reading time\" \/>\n\t<meta name=\"twitter:data1\" content=\"1 minute\" \/>\n<script type=\"application\/ld+json\" class=\"yoast-schema-graph\">{\"@context\":\"https:\\\/\\\/schema.org\",\"@graph\":[{\"@type\":\"WebPage\",\"@id\":\"https:\\\/\\\/www.redwingfrankfurt.com\\\/en\\\/shop\\\/moc-toe-en\\\/red-wing-style-1907-moc-toe\\\/\",\"url\":\"https:\\\/\\\/www.redwingfrankfurt.com\\\/en\\\/shop\\\/moc-toe-en\\\/red-wing-style-1907-moc-toe\\\/\",\"name\":\"1907 Moc Toe - Red Wing Store Frankfurt\",\"isPartOf\":{\"@id\":\"https:\\\/\\\/www.redwingfrankfurt.com\\\/en\\\/#website\"},\"primaryImageOfPage\":{\"@id\":\"https:\\\/\\\/www.redwingfrankfurt.com\\\/en\\\/shop\\\/moc-toe-en\\\/red-wing-style-1907-moc-toe\\\/#primaryimage\"},\"image\":{\"@id\":\"https:\\\/\\\/www.redwingfrankfurt.com\\\/en\\\/shop\\\/moc-toe-en\\\/red-wing-style-1907-moc-toe\\\/#primaryimage\"},\"thumbnailUrl\":\"https:\\\/\\\/www.redwingfrankfurt.com\\\/wp-content\\\/uploads\\\/2024\\\/07\\\/1907_PC3-scaled-e1721661742666.jpg\",\"datePublished\":\"2014-11-11T15:08:22+00:00\",\"dateModified\":\"2026-04-09T11:33:30+00:00\",\"description\":\"1907 Copper Rough & Tough: Rustikaler Moc Toe mit Copper Rough & Tough Leder und norwegischer Rahmennaht. Robust & neu besohlbar \u2013 Made in USA.\",\"breadcrumb\":{\"@id\":\"https:\\\/\\\/www.redwingfrankfurt.com\\\/en\\\/shop\\\/moc-toe-en\\\/red-wing-style-1907-moc-toe\\\/#breadcrumb\"},\"inLanguage\":\"en-US\",\"potentialAction\":[{\"@type\":\"ReadAction\",\"target\":[\"https:\\\/\\\/www.redwingfrankfurt.com\\\/en\\\/shop\\\/moc-toe-en\\\/red-wing-style-1907-moc-toe\\\/\"]}]},{\"@type\":\"ImageObject\",\"inLanguage\":\"en-US\",\"@id\":\"https:\\\/\\\/www.redwingfrankfurt.com\\\/en\\\/shop\\\/moc-toe-en\\\/red-wing-style-1907-moc-toe\\\/#primaryimage\",\"url\":\"https:\\\/\\\/www.redwingfrankfurt.com\\\/wp-content\\\/uploads\\\/2024\\\/07\\\/1907_PC3-scaled-e1721661742666.jpg\",\"contentUrl\":\"https:\\\/\\\/www.redwingfrankfurt.com\\\/wp-content\\\/uploads\\\/2024\\\/07\\\/1907_PC3-scaled-e1721661742666.jpg\",\"width\":2560,\"height\":2560},{\"@type\":\"BreadcrumbList\",\"@id\":\"https:\\\/\\\/www.redwingfrankfurt.com\\\/en\\\/shop\\\/moc-toe-en\\\/red-wing-style-1907-moc-toe\\\/#breadcrumb\",\"itemListElement\":[{\"@type\":\"ListItem\",\"position\":1,\"name\":\"Startseite\",\"item\":\"https:\\\/\\\/www.redwingfrankfurt.com\\\/en\\\/\"},{\"@type\":\"ListItem\",\"position\":2,\"name\":\"Shop\",\"item\":\"https:\\\/\\\/www.redwingfrankfurt.com\\\/shop\\\/\"},{\"@type\":\"ListItem\",\"position\":3,\"name\":\"1907 Moc Toe\"}]},{\"@type\":\"WebSite\",\"@id\":\"https:\\\/\\\/www.redwingfrankfurt.com\\\/en\\\/#website\",\"url\":\"https:\\\/\\\/www.redwingfrankfurt.com\\\/en\\\/\",\"name\":\"Red Wing Store Frankfurt\",\"description\":\"First Red Wing Store in Europe \u2013 since 1977\",\"potentialAction\":[{\"@type\":\"SearchAction\",\"target\":{\"@type\":\"EntryPoint\",\"urlTemplate\":\"https:\\\/\\\/www.redwingfrankfurt.com\\\/en\\\/?s={search_term_string}\"},\"query-input\":{\"@type\":\"PropertyValueSpecification\",\"valueRequired\":true,\"valueName\":\"search_term_string\"}}],\"inLanguage\":\"en-US\"}]}<\/script>\n<!-- \/ Yoast SEO plugin. -->","yoast_head_json":{"title":"1907 Moc Toe - Red Wing Store Frankfurt","description":"1907 Copper Rough & Tough: Rustikaler Moc Toe mit Copper Rough & Tough Leder und norwegischer Rahmennaht. Robust & neu besohlbar \u2013 Made in USA.","robots":{"index":"index","follow":"follow","max-snippet":"max-snippet:-1","max-image-preview":"max-image-preview:large","max-video-preview":"max-video-preview:-1"},"canonical":"https:\/\/www.redwingfrankfurt.com\/en\/shop\/moc-toe-en\/red-wing-style-1907-moc-toe\/","og_locale":"en_US","og_type":"article","og_title":"1907 Moc Toe - Red Wing Store Frankfurt","og_description":"1907 Copper Rough & Tough: Rustikaler Moc Toe mit Copper Rough & Tough Leder und norwegischer Rahmennaht. Robust & neu besohlbar \u2013 Made in USA.","og_url":"https:\/\/www.redwingfrankfurt.com\/en\/shop\/moc-toe-en\/red-wing-style-1907-moc-toe\/","og_site_name":"Red Wing Store Frankfurt","article_modified_time":"2026-04-09T11:33:30+00:00","og_image":[{"width":2560,"height":2560,"url":"https:\/\/www.redwingfrankfurt.com\/wp-content\/uploads\/2024\/07\/1907_PC3-scaled-e1721661742666.jpg","type":"image\/jpeg"}],"twitter_card":"summary_large_image","twitter_misc":{"Est. reading time":"1 minute"},"schema":{"@context":"https:\/\/schema.org","@graph":[{"@type":"WebPage","@id":"https:\/\/www.redwingfrankfurt.com\/en\/shop\/moc-toe-en\/red-wing-style-1907-moc-toe\/","url":"https:\/\/www.redwingfrankfurt.com\/en\/shop\/moc-toe-en\/red-wing-style-1907-moc-toe\/","name":"1907 Moc Toe - Red Wing Store Frankfurt","isPartOf":{"@id":"https:\/\/www.redwingfrankfurt.com\/en\/#website"},"primaryImageOfPage":{"@id":"https:\/\/www.redwingfrankfurt.com\/en\/shop\/moc-toe-en\/red-wing-style-1907-moc-toe\/#primaryimage"},"image":{"@id":"https:\/\/www.redwingfrankfurt.com\/en\/shop\/moc-toe-en\/red-wing-style-1907-moc-toe\/#primaryimage"},"thumbnailUrl":"https:\/\/www.redwingfrankfurt.com\/wp-content\/uploads\/2024\/07\/1907_PC3-scaled-e1721661742666.jpg","datePublished":"2014-11-11T15:08:22+00:00","dateModified":"2026-04-09T11:33:30+00:00","description":"1907 Copper Rough & Tough: Rustikaler Moc Toe mit Copper Rough & Tough Leder und norwegischer Rahmennaht. Robust & neu besohlbar \u2013 Made in USA.","breadcrumb":{"@id":"https:\/\/www.redwingfrankfurt.com\/en\/shop\/moc-toe-en\/red-wing-style-1907-moc-toe\/#breadcrumb"},"inLanguage":"en-US","potentialAction":[{"@type":"ReadAction","target":["https:\/\/www.redwingfrankfurt.com\/en\/shop\/moc-toe-en\/red-wing-style-1907-moc-toe\/"]}]},{"@type":"ImageObject","inLanguage":"en-US","@id":"https:\/\/www.redwingfrankfurt.com\/en\/shop\/moc-toe-en\/red-wing-style-1907-moc-toe\/#primaryimage","url":"https:\/\/www.redwingfrankfurt.com\/wp-content\/uploads\/2024\/07\/1907_PC3-scaled-e1721661742666.jpg","contentUrl":"https:\/\/www.redwingfrankfurt.com\/wp-content\/uploads\/2024\/07\/1907_PC3-scaled-e1721661742666.jpg","width":2560,"height":2560},{"@type":"BreadcrumbList","@id":"https:\/\/www.redwingfrankfurt.com\/en\/shop\/moc-toe-en\/red-wing-style-1907-moc-toe\/#breadcrumb","itemListElement":[{"@type":"ListItem","position":1,"name":"Startseite","item":"https:\/\/www.redwingfrankfurt.com\/en\/"},{"@type":"ListItem","position":2,"name":"Shop","item":"https:\/\/www.redwingfrankfurt.com\/shop\/"},{"@type":"ListItem","position":3,"name":"1907 Moc Toe"}]},{"@type":"WebSite","@id":"https:\/\/www.redwingfrankfurt.com\/en\/#website","url":"https:\/\/www.redwingfrankfurt.com\/en\/","name":"Red Wing Store Frankfurt","description":"First Red Wing Store in Europe \u2013 since 1977","potentialAction":[{"@type":"SearchAction","target":{"@type":"EntryPoint","urlTemplate":"https:\/\/www.redwingfrankfurt.com\/en\/?s={search_term_string}"},"query-input":{"@type":"PropertyValueSpecification","valueRequired":true,"valueName":"search_term_string"}}],"inLanguage":"en-US"}]}},"_links":{"self":[{"href":"https:\/\/www.redwingfrankfurt.com\/en\/wp-json\/wp\/v2\/product\/2195","targetHints":{"allow":["GET"]}}],"collection":[{"href":"https:\/\/www.redwingfrankfurt.com\/en\/wp-json\/wp\/v2\/product"}],"about":[{"href":"https:\/\/www.redwingfrankfurt.com\/en\/wp-json\/wp\/v2\/types\/product"}],"wp:featuredmedia":[{"embeddable":true,"href":"https:\/\/www.redwingfrankfurt.com\/en\/wp-json\/wp\/v2\/media\/18937"}],"wp:attachment":[{"href":"https:\/\/www.redwingfrankfurt.com\/en\/wp-json\/wp\/v2\/media?parent=2195"}],"wp:term":[{"taxonomy":"product_brand","embeddable":true,"href":"https:\/\/www.redwingfrankfurt.com\/en\/wp-json\/wp\/v2\/product_brand?post=2195"},{"taxonomy":"product_cat","embeddable":true,"href":"https:\/\/www.redwingfrankfurt.com\/en\/wp-json\/wp\/v2\/product_cat?post=2195"},{"taxonomy":"product_tag","embeddable":true,"href":"https:\/\/www.redwingfrankfurt.com\/en\/wp-json\/wp\/v2\/product_tag?post=2195"}],"curies":[{"name":"wp","href":"https:\/\/api.w.org\/{rel}","templated":true}]}}