{"id":2194,"date":"2014-11-11T17:00:16","date_gmt":"2014-11-11T15:00:16","guid":{"rendered":"http:\/\/dev1.redwingfrankfurt.com\/shop\/6-inch-moc-toe\/red-wing-style-8881-moc-toe\/"},"modified":"2026-04-09T11:19:36","modified_gmt":"2026-04-09T09:19:36","slug":"red-wing-style-8881-moc-toe","status":"publish","type":"product","link":"https:\/\/www.redwingfrankfurt.com\/en\/shop\/moc-toe-en\/red-wing-style-8881-moc-toe\/","title":{"rendered":"8881 Moc Toe"},"content":{"rendered":"<p>Der Classic Moc 8881 pr\u00e4sentiert sich im eleganten Olive Mojave Rough\u2011Out Leder mit sattem Gr\u00fcnton. Dieses rau strukturierte Leder stammt aus der SB\u2011Foot Tannery und verbindet nat\u00fcrliche Robustheit mit einer Unempfindlichkeit gegen\u00fcber Schmutz und Wasser. Das Deer\u2011Skin\u2011\u00e4hnliche Finish verleiht jeder Faser Charakter \u2013 und das selbst nach Jahren noch sp\u00fcrbar. Die ikonische Traction Tred Cushion Crepe Wedge Sohle bietet nicht nur sicheren Halt und angenehme D\u00e4mpfung, sondern macht das Modell auch zum idealen Begleiter f\u00fcr lange Tage. Die rahmengen\u00e4hte Goodyear-Konstruktion sorgt f\u00fcr maximale Haltbarkeit und l\u00e4sst sich bei Bedarf problemlos neu besohlen. Mit klassischem Puritan-Stitch, robusten Taslan-Schn\u00fcrsenkeln in Gold\/Tan ist der 8881 Ausdruck amerikanischer Schuhmacherkunst \u2013 schlicht, aber unvergesslich.<\/p>\n<p>&nbsp;<\/p>\n","protected":false},"excerpt":{"rendered":"<ul>\n<li>Leder: Mohave Olive<\/li>\n<li>Innen: Lederbrandsohle<\/li>\n<li>Sohle: Cushion Crepe Wedge<\/li>\n<li>Konstruktion: Rahmengen\u00e4ht<br \/>\n<span style=\"color: #ffffff;\">&#8212;&#8212;&#8212;&#8212;&#8212;&#8212;&#8212;&#8212;&#8212;&#8212;&#8212;&#8212;-<\/span><br \/>\nMade in the USA!<\/li>\n<\/ul>\n","protected":false},"featured_media":17587,"template":"","meta":[],"product_brand":[],"product_cat":[83,96],"product_tag":[505,846,509,510,427,508,507,506],"class_list":{"0":"post-2194","1":"product","2":"type-product","3":"status-publish","4":"has-post-thumbnail","6":"product_cat-mens-shoes","7":"product_cat-moc-toe","8":"product_tag-505","9":"product_tag-data","10":"product_tag-green","11":"product_tag-gruen","12":"product_tag-moc-toe","13":"product_tag-oiliv","14":"product_tag-oilve","15":"product_tag-oliv-mohave","16":"pa_farbe-oilve","17":"pa_groesse-129","18":"pa_groesse-130","19":"pa_groesse-44-5","20":"pa_groesse-132","21":"pa_groesse-133","22":"pa_groesse-134","23":"pa_groesse-122","24":"pa_groesse-123","25":"pa_groesse-118","26":"pa_groesse-41-5","27":"pa_groesse-127","28":"pa_groesse-42-5","30":"first","31":"instock","32":"taxable","33":"shipping-taxable","34":"purchasable","35":"product-type-variable","36":"add-to-wishlist-before_image"},"yoast_head":"<!-- This site is optimized with the Yoast SEO plugin v27.3 - https:\/\/yoast.com\/product\/yoast-seo-wordpress\/ -->\n<title>8881 Moc Toe - Red Wing Store Frankfurt<\/title>\n<meta name=\"description\" content=\"8881 \u2013 Olive Mojave: Robuster Moc Toe aus Olive Mojave Rough\u2011Out Leder mit Traction Tred Crepe\u2011Sohle &amp; Goodyear-Welt. Zeitlos, komfortabel &amp; Made in USA.\" \/>\n<meta name=\"robots\" content=\"index, follow, max-snippet:-1, max-image-preview:large, max-video-preview:-1\" \/>\n<link rel=\"canonical\" href=\"https:\/\/www.redwingfrankfurt.com\/en\/shop\/moc-toe-en\/red-wing-style-8881-moc-toe\/\" \/>\n<meta property=\"og:locale\" content=\"en_US\" \/>\n<meta property=\"og:type\" content=\"article\" \/>\n<meta property=\"og:title\" content=\"8881 Moc Toe - Red Wing Store Frankfurt\" \/>\n<meta property=\"og:description\" content=\"8881 \u2013 Olive Mojave: Robuster Moc Toe aus Olive Mojave Rough\u2011Out Leder mit Traction Tred Crepe\u2011Sohle &amp; Goodyear-Welt. Zeitlos, komfortabel &amp; Made in USA.\" \/>\n<meta property=\"og:url\" content=\"https:\/\/www.redwingfrankfurt.com\/en\/shop\/moc-toe-en\/red-wing-style-8881-moc-toe\/\" \/>\n<meta property=\"og:site_name\" content=\"Red Wing Store Frankfurt\" \/>\n<meta property=\"article:modified_time\" content=\"2026-04-09T09:19:36+00:00\" \/>\n<meta property=\"og:image\" content=\"https:\/\/www.redwingfrankfurt.com\/wp-content\/uploads\/2023\/08\/RW08881C_MUL_N3_0315-scaled-e1692108356240.jpg\" \/>\n\t<meta property=\"og:image:width\" content=\"2560\" \/>\n\t<meta property=\"og:image:height\" content=\"2552\" \/>\n\t<meta property=\"og:image:type\" content=\"image\/jpeg\" \/>\n<meta name=\"twitter:card\" content=\"summary_large_image\" \/>\n<meta name=\"twitter:label1\" content=\"Est. reading time\" \/>\n\t<meta name=\"twitter:data1\" content=\"1 minute\" \/>\n<script type=\"application\/ld+json\" class=\"yoast-schema-graph\">{\"@context\":\"https:\\\/\\\/schema.org\",\"@graph\":[{\"@type\":\"WebPage\",\"@id\":\"https:\\\/\\\/www.redwingfrankfurt.com\\\/en\\\/shop\\\/moc-toe-en\\\/red-wing-style-8881-moc-toe\\\/\",\"url\":\"https:\\\/\\\/www.redwingfrankfurt.com\\\/en\\\/shop\\\/moc-toe-en\\\/red-wing-style-8881-moc-toe\\\/\",\"name\":\"8881 Moc Toe - Red Wing Store Frankfurt\",\"isPartOf\":{\"@id\":\"https:\\\/\\\/www.redwingfrankfurt.com\\\/en\\\/#website\"},\"primaryImageOfPage\":{\"@id\":\"https:\\\/\\\/www.redwingfrankfurt.com\\\/en\\\/shop\\\/moc-toe-en\\\/red-wing-style-8881-moc-toe\\\/#primaryimage\"},\"image\":{\"@id\":\"https:\\\/\\\/www.redwingfrankfurt.com\\\/en\\\/shop\\\/moc-toe-en\\\/red-wing-style-8881-moc-toe\\\/#primaryimage\"},\"thumbnailUrl\":\"https:\\\/\\\/www.redwingfrankfurt.com\\\/wp-content\\\/uploads\\\/2023\\\/08\\\/RW08881C_MUL_N3_0315-scaled-e1692108356240.jpg\",\"datePublished\":\"2014-11-11T15:00:16+00:00\",\"dateModified\":\"2026-04-09T09:19:36+00:00\",\"description\":\"8881 \u2013 Olive Mojave: Robuster Moc Toe aus Olive Mojave Rough\u2011Out Leder mit Traction Tred Crepe\u2011Sohle & Goodyear-Welt. Zeitlos, komfortabel & Made in USA.\",\"breadcrumb\":{\"@id\":\"https:\\\/\\\/www.redwingfrankfurt.com\\\/en\\\/shop\\\/moc-toe-en\\\/red-wing-style-8881-moc-toe\\\/#breadcrumb\"},\"inLanguage\":\"en-US\",\"potentialAction\":[{\"@type\":\"ReadAction\",\"target\":[\"https:\\\/\\\/www.redwingfrankfurt.com\\\/en\\\/shop\\\/moc-toe-en\\\/red-wing-style-8881-moc-toe\\\/\"]}]},{\"@type\":\"ImageObject\",\"inLanguage\":\"en-US\",\"@id\":\"https:\\\/\\\/www.redwingfrankfurt.com\\\/en\\\/shop\\\/moc-toe-en\\\/red-wing-style-8881-moc-toe\\\/#primaryimage\",\"url\":\"https:\\\/\\\/www.redwingfrankfurt.com\\\/wp-content\\\/uploads\\\/2023\\\/08\\\/RW08881C_MUL_N3_0315-scaled-e1692108356240.jpg\",\"contentUrl\":\"https:\\\/\\\/www.redwingfrankfurt.com\\\/wp-content\\\/uploads\\\/2023\\\/08\\\/RW08881C_MUL_N3_0315-scaled-e1692108356240.jpg\",\"width\":2560,\"height\":2552},{\"@type\":\"BreadcrumbList\",\"@id\":\"https:\\\/\\\/www.redwingfrankfurt.com\\\/en\\\/shop\\\/moc-toe-en\\\/red-wing-style-8881-moc-toe\\\/#breadcrumb\",\"itemListElement\":[{\"@type\":\"ListItem\",\"position\":1,\"name\":\"Startseite\",\"item\":\"https:\\\/\\\/www.redwingfrankfurt.com\\\/en\\\/\"},{\"@type\":\"ListItem\",\"position\":2,\"name\":\"Shop\",\"item\":\"https:\\\/\\\/www.redwingfrankfurt.com\\\/shop\\\/\"},{\"@type\":\"ListItem\",\"position\":3,\"name\":\"8881 Moc Toe\"}]},{\"@type\":\"WebSite\",\"@id\":\"https:\\\/\\\/www.redwingfrankfurt.com\\\/en\\\/#website\",\"url\":\"https:\\\/\\\/www.redwingfrankfurt.com\\\/en\\\/\",\"name\":\"Red Wing Store Frankfurt\",\"description\":\"First Red Wing Store in Europe \u2013 since 1977\",\"potentialAction\":[{\"@type\":\"SearchAction\",\"target\":{\"@type\":\"EntryPoint\",\"urlTemplate\":\"https:\\\/\\\/www.redwingfrankfurt.com\\\/en\\\/?s={search_term_string}\"},\"query-input\":{\"@type\":\"PropertyValueSpecification\",\"valueRequired\":true,\"valueName\":\"search_term_string\"}}],\"inLanguage\":\"en-US\"}]}<\/script>\n<!-- \/ Yoast SEO plugin. -->","yoast_head_json":{"title":"8881 Moc Toe - Red Wing Store Frankfurt","description":"8881 \u2013 Olive Mojave: Robuster Moc Toe aus Olive Mojave Rough\u2011Out Leder mit Traction Tred Crepe\u2011Sohle & Goodyear-Welt. Zeitlos, komfortabel & Made in USA.","robots":{"index":"index","follow":"follow","max-snippet":"max-snippet:-1","max-image-preview":"max-image-preview:large","max-video-preview":"max-video-preview:-1"},"canonical":"https:\/\/www.redwingfrankfurt.com\/en\/shop\/moc-toe-en\/red-wing-style-8881-moc-toe\/","og_locale":"en_US","og_type":"article","og_title":"8881 Moc Toe - Red Wing Store Frankfurt","og_description":"8881 \u2013 Olive Mojave: Robuster Moc Toe aus Olive Mojave Rough\u2011Out Leder mit Traction Tred Crepe\u2011Sohle & Goodyear-Welt. Zeitlos, komfortabel & Made in USA.","og_url":"https:\/\/www.redwingfrankfurt.com\/en\/shop\/moc-toe-en\/red-wing-style-8881-moc-toe\/","og_site_name":"Red Wing Store Frankfurt","article_modified_time":"2026-04-09T09:19:36+00:00","og_image":[{"width":2560,"height":2552,"url":"https:\/\/www.redwingfrankfurt.com\/wp-content\/uploads\/2023\/08\/RW08881C_MUL_N3_0315-scaled-e1692108356240.jpg","type":"image\/jpeg"}],"twitter_card":"summary_large_image","twitter_misc":{"Est. reading time":"1 minute"},"schema":{"@context":"https:\/\/schema.org","@graph":[{"@type":"WebPage","@id":"https:\/\/www.redwingfrankfurt.com\/en\/shop\/moc-toe-en\/red-wing-style-8881-moc-toe\/","url":"https:\/\/www.redwingfrankfurt.com\/en\/shop\/moc-toe-en\/red-wing-style-8881-moc-toe\/","name":"8881 Moc Toe - Red Wing Store Frankfurt","isPartOf":{"@id":"https:\/\/www.redwingfrankfurt.com\/en\/#website"},"primaryImageOfPage":{"@id":"https:\/\/www.redwingfrankfurt.com\/en\/shop\/moc-toe-en\/red-wing-style-8881-moc-toe\/#primaryimage"},"image":{"@id":"https:\/\/www.redwingfrankfurt.com\/en\/shop\/moc-toe-en\/red-wing-style-8881-moc-toe\/#primaryimage"},"thumbnailUrl":"https:\/\/www.redwingfrankfurt.com\/wp-content\/uploads\/2023\/08\/RW08881C_MUL_N3_0315-scaled-e1692108356240.jpg","datePublished":"2014-11-11T15:00:16+00:00","dateModified":"2026-04-09T09:19:36+00:00","description":"8881 \u2013 Olive Mojave: Robuster Moc Toe aus Olive Mojave Rough\u2011Out Leder mit Traction Tred Crepe\u2011Sohle & Goodyear-Welt. Zeitlos, komfortabel & Made in USA.","breadcrumb":{"@id":"https:\/\/www.redwingfrankfurt.com\/en\/shop\/moc-toe-en\/red-wing-style-8881-moc-toe\/#breadcrumb"},"inLanguage":"en-US","potentialAction":[{"@type":"ReadAction","target":["https:\/\/www.redwingfrankfurt.com\/en\/shop\/moc-toe-en\/red-wing-style-8881-moc-toe\/"]}]},{"@type":"ImageObject","inLanguage":"en-US","@id":"https:\/\/www.redwingfrankfurt.com\/en\/shop\/moc-toe-en\/red-wing-style-8881-moc-toe\/#primaryimage","url":"https:\/\/www.redwingfrankfurt.com\/wp-content\/uploads\/2023\/08\/RW08881C_MUL_N3_0315-scaled-e1692108356240.jpg","contentUrl":"https:\/\/www.redwingfrankfurt.com\/wp-content\/uploads\/2023\/08\/RW08881C_MUL_N3_0315-scaled-e1692108356240.jpg","width":2560,"height":2552},{"@type":"BreadcrumbList","@id":"https:\/\/www.redwingfrankfurt.com\/en\/shop\/moc-toe-en\/red-wing-style-8881-moc-toe\/#breadcrumb","itemListElement":[{"@type":"ListItem","position":1,"name":"Startseite","item":"https:\/\/www.redwingfrankfurt.com\/en\/"},{"@type":"ListItem","position":2,"name":"Shop","item":"https:\/\/www.redwingfrankfurt.com\/shop\/"},{"@type":"ListItem","position":3,"name":"8881 Moc Toe"}]},{"@type":"WebSite","@id":"https:\/\/www.redwingfrankfurt.com\/en\/#website","url":"https:\/\/www.redwingfrankfurt.com\/en\/","name":"Red Wing Store Frankfurt","description":"First Red Wing Store in Europe \u2013 since 1977","potentialAction":[{"@type":"SearchAction","target":{"@type":"EntryPoint","urlTemplate":"https:\/\/www.redwingfrankfurt.com\/en\/?s={search_term_string}"},"query-input":{"@type":"PropertyValueSpecification","valueRequired":true,"valueName":"search_term_string"}}],"inLanguage":"en-US"}]}},"_links":{"self":[{"href":"https:\/\/www.redwingfrankfurt.com\/en\/wp-json\/wp\/v2\/product\/2194","targetHints":{"allow":["GET"]}}],"collection":[{"href":"https:\/\/www.redwingfrankfurt.com\/en\/wp-json\/wp\/v2\/product"}],"about":[{"href":"https:\/\/www.redwingfrankfurt.com\/en\/wp-json\/wp\/v2\/types\/product"}],"wp:featuredmedia":[{"embeddable":true,"href":"https:\/\/www.redwingfrankfurt.com\/en\/wp-json\/wp\/v2\/media\/17587"}],"wp:attachment":[{"href":"https:\/\/www.redwingfrankfurt.com\/en\/wp-json\/wp\/v2\/media?parent=2194"}],"wp:term":[{"taxonomy":"product_brand","embeddable":true,"href":"https:\/\/www.redwingfrankfurt.com\/en\/wp-json\/wp\/v2\/product_brand?post=2194"},{"taxonomy":"product_cat","embeddable":true,"href":"https:\/\/www.redwingfrankfurt.com\/en\/wp-json\/wp\/v2\/product_cat?post=2194"},{"taxonomy":"product_tag","embeddable":true,"href":"https:\/\/www.redwingfrankfurt.com\/en\/wp-json\/wp\/v2\/product_tag?post=2194"}],"curies":[{"name":"wp","href":"https:\/\/api.w.org\/{rel}","templated":true}]}}