{"id":21674,"date":"2025-11-04T15:17:53","date_gmt":"2025-11-04T13:17:53","guid":{"rendered":"https:\/\/www.redwingfrankfurt.com\/?post_type=product&#038;p=21674"},"modified":"2026-04-11T14:32:23","modified_gmt":"2026-04-11T12:32:23","slug":"laces-taslan-81cm-2","status":"publish","type":"product","link":"https:\/\/www.redwingfrankfurt.com\/en\/shop\/accessories\/laces\/laces-taslan-81cm-2\/","title":{"rendered":"Laces Taslan 81cm"},"content":{"rendered":"<p>Diese kurzen Red Wing Schn\u00fcrsenkel mit einer L\u00e4nge von ca. 81 cm sind f\u00fcr niedrig geschnittene Schuhe konzipiert. Sie sorgen f\u00fcr eine saubere, kompakte Schn\u00fcrung ohne \u00fcbersch\u00fcssige Schlaufen. Das widerstandsf\u00e4hige Taslan-Material bleibt formstabil, ist rei\u00dffest und passt optisch perfekt zu den klassischen Lederfarben der Red Wing Heritage Linie.<\/p>\n","protected":false},"excerpt":{"rendered":"<p>Original Red Wing Senkel in Schwarz\/Braun. Perfekt f\u00fcr Modelle mit 4 Loch-Schn\u00fcrung z.B 3141<\/p>\n","protected":false},"featured_media":22262,"template":"","meta":[],"product_brand":[],"product_cat":[109],"product_tag":[1056,736,441,442,737,728,723],"class_list":{"0":"post-21674","1":"product","2":"type-product","3":"status-publish","4":"has-post-thumbnail","6":"product_cat-laces","7":"product_tag-1056","8":"product_tag-black-brown","9":"product_tag-laces","10":"product_tag-schnuersenkel","11":"product_tag-schwaez-braun","12":"product_tag-senkel","13":"product_tag-taslan","14":"pa_farbe-braun","16":"first","17":"instock","18":"taxable","19":"shipping-taxable","20":"purchasable","21":"product-type-simple","22":"add-to-wishlist-before_image"},"yoast_head":"<!-- This site is optimized with the Yoast SEO plugin v27.5 - https:\/\/yoast.com\/product\/yoast-seo-wordpress\/ -->\n<title>Laces Taslan 81cm - Red Wing Store Frankfurt<\/title>\n<meta name=\"description\" content=\"Red Wing Schn\u00fcrsenkel 81 cm \u2013 kurze Taslan-Senkel f\u00fcr niedrige Schuhe wie Weekender Oxford oder Chukka. Robust, langlebig und klassisch.\" \/>\n<meta name=\"robots\" content=\"index, follow, max-snippet:-1, max-image-preview:large, max-video-preview:-1\" \/>\n<link rel=\"canonical\" href=\"https:\/\/www.redwingfrankfurt.com\/en\/shop\/accessories\/laces\/laces-taslan-81cm-2\/\" \/>\n<meta property=\"og:locale\" content=\"en_US\" \/>\n<meta property=\"og:type\" content=\"article\" \/>\n<meta property=\"og:title\" content=\"Laces Taslan 81cm - Red Wing Store Frankfurt\" \/>\n<meta property=\"og:description\" content=\"Red Wing Schn\u00fcrsenkel 81 cm \u2013 kurze Taslan-Senkel f\u00fcr niedrige Schuhe wie Weekender Oxford oder Chukka. Robust, langlebig und klassisch.\" \/>\n<meta property=\"og:url\" content=\"https:\/\/www.redwingfrankfurt.com\/en\/shop\/accessories\/laces\/laces-taslan-81cm-2\/\" \/>\n<meta property=\"og:site_name\" content=\"Red Wing Store Frankfurt\" \/>\n<meta property=\"article:modified_time\" content=\"2026-04-11T12:32:23+00:00\" \/>\n<meta property=\"og:image\" content=\"https:\/\/www.redwingfrankfurt.com\/wp-content\/uploads\/2026\/01\/RWS_Senkel_RH97159C_2000x2000.png\" \/>\n\t<meta property=\"og:image:width\" content=\"2000\" \/>\n\t<meta property=\"og:image:height\" content=\"2000\" \/>\n\t<meta property=\"og:image:type\" content=\"image\/png\" \/>\n<meta name=\"twitter:card\" content=\"summary_large_image\" \/>\n<script type=\"application\/ld+json\" class=\"yoast-schema-graph\">{\"@context\":\"https:\\\/\\\/schema.org\",\"@graph\":[{\"@type\":\"WebPage\",\"@id\":\"https:\\\/\\\/www.redwingfrankfurt.com\\\/en\\\/shop\\\/accessories\\\/laces\\\/laces-taslan-81cm-2\\\/\",\"url\":\"https:\\\/\\\/www.redwingfrankfurt.com\\\/en\\\/shop\\\/accessories\\\/laces\\\/laces-taslan-81cm-2\\\/\",\"name\":\"Laces Taslan 81cm - Red Wing Store Frankfurt\",\"isPartOf\":{\"@id\":\"https:\\\/\\\/www.redwingfrankfurt.com\\\/en\\\/#website\"},\"primaryImageOfPage\":{\"@id\":\"https:\\\/\\\/www.redwingfrankfurt.com\\\/en\\\/shop\\\/accessories\\\/laces\\\/laces-taslan-81cm-2\\\/#primaryimage\"},\"image\":{\"@id\":\"https:\\\/\\\/www.redwingfrankfurt.com\\\/en\\\/shop\\\/accessories\\\/laces\\\/laces-taslan-81cm-2\\\/#primaryimage\"},\"thumbnailUrl\":\"https:\\\/\\\/www.redwingfrankfurt.com\\\/wp-content\\\/uploads\\\/2026\\\/01\\\/RWS_Senkel_RH97159C_2000x2000.png\",\"datePublished\":\"2025-11-04T13:17:53+00:00\",\"dateModified\":\"2026-04-11T12:32:23+00:00\",\"description\":\"Red Wing Schn\u00fcrsenkel 81 cm \u2013 kurze Taslan-Senkel f\u00fcr niedrige Schuhe wie Weekender Oxford oder Chukka. Robust, langlebig und klassisch.\",\"breadcrumb\":{\"@id\":\"https:\\\/\\\/www.redwingfrankfurt.com\\\/en\\\/shop\\\/accessories\\\/laces\\\/laces-taslan-81cm-2\\\/#breadcrumb\"},\"inLanguage\":\"en-US\",\"potentialAction\":[{\"@type\":\"ReadAction\",\"target\":[\"https:\\\/\\\/www.redwingfrankfurt.com\\\/en\\\/shop\\\/accessories\\\/laces\\\/laces-taslan-81cm-2\\\/\"]}]},{\"@type\":\"ImageObject\",\"inLanguage\":\"en-US\",\"@id\":\"https:\\\/\\\/www.redwingfrankfurt.com\\\/en\\\/shop\\\/accessories\\\/laces\\\/laces-taslan-81cm-2\\\/#primaryimage\",\"url\":\"https:\\\/\\\/www.redwingfrankfurt.com\\\/wp-content\\\/uploads\\\/2026\\\/01\\\/RWS_Senkel_RH97159C_2000x2000.png\",\"contentUrl\":\"https:\\\/\\\/www.redwingfrankfurt.com\\\/wp-content\\\/uploads\\\/2026\\\/01\\\/RWS_Senkel_RH97159C_2000x2000.png\",\"width\":2000,\"height\":2000},{\"@type\":\"BreadcrumbList\",\"@id\":\"https:\\\/\\\/www.redwingfrankfurt.com\\\/en\\\/shop\\\/accessories\\\/laces\\\/laces-taslan-81cm-2\\\/#breadcrumb\",\"itemListElement\":[{\"@type\":\"ListItem\",\"position\":1,\"name\":\"Startseite\",\"item\":\"https:\\\/\\\/www.redwingfrankfurt.com\\\/en\\\/\"},{\"@type\":\"ListItem\",\"position\":2,\"name\":\"Shop\",\"item\":\"https:\\\/\\\/www.redwingfrankfurt.com\\\/shop\\\/\"},{\"@type\":\"ListItem\",\"position\":3,\"name\":\"Laces Taslan 81cm\"}]},{\"@type\":\"WebSite\",\"@id\":\"https:\\\/\\\/www.redwingfrankfurt.com\\\/en\\\/#website\",\"url\":\"https:\\\/\\\/www.redwingfrankfurt.com\\\/en\\\/\",\"name\":\"Red Wing Store Frankfurt\",\"description\":\"First Red Wing Store in Europe \u2013 since 1977\",\"potentialAction\":[{\"@type\":\"SearchAction\",\"target\":{\"@type\":\"EntryPoint\",\"urlTemplate\":\"https:\\\/\\\/www.redwingfrankfurt.com\\\/en\\\/?s={search_term_string}\"},\"query-input\":{\"@type\":\"PropertyValueSpecification\",\"valueRequired\":true,\"valueName\":\"search_term_string\"}}],\"inLanguage\":\"en-US\"}]}<\/script>\n<!-- \/ Yoast SEO plugin. -->","yoast_head_json":{"title":"Laces Taslan 81cm - Red Wing Store Frankfurt","description":"Red Wing Schn\u00fcrsenkel 81 cm \u2013 kurze Taslan-Senkel f\u00fcr niedrige Schuhe wie Weekender Oxford oder Chukka. Robust, langlebig und klassisch.","robots":{"index":"index","follow":"follow","max-snippet":"max-snippet:-1","max-image-preview":"max-image-preview:large","max-video-preview":"max-video-preview:-1"},"canonical":"https:\/\/www.redwingfrankfurt.com\/en\/shop\/accessories\/laces\/laces-taslan-81cm-2\/","og_locale":"en_US","og_type":"article","og_title":"Laces Taslan 81cm - Red Wing Store Frankfurt","og_description":"Red Wing Schn\u00fcrsenkel 81 cm \u2013 kurze Taslan-Senkel f\u00fcr niedrige Schuhe wie Weekender Oxford oder Chukka. Robust, langlebig und klassisch.","og_url":"https:\/\/www.redwingfrankfurt.com\/en\/shop\/accessories\/laces\/laces-taslan-81cm-2\/","og_site_name":"Red Wing Store Frankfurt","article_modified_time":"2026-04-11T12:32:23+00:00","og_image":[{"width":2000,"height":2000,"url":"https:\/\/www.redwingfrankfurt.com\/wp-content\/uploads\/2026\/01\/RWS_Senkel_RH97159C_2000x2000.png","type":"image\/png"}],"twitter_card":"summary_large_image","schema":{"@context":"https:\/\/schema.org","@graph":[{"@type":"WebPage","@id":"https:\/\/www.redwingfrankfurt.com\/en\/shop\/accessories\/laces\/laces-taslan-81cm-2\/","url":"https:\/\/www.redwingfrankfurt.com\/en\/shop\/accessories\/laces\/laces-taslan-81cm-2\/","name":"Laces Taslan 81cm - Red Wing Store Frankfurt","isPartOf":{"@id":"https:\/\/www.redwingfrankfurt.com\/en\/#website"},"primaryImageOfPage":{"@id":"https:\/\/www.redwingfrankfurt.com\/en\/shop\/accessories\/laces\/laces-taslan-81cm-2\/#primaryimage"},"image":{"@id":"https:\/\/www.redwingfrankfurt.com\/en\/shop\/accessories\/laces\/laces-taslan-81cm-2\/#primaryimage"},"thumbnailUrl":"https:\/\/www.redwingfrankfurt.com\/wp-content\/uploads\/2026\/01\/RWS_Senkel_RH97159C_2000x2000.png","datePublished":"2025-11-04T13:17:53+00:00","dateModified":"2026-04-11T12:32:23+00:00","description":"Red Wing Schn\u00fcrsenkel 81 cm \u2013 kurze Taslan-Senkel f\u00fcr niedrige Schuhe wie Weekender Oxford oder Chukka. Robust, langlebig und klassisch.","breadcrumb":{"@id":"https:\/\/www.redwingfrankfurt.com\/en\/shop\/accessories\/laces\/laces-taslan-81cm-2\/#breadcrumb"},"inLanguage":"en-US","potentialAction":[{"@type":"ReadAction","target":["https:\/\/www.redwingfrankfurt.com\/en\/shop\/accessories\/laces\/laces-taslan-81cm-2\/"]}]},{"@type":"ImageObject","inLanguage":"en-US","@id":"https:\/\/www.redwingfrankfurt.com\/en\/shop\/accessories\/laces\/laces-taslan-81cm-2\/#primaryimage","url":"https:\/\/www.redwingfrankfurt.com\/wp-content\/uploads\/2026\/01\/RWS_Senkel_RH97159C_2000x2000.png","contentUrl":"https:\/\/www.redwingfrankfurt.com\/wp-content\/uploads\/2026\/01\/RWS_Senkel_RH97159C_2000x2000.png","width":2000,"height":2000},{"@type":"BreadcrumbList","@id":"https:\/\/www.redwingfrankfurt.com\/en\/shop\/accessories\/laces\/laces-taslan-81cm-2\/#breadcrumb","itemListElement":[{"@type":"ListItem","position":1,"name":"Startseite","item":"https:\/\/www.redwingfrankfurt.com\/en\/"},{"@type":"ListItem","position":2,"name":"Shop","item":"https:\/\/www.redwingfrankfurt.com\/shop\/"},{"@type":"ListItem","position":3,"name":"Laces Taslan 81cm"}]},{"@type":"WebSite","@id":"https:\/\/www.redwingfrankfurt.com\/en\/#website","url":"https:\/\/www.redwingfrankfurt.com\/en\/","name":"Red Wing Store Frankfurt","description":"First Red Wing Store in Europe \u2013 since 1977","potentialAction":[{"@type":"SearchAction","target":{"@type":"EntryPoint","urlTemplate":"https:\/\/www.redwingfrankfurt.com\/en\/?s={search_term_string}"},"query-input":{"@type":"PropertyValueSpecification","valueRequired":true,"valueName":"search_term_string"}}],"inLanguage":"en-US"}]}},"_links":{"self":[{"href":"https:\/\/www.redwingfrankfurt.com\/en\/wp-json\/wp\/v2\/product\/21674","targetHints":{"allow":["GET"]}}],"collection":[{"href":"https:\/\/www.redwingfrankfurt.com\/en\/wp-json\/wp\/v2\/product"}],"about":[{"href":"https:\/\/www.redwingfrankfurt.com\/en\/wp-json\/wp\/v2\/types\/product"}],"wp:featuredmedia":[{"embeddable":true,"href":"https:\/\/www.redwingfrankfurt.com\/en\/wp-json\/wp\/v2\/media\/22262"}],"wp:attachment":[{"href":"https:\/\/www.redwingfrankfurt.com\/en\/wp-json\/wp\/v2\/media?parent=21674"}],"wp:term":[{"taxonomy":"product_brand","embeddable":true,"href":"https:\/\/www.redwingfrankfurt.com\/en\/wp-json\/wp\/v2\/product_brand?post=21674"},{"taxonomy":"product_cat","embeddable":true,"href":"https:\/\/www.redwingfrankfurt.com\/en\/wp-json\/wp\/v2\/product_cat?post=21674"},{"taxonomy":"product_tag","embeddable":true,"href":"https:\/\/www.redwingfrankfurt.com\/en\/wp-json\/wp\/v2\/product_tag?post=21674"}],"curies":[{"name":"wp","href":"https:\/\/api.w.org\/{rel}","templated":true}]}}