{"id":2163,"date":"2014-11-11T15:29:22","date_gmt":"2014-11-11T13:29:22","guid":{"rendered":"http:\/\/dev1.redwingfrankfurt.com\/shop\/6-inch-moc-toe\/red-wing-style-8138-moc-toe\/"},"modified":"2026-04-10T12:45:20","modified_gmt":"2026-04-10T10:45:20","slug":"red-wing-style-8138-moc-toe","status":"publish","type":"product","link":"https:\/\/www.redwingfrankfurt.com\/en\/shop\/moc-toe-en\/red-wing-style-8138-moc-toe\/","title":{"rendered":"8138 Moc Toe"},"content":{"rendered":"<p data-start=\"145\" data-end=\"182\"><span class=\"relative -mx-px my-[-0.2rem] rounded px-px py-[0.2rem] transition-colors duration-100 ease-in-out\">Der 8138 ist ein zeitloser Klassiker in dunkelbraunem Briar Oil Slick Leder \u2013 eines der \u00d6lgegerbtesten Leder der Heritage Linie. Das robuste Vollnarbenleder gewinnt durch Gebrauch eine eigene Patina und wird mit der Zeit weicher, ohne an Charakter zu verlieren. Die profilierte Traction Tred Sohle bietet sp\u00fcrbare D\u00e4mpfung und sicheren Halt selbst auf nassem Untergrund. Dank der rahmengen\u00e4hten Goodyear\u2011Konstruktion ist der Boot au\u00dfergew\u00f6hnlich langlebig und jederzeit neu besohlbar. Der Leisten Nr.\u202f23, Puritan-Triple-Stitch-Naht und der 6-Inch-Schaft sorgen f\u00fcr Komfort und Heritage-Charme. Handgefertigt in den USA, begleitet dich der 8138 durch Alltag und Abenteuer mit Eleganz und Best\u00e4ndigkeit.<\/span><\/p>\n","protected":false},"excerpt":{"rendered":"<ul>\n<li>Leder: Briar Oil Slick<\/li>\n<li>Innen: Lederbrandsohle<\/li>\n<li>Sohle: Cushion Crepe Wedge<\/li>\n<li>Konstruktion: Rahmengen\u00e4ht<br \/>\n<span style=\"color: #ffffff;\">&#8212;&#8212;&#8212;&#8212;&#8212;&#8212;&#8212;&#8212;&#8212;&#8212;&#8212;&#8211;<\/span><br \/>\nMade in the USA!<\/li>\n<\/ul>\n","protected":false},"featured_media":18925,"template":"","meta":[],"product_brand":[],"product_cat":[83,96],"product_tag":[516,457,458,459,846,427],"class_list":{"0":"post-2163","1":"product","2":"type-product","3":"status-publish","4":"has-post-thumbnail","6":"product_cat-mens-shoes","7":"product_cat-moc-toe","8":"product_tag-516","9":"product_tag-braun","10":"product_tag-briar-oil-slick","11":"product_tag-brown","12":"product_tag-data","13":"product_tag-moc-toe","14":"pa_farbe-braun","15":"pa_groesse-129","16":"pa_groesse-130","17":"pa_groesse-44-5","18":"pa_groesse-132","19":"pa_groesse-133","20":"pa_groesse-134","21":"pa_groesse-135","22":"pa_groesse-136","23":"pa_groesse-122","24":"pa_groesse-123","25":"pa_groesse-118","26":"pa_groesse-41-5","27":"pa_groesse-127","28":"pa_groesse-42-5","30":"first","31":"instock","32":"sold-individually","33":"taxable","34":"shipping-taxable","35":"purchasable","36":"product-type-variable","37":"add-to-wishlist-before_image"},"yoast_head":"<!-- This site is optimized with the Yoast SEO plugin v27.3 - https:\/\/yoast.com\/product\/yoast-seo-wordpress\/ -->\n<title>8138 Moc Toe - Red Wing Store Frankfurt<\/title>\n<meta name=\"description\" content=\"8138 \u2013 Briar Oil Slick: Dunkelbrauner Moc Toe mit Briar Oil Slick Leder, Traction Tred Sohle &amp; Goodyear-Welt. Zeitlos, komfortabel &amp; Made in USA.\" \/>\n<meta name=\"robots\" content=\"index, follow, max-snippet:-1, max-image-preview:large, max-video-preview:-1\" \/>\n<link rel=\"canonical\" href=\"https:\/\/www.redwingfrankfurt.com\/en\/shop\/moc-toe-en\/red-wing-style-8138-moc-toe\/\" \/>\n<meta property=\"og:locale\" content=\"en_US\" \/>\n<meta property=\"og:type\" content=\"article\" \/>\n<meta property=\"og:title\" content=\"8138 Moc Toe - Red Wing Store Frankfurt\" \/>\n<meta property=\"og:description\" content=\"8138 \u2013 Briar Oil Slick: Dunkelbrauner Moc Toe mit Briar Oil Slick Leder, Traction Tred Sohle &amp; Goodyear-Welt. Zeitlos, komfortabel &amp; Made in USA.\" \/>\n<meta property=\"og:url\" content=\"https:\/\/www.redwingfrankfurt.com\/en\/shop\/moc-toe-en\/red-wing-style-8138-moc-toe\/\" \/>\n<meta property=\"og:site_name\" content=\"Red Wing Store Frankfurt\" \/>\n<meta property=\"article:modified_time\" content=\"2026-04-10T10:45:20+00:00\" \/>\n<meta property=\"og:image\" content=\"https:\/\/www.redwingfrankfurt.com\/wp-content\/uploads\/2024\/07\/8138_PC3-scaled-e1721662014426.jpg\" \/>\n\t<meta property=\"og:image:width\" content=\"2560\" \/>\n\t<meta property=\"og:image:height\" content=\"2560\" \/>\n\t<meta property=\"og:image:type\" content=\"image\/jpeg\" \/>\n<meta name=\"twitter:card\" content=\"summary_large_image\" \/>\n<meta name=\"twitter:label1\" content=\"Est. reading time\" \/>\n\t<meta name=\"twitter:data1\" content=\"1 minute\" \/>\n<script type=\"application\/ld+json\" class=\"yoast-schema-graph\">{\"@context\":\"https:\\\/\\\/schema.org\",\"@graph\":[{\"@type\":\"WebPage\",\"@id\":\"https:\\\/\\\/www.redwingfrankfurt.com\\\/en\\\/shop\\\/moc-toe-en\\\/red-wing-style-8138-moc-toe\\\/\",\"url\":\"https:\\\/\\\/www.redwingfrankfurt.com\\\/en\\\/shop\\\/moc-toe-en\\\/red-wing-style-8138-moc-toe\\\/\",\"name\":\"8138 Moc Toe - Red Wing Store Frankfurt\",\"isPartOf\":{\"@id\":\"https:\\\/\\\/www.redwingfrankfurt.com\\\/en\\\/#website\"},\"primaryImageOfPage\":{\"@id\":\"https:\\\/\\\/www.redwingfrankfurt.com\\\/en\\\/shop\\\/moc-toe-en\\\/red-wing-style-8138-moc-toe\\\/#primaryimage\"},\"image\":{\"@id\":\"https:\\\/\\\/www.redwingfrankfurt.com\\\/en\\\/shop\\\/moc-toe-en\\\/red-wing-style-8138-moc-toe\\\/#primaryimage\"},\"thumbnailUrl\":\"https:\\\/\\\/www.redwingfrankfurt.com\\\/wp-content\\\/uploads\\\/2024\\\/07\\\/8138_PC3-scaled-e1721662014426.jpg\",\"datePublished\":\"2014-11-11T13:29:22+00:00\",\"dateModified\":\"2026-04-10T10:45:20+00:00\",\"description\":\"8138 \u2013 Briar Oil Slick: Dunkelbrauner Moc Toe mit Briar Oil Slick Leder, Traction Tred Sohle & Goodyear-Welt. Zeitlos, komfortabel & Made in USA.\",\"breadcrumb\":{\"@id\":\"https:\\\/\\\/www.redwingfrankfurt.com\\\/en\\\/shop\\\/moc-toe-en\\\/red-wing-style-8138-moc-toe\\\/#breadcrumb\"},\"inLanguage\":\"en-US\",\"potentialAction\":[{\"@type\":\"ReadAction\",\"target\":[\"https:\\\/\\\/www.redwingfrankfurt.com\\\/en\\\/shop\\\/moc-toe-en\\\/red-wing-style-8138-moc-toe\\\/\"]}]},{\"@type\":\"ImageObject\",\"inLanguage\":\"en-US\",\"@id\":\"https:\\\/\\\/www.redwingfrankfurt.com\\\/en\\\/shop\\\/moc-toe-en\\\/red-wing-style-8138-moc-toe\\\/#primaryimage\",\"url\":\"https:\\\/\\\/www.redwingfrankfurt.com\\\/wp-content\\\/uploads\\\/2024\\\/07\\\/8138_PC3-scaled-e1721662014426.jpg\",\"contentUrl\":\"https:\\\/\\\/www.redwingfrankfurt.com\\\/wp-content\\\/uploads\\\/2024\\\/07\\\/8138_PC3-scaled-e1721662014426.jpg\",\"width\":2560,\"height\":2560},{\"@type\":\"BreadcrumbList\",\"@id\":\"https:\\\/\\\/www.redwingfrankfurt.com\\\/en\\\/shop\\\/moc-toe-en\\\/red-wing-style-8138-moc-toe\\\/#breadcrumb\",\"itemListElement\":[{\"@type\":\"ListItem\",\"position\":1,\"name\":\"Startseite\",\"item\":\"https:\\\/\\\/www.redwingfrankfurt.com\\\/en\\\/\"},{\"@type\":\"ListItem\",\"position\":2,\"name\":\"Shop\",\"item\":\"https:\\\/\\\/www.redwingfrankfurt.com\\\/shop\\\/\"},{\"@type\":\"ListItem\",\"position\":3,\"name\":\"8138 Moc Toe\"}]},{\"@type\":\"WebSite\",\"@id\":\"https:\\\/\\\/www.redwingfrankfurt.com\\\/en\\\/#website\",\"url\":\"https:\\\/\\\/www.redwingfrankfurt.com\\\/en\\\/\",\"name\":\"Red Wing Store Frankfurt\",\"description\":\"First Red Wing Store in Europe \u2013 since 1977\",\"potentialAction\":[{\"@type\":\"SearchAction\",\"target\":{\"@type\":\"EntryPoint\",\"urlTemplate\":\"https:\\\/\\\/www.redwingfrankfurt.com\\\/en\\\/?s={search_term_string}\"},\"query-input\":{\"@type\":\"PropertyValueSpecification\",\"valueRequired\":true,\"valueName\":\"search_term_string\"}}],\"inLanguage\":\"en-US\"}]}<\/script>\n<!-- \/ Yoast SEO plugin. -->","yoast_head_json":{"title":"8138 Moc Toe - Red Wing Store Frankfurt","description":"8138 \u2013 Briar Oil Slick: Dunkelbrauner Moc Toe mit Briar Oil Slick Leder, Traction Tred Sohle & Goodyear-Welt. Zeitlos, komfortabel & Made in USA.","robots":{"index":"index","follow":"follow","max-snippet":"max-snippet:-1","max-image-preview":"max-image-preview:large","max-video-preview":"max-video-preview:-1"},"canonical":"https:\/\/www.redwingfrankfurt.com\/en\/shop\/moc-toe-en\/red-wing-style-8138-moc-toe\/","og_locale":"en_US","og_type":"article","og_title":"8138 Moc Toe - Red Wing Store Frankfurt","og_description":"8138 \u2013 Briar Oil Slick: Dunkelbrauner Moc Toe mit Briar Oil Slick Leder, Traction Tred Sohle & Goodyear-Welt. Zeitlos, komfortabel & Made in USA.","og_url":"https:\/\/www.redwingfrankfurt.com\/en\/shop\/moc-toe-en\/red-wing-style-8138-moc-toe\/","og_site_name":"Red Wing Store Frankfurt","article_modified_time":"2026-04-10T10:45:20+00:00","og_image":[{"width":2560,"height":2560,"url":"https:\/\/www.redwingfrankfurt.com\/wp-content\/uploads\/2024\/07\/8138_PC3-scaled-e1721662014426.jpg","type":"image\/jpeg"}],"twitter_card":"summary_large_image","twitter_misc":{"Est. reading time":"1 minute"},"schema":{"@context":"https:\/\/schema.org","@graph":[{"@type":"WebPage","@id":"https:\/\/www.redwingfrankfurt.com\/en\/shop\/moc-toe-en\/red-wing-style-8138-moc-toe\/","url":"https:\/\/www.redwingfrankfurt.com\/en\/shop\/moc-toe-en\/red-wing-style-8138-moc-toe\/","name":"8138 Moc Toe - Red Wing Store Frankfurt","isPartOf":{"@id":"https:\/\/www.redwingfrankfurt.com\/en\/#website"},"primaryImageOfPage":{"@id":"https:\/\/www.redwingfrankfurt.com\/en\/shop\/moc-toe-en\/red-wing-style-8138-moc-toe\/#primaryimage"},"image":{"@id":"https:\/\/www.redwingfrankfurt.com\/en\/shop\/moc-toe-en\/red-wing-style-8138-moc-toe\/#primaryimage"},"thumbnailUrl":"https:\/\/www.redwingfrankfurt.com\/wp-content\/uploads\/2024\/07\/8138_PC3-scaled-e1721662014426.jpg","datePublished":"2014-11-11T13:29:22+00:00","dateModified":"2026-04-10T10:45:20+00:00","description":"8138 \u2013 Briar Oil Slick: Dunkelbrauner Moc Toe mit Briar Oil Slick Leder, Traction Tred Sohle & Goodyear-Welt. Zeitlos, komfortabel & Made in USA.","breadcrumb":{"@id":"https:\/\/www.redwingfrankfurt.com\/en\/shop\/moc-toe-en\/red-wing-style-8138-moc-toe\/#breadcrumb"},"inLanguage":"en-US","potentialAction":[{"@type":"ReadAction","target":["https:\/\/www.redwingfrankfurt.com\/en\/shop\/moc-toe-en\/red-wing-style-8138-moc-toe\/"]}]},{"@type":"ImageObject","inLanguage":"en-US","@id":"https:\/\/www.redwingfrankfurt.com\/en\/shop\/moc-toe-en\/red-wing-style-8138-moc-toe\/#primaryimage","url":"https:\/\/www.redwingfrankfurt.com\/wp-content\/uploads\/2024\/07\/8138_PC3-scaled-e1721662014426.jpg","contentUrl":"https:\/\/www.redwingfrankfurt.com\/wp-content\/uploads\/2024\/07\/8138_PC3-scaled-e1721662014426.jpg","width":2560,"height":2560},{"@type":"BreadcrumbList","@id":"https:\/\/www.redwingfrankfurt.com\/en\/shop\/moc-toe-en\/red-wing-style-8138-moc-toe\/#breadcrumb","itemListElement":[{"@type":"ListItem","position":1,"name":"Startseite","item":"https:\/\/www.redwingfrankfurt.com\/en\/"},{"@type":"ListItem","position":2,"name":"Shop","item":"https:\/\/www.redwingfrankfurt.com\/shop\/"},{"@type":"ListItem","position":3,"name":"8138 Moc Toe"}]},{"@type":"WebSite","@id":"https:\/\/www.redwingfrankfurt.com\/en\/#website","url":"https:\/\/www.redwingfrankfurt.com\/en\/","name":"Red Wing Store Frankfurt","description":"First Red Wing Store in Europe \u2013 since 1977","potentialAction":[{"@type":"SearchAction","target":{"@type":"EntryPoint","urlTemplate":"https:\/\/www.redwingfrankfurt.com\/en\/?s={search_term_string}"},"query-input":{"@type":"PropertyValueSpecification","valueRequired":true,"valueName":"search_term_string"}}],"inLanguage":"en-US"}]}},"_links":{"self":[{"href":"https:\/\/www.redwingfrankfurt.com\/en\/wp-json\/wp\/v2\/product\/2163","targetHints":{"allow":["GET"]}}],"collection":[{"href":"https:\/\/www.redwingfrankfurt.com\/en\/wp-json\/wp\/v2\/product"}],"about":[{"href":"https:\/\/www.redwingfrankfurt.com\/en\/wp-json\/wp\/v2\/types\/product"}],"wp:featuredmedia":[{"embeddable":true,"href":"https:\/\/www.redwingfrankfurt.com\/en\/wp-json\/wp\/v2\/media\/18925"}],"wp:attachment":[{"href":"https:\/\/www.redwingfrankfurt.com\/en\/wp-json\/wp\/v2\/media?parent=2163"}],"wp:term":[{"taxonomy":"product_brand","embeddable":true,"href":"https:\/\/www.redwingfrankfurt.com\/en\/wp-json\/wp\/v2\/product_brand?post=2163"},{"taxonomy":"product_cat","embeddable":true,"href":"https:\/\/www.redwingfrankfurt.com\/en\/wp-json\/wp\/v2\/product_cat?post=2163"},{"taxonomy":"product_tag","embeddable":true,"href":"https:\/\/www.redwingfrankfurt.com\/en\/wp-json\/wp\/v2\/product_tag?post=2163"}],"curies":[{"name":"wp","href":"https:\/\/api.w.org\/{rel}","templated":true}]}}