{"id":21612,"date":"2025-10-24T15:51:25","date_gmt":"2025-10-24T13:51:25","guid":{"rendered":"https:\/\/www.redwingfrankfurt.com\/?post_type=product&#038;p=21612"},"modified":"2026-02-07T16:53:02","modified_gmt":"2026-02-07T14:53:02","slug":"brown-shoe-cream","status":"publish","type":"product","link":"https:\/\/www.redwingfrankfurt.com\/en\/shop\/care-products\/brown-shoe-cream\/","title":{"rendered":"Brown Shoe Cream"},"content":{"rendered":"<p><strong data-start=\"4304\" data-end=\"4333\">Red Wing Brown Boot Cream<\/strong><br data-start=\"4333\" data-end=\"4336\" \/>Die Brown Boot Cream bringt den satten Braunton deiner Red Wing Boots zur\u00fcck. Pflegt intensiv, frischt Farbe und Glanz auf und sch\u00fctzt das Leder vor dem Austrocknen. Ideal f\u00fcr Iron Ranger Amber Harness und andere braune Modelle.<\/p>\n","protected":false},"excerpt":{"rendered":"<p>Red Wing Brown Boot CreamDie Brown Boot Cream bringt den satten Braunton deiner Red Wing Boots zur\u00fcck. Pflegt intensiv, frischt Farbe und Glanz auf und sch\u00fctzt das Leder vor dem Austrocknen. Ideal f\u00fcr Iron Ranger Amber Harness und andere braune Modelle.<\/p>\n","protected":false},"featured_media":21693,"template":"","meta":[],"product_brand":[],"product_cat":[108],"product_tag":[1053,457,1052,859,650,649],"class_list":{"0":"post-21612","1":"product","2":"type-product","3":"status-publish","4":"has-post-thumbnail","6":"product_cat-care-products","7":"product_tag-1053","8":"product_tag-braun","9":"product_tag-brown-shoe-cream","10":"product_tag-care","11":"product_tag-schuh-creme","12":"product_tag-schuhcreme","14":"first","15":"instock","16":"taxable","17":"shipping-taxable","18":"purchasable","19":"product-type-simple","20":"add-to-wishlist-before_image"},"yoast_head":"<!-- This site is optimized with the Yoast SEO plugin v27.3 - https:\/\/yoast.com\/product\/yoast-seo-wordpress\/ -->\n<title>Brown Shoe Cream - Red Wing Store Frankfurt<\/title>\n<meta name=\"description\" content=\"Unsere Neutral Boot Cream verwendet eine Mischung aus Wachsen, L\u00f6sungsmitteln und Lanolin, um das Austrocknen zu verhindern und die wasserabweisende Wirkung des Leders zu erh\u00f6hen. Diese Creme ist farblos und kann auf jedem Glattleder verwendet werden.\" \/>\n<meta name=\"robots\" content=\"index, follow, max-snippet:-1, max-image-preview:large, max-video-preview:-1\" \/>\n<link rel=\"canonical\" href=\"https:\/\/www.redwingfrankfurt.com\/en\/shop\/care-products\/brown-shoe-cream\/\" \/>\n<meta property=\"og:locale\" content=\"en_US\" \/>\n<meta property=\"og:type\" content=\"article\" \/>\n<meta property=\"og:title\" content=\"Brown Shoe Cream - Red Wing Store Frankfurt\" \/>\n<meta property=\"og:description\" content=\"Unsere Neutral Boot Cream verwendet eine Mischung aus Wachsen, L\u00f6sungsmitteln und Lanolin, um das Austrocknen zu verhindern und die wasserabweisende Wirkung des Leders zu erh\u00f6hen. Diese Creme ist farblos und kann auf jedem Glattleder verwendet werden.\" \/>\n<meta property=\"og:url\" content=\"https:\/\/www.redwingfrankfurt.com\/en\/shop\/care-products\/brown-shoe-cream\/\" \/>\n<meta property=\"og:site_name\" content=\"Red Wing Store Frankfurt\" \/>\n<meta property=\"article:modified_time\" content=\"2026-02-07T14:53:02+00:00\" \/>\n<meta property=\"og:image\" content=\"https:\/\/www.redwingfrankfurt.com\/wp-content\/uploads\/2025\/11\/RW98034_MUL_N1_1024-471x471.png\" \/>\n\t<meta property=\"og:image:width\" content=\"471\" \/>\n\t<meta property=\"og:image:height\" content=\"471\" \/>\n\t<meta property=\"og:image:type\" content=\"image\/png\" \/>\n<meta name=\"twitter:card\" content=\"summary_large_image\" \/>\n<script type=\"application\/ld+json\" class=\"yoast-schema-graph\">{\"@context\":\"https:\\\/\\\/schema.org\",\"@graph\":[{\"@type\":\"WebPage\",\"@id\":\"https:\\\/\\\/www.redwingfrankfurt.com\\\/en\\\/shop\\\/care-products\\\/brown-shoe-cream\\\/\",\"url\":\"https:\\\/\\\/www.redwingfrankfurt.com\\\/en\\\/shop\\\/care-products\\\/brown-shoe-cream\\\/\",\"name\":\"Brown Shoe Cream - Red Wing Store Frankfurt\",\"isPartOf\":{\"@id\":\"https:\\\/\\\/www.redwingfrankfurt.com\\\/en\\\/#website\"},\"primaryImageOfPage\":{\"@id\":\"https:\\\/\\\/www.redwingfrankfurt.com\\\/en\\\/shop\\\/care-products\\\/brown-shoe-cream\\\/#primaryimage\"},\"image\":{\"@id\":\"https:\\\/\\\/www.redwingfrankfurt.com\\\/en\\\/shop\\\/care-products\\\/brown-shoe-cream\\\/#primaryimage\"},\"thumbnailUrl\":\"https:\\\/\\\/www.redwingfrankfurt.com\\\/wp-content\\\/uploads\\\/2025\\\/11\\\/RW98034_MUL_N1_1024.png\",\"datePublished\":\"2025-10-24T13:51:25+00:00\",\"dateModified\":\"2026-02-07T14:53:02+00:00\",\"description\":\"Unsere Neutral Boot Cream verwendet eine Mischung aus Wachsen, L\u00f6sungsmitteln und Lanolin, um das Austrocknen zu verhindern und die wasserabweisende Wirkung des Leders zu erh\u00f6hen. Diese Creme ist farblos und kann auf jedem Glattleder verwendet werden.\",\"breadcrumb\":{\"@id\":\"https:\\\/\\\/www.redwingfrankfurt.com\\\/en\\\/shop\\\/care-products\\\/brown-shoe-cream\\\/#breadcrumb\"},\"inLanguage\":\"en-US\",\"potentialAction\":[{\"@type\":\"ReadAction\",\"target\":[\"https:\\\/\\\/www.redwingfrankfurt.com\\\/en\\\/shop\\\/care-products\\\/brown-shoe-cream\\\/\"]}]},{\"@type\":\"ImageObject\",\"inLanguage\":\"en-US\",\"@id\":\"https:\\\/\\\/www.redwingfrankfurt.com\\\/en\\\/shop\\\/care-products\\\/brown-shoe-cream\\\/#primaryimage\",\"url\":\"https:\\\/\\\/www.redwingfrankfurt.com\\\/wp-content\\\/uploads\\\/2025\\\/11\\\/RW98034_MUL_N1_1024.png\",\"contentUrl\":\"https:\\\/\\\/www.redwingfrankfurt.com\\\/wp-content\\\/uploads\\\/2025\\\/11\\\/RW98034_MUL_N1_1024.png\",\"width\":2000,\"height\":2000},{\"@type\":\"BreadcrumbList\",\"@id\":\"https:\\\/\\\/www.redwingfrankfurt.com\\\/en\\\/shop\\\/care-products\\\/brown-shoe-cream\\\/#breadcrumb\",\"itemListElement\":[{\"@type\":\"ListItem\",\"position\":1,\"name\":\"Startseite\",\"item\":\"https:\\\/\\\/www.redwingfrankfurt.com\\\/en\\\/\"},{\"@type\":\"ListItem\",\"position\":2,\"name\":\"Shop\",\"item\":\"https:\\\/\\\/www.redwingfrankfurt.com\\\/shop\\\/\"},{\"@type\":\"ListItem\",\"position\":3,\"name\":\"Brown Shoe Cream\"}]},{\"@type\":\"WebSite\",\"@id\":\"https:\\\/\\\/www.redwingfrankfurt.com\\\/en\\\/#website\",\"url\":\"https:\\\/\\\/www.redwingfrankfurt.com\\\/en\\\/\",\"name\":\"Red Wing Store Frankfurt\",\"description\":\"First Red Wing Store in Europe \u2013 since 1977\",\"potentialAction\":[{\"@type\":\"SearchAction\",\"target\":{\"@type\":\"EntryPoint\",\"urlTemplate\":\"https:\\\/\\\/www.redwingfrankfurt.com\\\/en\\\/?s={search_term_string}\"},\"query-input\":{\"@type\":\"PropertyValueSpecification\",\"valueRequired\":true,\"valueName\":\"search_term_string\"}}],\"inLanguage\":\"en-US\"}]}<\/script>\n<!-- \/ Yoast SEO plugin. -->","yoast_head_json":{"title":"Brown Shoe Cream - Red Wing Store Frankfurt","description":"Unsere Neutral Boot Cream verwendet eine Mischung aus Wachsen, L\u00f6sungsmitteln und Lanolin, um das Austrocknen zu verhindern und die wasserabweisende Wirkung des Leders zu erh\u00f6hen. Diese Creme ist farblos und kann auf jedem Glattleder verwendet werden.","robots":{"index":"index","follow":"follow","max-snippet":"max-snippet:-1","max-image-preview":"max-image-preview:large","max-video-preview":"max-video-preview:-1"},"canonical":"https:\/\/www.redwingfrankfurt.com\/en\/shop\/care-products\/brown-shoe-cream\/","og_locale":"en_US","og_type":"article","og_title":"Brown Shoe Cream - Red Wing Store Frankfurt","og_description":"Unsere Neutral Boot Cream verwendet eine Mischung aus Wachsen, L\u00f6sungsmitteln und Lanolin, um das Austrocknen zu verhindern und die wasserabweisende Wirkung des Leders zu erh\u00f6hen. Diese Creme ist farblos und kann auf jedem Glattleder verwendet werden.","og_url":"https:\/\/www.redwingfrankfurt.com\/en\/shop\/care-products\/brown-shoe-cream\/","og_site_name":"Red Wing Store Frankfurt","article_modified_time":"2026-02-07T14:53:02+00:00","og_image":[{"width":471,"height":471,"url":"https:\/\/www.redwingfrankfurt.com\/wp-content\/uploads\/2025\/11\/RW98034_MUL_N1_1024-471x471.png","type":"image\/png"}],"twitter_card":"summary_large_image","schema":{"@context":"https:\/\/schema.org","@graph":[{"@type":"WebPage","@id":"https:\/\/www.redwingfrankfurt.com\/en\/shop\/care-products\/brown-shoe-cream\/","url":"https:\/\/www.redwingfrankfurt.com\/en\/shop\/care-products\/brown-shoe-cream\/","name":"Brown Shoe Cream - Red Wing Store Frankfurt","isPartOf":{"@id":"https:\/\/www.redwingfrankfurt.com\/en\/#website"},"primaryImageOfPage":{"@id":"https:\/\/www.redwingfrankfurt.com\/en\/shop\/care-products\/brown-shoe-cream\/#primaryimage"},"image":{"@id":"https:\/\/www.redwingfrankfurt.com\/en\/shop\/care-products\/brown-shoe-cream\/#primaryimage"},"thumbnailUrl":"https:\/\/www.redwingfrankfurt.com\/wp-content\/uploads\/2025\/11\/RW98034_MUL_N1_1024.png","datePublished":"2025-10-24T13:51:25+00:00","dateModified":"2026-02-07T14:53:02+00:00","description":"Unsere Neutral Boot Cream verwendet eine Mischung aus Wachsen, L\u00f6sungsmitteln und Lanolin, um das Austrocknen zu verhindern und die wasserabweisende Wirkung des Leders zu erh\u00f6hen. Diese Creme ist farblos und kann auf jedem Glattleder verwendet werden.","breadcrumb":{"@id":"https:\/\/www.redwingfrankfurt.com\/en\/shop\/care-products\/brown-shoe-cream\/#breadcrumb"},"inLanguage":"en-US","potentialAction":[{"@type":"ReadAction","target":["https:\/\/www.redwingfrankfurt.com\/en\/shop\/care-products\/brown-shoe-cream\/"]}]},{"@type":"ImageObject","inLanguage":"en-US","@id":"https:\/\/www.redwingfrankfurt.com\/en\/shop\/care-products\/brown-shoe-cream\/#primaryimage","url":"https:\/\/www.redwingfrankfurt.com\/wp-content\/uploads\/2025\/11\/RW98034_MUL_N1_1024.png","contentUrl":"https:\/\/www.redwingfrankfurt.com\/wp-content\/uploads\/2025\/11\/RW98034_MUL_N1_1024.png","width":2000,"height":2000},{"@type":"BreadcrumbList","@id":"https:\/\/www.redwingfrankfurt.com\/en\/shop\/care-products\/brown-shoe-cream\/#breadcrumb","itemListElement":[{"@type":"ListItem","position":1,"name":"Startseite","item":"https:\/\/www.redwingfrankfurt.com\/en\/"},{"@type":"ListItem","position":2,"name":"Shop","item":"https:\/\/www.redwingfrankfurt.com\/shop\/"},{"@type":"ListItem","position":3,"name":"Brown Shoe Cream"}]},{"@type":"WebSite","@id":"https:\/\/www.redwingfrankfurt.com\/en\/#website","url":"https:\/\/www.redwingfrankfurt.com\/en\/","name":"Red Wing Store Frankfurt","description":"First Red Wing Store in Europe \u2013 since 1977","potentialAction":[{"@type":"SearchAction","target":{"@type":"EntryPoint","urlTemplate":"https:\/\/www.redwingfrankfurt.com\/en\/?s={search_term_string}"},"query-input":{"@type":"PropertyValueSpecification","valueRequired":true,"valueName":"search_term_string"}}],"inLanguage":"en-US"}]}},"_links":{"self":[{"href":"https:\/\/www.redwingfrankfurt.com\/en\/wp-json\/wp\/v2\/product\/21612","targetHints":{"allow":["GET"]}}],"collection":[{"href":"https:\/\/www.redwingfrankfurt.com\/en\/wp-json\/wp\/v2\/product"}],"about":[{"href":"https:\/\/www.redwingfrankfurt.com\/en\/wp-json\/wp\/v2\/types\/product"}],"wp:featuredmedia":[{"embeddable":true,"href":"https:\/\/www.redwingfrankfurt.com\/en\/wp-json\/wp\/v2\/media\/21693"}],"wp:attachment":[{"href":"https:\/\/www.redwingfrankfurt.com\/en\/wp-json\/wp\/v2\/media?parent=21612"}],"wp:term":[{"taxonomy":"product_brand","embeddable":true,"href":"https:\/\/www.redwingfrankfurt.com\/en\/wp-json\/wp\/v2\/product_brand?post=21612"},{"taxonomy":"product_cat","embeddable":true,"href":"https:\/\/www.redwingfrankfurt.com\/en\/wp-json\/wp\/v2\/product_cat?post=21612"},{"taxonomy":"product_tag","embeddable":true,"href":"https:\/\/www.redwingfrankfurt.com\/en\/wp-json\/wp\/v2\/product_tag?post=21612"}],"curies":[{"name":"wp","href":"https:\/\/api.w.org\/{rel}","templated":true}]}}