{"id":21537,"date":"2025-10-01T18:28:13","date_gmt":"2025-10-01T16:28:13","guid":{"rendered":"https:\/\/www.redwingfrankfurt.com\/?post_type=product&#038;p=21537"},"modified":"2026-04-24T12:22:34","modified_gmt":"2026-04-24T10:22:34","slug":"crew-vintage-stripe-sock","status":"publish","type":"product","link":"https:\/\/www.redwingfrankfurt.com\/en\/shop\/accessories\/socks\/crew-vintage-stripe-sock\/","title":{"rendered":"Crew Vintage Stripe Sock"},"content":{"rendered":"<p data-start=\"137\" data-end=\"493\">Diese Socke bietet dank der sto\u00dfd\u00e4mpfenden Polsterung im gesamten Fu\u00dfbereich einen hervorragenden Tragekomfort f\u00fcr den ganzen Tag. Ein breites Komfortb\u00fcndchen h\u00e4lt die Socke sicher an ihrem Platz, w\u00e4hrend feuchtigkeitsableitende Fasern die F\u00fc\u00dfe trocken und frisch halten. Die nahtlose Zehenpartie reduziert Reibung und sorgt f\u00fcr ein angenehmes Tragegef\u00fchl.<\/p>\n<p data-start=\"495\" data-end=\"627\">Die hochwertige Materialmischung aus <strong data-start=\"532\" data-end=\"573\">49% Nylon, 47% Baumwolle und 2% Lycra<\/strong> vereint dabei die besten Eigenschaften jeder Faser:<\/p>\n<ul data-start=\"628\" data-end=\"869\">\n<li data-start=\"628\" data-end=\"696\">\n<p data-start=\"630\" data-end=\"696\"><strong data-start=\"630\" data-end=\"639\">Nylon<\/strong> sorgt f\u00fcr hohe Strapazierf\u00e4higkeit und Formstabilit\u00e4t.<\/p>\n<\/li>\n<li data-start=\"697\" data-end=\"789\">\n<p data-start=\"699\" data-end=\"789\"><strong data-start=\"699\" data-end=\"712\">Baumwolle<\/strong> bietet nat\u00fcrliche Atmungsaktivit\u00e4t und ein weiches, angenehmes Hautgef\u00fchl.<\/p>\n<\/li>\n<li data-start=\"790\" data-end=\"869\">\n<p data-start=\"792\" data-end=\"869\"><strong data-start=\"792\" data-end=\"801\">Lycra<\/strong> verleiht der Socke flexible Elastizit\u00e4t f\u00fcr eine perfekte Passform.<\/p>\n<\/li>\n<\/ul>\n<p data-start=\"871\" data-end=\"987\" data-is-last-node=\"\" data-is-only-node=\"\">Das Ergebnis ist eine Socke, die retro-inspirierte Optik mit moderner Funktionalit\u00e4t und Komfort optimal kombiniert.<\/p>\n","protected":false},"excerpt":{"rendered":"<p>Diese Socke bietet dank der sto\u00dfd\u00e4mpfenden Polsterung im gesamten Fu\u00dfbereich einen hervorragenden Tragekomfort f\u00fcr den ganzen Tag. Ein breites Komfortb\u00fcndchen h\u00e4lt die Socke sicher an ihrem Platz, w\u00e4hrend feuchtigkeitsableitende Fasern die F\u00fc\u00dfe trocken und frisch halten. Die nahtlose Zehenpartie reduziert Reibung und sorgt f\u00fcr ein angenehmes Tragegef\u00fchl. Die hochwertige Materialmischung aus 49% Nylon, 47% Baumwolle [&hellip;]<\/p>\n","protected":false},"featured_media":21805,"template":"","meta":[],"product_brand":[],"product_cat":[107],"product_tag":[1046,1045,755,756,765],"class_list":{"0":"post-21537","1":"product","2":"type-product","3":"status-publish","4":"has-post-thumbnail","6":"product_cat-socks","7":"product_tag-1046","8":"product_tag-navy-steel-blue","9":"product_tag-socken","10":"product_tag-socks","11":"product_tag-struempfe","12":"pa_farbe-weiss-2","13":"pa_groesse-6-9","14":"pa_groesse-3er-6-9","15":"pa_groesse-3er-9-12","16":"pa_groesse-3er-pack-46-eu-50-eu","17":"pa_groesse-9-12","18":"pa_groesse-46-eu-50-eu","20":"first","21":"instock","22":"taxable","23":"shipping-taxable","24":"purchasable","25":"product-type-variable","26":"add-to-wishlist-before_image"},"yoast_head":"<!-- This site is optimized with the Yoast SEO plugin v27.4 - https:\/\/yoast.com\/product\/yoast-seo-wordpress\/ -->\n<title>Crew Vintage Stripe Sock - Red Wing Store Frankfurt<\/title>\n<meta name=\"robots\" content=\"index, follow, max-snippet:-1, max-image-preview:large, max-video-preview:-1\" \/>\n<link rel=\"canonical\" href=\"https:\/\/www.redwingfrankfurt.com\/en\/shop\/accessories\/socks\/crew-vintage-stripe-sock\/\" \/>\n<meta property=\"og:locale\" content=\"en_US\" \/>\n<meta property=\"og:type\" content=\"article\" \/>\n<meta property=\"og:title\" content=\"Crew Vintage Stripe Sock - Red Wing Store Frankfurt\" \/>\n<meta property=\"og:description\" content=\"Diese Socke bietet dank der sto\u00dfd\u00e4mpfenden Polsterung im gesamten Fu\u00dfbereich einen hervorragenden Tragekomfort f\u00fcr den ganzen Tag. Ein breites Komfortb\u00fcndchen h\u00e4lt die Socke sicher an ihrem Platz, w\u00e4hrend feuchtigkeitsableitende Fasern die F\u00fc\u00dfe trocken und frisch halten. Die nahtlose Zehenpartie reduziert Reibung und sorgt f\u00fcr ein angenehmes Tragegef\u00fchl. Die hochwertige Materialmischung aus 49% Nylon, 47% Baumwolle [&hellip;]\" \/>\n<meta property=\"og:url\" content=\"https:\/\/www.redwingfrankfurt.com\/en\/shop\/accessories\/socks\/crew-vintage-stripe-sock\/\" \/>\n<meta property=\"og:site_name\" content=\"Red Wing Store Frankfurt\" \/>\n<meta property=\"article:modified_time\" content=\"2026-04-24T10:22:34+00:00\" \/>\n<meta property=\"og:image\" content=\"https:\/\/www.redwingfrankfurt.com\/wp-content\/uploads\/2025\/11\/SS25_Sock_2-e1763729188845.jpg\" \/>\n\t<meta property=\"og:image:width\" content=\"1125\" \/>\n\t<meta property=\"og:image:height\" content=\"1125\" \/>\n\t<meta property=\"og:image:type\" content=\"image\/jpeg\" \/>\n<meta name=\"twitter:card\" content=\"summary_large_image\" \/>\n<meta name=\"twitter:label1\" content=\"Est. reading time\" \/>\n\t<meta name=\"twitter:data1\" content=\"1 minute\" \/>\n<script type=\"application\/ld+json\" class=\"yoast-schema-graph\">{\"@context\":\"https:\\\/\\\/schema.org\",\"@graph\":[{\"@type\":\"WebPage\",\"@id\":\"https:\\\/\\\/www.redwingfrankfurt.com\\\/en\\\/shop\\\/accessories\\\/socks\\\/crew-vintage-stripe-sock\\\/\",\"url\":\"https:\\\/\\\/www.redwingfrankfurt.com\\\/en\\\/shop\\\/accessories\\\/socks\\\/crew-vintage-stripe-sock\\\/\",\"name\":\"Crew Vintage Stripe Sock - Red Wing Store Frankfurt\",\"isPartOf\":{\"@id\":\"https:\\\/\\\/www.redwingfrankfurt.com\\\/en\\\/#website\"},\"primaryImageOfPage\":{\"@id\":\"https:\\\/\\\/www.redwingfrankfurt.com\\\/en\\\/shop\\\/accessories\\\/socks\\\/crew-vintage-stripe-sock\\\/#primaryimage\"},\"image\":{\"@id\":\"https:\\\/\\\/www.redwingfrankfurt.com\\\/en\\\/shop\\\/accessories\\\/socks\\\/crew-vintage-stripe-sock\\\/#primaryimage\"},\"thumbnailUrl\":\"https:\\\/\\\/www.redwingfrankfurt.com\\\/wp-content\\\/uploads\\\/2025\\\/11\\\/SS25_Sock_2-e1763729188845.jpg\",\"datePublished\":\"2025-10-01T16:28:13+00:00\",\"dateModified\":\"2026-04-24T10:22:34+00:00\",\"breadcrumb\":{\"@id\":\"https:\\\/\\\/www.redwingfrankfurt.com\\\/en\\\/shop\\\/accessories\\\/socks\\\/crew-vintage-stripe-sock\\\/#breadcrumb\"},\"inLanguage\":\"en-US\",\"potentialAction\":[{\"@type\":\"ReadAction\",\"target\":[\"https:\\\/\\\/www.redwingfrankfurt.com\\\/en\\\/shop\\\/accessories\\\/socks\\\/crew-vintage-stripe-sock\\\/\"]}]},{\"@type\":\"ImageObject\",\"inLanguage\":\"en-US\",\"@id\":\"https:\\\/\\\/www.redwingfrankfurt.com\\\/en\\\/shop\\\/accessories\\\/socks\\\/crew-vintage-stripe-sock\\\/#primaryimage\",\"url\":\"https:\\\/\\\/www.redwingfrankfurt.com\\\/wp-content\\\/uploads\\\/2025\\\/11\\\/SS25_Sock_2-e1763729188845.jpg\",\"contentUrl\":\"https:\\\/\\\/www.redwingfrankfurt.com\\\/wp-content\\\/uploads\\\/2025\\\/11\\\/SS25_Sock_2-e1763729188845.jpg\",\"width\":1125,\"height\":1125},{\"@type\":\"BreadcrumbList\",\"@id\":\"https:\\\/\\\/www.redwingfrankfurt.com\\\/en\\\/shop\\\/accessories\\\/socks\\\/crew-vintage-stripe-sock\\\/#breadcrumb\",\"itemListElement\":[{\"@type\":\"ListItem\",\"position\":1,\"name\":\"Startseite\",\"item\":\"https:\\\/\\\/www.redwingfrankfurt.com\\\/en\\\/\"},{\"@type\":\"ListItem\",\"position\":2,\"name\":\"Shop\",\"item\":\"https:\\\/\\\/www.redwingfrankfurt.com\\\/shop\\\/\"},{\"@type\":\"ListItem\",\"position\":3,\"name\":\"Crew Vintage Stripe Sock\"}]},{\"@type\":\"WebSite\",\"@id\":\"https:\\\/\\\/www.redwingfrankfurt.com\\\/en\\\/#website\",\"url\":\"https:\\\/\\\/www.redwingfrankfurt.com\\\/en\\\/\",\"name\":\"Red Wing Store Frankfurt\",\"description\":\"First Red Wing Store in Europe \u2013 since 1977\",\"potentialAction\":[{\"@type\":\"SearchAction\",\"target\":{\"@type\":\"EntryPoint\",\"urlTemplate\":\"https:\\\/\\\/www.redwingfrankfurt.com\\\/en\\\/?s={search_term_string}\"},\"query-input\":{\"@type\":\"PropertyValueSpecification\",\"valueRequired\":true,\"valueName\":\"search_term_string\"}}],\"inLanguage\":\"en-US\"}]}<\/script>\n<!-- \/ Yoast SEO plugin. -->","yoast_head_json":{"title":"Crew Vintage Stripe Sock - Red Wing Store Frankfurt","robots":{"index":"index","follow":"follow","max-snippet":"max-snippet:-1","max-image-preview":"max-image-preview:large","max-video-preview":"max-video-preview:-1"},"canonical":"https:\/\/www.redwingfrankfurt.com\/en\/shop\/accessories\/socks\/crew-vintage-stripe-sock\/","og_locale":"en_US","og_type":"article","og_title":"Crew Vintage Stripe Sock - Red Wing Store Frankfurt","og_description":"Diese Socke bietet dank der sto\u00dfd\u00e4mpfenden Polsterung im gesamten Fu\u00dfbereich einen hervorragenden Tragekomfort f\u00fcr den ganzen Tag. Ein breites Komfortb\u00fcndchen h\u00e4lt die Socke sicher an ihrem Platz, w\u00e4hrend feuchtigkeitsableitende Fasern die F\u00fc\u00dfe trocken und frisch halten. Die nahtlose Zehenpartie reduziert Reibung und sorgt f\u00fcr ein angenehmes Tragegef\u00fchl. Die hochwertige Materialmischung aus 49% Nylon, 47% Baumwolle [&hellip;]","og_url":"https:\/\/www.redwingfrankfurt.com\/en\/shop\/accessories\/socks\/crew-vintage-stripe-sock\/","og_site_name":"Red Wing Store Frankfurt","article_modified_time":"2026-04-24T10:22:34+00:00","og_image":[{"width":1125,"height":1125,"url":"https:\/\/www.redwingfrankfurt.com\/wp-content\/uploads\/2025\/11\/SS25_Sock_2-e1763729188845.jpg","type":"image\/jpeg"}],"twitter_card":"summary_large_image","twitter_misc":{"Est. reading time":"1 minute"},"schema":{"@context":"https:\/\/schema.org","@graph":[{"@type":"WebPage","@id":"https:\/\/www.redwingfrankfurt.com\/en\/shop\/accessories\/socks\/crew-vintage-stripe-sock\/","url":"https:\/\/www.redwingfrankfurt.com\/en\/shop\/accessories\/socks\/crew-vintage-stripe-sock\/","name":"Crew Vintage Stripe Sock - Red Wing Store Frankfurt","isPartOf":{"@id":"https:\/\/www.redwingfrankfurt.com\/en\/#website"},"primaryImageOfPage":{"@id":"https:\/\/www.redwingfrankfurt.com\/en\/shop\/accessories\/socks\/crew-vintage-stripe-sock\/#primaryimage"},"image":{"@id":"https:\/\/www.redwingfrankfurt.com\/en\/shop\/accessories\/socks\/crew-vintage-stripe-sock\/#primaryimage"},"thumbnailUrl":"https:\/\/www.redwingfrankfurt.com\/wp-content\/uploads\/2025\/11\/SS25_Sock_2-e1763729188845.jpg","datePublished":"2025-10-01T16:28:13+00:00","dateModified":"2026-04-24T10:22:34+00:00","breadcrumb":{"@id":"https:\/\/www.redwingfrankfurt.com\/en\/shop\/accessories\/socks\/crew-vintage-stripe-sock\/#breadcrumb"},"inLanguage":"en-US","potentialAction":[{"@type":"ReadAction","target":["https:\/\/www.redwingfrankfurt.com\/en\/shop\/accessories\/socks\/crew-vintage-stripe-sock\/"]}]},{"@type":"ImageObject","inLanguage":"en-US","@id":"https:\/\/www.redwingfrankfurt.com\/en\/shop\/accessories\/socks\/crew-vintage-stripe-sock\/#primaryimage","url":"https:\/\/www.redwingfrankfurt.com\/wp-content\/uploads\/2025\/11\/SS25_Sock_2-e1763729188845.jpg","contentUrl":"https:\/\/www.redwingfrankfurt.com\/wp-content\/uploads\/2025\/11\/SS25_Sock_2-e1763729188845.jpg","width":1125,"height":1125},{"@type":"BreadcrumbList","@id":"https:\/\/www.redwingfrankfurt.com\/en\/shop\/accessories\/socks\/crew-vintage-stripe-sock\/#breadcrumb","itemListElement":[{"@type":"ListItem","position":1,"name":"Startseite","item":"https:\/\/www.redwingfrankfurt.com\/en\/"},{"@type":"ListItem","position":2,"name":"Shop","item":"https:\/\/www.redwingfrankfurt.com\/shop\/"},{"@type":"ListItem","position":3,"name":"Crew Vintage Stripe Sock"}]},{"@type":"WebSite","@id":"https:\/\/www.redwingfrankfurt.com\/en\/#website","url":"https:\/\/www.redwingfrankfurt.com\/en\/","name":"Red Wing Store Frankfurt","description":"First Red Wing Store in Europe \u2013 since 1977","potentialAction":[{"@type":"SearchAction","target":{"@type":"EntryPoint","urlTemplate":"https:\/\/www.redwingfrankfurt.com\/en\/?s={search_term_string}"},"query-input":{"@type":"PropertyValueSpecification","valueRequired":true,"valueName":"search_term_string"}}],"inLanguage":"en-US"}]}},"_links":{"self":[{"href":"https:\/\/www.redwingfrankfurt.com\/en\/wp-json\/wp\/v2\/product\/21537","targetHints":{"allow":["GET"]}}],"collection":[{"href":"https:\/\/www.redwingfrankfurt.com\/en\/wp-json\/wp\/v2\/product"}],"about":[{"href":"https:\/\/www.redwingfrankfurt.com\/en\/wp-json\/wp\/v2\/types\/product"}],"wp:featuredmedia":[{"embeddable":true,"href":"https:\/\/www.redwingfrankfurt.com\/en\/wp-json\/wp\/v2\/media\/21805"}],"wp:attachment":[{"href":"https:\/\/www.redwingfrankfurt.com\/en\/wp-json\/wp\/v2\/media?parent=21537"}],"wp:term":[{"taxonomy":"product_brand","embeddable":true,"href":"https:\/\/www.redwingfrankfurt.com\/en\/wp-json\/wp\/v2\/product_brand?post=21537"},{"taxonomy":"product_cat","embeddable":true,"href":"https:\/\/www.redwingfrankfurt.com\/en\/wp-json\/wp\/v2\/product_cat?post=21537"},{"taxonomy":"product_tag","embeddable":true,"href":"https:\/\/www.redwingfrankfurt.com\/en\/wp-json\/wp\/v2\/product_tag?post=21537"}],"curies":[{"name":"wp","href":"https:\/\/api.w.org\/{rel}","templated":true}]}}