{"id":21497,"date":"2025-09-18T15:36:37","date_gmt":"2025-09-18T13:36:37","guid":{"rendered":"https:\/\/www.redwingfrankfurt.com\/?post_type=product&#038;p=21497"},"modified":"2026-04-04T13:30:18","modified_gmt":"2026-04-04T11:30:18","slug":"laces-schwarz-rot-122cm","status":"publish","type":"product","link":"https:\/\/www.redwingfrankfurt.com\/en\/shop\/accessories\/laces\/laces-schwarz-rot-122cm\/","title":{"rendered":"Laces Schwarz Rot 122cm"},"content":{"rendered":"<p>Die 122 cm langen Schn\u00fcrsenkel geh\u00f6ren zu den meistverwendeten L\u00e4ngen f\u00fcr Red Wing Boots. Sie eignen sich hervorragend f\u00fcr 6- und 7-\u00d6sen-Modelle und sind sowohl als Taslan-Variante als auch flach gewachst erh\u00e4ltlich. Das Material bietet hohe Belastbarkeit, sicheren Sitz in den \u00d6sen und eine Optik, die perfekt zum Heritage-Stil passt.<\/p>\n","protected":false},"excerpt":{"rendered":"<p>&nbsp;<\/p>\n<p>&nbsp;<\/p>\n","protected":false},"featured_media":21499,"template":"","meta":[],"product_brand":[],"product_cat":[109],"product_tag":[1039,441,442,1038],"class_list":{"0":"post-21497","1":"product","2":"type-product","3":"status-publish","4":"has-post-thumbnail","6":"product_cat-laces","7":"product_tag-1039","8":"product_tag-laces","9":"product_tag-schnuersenkel","10":"product_tag-schwarz-rot","11":"pa_farbe-gelb","13":"first","14":"instock","15":"taxable","16":"shipping-taxable","17":"purchasable","18":"product-type-simple","19":"add-to-wishlist-before_image"},"yoast_head":"<!-- This site is optimized with the Yoast SEO plugin v27.5 - https:\/\/yoast.com\/product\/yoast-seo-wordpress\/ -->\n<title>Laces Schwarz Rot 122cm - Red Wing Store Frankfurt<\/title>\n<meta name=\"description\" content=\"Red Wing Schn\u00fcrsenkel 122 cm \u2013 ideale L\u00e4nge f\u00fcr Iron Ranger, Moc Toe &amp; Blacksmith. Erh\u00e4ltlich in Taslan oder gewachst.\" \/>\n<meta name=\"robots\" content=\"index, follow, max-snippet:-1, max-image-preview:large, max-video-preview:-1\" \/>\n<link rel=\"canonical\" href=\"https:\/\/www.redwingfrankfurt.com\/en\/shop\/accessories\/laces\/laces-schwarz-rot-122cm\/\" \/>\n<meta property=\"og:locale\" content=\"en_US\" \/>\n<meta property=\"og:type\" content=\"article\" \/>\n<meta property=\"og:title\" content=\"Laces Schwarz Rot 122cm - Red Wing Store Frankfurt\" \/>\n<meta property=\"og:description\" content=\"Red Wing Schn\u00fcrsenkel 122 cm \u2013 ideale L\u00e4nge f\u00fcr Iron Ranger, Moc Toe &amp; Blacksmith. Erh\u00e4ltlich in Taslan oder gewachst.\" \/>\n<meta property=\"og:url\" content=\"https:\/\/www.redwingfrankfurt.com\/en\/shop\/accessories\/laces\/laces-schwarz-rot-122cm\/\" \/>\n<meta property=\"og:site_name\" content=\"Red Wing Store Frankfurt\" \/>\n<meta property=\"article:modified_time\" content=\"2026-04-04T11:30:18+00:00\" \/>\n<meta property=\"og:image\" content=\"https:\/\/www.redwingfrankfurt.com\/wp-content\/uploads\/2025\/09\/RWH93019_MUL_N1_0819-471x471.png\" \/>\n\t<meta property=\"og:image:width\" content=\"471\" \/>\n\t<meta property=\"og:image:height\" content=\"471\" \/>\n\t<meta property=\"og:image:type\" content=\"image\/png\" \/>\n<meta name=\"twitter:card\" content=\"summary_large_image\" \/>\n<script type=\"application\/ld+json\" class=\"yoast-schema-graph\">{\"@context\":\"https:\\\/\\\/schema.org\",\"@graph\":[{\"@type\":\"WebPage\",\"@id\":\"https:\\\/\\\/www.redwingfrankfurt.com\\\/en\\\/shop\\\/accessories\\\/laces\\\/laces-schwarz-rot-122cm\\\/\",\"url\":\"https:\\\/\\\/www.redwingfrankfurt.com\\\/en\\\/shop\\\/accessories\\\/laces\\\/laces-schwarz-rot-122cm\\\/\",\"name\":\"Laces Schwarz Rot 122cm - Red Wing Store Frankfurt\",\"isPartOf\":{\"@id\":\"https:\\\/\\\/www.redwingfrankfurt.com\\\/en\\\/#website\"},\"primaryImageOfPage\":{\"@id\":\"https:\\\/\\\/www.redwingfrankfurt.com\\\/en\\\/shop\\\/accessories\\\/laces\\\/laces-schwarz-rot-122cm\\\/#primaryimage\"},\"image\":{\"@id\":\"https:\\\/\\\/www.redwingfrankfurt.com\\\/en\\\/shop\\\/accessories\\\/laces\\\/laces-schwarz-rot-122cm\\\/#primaryimage\"},\"thumbnailUrl\":\"https:\\\/\\\/www.redwingfrankfurt.com\\\/wp-content\\\/uploads\\\/2025\\\/09\\\/RWH93019_MUL_N1_0819.png\",\"datePublished\":\"2025-09-18T13:36:37+00:00\",\"dateModified\":\"2026-04-04T11:30:18+00:00\",\"description\":\"Red Wing Schn\u00fcrsenkel 122 cm \u2013 ideale L\u00e4nge f\u00fcr Iron Ranger, Moc Toe & Blacksmith. Erh\u00e4ltlich in Taslan oder gewachst.\",\"breadcrumb\":{\"@id\":\"https:\\\/\\\/www.redwingfrankfurt.com\\\/en\\\/shop\\\/accessories\\\/laces\\\/laces-schwarz-rot-122cm\\\/#breadcrumb\"},\"inLanguage\":\"en-US\",\"potentialAction\":[{\"@type\":\"ReadAction\",\"target\":[\"https:\\\/\\\/www.redwingfrankfurt.com\\\/en\\\/shop\\\/accessories\\\/laces\\\/laces-schwarz-rot-122cm\\\/\"]}]},{\"@type\":\"ImageObject\",\"inLanguage\":\"en-US\",\"@id\":\"https:\\\/\\\/www.redwingfrankfurt.com\\\/en\\\/shop\\\/accessories\\\/laces\\\/laces-schwarz-rot-122cm\\\/#primaryimage\",\"url\":\"https:\\\/\\\/www.redwingfrankfurt.com\\\/wp-content\\\/uploads\\\/2025\\\/09\\\/RWH93019_MUL_N1_0819.png\",\"contentUrl\":\"https:\\\/\\\/www.redwingfrankfurt.com\\\/wp-content\\\/uploads\\\/2025\\\/09\\\/RWH93019_MUL_N1_0819.png\",\"width\":2000,\"height\":2000},{\"@type\":\"BreadcrumbList\",\"@id\":\"https:\\\/\\\/www.redwingfrankfurt.com\\\/en\\\/shop\\\/accessories\\\/laces\\\/laces-schwarz-rot-122cm\\\/#breadcrumb\",\"itemListElement\":[{\"@type\":\"ListItem\",\"position\":1,\"name\":\"Startseite\",\"item\":\"https:\\\/\\\/www.redwingfrankfurt.com\\\/en\\\/\"},{\"@type\":\"ListItem\",\"position\":2,\"name\":\"Shop\",\"item\":\"https:\\\/\\\/www.redwingfrankfurt.com\\\/shop\\\/\"},{\"@type\":\"ListItem\",\"position\":3,\"name\":\"Laces Schwarz Rot 122cm\"}]},{\"@type\":\"WebSite\",\"@id\":\"https:\\\/\\\/www.redwingfrankfurt.com\\\/en\\\/#website\",\"url\":\"https:\\\/\\\/www.redwingfrankfurt.com\\\/en\\\/\",\"name\":\"Red Wing Store Frankfurt\",\"description\":\"First Red Wing Store in Europe \u2013 since 1977\",\"potentialAction\":[{\"@type\":\"SearchAction\",\"target\":{\"@type\":\"EntryPoint\",\"urlTemplate\":\"https:\\\/\\\/www.redwingfrankfurt.com\\\/en\\\/?s={search_term_string}\"},\"query-input\":{\"@type\":\"PropertyValueSpecification\",\"valueRequired\":true,\"valueName\":\"search_term_string\"}}],\"inLanguage\":\"en-US\"}]}<\/script>\n<!-- \/ Yoast SEO plugin. -->","yoast_head_json":{"title":"Laces Schwarz Rot 122cm - Red Wing Store Frankfurt","description":"Red Wing Schn\u00fcrsenkel 122 cm \u2013 ideale L\u00e4nge f\u00fcr Iron Ranger, Moc Toe & Blacksmith. Erh\u00e4ltlich in Taslan oder gewachst.","robots":{"index":"index","follow":"follow","max-snippet":"max-snippet:-1","max-image-preview":"max-image-preview:large","max-video-preview":"max-video-preview:-1"},"canonical":"https:\/\/www.redwingfrankfurt.com\/en\/shop\/accessories\/laces\/laces-schwarz-rot-122cm\/","og_locale":"en_US","og_type":"article","og_title":"Laces Schwarz Rot 122cm - Red Wing Store Frankfurt","og_description":"Red Wing Schn\u00fcrsenkel 122 cm \u2013 ideale L\u00e4nge f\u00fcr Iron Ranger, Moc Toe & Blacksmith. Erh\u00e4ltlich in Taslan oder gewachst.","og_url":"https:\/\/www.redwingfrankfurt.com\/en\/shop\/accessories\/laces\/laces-schwarz-rot-122cm\/","og_site_name":"Red Wing Store Frankfurt","article_modified_time":"2026-04-04T11:30:18+00:00","og_image":[{"width":471,"height":471,"url":"https:\/\/www.redwingfrankfurt.com\/wp-content\/uploads\/2025\/09\/RWH93019_MUL_N1_0819-471x471.png","type":"image\/png"}],"twitter_card":"summary_large_image","schema":{"@context":"https:\/\/schema.org","@graph":[{"@type":"WebPage","@id":"https:\/\/www.redwingfrankfurt.com\/en\/shop\/accessories\/laces\/laces-schwarz-rot-122cm\/","url":"https:\/\/www.redwingfrankfurt.com\/en\/shop\/accessories\/laces\/laces-schwarz-rot-122cm\/","name":"Laces Schwarz Rot 122cm - Red Wing Store Frankfurt","isPartOf":{"@id":"https:\/\/www.redwingfrankfurt.com\/en\/#website"},"primaryImageOfPage":{"@id":"https:\/\/www.redwingfrankfurt.com\/en\/shop\/accessories\/laces\/laces-schwarz-rot-122cm\/#primaryimage"},"image":{"@id":"https:\/\/www.redwingfrankfurt.com\/en\/shop\/accessories\/laces\/laces-schwarz-rot-122cm\/#primaryimage"},"thumbnailUrl":"https:\/\/www.redwingfrankfurt.com\/wp-content\/uploads\/2025\/09\/RWH93019_MUL_N1_0819.png","datePublished":"2025-09-18T13:36:37+00:00","dateModified":"2026-04-04T11:30:18+00:00","description":"Red Wing Schn\u00fcrsenkel 122 cm \u2013 ideale L\u00e4nge f\u00fcr Iron Ranger, Moc Toe & Blacksmith. Erh\u00e4ltlich in Taslan oder gewachst.","breadcrumb":{"@id":"https:\/\/www.redwingfrankfurt.com\/en\/shop\/accessories\/laces\/laces-schwarz-rot-122cm\/#breadcrumb"},"inLanguage":"en-US","potentialAction":[{"@type":"ReadAction","target":["https:\/\/www.redwingfrankfurt.com\/en\/shop\/accessories\/laces\/laces-schwarz-rot-122cm\/"]}]},{"@type":"ImageObject","inLanguage":"en-US","@id":"https:\/\/www.redwingfrankfurt.com\/en\/shop\/accessories\/laces\/laces-schwarz-rot-122cm\/#primaryimage","url":"https:\/\/www.redwingfrankfurt.com\/wp-content\/uploads\/2025\/09\/RWH93019_MUL_N1_0819.png","contentUrl":"https:\/\/www.redwingfrankfurt.com\/wp-content\/uploads\/2025\/09\/RWH93019_MUL_N1_0819.png","width":2000,"height":2000},{"@type":"BreadcrumbList","@id":"https:\/\/www.redwingfrankfurt.com\/en\/shop\/accessories\/laces\/laces-schwarz-rot-122cm\/#breadcrumb","itemListElement":[{"@type":"ListItem","position":1,"name":"Startseite","item":"https:\/\/www.redwingfrankfurt.com\/en\/"},{"@type":"ListItem","position":2,"name":"Shop","item":"https:\/\/www.redwingfrankfurt.com\/shop\/"},{"@type":"ListItem","position":3,"name":"Laces Schwarz Rot 122cm"}]},{"@type":"WebSite","@id":"https:\/\/www.redwingfrankfurt.com\/en\/#website","url":"https:\/\/www.redwingfrankfurt.com\/en\/","name":"Red Wing Store Frankfurt","description":"First Red Wing Store in Europe \u2013 since 1977","potentialAction":[{"@type":"SearchAction","target":{"@type":"EntryPoint","urlTemplate":"https:\/\/www.redwingfrankfurt.com\/en\/?s={search_term_string}"},"query-input":{"@type":"PropertyValueSpecification","valueRequired":true,"valueName":"search_term_string"}}],"inLanguage":"en-US"}]}},"_links":{"self":[{"href":"https:\/\/www.redwingfrankfurt.com\/en\/wp-json\/wp\/v2\/product\/21497","targetHints":{"allow":["GET"]}}],"collection":[{"href":"https:\/\/www.redwingfrankfurt.com\/en\/wp-json\/wp\/v2\/product"}],"about":[{"href":"https:\/\/www.redwingfrankfurt.com\/en\/wp-json\/wp\/v2\/types\/product"}],"wp:featuredmedia":[{"embeddable":true,"href":"https:\/\/www.redwingfrankfurt.com\/en\/wp-json\/wp\/v2\/media\/21499"}],"wp:attachment":[{"href":"https:\/\/www.redwingfrankfurt.com\/en\/wp-json\/wp\/v2\/media?parent=21497"}],"wp:term":[{"taxonomy":"product_brand","embeddable":true,"href":"https:\/\/www.redwingfrankfurt.com\/en\/wp-json\/wp\/v2\/product_brand?post=21497"},{"taxonomy":"product_cat","embeddable":true,"href":"https:\/\/www.redwingfrankfurt.com\/en\/wp-json\/wp\/v2\/product_cat?post=21497"},{"taxonomy":"product_tag","embeddable":true,"href":"https:\/\/www.redwingfrankfurt.com\/en\/wp-json\/wp\/v2\/product_tag?post=21497"}],"curies":[{"name":"wp","href":"https:\/\/api.w.org\/{rel}","templated":true}]}}