{"id":21448,"date":"2025-09-16T17:41:11","date_gmt":"2025-09-16T15:41:11","guid":{"rendered":"https:\/\/www.redwingfrankfurt.com\/?post_type=product&#038;p=21448"},"modified":"2026-04-08T20:47:11","modified_gmt":"2026-04-08T18:47:11","slug":"merino-wool-sock-scarlet-red","status":"publish","type":"product","link":"https:\/\/www.redwingfrankfurt.com\/en\/shop\/accessories\/socks\/merino-wool-sock-scarlet-red\/","title":{"rendered":"Full Crew Merino Sock"},"content":{"rendered":"<p>Die Full Crew Merino Socke z\u00e4hlt zu den w\u00e4rmsten Socken der Red Wing Heritage Kollektion. Mit 80 % hochwertiger Merinowolle bietet sie nat\u00fcrliche W\u00e4rme, hervorragende Atmungsaktivit\u00e4t und geruchshemmende Eigenschaften. Erg\u00e4nzt durch verst\u00e4rktes Nylon und flexibles Spandex ist er zugleich langlebig und komfortabel. Die durchgehende Vollpolsterung h\u00e4lt die F\u00fc\u00dfe selbst bei eisigem Wetter angenehm warm.<\/p>\n","protected":false},"excerpt":{"rendered":"<ul>\n<li>80% Merino Wolle , 18% Nylon, 2% Elastan<\/li>\n<li>Zehen- und Fersenbereich verst\u00e4rkt<\/li>\n<li>Frottierung Innen \u2013 F\u00fcr gute Feuchtigkeitsaufnahme<\/li>\n<\/ul>\n","protected":false},"featured_media":21761,"template":"","meta":[],"product_brand":[],"product_cat":[107],"product_tag":[1026,775,774,514,515,1063,755,756,765],"class_list":{"0":"post-21448","1":"product","2":"type-product","3":"status-publish","4":"has-post-thumbnail","6":"product_cat-socks","7":"product_tag-1026","8":"product_tag-merino","9":"product_tag-merino-wool-sock","10":"product_tag-red","11":"product_tag-rot","12":"product_tag-scarlet","13":"product_tag-socken","14":"product_tag-socks","15":"product_tag-struempfe","16":"pa_farbe-grau","17":"pa_groesse-6-9","18":"pa_groesse-3er-6-9","19":"pa_groesse-3er-9-12","20":"pa_groesse-3er-pack-46-eu-50-eu","21":"pa_groesse-9-12","22":"pa_groesse-46-eu-50-eu","24":"first","25":"instock","26":"taxable","27":"shipping-taxable","28":"purchasable","29":"product-type-variable","30":"add-to-wishlist-before_image"},"yoast_head":"<!-- This site is optimized with the Yoast SEO plugin v27.3 - https:\/\/yoast.com\/product\/yoast-seo-wordpress\/ -->\n<title>Full Crew Merino Sock - Red Wing Store Frankfurt<\/title>\n<meta name=\"robots\" content=\"index, follow, max-snippet:-1, max-image-preview:large, max-video-preview:-1\" \/>\n<link rel=\"canonical\" href=\"https:\/\/www.redwingfrankfurt.com\/en\/shop\/accessories\/socks\/merino-wool-sock-scarlet-red\/\" \/>\n<meta property=\"og:locale\" content=\"en_US\" \/>\n<meta property=\"og:type\" content=\"article\" \/>\n<meta property=\"og:title\" content=\"Full Crew Merino Sock - Red Wing Store Frankfurt\" \/>\n<meta property=\"og:description\" content=\"80% Merino Wolle , 18% Nylon, 2% Elastan  Zehen- und Fersenbereich verst\u00e4rkt  Frottierung Innen \u2013 F\u00fcr gute Feuchtigkeitsaufnahme\" \/>\n<meta property=\"og:url\" content=\"https:\/\/www.redwingfrankfurt.com\/en\/shop\/accessories\/socks\/merino-wool-sock-scarlet-red\/\" \/>\n<meta property=\"og:site_name\" content=\"Red Wing Store Frankfurt\" \/>\n<meta property=\"article:modified_time\" content=\"2026-04-08T18:47:11+00:00\" \/>\n<meta property=\"og:image\" content=\"https:\/\/www.redwingfrankfurt.com\/wp-content\/uploads\/2025\/11\/RWH_FW25_Rice_SockRed_76802-scaled-e1763138393345-471x471.png\" \/>\n\t<meta property=\"og:image:width\" content=\"471\" \/>\n\t<meta property=\"og:image:height\" content=\"471\" \/>\n\t<meta property=\"og:image:type\" content=\"image\/png\" \/>\n<meta name=\"twitter:card\" content=\"summary_large_image\" \/>\n<script type=\"application\/ld+json\" class=\"yoast-schema-graph\">{\"@context\":\"https:\\\/\\\/schema.org\",\"@graph\":[{\"@type\":\"WebPage\",\"@id\":\"https:\\\/\\\/www.redwingfrankfurt.com\\\/en\\\/shop\\\/accessories\\\/socks\\\/merino-wool-sock-scarlet-red\\\/\",\"url\":\"https:\\\/\\\/www.redwingfrankfurt.com\\\/en\\\/shop\\\/accessories\\\/socks\\\/merino-wool-sock-scarlet-red\\\/\",\"name\":\"Full Crew Merino Sock - Red Wing Store Frankfurt\",\"isPartOf\":{\"@id\":\"https:\\\/\\\/www.redwingfrankfurt.com\\\/en\\\/#website\"},\"primaryImageOfPage\":{\"@id\":\"https:\\\/\\\/www.redwingfrankfurt.com\\\/en\\\/shop\\\/accessories\\\/socks\\\/merino-wool-sock-scarlet-red\\\/#primaryimage\"},\"image\":{\"@id\":\"https:\\\/\\\/www.redwingfrankfurt.com\\\/en\\\/shop\\\/accessories\\\/socks\\\/merino-wool-sock-scarlet-red\\\/#primaryimage\"},\"thumbnailUrl\":\"https:\\\/\\\/www.redwingfrankfurt.com\\\/wp-content\\\/uploads\\\/2025\\\/11\\\/RWH_FW25_Rice_SockRed_76802-scaled-e1763138393345.png\",\"datePublished\":\"2025-09-16T15:41:11+00:00\",\"dateModified\":\"2026-04-08T18:47:11+00:00\",\"breadcrumb\":{\"@id\":\"https:\\\/\\\/www.redwingfrankfurt.com\\\/en\\\/shop\\\/accessories\\\/socks\\\/merino-wool-sock-scarlet-red\\\/#breadcrumb\"},\"inLanguage\":\"en-US\",\"potentialAction\":[{\"@type\":\"ReadAction\",\"target\":[\"https:\\\/\\\/www.redwingfrankfurt.com\\\/en\\\/shop\\\/accessories\\\/socks\\\/merino-wool-sock-scarlet-red\\\/\"]}]},{\"@type\":\"ImageObject\",\"inLanguage\":\"en-US\",\"@id\":\"https:\\\/\\\/www.redwingfrankfurt.com\\\/en\\\/shop\\\/accessories\\\/socks\\\/merino-wool-sock-scarlet-red\\\/#primaryimage\",\"url\":\"https:\\\/\\\/www.redwingfrankfurt.com\\\/wp-content\\\/uploads\\\/2025\\\/11\\\/RWH_FW25_Rice_SockRed_76802-scaled-e1763138393345.png\",\"contentUrl\":\"https:\\\/\\\/www.redwingfrankfurt.com\\\/wp-content\\\/uploads\\\/2025\\\/11\\\/RWH_FW25_Rice_SockRed_76802-scaled-e1763138393345.png\",\"width\":2560,\"height\":2560},{\"@type\":\"BreadcrumbList\",\"@id\":\"https:\\\/\\\/www.redwingfrankfurt.com\\\/en\\\/shop\\\/accessories\\\/socks\\\/merino-wool-sock-scarlet-red\\\/#breadcrumb\",\"itemListElement\":[{\"@type\":\"ListItem\",\"position\":1,\"name\":\"Startseite\",\"item\":\"https:\\\/\\\/www.redwingfrankfurt.com\\\/en\\\/\"},{\"@type\":\"ListItem\",\"position\":2,\"name\":\"Shop\",\"item\":\"https:\\\/\\\/www.redwingfrankfurt.com\\\/shop\\\/\"},{\"@type\":\"ListItem\",\"position\":3,\"name\":\"Full Crew Merino Sock\"}]},{\"@type\":\"WebSite\",\"@id\":\"https:\\\/\\\/www.redwingfrankfurt.com\\\/en\\\/#website\",\"url\":\"https:\\\/\\\/www.redwingfrankfurt.com\\\/en\\\/\",\"name\":\"Red Wing Store Frankfurt\",\"description\":\"First Red Wing Store in Europe \u2013 since 1977\",\"potentialAction\":[{\"@type\":\"SearchAction\",\"target\":{\"@type\":\"EntryPoint\",\"urlTemplate\":\"https:\\\/\\\/www.redwingfrankfurt.com\\\/en\\\/?s={search_term_string}\"},\"query-input\":{\"@type\":\"PropertyValueSpecification\",\"valueRequired\":true,\"valueName\":\"search_term_string\"}}],\"inLanguage\":\"en-US\"}]}<\/script>\n<!-- \/ Yoast SEO plugin. -->","yoast_head_json":{"title":"Full Crew Merino Sock - Red Wing Store Frankfurt","robots":{"index":"index","follow":"follow","max-snippet":"max-snippet:-1","max-image-preview":"max-image-preview:large","max-video-preview":"max-video-preview:-1"},"canonical":"https:\/\/www.redwingfrankfurt.com\/en\/shop\/accessories\/socks\/merino-wool-sock-scarlet-red\/","og_locale":"en_US","og_type":"article","og_title":"Full Crew Merino Sock - Red Wing Store Frankfurt","og_description":"80% Merino Wolle , 18% Nylon, 2% Elastan  Zehen- und Fersenbereich verst\u00e4rkt  Frottierung Innen \u2013 F\u00fcr gute Feuchtigkeitsaufnahme","og_url":"https:\/\/www.redwingfrankfurt.com\/en\/shop\/accessories\/socks\/merino-wool-sock-scarlet-red\/","og_site_name":"Red Wing Store Frankfurt","article_modified_time":"2026-04-08T18:47:11+00:00","og_image":[{"width":471,"height":471,"url":"https:\/\/www.redwingfrankfurt.com\/wp-content\/uploads\/2025\/11\/RWH_FW25_Rice_SockRed_76802-scaled-e1763138393345-471x471.png","type":"image\/png"}],"twitter_card":"summary_large_image","schema":{"@context":"https:\/\/schema.org","@graph":[{"@type":"WebPage","@id":"https:\/\/www.redwingfrankfurt.com\/en\/shop\/accessories\/socks\/merino-wool-sock-scarlet-red\/","url":"https:\/\/www.redwingfrankfurt.com\/en\/shop\/accessories\/socks\/merino-wool-sock-scarlet-red\/","name":"Full Crew Merino Sock - Red Wing Store Frankfurt","isPartOf":{"@id":"https:\/\/www.redwingfrankfurt.com\/en\/#website"},"primaryImageOfPage":{"@id":"https:\/\/www.redwingfrankfurt.com\/en\/shop\/accessories\/socks\/merino-wool-sock-scarlet-red\/#primaryimage"},"image":{"@id":"https:\/\/www.redwingfrankfurt.com\/en\/shop\/accessories\/socks\/merino-wool-sock-scarlet-red\/#primaryimage"},"thumbnailUrl":"https:\/\/www.redwingfrankfurt.com\/wp-content\/uploads\/2025\/11\/RWH_FW25_Rice_SockRed_76802-scaled-e1763138393345.png","datePublished":"2025-09-16T15:41:11+00:00","dateModified":"2026-04-08T18:47:11+00:00","breadcrumb":{"@id":"https:\/\/www.redwingfrankfurt.com\/en\/shop\/accessories\/socks\/merino-wool-sock-scarlet-red\/#breadcrumb"},"inLanguage":"en-US","potentialAction":[{"@type":"ReadAction","target":["https:\/\/www.redwingfrankfurt.com\/en\/shop\/accessories\/socks\/merino-wool-sock-scarlet-red\/"]}]},{"@type":"ImageObject","inLanguage":"en-US","@id":"https:\/\/www.redwingfrankfurt.com\/en\/shop\/accessories\/socks\/merino-wool-sock-scarlet-red\/#primaryimage","url":"https:\/\/www.redwingfrankfurt.com\/wp-content\/uploads\/2025\/11\/RWH_FW25_Rice_SockRed_76802-scaled-e1763138393345.png","contentUrl":"https:\/\/www.redwingfrankfurt.com\/wp-content\/uploads\/2025\/11\/RWH_FW25_Rice_SockRed_76802-scaled-e1763138393345.png","width":2560,"height":2560},{"@type":"BreadcrumbList","@id":"https:\/\/www.redwingfrankfurt.com\/en\/shop\/accessories\/socks\/merino-wool-sock-scarlet-red\/#breadcrumb","itemListElement":[{"@type":"ListItem","position":1,"name":"Startseite","item":"https:\/\/www.redwingfrankfurt.com\/en\/"},{"@type":"ListItem","position":2,"name":"Shop","item":"https:\/\/www.redwingfrankfurt.com\/shop\/"},{"@type":"ListItem","position":3,"name":"Full Crew Merino Sock"}]},{"@type":"WebSite","@id":"https:\/\/www.redwingfrankfurt.com\/en\/#website","url":"https:\/\/www.redwingfrankfurt.com\/en\/","name":"Red Wing Store Frankfurt","description":"First Red Wing Store in Europe \u2013 since 1977","potentialAction":[{"@type":"SearchAction","target":{"@type":"EntryPoint","urlTemplate":"https:\/\/www.redwingfrankfurt.com\/en\/?s={search_term_string}"},"query-input":{"@type":"PropertyValueSpecification","valueRequired":true,"valueName":"search_term_string"}}],"inLanguage":"en-US"}]}},"_links":{"self":[{"href":"https:\/\/www.redwingfrankfurt.com\/en\/wp-json\/wp\/v2\/product\/21448","targetHints":{"allow":["GET"]}}],"collection":[{"href":"https:\/\/www.redwingfrankfurt.com\/en\/wp-json\/wp\/v2\/product"}],"about":[{"href":"https:\/\/www.redwingfrankfurt.com\/en\/wp-json\/wp\/v2\/types\/product"}],"wp:featuredmedia":[{"embeddable":true,"href":"https:\/\/www.redwingfrankfurt.com\/en\/wp-json\/wp\/v2\/media\/21761"}],"wp:attachment":[{"href":"https:\/\/www.redwingfrankfurt.com\/en\/wp-json\/wp\/v2\/media?parent=21448"}],"wp:term":[{"taxonomy":"product_brand","embeddable":true,"href":"https:\/\/www.redwingfrankfurt.com\/en\/wp-json\/wp\/v2\/product_brand?post=21448"},{"taxonomy":"product_cat","embeddable":true,"href":"https:\/\/www.redwingfrankfurt.com\/en\/wp-json\/wp\/v2\/product_cat?post=21448"},{"taxonomy":"product_tag","embeddable":true,"href":"https:\/\/www.redwingfrankfurt.com\/en\/wp-json\/wp\/v2\/product_tag?post=21448"}],"curies":[{"name":"wp","href":"https:\/\/api.w.org\/{rel}","templated":true}]}}