{"id":21303,"date":"2025-08-13T13:01:20","date_gmt":"2025-08-13T11:01:20","guid":{"rendered":"https:\/\/www.redwingfrankfurt.com\/?post_type=product&#038;p=21303"},"modified":"2026-03-31T12:40:14","modified_gmt":"2026-03-31T10:40:14","slug":"3498-porter","status":"publish","type":"product","link":"https:\/\/www.redwingfrankfurt.com\/en\/shop\/womens-shoes\/moc-toe-womens-shoes\/3498-porter\/","title":{"rendered":"3498 Porter"},"content":{"rendered":"<p data-start=\"188\" data-end=\"968\">Der <strong data-start=\"192\" data-end=\"206\">Porter Moc<\/strong> wurde speziell f\u00fcr die Passform von Frauen entwickelt und verbindet traditionelles Schuhhandwerk mit modernem Komfort. Das 6-Zoll-Obermaterial aus hochwertigem <strong data-start=\"367\" data-end=\"397\">Copper Rough &amp; Tough Leder<\/strong> begeistert mit seiner warmen Farbgebung und entwickelt mit der Zeit eine einzigartige Patina. Die robuste <strong data-start=\"504\" data-end=\"518\">Storm-Welt<\/strong> in Kombination mit der leichten <strong data-start=\"551\" data-end=\"579\">XL EXTRALIGHT\u00ae-Lug-Sohle<\/strong> sorgt f\u00fcr wetterfesten Halt und Langlebigkeit \u2013 bei \u00fcberraschend geringem Gewicht. Innen garantieren Texon- und Poron\u00ae-Fu\u00dfbett bereits ab dem ersten Tragen sp\u00fcrbare D\u00e4mpfung und ganzt\u00e4gigen Komfort. Dezente emaillierte \u00d6sen und das stimmig abgestimmte Design runden den modernen Moc-Toe-Look stilvoll ab. Handgefertigt in den USA \u2013 gemacht f\u00fcr alle, die Qualit\u00e4t und Charakter sch\u00e4tzen.<\/p>\n","protected":false},"excerpt":{"rendered":"<ul>\n<li>Leder: Copper Rough &amp; Tough<\/li>\n<li>Innen: Poron Sohle mit Leder als Obermaterial<\/li>\n<li>Sohle: XL Extralight Lug Sohle<\/li>\n<li>Konstruktion: Rahmengen\u00e4ht<br \/>\n<span style=\"color: #ffffff;\">&#8212;&#8212;&#8212;&#8212;&#8212;&#8212;&#8212;&#8212;&#8212;&#8212;&#8212;&#8211;<\/span><br \/>\nMade in the USA!<\/li>\n<\/ul>\n","protected":false},"featured_media":21301,"template":"","meta":[],"product_brand":[],"product_cat":[210,207],"product_tag":[1018,438,846,427,1016,482,1017],"class_list":{"0":"post-21303","1":"product","2":"type-product","3":"status-publish","4":"has-post-thumbnail","6":"product_cat-moc-toe-womens-shoes","7":"product_cat-womens-shoes","8":"product_tag-1018","9":"product_tag-copper-rough-and-tough","10":"product_tag-data","11":"product_tag-moc-toe","12":"product_tag-porter","13":"product_tag-vibram","14":"product_tag-xl-extralight-lug-sohle","15":"pa_farbe-braun","16":"pa_groesse-10-us-415-eu","17":"pa_groesse-11-us-425-eu","18":"pa_groesse-5-us-34-5-eu","19":"pa_groesse-55-us-35-eu","20":"pa_groesse-6-us-36-eu","21":"pa_groesse-65-us-37-eu","22":"pa_groesse-7-us-375-eu","23":"pa_groesse-75-us-38-eu","24":"pa_groesse-8-us-385-eu","25":"pa_groesse-85-us-39-eu","26":"pa_groesse-9-us-40-eu","27":"pa_groesse-95-us-41-eu","29":"first","30":"instock","31":"taxable","32":"shipping-taxable","33":"purchasable","34":"product-type-variable","35":"add-to-wishlist-before_image"},"yoast_head":"<!-- This site is optimized with the Yoast SEO plugin v27.3 - https:\/\/yoast.com\/product\/yoast-seo-wordpress\/ -->\n<title>3498 Porter - Red Wing Store Frankfurt<\/title>\n<meta name=\"description\" content=\"Porter Moc 3498 Women\u2019s Fit: Copper Rough &amp; Tough Leder, Storm-Welt &amp; XL EXTRALIGHT\u00ae-Sohle. Leicht, wetterfest &amp; langlebig \u2013 mit Patina-Charakter.\" \/>\n<meta name=\"robots\" content=\"index, follow, max-snippet:-1, max-image-preview:large, max-video-preview:-1\" \/>\n<link rel=\"canonical\" href=\"https:\/\/www.redwingfrankfurt.com\/en\/shop\/womens-shoes\/moc-toe-womens-shoes\/3498-porter\/\" \/>\n<meta property=\"og:locale\" content=\"en_US\" \/>\n<meta property=\"og:type\" content=\"article\" \/>\n<meta property=\"og:title\" content=\"3498 Porter - Red Wing Store Frankfurt\" \/>\n<meta property=\"og:description\" content=\"Porter Moc 3498 Women\u2019s Fit: Copper Rough &amp; Tough Leder, Storm-Welt &amp; XL EXTRALIGHT\u00ae-Sohle. Leicht, wetterfest &amp; langlebig \u2013 mit Patina-Charakter.\" \/>\n<meta property=\"og:url\" content=\"https:\/\/www.redwingfrankfurt.com\/en\/shop\/womens-shoes\/moc-toe-womens-shoes\/3498-porter\/\" \/>\n<meta property=\"og:site_name\" content=\"Red Wing Store Frankfurt\" \/>\n<meta property=\"article:modified_time\" content=\"2026-03-31T10:40:14+00:00\" \/>\n<meta property=\"og:image\" content=\"https:\/\/www.redwingfrankfurt.com\/wp-content\/uploads\/2025\/08\/RH3498_MUL_N3_Cropped_04251-scaled-e1755083165588.jpg\" \/>\n\t<meta property=\"og:image:width\" content=\"2560\" \/>\n\t<meta property=\"og:image:height\" content=\"2560\" \/>\n\t<meta property=\"og:image:type\" content=\"image\/jpeg\" \/>\n<meta name=\"twitter:card\" content=\"summary_large_image\" \/>\n<meta name=\"twitter:label1\" content=\"Est. reading time\" \/>\n\t<meta name=\"twitter:data1\" content=\"1 minute\" \/>\n<script type=\"application\/ld+json\" class=\"yoast-schema-graph\">{\"@context\":\"https:\\\/\\\/schema.org\",\"@graph\":[{\"@type\":\"WebPage\",\"@id\":\"https:\\\/\\\/www.redwingfrankfurt.com\\\/en\\\/shop\\\/womens-shoes\\\/moc-toe-womens-shoes\\\/3498-porter\\\/\",\"url\":\"https:\\\/\\\/www.redwingfrankfurt.com\\\/en\\\/shop\\\/womens-shoes\\\/moc-toe-womens-shoes\\\/3498-porter\\\/\",\"name\":\"3498 Porter - Red Wing Store Frankfurt\",\"isPartOf\":{\"@id\":\"https:\\\/\\\/www.redwingfrankfurt.com\\\/en\\\/#website\"},\"primaryImageOfPage\":{\"@id\":\"https:\\\/\\\/www.redwingfrankfurt.com\\\/en\\\/shop\\\/womens-shoes\\\/moc-toe-womens-shoes\\\/3498-porter\\\/#primaryimage\"},\"image\":{\"@id\":\"https:\\\/\\\/www.redwingfrankfurt.com\\\/en\\\/shop\\\/womens-shoes\\\/moc-toe-womens-shoes\\\/3498-porter\\\/#primaryimage\"},\"thumbnailUrl\":\"https:\\\/\\\/www.redwingfrankfurt.com\\\/wp-content\\\/uploads\\\/2025\\\/08\\\/RH3498_MUL_N3_Cropped_04251-scaled-e1755083165588.jpg\",\"datePublished\":\"2025-08-13T11:01:20+00:00\",\"dateModified\":\"2026-03-31T10:40:14+00:00\",\"description\":\"Porter Moc 3498 Women\u2019s Fit: Copper Rough & Tough Leder, Storm-Welt & XL EXTRALIGHT\u00ae-Sohle. Leicht, wetterfest & langlebig \u2013 mit Patina-Charakter.\",\"breadcrumb\":{\"@id\":\"https:\\\/\\\/www.redwingfrankfurt.com\\\/en\\\/shop\\\/womens-shoes\\\/moc-toe-womens-shoes\\\/3498-porter\\\/#breadcrumb\"},\"inLanguage\":\"en-US\",\"potentialAction\":[{\"@type\":\"ReadAction\",\"target\":[\"https:\\\/\\\/www.redwingfrankfurt.com\\\/en\\\/shop\\\/womens-shoes\\\/moc-toe-womens-shoes\\\/3498-porter\\\/\"]}]},{\"@type\":\"ImageObject\",\"inLanguage\":\"en-US\",\"@id\":\"https:\\\/\\\/www.redwingfrankfurt.com\\\/en\\\/shop\\\/womens-shoes\\\/moc-toe-womens-shoes\\\/3498-porter\\\/#primaryimage\",\"url\":\"https:\\\/\\\/www.redwingfrankfurt.com\\\/wp-content\\\/uploads\\\/2025\\\/08\\\/RH3498_MUL_N3_Cropped_04251-scaled-e1755083165588.jpg\",\"contentUrl\":\"https:\\\/\\\/www.redwingfrankfurt.com\\\/wp-content\\\/uploads\\\/2025\\\/08\\\/RH3498_MUL_N3_Cropped_04251-scaled-e1755083165588.jpg\",\"width\":2560,\"height\":2560},{\"@type\":\"BreadcrumbList\",\"@id\":\"https:\\\/\\\/www.redwingfrankfurt.com\\\/en\\\/shop\\\/womens-shoes\\\/moc-toe-womens-shoes\\\/3498-porter\\\/#breadcrumb\",\"itemListElement\":[{\"@type\":\"ListItem\",\"position\":1,\"name\":\"Startseite\",\"item\":\"https:\\\/\\\/www.redwingfrankfurt.com\\\/en\\\/\"},{\"@type\":\"ListItem\",\"position\":2,\"name\":\"Shop\",\"item\":\"https:\\\/\\\/www.redwingfrankfurt.com\\\/shop\\\/\"},{\"@type\":\"ListItem\",\"position\":3,\"name\":\"3498 Porter\"}]},{\"@type\":\"WebSite\",\"@id\":\"https:\\\/\\\/www.redwingfrankfurt.com\\\/en\\\/#website\",\"url\":\"https:\\\/\\\/www.redwingfrankfurt.com\\\/en\\\/\",\"name\":\"Red Wing Store Frankfurt\",\"description\":\"First Red Wing Store in Europe \u2013 since 1977\",\"potentialAction\":[{\"@type\":\"SearchAction\",\"target\":{\"@type\":\"EntryPoint\",\"urlTemplate\":\"https:\\\/\\\/www.redwingfrankfurt.com\\\/en\\\/?s={search_term_string}\"},\"query-input\":{\"@type\":\"PropertyValueSpecification\",\"valueRequired\":true,\"valueName\":\"search_term_string\"}}],\"inLanguage\":\"en-US\"}]}<\/script>\n<!-- \/ Yoast SEO plugin. -->","yoast_head_json":{"title":"3498 Porter - Red Wing Store Frankfurt","description":"Porter Moc 3498 Women\u2019s Fit: Copper Rough & Tough Leder, Storm-Welt & XL EXTRALIGHT\u00ae-Sohle. Leicht, wetterfest & langlebig \u2013 mit Patina-Charakter.","robots":{"index":"index","follow":"follow","max-snippet":"max-snippet:-1","max-image-preview":"max-image-preview:large","max-video-preview":"max-video-preview:-1"},"canonical":"https:\/\/www.redwingfrankfurt.com\/en\/shop\/womens-shoes\/moc-toe-womens-shoes\/3498-porter\/","og_locale":"en_US","og_type":"article","og_title":"3498 Porter - Red Wing Store Frankfurt","og_description":"Porter Moc 3498 Women\u2019s Fit: Copper Rough & Tough Leder, Storm-Welt & XL EXTRALIGHT\u00ae-Sohle. Leicht, wetterfest & langlebig \u2013 mit Patina-Charakter.","og_url":"https:\/\/www.redwingfrankfurt.com\/en\/shop\/womens-shoes\/moc-toe-womens-shoes\/3498-porter\/","og_site_name":"Red Wing Store Frankfurt","article_modified_time":"2026-03-31T10:40:14+00:00","og_image":[{"width":2560,"height":2560,"url":"https:\/\/www.redwingfrankfurt.com\/wp-content\/uploads\/2025\/08\/RH3498_MUL_N3_Cropped_04251-scaled-e1755083165588.jpg","type":"image\/jpeg"}],"twitter_card":"summary_large_image","twitter_misc":{"Est. reading time":"1 minute"},"schema":{"@context":"https:\/\/schema.org","@graph":[{"@type":"WebPage","@id":"https:\/\/www.redwingfrankfurt.com\/en\/shop\/womens-shoes\/moc-toe-womens-shoes\/3498-porter\/","url":"https:\/\/www.redwingfrankfurt.com\/en\/shop\/womens-shoes\/moc-toe-womens-shoes\/3498-porter\/","name":"3498 Porter - Red Wing Store Frankfurt","isPartOf":{"@id":"https:\/\/www.redwingfrankfurt.com\/en\/#website"},"primaryImageOfPage":{"@id":"https:\/\/www.redwingfrankfurt.com\/en\/shop\/womens-shoes\/moc-toe-womens-shoes\/3498-porter\/#primaryimage"},"image":{"@id":"https:\/\/www.redwingfrankfurt.com\/en\/shop\/womens-shoes\/moc-toe-womens-shoes\/3498-porter\/#primaryimage"},"thumbnailUrl":"https:\/\/www.redwingfrankfurt.com\/wp-content\/uploads\/2025\/08\/RH3498_MUL_N3_Cropped_04251-scaled-e1755083165588.jpg","datePublished":"2025-08-13T11:01:20+00:00","dateModified":"2026-03-31T10:40:14+00:00","description":"Porter Moc 3498 Women\u2019s Fit: Copper Rough & Tough Leder, Storm-Welt & XL EXTRALIGHT\u00ae-Sohle. Leicht, wetterfest & langlebig \u2013 mit Patina-Charakter.","breadcrumb":{"@id":"https:\/\/www.redwingfrankfurt.com\/en\/shop\/womens-shoes\/moc-toe-womens-shoes\/3498-porter\/#breadcrumb"},"inLanguage":"en-US","potentialAction":[{"@type":"ReadAction","target":["https:\/\/www.redwingfrankfurt.com\/en\/shop\/womens-shoes\/moc-toe-womens-shoes\/3498-porter\/"]}]},{"@type":"ImageObject","inLanguage":"en-US","@id":"https:\/\/www.redwingfrankfurt.com\/en\/shop\/womens-shoes\/moc-toe-womens-shoes\/3498-porter\/#primaryimage","url":"https:\/\/www.redwingfrankfurt.com\/wp-content\/uploads\/2025\/08\/RH3498_MUL_N3_Cropped_04251-scaled-e1755083165588.jpg","contentUrl":"https:\/\/www.redwingfrankfurt.com\/wp-content\/uploads\/2025\/08\/RH3498_MUL_N3_Cropped_04251-scaled-e1755083165588.jpg","width":2560,"height":2560},{"@type":"BreadcrumbList","@id":"https:\/\/www.redwingfrankfurt.com\/en\/shop\/womens-shoes\/moc-toe-womens-shoes\/3498-porter\/#breadcrumb","itemListElement":[{"@type":"ListItem","position":1,"name":"Startseite","item":"https:\/\/www.redwingfrankfurt.com\/en\/"},{"@type":"ListItem","position":2,"name":"Shop","item":"https:\/\/www.redwingfrankfurt.com\/shop\/"},{"@type":"ListItem","position":3,"name":"3498 Porter"}]},{"@type":"WebSite","@id":"https:\/\/www.redwingfrankfurt.com\/en\/#website","url":"https:\/\/www.redwingfrankfurt.com\/en\/","name":"Red Wing Store Frankfurt","description":"First Red Wing Store in Europe \u2013 since 1977","potentialAction":[{"@type":"SearchAction","target":{"@type":"EntryPoint","urlTemplate":"https:\/\/www.redwingfrankfurt.com\/en\/?s={search_term_string}"},"query-input":{"@type":"PropertyValueSpecification","valueRequired":true,"valueName":"search_term_string"}}],"inLanguage":"en-US"}]}},"_links":{"self":[{"href":"https:\/\/www.redwingfrankfurt.com\/en\/wp-json\/wp\/v2\/product\/21303","targetHints":{"allow":["GET"]}}],"collection":[{"href":"https:\/\/www.redwingfrankfurt.com\/en\/wp-json\/wp\/v2\/product"}],"about":[{"href":"https:\/\/www.redwingfrankfurt.com\/en\/wp-json\/wp\/v2\/types\/product"}],"wp:featuredmedia":[{"embeddable":true,"href":"https:\/\/www.redwingfrankfurt.com\/en\/wp-json\/wp\/v2\/media\/21301"}],"wp:attachment":[{"href":"https:\/\/www.redwingfrankfurt.com\/en\/wp-json\/wp\/v2\/media?parent=21303"}],"wp:term":[{"taxonomy":"product_brand","embeddable":true,"href":"https:\/\/www.redwingfrankfurt.com\/en\/wp-json\/wp\/v2\/product_brand?post=21303"},{"taxonomy":"product_cat","embeddable":true,"href":"https:\/\/www.redwingfrankfurt.com\/en\/wp-json\/wp\/v2\/product_cat?post=21303"},{"taxonomy":"product_tag","embeddable":true,"href":"https:\/\/www.redwingfrankfurt.com\/en\/wp-json\/wp\/v2\/product_tag?post=21303"}],"curies":[{"name":"wp","href":"https:\/\/api.w.org\/{rel}","templated":true}]}}