{"id":21278,"date":"2025-08-13T12:46:31","date_gmt":"2025-08-13T10:46:31","guid":{"rendered":"https:\/\/www.redwingfrankfurt.com\/?post_type=product&#038;p=21278"},"modified":"2026-04-10T12:47:31","modified_gmt":"2026-04-10T10:47:31","slug":"3497-porter","status":"publish","type":"product","link":"https:\/\/www.redwingfrankfurt.com\/en\/shop\/womens-shoes\/moc-toe-womens-shoes\/3497-porter\/","title":{"rendered":"3497 Porter"},"content":{"rendered":"<p>Der <strong data-start=\"212\" data-end=\"226\">Porter Moc<\/strong> wurde speziell f\u00fcr die Passform von Frauen entwickelt \u2013 mit 6-Zoll-Schaft aus hochwertigem Black Boundary Vollleder. Die <strong data-start=\"348\" data-end=\"375\">Storm-Welt-Konstruktion<\/strong> in Kombination mit der <strong data-start=\"399\" data-end=\"427\">XL EXTRALIGHT\u00ae Lug-Sohle<\/strong> bietet leichten Tragekomfort, zuverl\u00e4ssige Traktion und Schutz bei unterschiedlichstem Wetter. Das Texon- und Poron\u00ae-Fu\u00dfbett sorgt schon beim ersten Anziehen f\u00fcr angenehme D\u00e4mpfung und ganzt\u00e4gigen Komfort. Das monochrome Design mit emaillierten \u00d6sen und durchgehend schwarzer Sohle verleiht dem klassischen Moc Toe Look eine moderne, minimalistische Note. Handwerklich pr\u00e4zise gefertigt \u2013 ein Boot, der Funktion, Stil und Langlebigkeit vereint.<\/p>\n<p>&nbsp;<\/p>\n","protected":false},"excerpt":{"rendered":"<ul>\n<li>Leder: Black Boundary<\/li>\n<li>Innen: Poron Sohle mit Leder als Obermaterial<\/li>\n<li>Sohle: XL Extralight Lug Sohle<\/li>\n<li>Konstruktion: Rahmengen\u00e4ht<br \/>\n<span style=\"color: #ffffff;\">&#8212;&#8212;&#8212;&#8212;&#8212;&#8212;&#8212;&#8212;&#8212;&#8212;&#8212;&#8211;<\/span><br \/>\nMade in the USA!<\/li>\n<\/ul>\n","protected":false},"featured_media":21295,"template":"","meta":[],"product_brand":[],"product_cat":[210,207],"product_tag":[1014,558,846,1015,427,1016,461],"class_list":{"0":"post-21278","1":"product","2":"type-product","3":"status-publish","4":"has-post-thumbnail","6":"product_cat-moc-toe-womens-shoes","7":"product_cat-womens-shoes","8":"product_tag-1014","9":"product_tag-black-boundary","10":"product_tag-data","11":"product_tag-moc-lug","12":"product_tag-moc-toe","13":"product_tag-porter","14":"product_tag-schwarz","15":"pa_farbe-schwarz","16":"pa_groesse-10-us-415-eu","17":"pa_groesse-11-us-425-eu","18":"pa_groesse-5-us-34-5-eu","19":"pa_groesse-55-us-35-eu","20":"pa_groesse-6-us-36-eu","21":"pa_groesse-65-us-37-eu","22":"pa_groesse-7-us-375-eu","23":"pa_groesse-75-us-38-eu","24":"pa_groesse-8-us-385-eu","25":"pa_groesse-85-us-39-eu","26":"pa_groesse-9-us-40-eu","27":"pa_groesse-95-us-41-eu","29":"first","30":"instock","31":"taxable","32":"shipping-taxable","33":"purchasable","34":"product-type-variable","35":"add-to-wishlist-before_image"},"yoast_head":"<!-- This site is optimized with the Yoast SEO plugin v27.3 - https:\/\/yoast.com\/product\/yoast-seo-wordpress\/ -->\n<title>3497 Porter - Red Wing Store Frankfurt<\/title>\n<meta name=\"description\" content=\"Porter Moc Women\u2019s Fit: Schwarzes Vollleder, Storm-Welt &amp; XL EXTRALIGHT\u00ae-Sohle. Leicht, wetterfest &amp; stilvoll \u2013 gefertigt f\u00fcr ganzt\u00e4gigen Komfort.\" \/>\n<meta name=\"robots\" content=\"index, follow, max-snippet:-1, max-image-preview:large, max-video-preview:-1\" \/>\n<link rel=\"canonical\" href=\"https:\/\/www.redwingfrankfurt.com\/en\/shop\/womens-shoes\/moc-toe-womens-shoes\/3497-porter\/\" \/>\n<meta property=\"og:locale\" content=\"en_US\" \/>\n<meta property=\"og:type\" content=\"article\" \/>\n<meta property=\"og:title\" content=\"3497 Porter - Red Wing Store Frankfurt\" \/>\n<meta property=\"og:description\" content=\"Porter Moc Women\u2019s Fit: Schwarzes Vollleder, Storm-Welt &amp; XL EXTRALIGHT\u00ae-Sohle. Leicht, wetterfest &amp; stilvoll \u2013 gefertigt f\u00fcr ganzt\u00e4gigen Komfort.\" \/>\n<meta property=\"og:url\" content=\"https:\/\/www.redwingfrankfurt.com\/en\/shop\/womens-shoes\/moc-toe-womens-shoes\/3497-porter\/\" \/>\n<meta property=\"og:site_name\" content=\"Red Wing Store Frankfurt\" \/>\n<meta property=\"article:modified_time\" content=\"2026-04-10T10:47:31+00:00\" \/>\n<meta property=\"og:image\" content=\"https:\/\/www.redwingfrankfurt.com\/wp-content\/uploads\/2025\/08\/RWH_3497_N3_Cropped1-scaled-e1755082767240.jpg\" \/>\n\t<meta property=\"og:image:width\" content=\"2560\" \/>\n\t<meta property=\"og:image:height\" content=\"2560\" \/>\n\t<meta property=\"og:image:type\" content=\"image\/jpeg\" \/>\n<meta name=\"twitter:card\" content=\"summary_large_image\" \/>\n<script type=\"application\/ld+json\" class=\"yoast-schema-graph\">{\"@context\":\"https:\\\/\\\/schema.org\",\"@graph\":[{\"@type\":\"WebPage\",\"@id\":\"https:\\\/\\\/www.redwingfrankfurt.com\\\/en\\\/shop\\\/womens-shoes\\\/moc-toe-womens-shoes\\\/3497-porter\\\/\",\"url\":\"https:\\\/\\\/www.redwingfrankfurt.com\\\/en\\\/shop\\\/womens-shoes\\\/moc-toe-womens-shoes\\\/3497-porter\\\/\",\"name\":\"3497 Porter - Red Wing Store Frankfurt\",\"isPartOf\":{\"@id\":\"https:\\\/\\\/www.redwingfrankfurt.com\\\/en\\\/#website\"},\"primaryImageOfPage\":{\"@id\":\"https:\\\/\\\/www.redwingfrankfurt.com\\\/en\\\/shop\\\/womens-shoes\\\/moc-toe-womens-shoes\\\/3497-porter\\\/#primaryimage\"},\"image\":{\"@id\":\"https:\\\/\\\/www.redwingfrankfurt.com\\\/en\\\/shop\\\/womens-shoes\\\/moc-toe-womens-shoes\\\/3497-porter\\\/#primaryimage\"},\"thumbnailUrl\":\"https:\\\/\\\/www.redwingfrankfurt.com\\\/wp-content\\\/uploads\\\/2025\\\/08\\\/RWH_3497_N3_Cropped1-scaled-e1755082767240.jpg\",\"datePublished\":\"2025-08-13T10:46:31+00:00\",\"dateModified\":\"2026-04-10T10:47:31+00:00\",\"description\":\"Porter Moc Women\u2019s Fit: Schwarzes Vollleder, Storm-Welt & XL EXTRALIGHT\u00ae-Sohle. Leicht, wetterfest & stilvoll \u2013 gefertigt f\u00fcr ganzt\u00e4gigen Komfort.\",\"breadcrumb\":{\"@id\":\"https:\\\/\\\/www.redwingfrankfurt.com\\\/en\\\/shop\\\/womens-shoes\\\/moc-toe-womens-shoes\\\/3497-porter\\\/#breadcrumb\"},\"inLanguage\":\"en-US\",\"potentialAction\":[{\"@type\":\"ReadAction\",\"target\":[\"https:\\\/\\\/www.redwingfrankfurt.com\\\/en\\\/shop\\\/womens-shoes\\\/moc-toe-womens-shoes\\\/3497-porter\\\/\"]}]},{\"@type\":\"ImageObject\",\"inLanguage\":\"en-US\",\"@id\":\"https:\\\/\\\/www.redwingfrankfurt.com\\\/en\\\/shop\\\/womens-shoes\\\/moc-toe-womens-shoes\\\/3497-porter\\\/#primaryimage\",\"url\":\"https:\\\/\\\/www.redwingfrankfurt.com\\\/wp-content\\\/uploads\\\/2025\\\/08\\\/RWH_3497_N3_Cropped1-scaled-e1755082767240.jpg\",\"contentUrl\":\"https:\\\/\\\/www.redwingfrankfurt.com\\\/wp-content\\\/uploads\\\/2025\\\/08\\\/RWH_3497_N3_Cropped1-scaled-e1755082767240.jpg\",\"width\":2560,\"height\":2560},{\"@type\":\"BreadcrumbList\",\"@id\":\"https:\\\/\\\/www.redwingfrankfurt.com\\\/en\\\/shop\\\/womens-shoes\\\/moc-toe-womens-shoes\\\/3497-porter\\\/#breadcrumb\",\"itemListElement\":[{\"@type\":\"ListItem\",\"position\":1,\"name\":\"Startseite\",\"item\":\"https:\\\/\\\/www.redwingfrankfurt.com\\\/en\\\/\"},{\"@type\":\"ListItem\",\"position\":2,\"name\":\"Shop\",\"item\":\"https:\\\/\\\/www.redwingfrankfurt.com\\\/shop\\\/\"},{\"@type\":\"ListItem\",\"position\":3,\"name\":\"3497 Porter\"}]},{\"@type\":\"WebSite\",\"@id\":\"https:\\\/\\\/www.redwingfrankfurt.com\\\/en\\\/#website\",\"url\":\"https:\\\/\\\/www.redwingfrankfurt.com\\\/en\\\/\",\"name\":\"Red Wing Store Frankfurt\",\"description\":\"First Red Wing Store in Europe \u2013 since 1977\",\"potentialAction\":[{\"@type\":\"SearchAction\",\"target\":{\"@type\":\"EntryPoint\",\"urlTemplate\":\"https:\\\/\\\/www.redwingfrankfurt.com\\\/en\\\/?s={search_term_string}\"},\"query-input\":{\"@type\":\"PropertyValueSpecification\",\"valueRequired\":true,\"valueName\":\"search_term_string\"}}],\"inLanguage\":\"en-US\"}]}<\/script>\n<!-- \/ Yoast SEO plugin. -->","yoast_head_json":{"title":"3497 Porter - Red Wing Store Frankfurt","description":"Porter Moc Women\u2019s Fit: Schwarzes Vollleder, Storm-Welt & XL EXTRALIGHT\u00ae-Sohle. Leicht, wetterfest & stilvoll \u2013 gefertigt f\u00fcr ganzt\u00e4gigen Komfort.","robots":{"index":"index","follow":"follow","max-snippet":"max-snippet:-1","max-image-preview":"max-image-preview:large","max-video-preview":"max-video-preview:-1"},"canonical":"https:\/\/www.redwingfrankfurt.com\/en\/shop\/womens-shoes\/moc-toe-womens-shoes\/3497-porter\/","og_locale":"en_US","og_type":"article","og_title":"3497 Porter - Red Wing Store Frankfurt","og_description":"Porter Moc Women\u2019s Fit: Schwarzes Vollleder, Storm-Welt & XL EXTRALIGHT\u00ae-Sohle. Leicht, wetterfest & stilvoll \u2013 gefertigt f\u00fcr ganzt\u00e4gigen Komfort.","og_url":"https:\/\/www.redwingfrankfurt.com\/en\/shop\/womens-shoes\/moc-toe-womens-shoes\/3497-porter\/","og_site_name":"Red Wing Store Frankfurt","article_modified_time":"2026-04-10T10:47:31+00:00","og_image":[{"width":2560,"height":2560,"url":"https:\/\/www.redwingfrankfurt.com\/wp-content\/uploads\/2025\/08\/RWH_3497_N3_Cropped1-scaled-e1755082767240.jpg","type":"image\/jpeg"}],"twitter_card":"summary_large_image","schema":{"@context":"https:\/\/schema.org","@graph":[{"@type":"WebPage","@id":"https:\/\/www.redwingfrankfurt.com\/en\/shop\/womens-shoes\/moc-toe-womens-shoes\/3497-porter\/","url":"https:\/\/www.redwingfrankfurt.com\/en\/shop\/womens-shoes\/moc-toe-womens-shoes\/3497-porter\/","name":"3497 Porter - Red Wing Store Frankfurt","isPartOf":{"@id":"https:\/\/www.redwingfrankfurt.com\/en\/#website"},"primaryImageOfPage":{"@id":"https:\/\/www.redwingfrankfurt.com\/en\/shop\/womens-shoes\/moc-toe-womens-shoes\/3497-porter\/#primaryimage"},"image":{"@id":"https:\/\/www.redwingfrankfurt.com\/en\/shop\/womens-shoes\/moc-toe-womens-shoes\/3497-porter\/#primaryimage"},"thumbnailUrl":"https:\/\/www.redwingfrankfurt.com\/wp-content\/uploads\/2025\/08\/RWH_3497_N3_Cropped1-scaled-e1755082767240.jpg","datePublished":"2025-08-13T10:46:31+00:00","dateModified":"2026-04-10T10:47:31+00:00","description":"Porter Moc Women\u2019s Fit: Schwarzes Vollleder, Storm-Welt & XL EXTRALIGHT\u00ae-Sohle. Leicht, wetterfest & stilvoll \u2013 gefertigt f\u00fcr ganzt\u00e4gigen Komfort.","breadcrumb":{"@id":"https:\/\/www.redwingfrankfurt.com\/en\/shop\/womens-shoes\/moc-toe-womens-shoes\/3497-porter\/#breadcrumb"},"inLanguage":"en-US","potentialAction":[{"@type":"ReadAction","target":["https:\/\/www.redwingfrankfurt.com\/en\/shop\/womens-shoes\/moc-toe-womens-shoes\/3497-porter\/"]}]},{"@type":"ImageObject","inLanguage":"en-US","@id":"https:\/\/www.redwingfrankfurt.com\/en\/shop\/womens-shoes\/moc-toe-womens-shoes\/3497-porter\/#primaryimage","url":"https:\/\/www.redwingfrankfurt.com\/wp-content\/uploads\/2025\/08\/RWH_3497_N3_Cropped1-scaled-e1755082767240.jpg","contentUrl":"https:\/\/www.redwingfrankfurt.com\/wp-content\/uploads\/2025\/08\/RWH_3497_N3_Cropped1-scaled-e1755082767240.jpg","width":2560,"height":2560},{"@type":"BreadcrumbList","@id":"https:\/\/www.redwingfrankfurt.com\/en\/shop\/womens-shoes\/moc-toe-womens-shoes\/3497-porter\/#breadcrumb","itemListElement":[{"@type":"ListItem","position":1,"name":"Startseite","item":"https:\/\/www.redwingfrankfurt.com\/en\/"},{"@type":"ListItem","position":2,"name":"Shop","item":"https:\/\/www.redwingfrankfurt.com\/shop\/"},{"@type":"ListItem","position":3,"name":"3497 Porter"}]},{"@type":"WebSite","@id":"https:\/\/www.redwingfrankfurt.com\/en\/#website","url":"https:\/\/www.redwingfrankfurt.com\/en\/","name":"Red Wing Store Frankfurt","description":"First Red Wing Store in Europe \u2013 since 1977","potentialAction":[{"@type":"SearchAction","target":{"@type":"EntryPoint","urlTemplate":"https:\/\/www.redwingfrankfurt.com\/en\/?s={search_term_string}"},"query-input":{"@type":"PropertyValueSpecification","valueRequired":true,"valueName":"search_term_string"}}],"inLanguage":"en-US"}]}},"_links":{"self":[{"href":"https:\/\/www.redwingfrankfurt.com\/en\/wp-json\/wp\/v2\/product\/21278","targetHints":{"allow":["GET"]}}],"collection":[{"href":"https:\/\/www.redwingfrankfurt.com\/en\/wp-json\/wp\/v2\/product"}],"about":[{"href":"https:\/\/www.redwingfrankfurt.com\/en\/wp-json\/wp\/v2\/types\/product"}],"wp:featuredmedia":[{"embeddable":true,"href":"https:\/\/www.redwingfrankfurt.com\/en\/wp-json\/wp\/v2\/media\/21295"}],"wp:attachment":[{"href":"https:\/\/www.redwingfrankfurt.com\/en\/wp-json\/wp\/v2\/media?parent=21278"}],"wp:term":[{"taxonomy":"product_brand","embeddable":true,"href":"https:\/\/www.redwingfrankfurt.com\/en\/wp-json\/wp\/v2\/product_brand?post=21278"},{"taxonomy":"product_cat","embeddable":true,"href":"https:\/\/www.redwingfrankfurt.com\/en\/wp-json\/wp\/v2\/product_cat?post=21278"},{"taxonomy":"product_tag","embeddable":true,"href":"https:\/\/www.redwingfrankfurt.com\/en\/wp-json\/wp\/v2\/product_tag?post=21278"}],"curies":[{"name":"wp","href":"https:\/\/api.w.org\/{rel}","templated":true}]}}