{"id":21206,"date":"2025-07-09T17:03:19","date_gmt":"2025-07-09T15:03:19","guid":{"rendered":"https:\/\/www.redwingfrankfurt.com\/?post_type=product&#038;p=21206"},"modified":"2026-04-24T16:45:42","modified_gmt":"2026-04-24T14:45:42","slug":"pioneer-belt-2","status":"publish","type":"product","link":"https:\/\/www.redwingfrankfurt.com\/en\/shop\/accessories\/belts\/pioneer-belt-2\/","title":{"rendered":"Pioneer Belt"},"content":{"rendered":"<p>Der Red Wing G\u00fcrtel 96550 steht f\u00fcr hochwertige Materialien, langlebige Verarbeitung und den klassischen Heritage-Stil der Marke. Gefertigt aus kr\u00e4ftigem Leder im Farbton Amber, \u00fcberzeugt dieser Lederg\u00fcrtel durch seine warme, mittelbraune Optik und eine nat\u00fcrliche Lederstruktur. Erg\u00e4nzt wird das Design durch eine Schnalle aus massivem Messing, die perfekt zum charakteristischen Look des Leders passt.<\/p>\n","protected":false},"excerpt":{"rendered":"<p>Schnalle aus Messing<br \/>\n100 % Rindsleder<\/p>\n","protected":false},"featured_media":22600,"template":"","meta":[],"product_brand":[],"product_cat":[51,110],"product_tag":[1013,536,439,457,443,615],"class_list":{"0":"post-21206","1":"product","2":"type-product","3":"status-publish","4":"has-post-thumbnail","6":"product_cat-accessories","7":"product_cat-belts","8":"product_tag-1013","9":"product_tag-amber","10":"product_tag-belt","11":"product_tag-braun","12":"product_tag-guertel","13":"product_tag-pioneer-leather-belt","14":"pa_farbe-braun","15":"pa_laenge-137","16":"pa_laenge-138","17":"pa_laenge-139","18":"pa_laenge-36-2","19":"pa_laenge-38-2","20":"pa_laenge-40-2","21":"pa_laenge-42-2","23":"first","24":"instock","25":"taxable","26":"shipping-taxable","27":"purchasable","28":"product-type-variable","29":"add-to-wishlist-before_image"},"yoast_head":"<!-- This site is optimized with the Yoast SEO plugin v27.5 - https:\/\/yoast.com\/product\/yoast-seo-wordpress\/ -->\n<title>Pioneer Belt - Red Wing Store Frankfurt<\/title>\n<meta name=\"description\" content=\"Red Wing G\u00fcrtel 96550 aus Amber Leder mit Schnalle aus massivem Messing. Hochwertiger Lederg\u00fcrtel im klassischen Heritage-Stil \u2013 robust, langlebig und zeitlos.\" \/>\n<meta name=\"robots\" content=\"index, follow, max-snippet:-1, max-image-preview:large, max-video-preview:-1\" \/>\n<link rel=\"canonical\" href=\"https:\/\/www.redwingfrankfurt.com\/en\/shop\/accessories\/belts\/pioneer-belt-2\/\" \/>\n<meta property=\"og:locale\" content=\"en_US\" \/>\n<meta property=\"og:type\" content=\"article\" \/>\n<meta property=\"og:title\" content=\"Pioneer Belt - Red Wing Store Frankfurt\" \/>\n<meta property=\"og:description\" content=\"Red Wing G\u00fcrtel 96550 aus Amber Leder mit Schnalle aus massivem Messing. Hochwertiger Lederg\u00fcrtel im klassischen Heritage-Stil \u2013 robust, langlebig und zeitlos.\" \/>\n<meta property=\"og:url\" content=\"https:\/\/www.redwingfrankfurt.com\/en\/shop\/accessories\/belts\/pioneer-belt-2\/\" \/>\n<meta property=\"og:site_name\" content=\"Red Wing Store Frankfurt\" \/>\n<meta property=\"article:modified_time\" content=\"2026-04-24T14:45:42+00:00\" \/>\n<meta property=\"og:image\" content=\"https:\/\/www.redwingfrankfurt.com\/wp-content\/uploads\/2025\/07\/RWH_96550_MUL_N1_03012026.jpg\" \/>\n\t<meta property=\"og:image:width\" content=\"1746\" \/>\n\t<meta property=\"og:image:height\" content=\"1746\" \/>\n\t<meta property=\"og:image:type\" content=\"image\/jpeg\" \/>\n<meta name=\"twitter:card\" content=\"summary_large_image\" \/>\n<script type=\"application\/ld+json\" class=\"yoast-schema-graph\">{\"@context\":\"https:\\\/\\\/schema.org\",\"@graph\":[{\"@type\":\"WebPage\",\"@id\":\"https:\\\/\\\/www.redwingfrankfurt.com\\\/en\\\/shop\\\/accessories\\\/belts\\\/pioneer-belt-2\\\/\",\"url\":\"https:\\\/\\\/www.redwingfrankfurt.com\\\/en\\\/shop\\\/accessories\\\/belts\\\/pioneer-belt-2\\\/\",\"name\":\"Pioneer Belt - Red Wing Store Frankfurt\",\"isPartOf\":{\"@id\":\"https:\\\/\\\/www.redwingfrankfurt.com\\\/en\\\/#website\"},\"primaryImageOfPage\":{\"@id\":\"https:\\\/\\\/www.redwingfrankfurt.com\\\/en\\\/shop\\\/accessories\\\/belts\\\/pioneer-belt-2\\\/#primaryimage\"},\"image\":{\"@id\":\"https:\\\/\\\/www.redwingfrankfurt.com\\\/en\\\/shop\\\/accessories\\\/belts\\\/pioneer-belt-2\\\/#primaryimage\"},\"thumbnailUrl\":\"https:\\\/\\\/www.redwingfrankfurt.com\\\/wp-content\\\/uploads\\\/2025\\\/07\\\/RWH_96550_MUL_N1_03012026.jpg\",\"datePublished\":\"2025-07-09T15:03:19+00:00\",\"dateModified\":\"2026-04-24T14:45:42+00:00\",\"description\":\"Red Wing G\u00fcrtel 96550 aus Amber Leder mit Schnalle aus massivem Messing. Hochwertiger Lederg\u00fcrtel im klassischen Heritage-Stil \u2013 robust, langlebig und zeitlos.\",\"breadcrumb\":{\"@id\":\"https:\\\/\\\/www.redwingfrankfurt.com\\\/en\\\/shop\\\/accessories\\\/belts\\\/pioneer-belt-2\\\/#breadcrumb\"},\"inLanguage\":\"en-US\",\"potentialAction\":[{\"@type\":\"ReadAction\",\"target\":[\"https:\\\/\\\/www.redwingfrankfurt.com\\\/en\\\/shop\\\/accessories\\\/belts\\\/pioneer-belt-2\\\/\"]}]},{\"@type\":\"ImageObject\",\"inLanguage\":\"en-US\",\"@id\":\"https:\\\/\\\/www.redwingfrankfurt.com\\\/en\\\/shop\\\/accessories\\\/belts\\\/pioneer-belt-2\\\/#primaryimage\",\"url\":\"https:\\\/\\\/www.redwingfrankfurt.com\\\/wp-content\\\/uploads\\\/2025\\\/07\\\/RWH_96550_MUL_N1_03012026.jpg\",\"contentUrl\":\"https:\\\/\\\/www.redwingfrankfurt.com\\\/wp-content\\\/uploads\\\/2025\\\/07\\\/RWH_96550_MUL_N1_03012026.jpg\",\"width\":1746,\"height\":1746},{\"@type\":\"BreadcrumbList\",\"@id\":\"https:\\\/\\\/www.redwingfrankfurt.com\\\/en\\\/shop\\\/accessories\\\/belts\\\/pioneer-belt-2\\\/#breadcrumb\",\"itemListElement\":[{\"@type\":\"ListItem\",\"position\":1,\"name\":\"Startseite\",\"item\":\"https:\\\/\\\/www.redwingfrankfurt.com\\\/en\\\/\"},{\"@type\":\"ListItem\",\"position\":2,\"name\":\"Shop\",\"item\":\"https:\\\/\\\/www.redwingfrankfurt.com\\\/shop\\\/\"},{\"@type\":\"ListItem\",\"position\":3,\"name\":\"Pioneer Belt\"}]},{\"@type\":\"WebSite\",\"@id\":\"https:\\\/\\\/www.redwingfrankfurt.com\\\/en\\\/#website\",\"url\":\"https:\\\/\\\/www.redwingfrankfurt.com\\\/en\\\/\",\"name\":\"Red Wing Store Frankfurt\",\"description\":\"First Red Wing Store in Europe \u2013 since 1977\",\"potentialAction\":[{\"@type\":\"SearchAction\",\"target\":{\"@type\":\"EntryPoint\",\"urlTemplate\":\"https:\\\/\\\/www.redwingfrankfurt.com\\\/en\\\/?s={search_term_string}\"},\"query-input\":{\"@type\":\"PropertyValueSpecification\",\"valueRequired\":true,\"valueName\":\"search_term_string\"}}],\"inLanguage\":\"en-US\"}]}<\/script>\n<!-- \/ Yoast SEO plugin. -->","yoast_head_json":{"title":"Pioneer Belt - Red Wing Store Frankfurt","description":"Red Wing G\u00fcrtel 96550 aus Amber Leder mit Schnalle aus massivem Messing. Hochwertiger Lederg\u00fcrtel im klassischen Heritage-Stil \u2013 robust, langlebig und zeitlos.","robots":{"index":"index","follow":"follow","max-snippet":"max-snippet:-1","max-image-preview":"max-image-preview:large","max-video-preview":"max-video-preview:-1"},"canonical":"https:\/\/www.redwingfrankfurt.com\/en\/shop\/accessories\/belts\/pioneer-belt-2\/","og_locale":"en_US","og_type":"article","og_title":"Pioneer Belt - Red Wing Store Frankfurt","og_description":"Red Wing G\u00fcrtel 96550 aus Amber Leder mit Schnalle aus massivem Messing. Hochwertiger Lederg\u00fcrtel im klassischen Heritage-Stil \u2013 robust, langlebig und zeitlos.","og_url":"https:\/\/www.redwingfrankfurt.com\/en\/shop\/accessories\/belts\/pioneer-belt-2\/","og_site_name":"Red Wing Store Frankfurt","article_modified_time":"2026-04-24T14:45:42+00:00","og_image":[{"width":1746,"height":1746,"url":"https:\/\/www.redwingfrankfurt.com\/wp-content\/uploads\/2025\/07\/RWH_96550_MUL_N1_03012026.jpg","type":"image\/jpeg"}],"twitter_card":"summary_large_image","schema":{"@context":"https:\/\/schema.org","@graph":[{"@type":"WebPage","@id":"https:\/\/www.redwingfrankfurt.com\/en\/shop\/accessories\/belts\/pioneer-belt-2\/","url":"https:\/\/www.redwingfrankfurt.com\/en\/shop\/accessories\/belts\/pioneer-belt-2\/","name":"Pioneer Belt - Red Wing Store Frankfurt","isPartOf":{"@id":"https:\/\/www.redwingfrankfurt.com\/en\/#website"},"primaryImageOfPage":{"@id":"https:\/\/www.redwingfrankfurt.com\/en\/shop\/accessories\/belts\/pioneer-belt-2\/#primaryimage"},"image":{"@id":"https:\/\/www.redwingfrankfurt.com\/en\/shop\/accessories\/belts\/pioneer-belt-2\/#primaryimage"},"thumbnailUrl":"https:\/\/www.redwingfrankfurt.com\/wp-content\/uploads\/2025\/07\/RWH_96550_MUL_N1_03012026.jpg","datePublished":"2025-07-09T15:03:19+00:00","dateModified":"2026-04-24T14:45:42+00:00","description":"Red Wing G\u00fcrtel 96550 aus Amber Leder mit Schnalle aus massivem Messing. Hochwertiger Lederg\u00fcrtel im klassischen Heritage-Stil \u2013 robust, langlebig und zeitlos.","breadcrumb":{"@id":"https:\/\/www.redwingfrankfurt.com\/en\/shop\/accessories\/belts\/pioneer-belt-2\/#breadcrumb"},"inLanguage":"en-US","potentialAction":[{"@type":"ReadAction","target":["https:\/\/www.redwingfrankfurt.com\/en\/shop\/accessories\/belts\/pioneer-belt-2\/"]}]},{"@type":"ImageObject","inLanguage":"en-US","@id":"https:\/\/www.redwingfrankfurt.com\/en\/shop\/accessories\/belts\/pioneer-belt-2\/#primaryimage","url":"https:\/\/www.redwingfrankfurt.com\/wp-content\/uploads\/2025\/07\/RWH_96550_MUL_N1_03012026.jpg","contentUrl":"https:\/\/www.redwingfrankfurt.com\/wp-content\/uploads\/2025\/07\/RWH_96550_MUL_N1_03012026.jpg","width":1746,"height":1746},{"@type":"BreadcrumbList","@id":"https:\/\/www.redwingfrankfurt.com\/en\/shop\/accessories\/belts\/pioneer-belt-2\/#breadcrumb","itemListElement":[{"@type":"ListItem","position":1,"name":"Startseite","item":"https:\/\/www.redwingfrankfurt.com\/en\/"},{"@type":"ListItem","position":2,"name":"Shop","item":"https:\/\/www.redwingfrankfurt.com\/shop\/"},{"@type":"ListItem","position":3,"name":"Pioneer Belt"}]},{"@type":"WebSite","@id":"https:\/\/www.redwingfrankfurt.com\/en\/#website","url":"https:\/\/www.redwingfrankfurt.com\/en\/","name":"Red Wing Store Frankfurt","description":"First Red Wing Store in Europe \u2013 since 1977","potentialAction":[{"@type":"SearchAction","target":{"@type":"EntryPoint","urlTemplate":"https:\/\/www.redwingfrankfurt.com\/en\/?s={search_term_string}"},"query-input":{"@type":"PropertyValueSpecification","valueRequired":true,"valueName":"search_term_string"}}],"inLanguage":"en-US"}]}},"_links":{"self":[{"href":"https:\/\/www.redwingfrankfurt.com\/en\/wp-json\/wp\/v2\/product\/21206","targetHints":{"allow":["GET"]}}],"collection":[{"href":"https:\/\/www.redwingfrankfurt.com\/en\/wp-json\/wp\/v2\/product"}],"about":[{"href":"https:\/\/www.redwingfrankfurt.com\/en\/wp-json\/wp\/v2\/types\/product"}],"wp:featuredmedia":[{"embeddable":true,"href":"https:\/\/www.redwingfrankfurt.com\/en\/wp-json\/wp\/v2\/media\/22600"}],"wp:attachment":[{"href":"https:\/\/www.redwingfrankfurt.com\/en\/wp-json\/wp\/v2\/media?parent=21206"}],"wp:term":[{"taxonomy":"product_brand","embeddable":true,"href":"https:\/\/www.redwingfrankfurt.com\/en\/wp-json\/wp\/v2\/product_brand?post=21206"},{"taxonomy":"product_cat","embeddable":true,"href":"https:\/\/www.redwingfrankfurt.com\/en\/wp-json\/wp\/v2\/product_cat?post=21206"},{"taxonomy":"product_tag","embeddable":true,"href":"https:\/\/www.redwingfrankfurt.com\/en\/wp-json\/wp\/v2\/product_tag?post=21206"}],"curies":[{"name":"wp","href":"https:\/\/api.w.org\/{rel}","templated":true}]}}