{"id":21198,"date":"2025-07-09T16:58:25","date_gmt":"2025-07-09T14:58:25","guid":{"rendered":"https:\/\/www.redwingfrankfurt.com\/?post_type=product&#038;p=21198"},"modified":"2026-04-21T16:22:03","modified_gmt":"2026-04-21T14:22:03","slug":"pioneer-belt","status":"publish","type":"product","link":"https:\/\/www.redwingfrankfurt.com\/en\/shop\/accessories\/belts\/pioneer-belt\/","title":{"rendered":"Pioneer Belt"},"content":{"rendered":"<p data-start=\"1017\" data-end=\"1273\">Das Leder des Red Wing Pioneer G\u00fcrtels 96545 besitzt den typischen Oro Legacy Farbton, der f\u00fcr seine warme, goldbraune Optik bekannt ist. Durch die hochwertige Gerbung bleibt das Leder stabil und entwickelt gleichzeitig mit der Zeit mehr Charakter. Ein besonderes Detail des Pioneer G\u00fcrtel in Oro Legacy ist die hochwertige Schnalle aus massivem Messing. Das Material ist besonders langlebig, korrosionsbest\u00e4ndig und passt optisch perfekt zum warmen Farbton des Oro Legacy Leders.<\/p>\n<p>Made in USA<\/p>\n","protected":false},"excerpt":{"rendered":"<p>Messing Schnalle<br \/>\n100% Rindsleder<\/p>\n","protected":false},"featured_media":22598,"template":"","meta":[],"product_brand":[],"product_cat":[51,110],"product_tag":[1040,623,443,625,624],"class_list":{"0":"post-21198","1":"product","2":"type-product","3":"status-publish","4":"has-post-thumbnail","6":"product_cat-accessories","7":"product_cat-belts","8":"product_tag-1040","9":"product_tag-belt-pioneer","10":"product_tag-guertel","11":"product_tag-leather-belt","12":"product_tag-oro","13":"pa_farbe-braun","14":"pa_laenge-137","15":"pa_laenge-138","16":"pa_laenge-139","17":"pa_laenge-36-2","18":"pa_laenge-38-2","19":"pa_laenge-40-2","20":"pa_laenge-42-2","22":"first","23":"instock","24":"sold-individually","25":"taxable","26":"shipping-taxable","27":"purchasable","28":"product-type-variable","29":"add-to-wishlist-before_image"},"yoast_head":"<!-- This site is optimized with the Yoast SEO plugin v27.5 - https:\/\/yoast.com\/product\/yoast-seo-wordpress\/ -->\n<title>Pioneer Belt - Red Wing Store Frankfurt<\/title>\n<meta name=\"description\" content=\"Red Wing Pioneer G\u00fcrtel aus Oro Legacy Leder mit Schnalle aus massivem Messing. Robuster Lederg\u00fcrtel mit authentischer Patina und langlebiger Qualit\u00e4t.\" \/>\n<meta name=\"robots\" content=\"index, follow, max-snippet:-1, max-image-preview:large, max-video-preview:-1\" \/>\n<link rel=\"canonical\" href=\"https:\/\/www.redwingfrankfurt.com\/en\/shop\/accessories\/belts\/pioneer-belt\/\" \/>\n<meta property=\"og:locale\" content=\"en_US\" \/>\n<meta property=\"og:type\" content=\"article\" \/>\n<meta property=\"og:title\" content=\"Pioneer Belt - Red Wing Store Frankfurt\" \/>\n<meta property=\"og:description\" content=\"Red Wing Pioneer G\u00fcrtel aus Oro Legacy Leder mit Schnalle aus massivem Messing. Robuster Lederg\u00fcrtel mit authentischer Patina und langlebiger Qualit\u00e4t.\" \/>\n<meta property=\"og:url\" content=\"https:\/\/www.redwingfrankfurt.com\/en\/shop\/accessories\/belts\/pioneer-belt\/\" \/>\n<meta property=\"og:site_name\" content=\"Red Wing Store Frankfurt\" \/>\n<meta property=\"article:modified_time\" content=\"2026-04-21T14:22:03+00:00\" \/>\n<meta property=\"og:image\" content=\"https:\/\/www.redwingfrankfurt.com\/wp-content\/uploads\/2025\/07\/RWH_96545_MUL_N1_03012026.jpg\" \/>\n\t<meta property=\"og:image:width\" content=\"1746\" \/>\n\t<meta property=\"og:image:height\" content=\"1746\" \/>\n\t<meta property=\"og:image:type\" content=\"image\/jpeg\" \/>\n<meta name=\"twitter:card\" content=\"summary_large_image\" \/>\n<script type=\"application\/ld+json\" class=\"yoast-schema-graph\">{\"@context\":\"https:\\\/\\\/schema.org\",\"@graph\":[{\"@type\":\"WebPage\",\"@id\":\"https:\\\/\\\/www.redwingfrankfurt.com\\\/en\\\/shop\\\/accessories\\\/belts\\\/pioneer-belt\\\/\",\"url\":\"https:\\\/\\\/www.redwingfrankfurt.com\\\/en\\\/shop\\\/accessories\\\/belts\\\/pioneer-belt\\\/\",\"name\":\"Pioneer Belt - Red Wing Store Frankfurt\",\"isPartOf\":{\"@id\":\"https:\\\/\\\/www.redwingfrankfurt.com\\\/en\\\/#website\"},\"primaryImageOfPage\":{\"@id\":\"https:\\\/\\\/www.redwingfrankfurt.com\\\/en\\\/shop\\\/accessories\\\/belts\\\/pioneer-belt\\\/#primaryimage\"},\"image\":{\"@id\":\"https:\\\/\\\/www.redwingfrankfurt.com\\\/en\\\/shop\\\/accessories\\\/belts\\\/pioneer-belt\\\/#primaryimage\"},\"thumbnailUrl\":\"https:\\\/\\\/www.redwingfrankfurt.com\\\/wp-content\\\/uploads\\\/2025\\\/07\\\/RWH_96545_MUL_N1_03012026.jpg\",\"datePublished\":\"2025-07-09T14:58:25+00:00\",\"dateModified\":\"2026-04-21T14:22:03+00:00\",\"description\":\"Red Wing Pioneer G\u00fcrtel aus Oro Legacy Leder mit Schnalle aus massivem Messing. Robuster Lederg\u00fcrtel mit authentischer Patina und langlebiger Qualit\u00e4t.\",\"breadcrumb\":{\"@id\":\"https:\\\/\\\/www.redwingfrankfurt.com\\\/en\\\/shop\\\/accessories\\\/belts\\\/pioneer-belt\\\/#breadcrumb\"},\"inLanguage\":\"en-US\",\"potentialAction\":[{\"@type\":\"ReadAction\",\"target\":[\"https:\\\/\\\/www.redwingfrankfurt.com\\\/en\\\/shop\\\/accessories\\\/belts\\\/pioneer-belt\\\/\"]}]},{\"@type\":\"ImageObject\",\"inLanguage\":\"en-US\",\"@id\":\"https:\\\/\\\/www.redwingfrankfurt.com\\\/en\\\/shop\\\/accessories\\\/belts\\\/pioneer-belt\\\/#primaryimage\",\"url\":\"https:\\\/\\\/www.redwingfrankfurt.com\\\/wp-content\\\/uploads\\\/2025\\\/07\\\/RWH_96545_MUL_N1_03012026.jpg\",\"contentUrl\":\"https:\\\/\\\/www.redwingfrankfurt.com\\\/wp-content\\\/uploads\\\/2025\\\/07\\\/RWH_96545_MUL_N1_03012026.jpg\",\"width\":1746,\"height\":1746},{\"@type\":\"BreadcrumbList\",\"@id\":\"https:\\\/\\\/www.redwingfrankfurt.com\\\/en\\\/shop\\\/accessories\\\/belts\\\/pioneer-belt\\\/#breadcrumb\",\"itemListElement\":[{\"@type\":\"ListItem\",\"position\":1,\"name\":\"Startseite\",\"item\":\"https:\\\/\\\/www.redwingfrankfurt.com\\\/en\\\/\"},{\"@type\":\"ListItem\",\"position\":2,\"name\":\"Shop\",\"item\":\"https:\\\/\\\/www.redwingfrankfurt.com\\\/shop\\\/\"},{\"@type\":\"ListItem\",\"position\":3,\"name\":\"Pioneer Belt\"}]},{\"@type\":\"WebSite\",\"@id\":\"https:\\\/\\\/www.redwingfrankfurt.com\\\/en\\\/#website\",\"url\":\"https:\\\/\\\/www.redwingfrankfurt.com\\\/en\\\/\",\"name\":\"Red Wing Store Frankfurt\",\"description\":\"First Red Wing Store in Europe \u2013 since 1977\",\"potentialAction\":[{\"@type\":\"SearchAction\",\"target\":{\"@type\":\"EntryPoint\",\"urlTemplate\":\"https:\\\/\\\/www.redwingfrankfurt.com\\\/en\\\/?s={search_term_string}\"},\"query-input\":{\"@type\":\"PropertyValueSpecification\",\"valueRequired\":true,\"valueName\":\"search_term_string\"}}],\"inLanguage\":\"en-US\"}]}<\/script>\n<!-- \/ Yoast SEO plugin. -->","yoast_head_json":{"title":"Pioneer Belt - Red Wing Store Frankfurt","description":"Red Wing Pioneer G\u00fcrtel aus Oro Legacy Leder mit Schnalle aus massivem Messing. Robuster Lederg\u00fcrtel mit authentischer Patina und langlebiger Qualit\u00e4t.","robots":{"index":"index","follow":"follow","max-snippet":"max-snippet:-1","max-image-preview":"max-image-preview:large","max-video-preview":"max-video-preview:-1"},"canonical":"https:\/\/www.redwingfrankfurt.com\/en\/shop\/accessories\/belts\/pioneer-belt\/","og_locale":"en_US","og_type":"article","og_title":"Pioneer Belt - Red Wing Store Frankfurt","og_description":"Red Wing Pioneer G\u00fcrtel aus Oro Legacy Leder mit Schnalle aus massivem Messing. Robuster Lederg\u00fcrtel mit authentischer Patina und langlebiger Qualit\u00e4t.","og_url":"https:\/\/www.redwingfrankfurt.com\/en\/shop\/accessories\/belts\/pioneer-belt\/","og_site_name":"Red Wing Store Frankfurt","article_modified_time":"2026-04-21T14:22:03+00:00","og_image":[{"width":1746,"height":1746,"url":"https:\/\/www.redwingfrankfurt.com\/wp-content\/uploads\/2025\/07\/RWH_96545_MUL_N1_03012026.jpg","type":"image\/jpeg"}],"twitter_card":"summary_large_image","schema":{"@context":"https:\/\/schema.org","@graph":[{"@type":"WebPage","@id":"https:\/\/www.redwingfrankfurt.com\/en\/shop\/accessories\/belts\/pioneer-belt\/","url":"https:\/\/www.redwingfrankfurt.com\/en\/shop\/accessories\/belts\/pioneer-belt\/","name":"Pioneer Belt - Red Wing Store Frankfurt","isPartOf":{"@id":"https:\/\/www.redwingfrankfurt.com\/en\/#website"},"primaryImageOfPage":{"@id":"https:\/\/www.redwingfrankfurt.com\/en\/shop\/accessories\/belts\/pioneer-belt\/#primaryimage"},"image":{"@id":"https:\/\/www.redwingfrankfurt.com\/en\/shop\/accessories\/belts\/pioneer-belt\/#primaryimage"},"thumbnailUrl":"https:\/\/www.redwingfrankfurt.com\/wp-content\/uploads\/2025\/07\/RWH_96545_MUL_N1_03012026.jpg","datePublished":"2025-07-09T14:58:25+00:00","dateModified":"2026-04-21T14:22:03+00:00","description":"Red Wing Pioneer G\u00fcrtel aus Oro Legacy Leder mit Schnalle aus massivem Messing. Robuster Lederg\u00fcrtel mit authentischer Patina und langlebiger Qualit\u00e4t.","breadcrumb":{"@id":"https:\/\/www.redwingfrankfurt.com\/en\/shop\/accessories\/belts\/pioneer-belt\/#breadcrumb"},"inLanguage":"en-US","potentialAction":[{"@type":"ReadAction","target":["https:\/\/www.redwingfrankfurt.com\/en\/shop\/accessories\/belts\/pioneer-belt\/"]}]},{"@type":"ImageObject","inLanguage":"en-US","@id":"https:\/\/www.redwingfrankfurt.com\/en\/shop\/accessories\/belts\/pioneer-belt\/#primaryimage","url":"https:\/\/www.redwingfrankfurt.com\/wp-content\/uploads\/2025\/07\/RWH_96545_MUL_N1_03012026.jpg","contentUrl":"https:\/\/www.redwingfrankfurt.com\/wp-content\/uploads\/2025\/07\/RWH_96545_MUL_N1_03012026.jpg","width":1746,"height":1746},{"@type":"BreadcrumbList","@id":"https:\/\/www.redwingfrankfurt.com\/en\/shop\/accessories\/belts\/pioneer-belt\/#breadcrumb","itemListElement":[{"@type":"ListItem","position":1,"name":"Startseite","item":"https:\/\/www.redwingfrankfurt.com\/en\/"},{"@type":"ListItem","position":2,"name":"Shop","item":"https:\/\/www.redwingfrankfurt.com\/shop\/"},{"@type":"ListItem","position":3,"name":"Pioneer Belt"}]},{"@type":"WebSite","@id":"https:\/\/www.redwingfrankfurt.com\/en\/#website","url":"https:\/\/www.redwingfrankfurt.com\/en\/","name":"Red Wing Store Frankfurt","description":"First Red Wing Store in Europe \u2013 since 1977","potentialAction":[{"@type":"SearchAction","target":{"@type":"EntryPoint","urlTemplate":"https:\/\/www.redwingfrankfurt.com\/en\/?s={search_term_string}"},"query-input":{"@type":"PropertyValueSpecification","valueRequired":true,"valueName":"search_term_string"}}],"inLanguage":"en-US"}]}},"_links":{"self":[{"href":"https:\/\/www.redwingfrankfurt.com\/en\/wp-json\/wp\/v2\/product\/21198","targetHints":{"allow":["GET"]}}],"collection":[{"href":"https:\/\/www.redwingfrankfurt.com\/en\/wp-json\/wp\/v2\/product"}],"about":[{"href":"https:\/\/www.redwingfrankfurt.com\/en\/wp-json\/wp\/v2\/types\/product"}],"wp:featuredmedia":[{"embeddable":true,"href":"https:\/\/www.redwingfrankfurt.com\/en\/wp-json\/wp\/v2\/media\/22598"}],"wp:attachment":[{"href":"https:\/\/www.redwingfrankfurt.com\/en\/wp-json\/wp\/v2\/media?parent=21198"}],"wp:term":[{"taxonomy":"product_brand","embeddable":true,"href":"https:\/\/www.redwingfrankfurt.com\/en\/wp-json\/wp\/v2\/product_brand?post=21198"},{"taxonomy":"product_cat","embeddable":true,"href":"https:\/\/www.redwingfrankfurt.com\/en\/wp-json\/wp\/v2\/product_cat?post=21198"},{"taxonomy":"product_tag","embeddable":true,"href":"https:\/\/www.redwingfrankfurt.com\/en\/wp-json\/wp\/v2\/product_tag?post=21198"}],"curies":[{"name":"wp","href":"https:\/\/api.w.org\/{rel}","templated":true}]}}