{"id":21126,"date":"2025-06-24T15:46:06","date_gmt":"2025-06-24T13:46:06","guid":{"rendered":"https:\/\/www.redwingfrankfurt.com\/?post_type=product&#038;p=21126"},"modified":"2026-01-29T15:01:54","modified_gmt":"2026-01-29T13:01:54","slug":"8836-moc-toe","status":"publish","type":"product","link":"https:\/\/www.redwingfrankfurt.com\/en\/shop\/moc-toe-en\/8836-moc-toe\/","title":{"rendered":"8836 Moc Toe"},"content":{"rendered":"<p data-start=\"237\" data-end=\"508\">Robust, klassisch und voller Charakter \u2013 der Red Wing #8836 ist ein echter Allrounder f\u00fcr alle, die Wert auf Qualit\u00e4t und Stil legen. Gefertigt aus dem markanten <strong data-start=\"398\" data-end=\"429\">Chocolate Muleskinner Leder<\/strong>, vereint dieser 6-Inch Moc Toe Boot zeitloses Design mit hoher Funktionalit\u00e4t. Das r\u00fcckseitig verarbeitete Roughout-Leder \u00fcberzeugt mit einer rauen, nat\u00fcrlichen Haptik, ist gleichzeitig \u00e4u\u00dferst widerstandsf\u00e4hig und pflegeleicht. Dank der \u00f6lhaltigen Gerbung ist es bestens f\u00fcr den Alltag und den Einsatz bei Wind und Wetter geeignet. Mit der bew\u00e4hrten Traction Tred-Sohle bietet der #8836 hervorragenden Tragekomfort und festen Stand \u2013 ob in der Stadt, im Gel\u00e4nde oder bei der Arbeit.<\/p>\n","protected":false},"excerpt":{"rendered":"<p>&nbsp;<\/p>\n<ul>\n<li>Leder: Chocolate Muleskinner<\/li>\n<li>Innen: Lederbrandsohle<\/li>\n<li>Sohle: Cushion Crepe Wedge<\/li>\n<li>Konstruktion: Rahmengen\u00e4ht<br \/>\n<span style=\"color: #ffffff;\">&#8212;&#8212;&#8212;&#8212;&#8212;&#8212;&#8212;&#8212;&#8212;&#8212;&#8212;&#8211;<\/span><br \/>\nMade in the USA!<\/li>\n<\/ul>\n","protected":false},"featured_media":21051,"template":"","meta":[],"product_brand":[],"product_cat":[83,96],"product_tag":[1007,457,459,946,846,427,456],"class_list":{"0":"post-21126","1":"product","2":"type-product","3":"status-publish","4":"has-post-thumbnail","6":"product_cat-mens-shoes","7":"product_cat-moc-toe","8":"product_tag-1007","9":"product_tag-braun","10":"product_tag-brown","11":"product_tag-chocolate-muleskinner","12":"product_tag-data","13":"product_tag-moc-toe","14":"product_tag-wildleder","15":"pa_farbe-braun","16":"pa_groesse-129","17":"pa_groesse-130","18":"pa_groesse-44-5","19":"pa_groesse-132","20":"pa_groesse-133","21":"pa_groesse-134","22":"pa_groesse-122","23":"pa_groesse-123","24":"pa_groesse-118","25":"pa_groesse-41-5","26":"pa_groesse-127","27":"pa_groesse-42-5","29":"first","30":"instock","31":"taxable","32":"shipping-taxable","33":"purchasable","34":"product-type-variable","35":"has-default-attributes","36":"add-to-wishlist-before_image"},"yoast_head":"<!-- This site is optimized with the Yoast SEO plugin v27.3 - https:\/\/yoast.com\/product\/yoast-seo-wordpress\/ -->\n<title>8836 Moc Toe - Red Wing Store Frankfurt<\/title>\n<meta name=\"description\" content=\"Red Wing 8836: Chocolate Muleskinner Roughout-Leder, wetterfest &amp; strapazierf\u00e4hig. Klassischer Moc Toe Look mit Traction Tred Sohle &amp; hohem Komfort.\" \/>\n<meta name=\"robots\" content=\"index, follow, max-snippet:-1, max-image-preview:large, max-video-preview:-1\" \/>\n<link rel=\"canonical\" href=\"https:\/\/www.redwingfrankfurt.com\/en\/shop\/moc-toe-en\/8836-moc-toe\/\" \/>\n<meta property=\"og:locale\" content=\"en_US\" \/>\n<meta property=\"og:type\" content=\"article\" \/>\n<meta property=\"og:title\" content=\"8836 Moc Toe - Red Wing Store Frankfurt\" \/>\n<meta property=\"og:description\" content=\"Red Wing 8836: Chocolate Muleskinner Roughout-Leder, wetterfest &amp; strapazierf\u00e4hig. Klassischer Moc Toe Look mit Traction Tred Sohle &amp; hohem Komfort.\" \/>\n<meta property=\"og:url\" content=\"https:\/\/www.redwingfrankfurt.com\/en\/shop\/moc-toe-en\/8836-moc-toe\/\" \/>\n<meta property=\"og:site_name\" content=\"Red Wing Store Frankfurt\" \/>\n<meta property=\"article:modified_time\" content=\"2026-01-29T13:01:54+00:00\" \/>\n<meta property=\"og:image\" content=\"https:\/\/www.redwingfrankfurt.com\/wp-content\/uploads\/2025\/06\/RWH_8836_N3_Cropped-scaled-e1750773099621.jpg\" \/>\n\t<meta property=\"og:image:width\" content=\"2560\" \/>\n\t<meta property=\"og:image:height\" content=\"2560\" \/>\n\t<meta property=\"og:image:type\" content=\"image\/jpeg\" \/>\n<meta name=\"twitter:card\" content=\"summary_large_image\" \/>\n<meta name=\"twitter:label1\" content=\"Est. reading time\" \/>\n\t<meta name=\"twitter:data1\" content=\"1 minute\" \/>\n<script type=\"application\/ld+json\" class=\"yoast-schema-graph\">{\"@context\":\"https:\\\/\\\/schema.org\",\"@graph\":[{\"@type\":\"WebPage\",\"@id\":\"https:\\\/\\\/www.redwingfrankfurt.com\\\/en\\\/shop\\\/moc-toe-en\\\/8836-moc-toe\\\/\",\"url\":\"https:\\\/\\\/www.redwingfrankfurt.com\\\/en\\\/shop\\\/moc-toe-en\\\/8836-moc-toe\\\/\",\"name\":\"8836 Moc Toe - Red Wing Store Frankfurt\",\"isPartOf\":{\"@id\":\"https:\\\/\\\/www.redwingfrankfurt.com\\\/en\\\/#website\"},\"primaryImageOfPage\":{\"@id\":\"https:\\\/\\\/www.redwingfrankfurt.com\\\/en\\\/shop\\\/moc-toe-en\\\/8836-moc-toe\\\/#primaryimage\"},\"image\":{\"@id\":\"https:\\\/\\\/www.redwingfrankfurt.com\\\/en\\\/shop\\\/moc-toe-en\\\/8836-moc-toe\\\/#primaryimage\"},\"thumbnailUrl\":\"https:\\\/\\\/www.redwingfrankfurt.com\\\/wp-content\\\/uploads\\\/2025\\\/06\\\/RWH_8836_N3_Cropped-scaled-e1750773099621.jpg\",\"datePublished\":\"2025-06-24T13:46:06+00:00\",\"dateModified\":\"2026-01-29T13:01:54+00:00\",\"description\":\"Red Wing 8836: Chocolate Muleskinner Roughout-Leder, wetterfest & strapazierf\u00e4hig. Klassischer Moc Toe Look mit Traction Tred Sohle & hohem Komfort.\",\"breadcrumb\":{\"@id\":\"https:\\\/\\\/www.redwingfrankfurt.com\\\/en\\\/shop\\\/moc-toe-en\\\/8836-moc-toe\\\/#breadcrumb\"},\"inLanguage\":\"en-US\",\"potentialAction\":[{\"@type\":\"ReadAction\",\"target\":[\"https:\\\/\\\/www.redwingfrankfurt.com\\\/en\\\/shop\\\/moc-toe-en\\\/8836-moc-toe\\\/\"]}]},{\"@type\":\"ImageObject\",\"inLanguage\":\"en-US\",\"@id\":\"https:\\\/\\\/www.redwingfrankfurt.com\\\/en\\\/shop\\\/moc-toe-en\\\/8836-moc-toe\\\/#primaryimage\",\"url\":\"https:\\\/\\\/www.redwingfrankfurt.com\\\/wp-content\\\/uploads\\\/2025\\\/06\\\/RWH_8836_N3_Cropped-scaled-e1750773099621.jpg\",\"contentUrl\":\"https:\\\/\\\/www.redwingfrankfurt.com\\\/wp-content\\\/uploads\\\/2025\\\/06\\\/RWH_8836_N3_Cropped-scaled-e1750773099621.jpg\",\"width\":2560,\"height\":2560},{\"@type\":\"BreadcrumbList\",\"@id\":\"https:\\\/\\\/www.redwingfrankfurt.com\\\/en\\\/shop\\\/moc-toe-en\\\/8836-moc-toe\\\/#breadcrumb\",\"itemListElement\":[{\"@type\":\"ListItem\",\"position\":1,\"name\":\"Startseite\",\"item\":\"https:\\\/\\\/www.redwingfrankfurt.com\\\/en\\\/\"},{\"@type\":\"ListItem\",\"position\":2,\"name\":\"Shop\",\"item\":\"https:\\\/\\\/www.redwingfrankfurt.com\\\/shop\\\/\"},{\"@type\":\"ListItem\",\"position\":3,\"name\":\"8836 Moc Toe\"}]},{\"@type\":\"WebSite\",\"@id\":\"https:\\\/\\\/www.redwingfrankfurt.com\\\/en\\\/#website\",\"url\":\"https:\\\/\\\/www.redwingfrankfurt.com\\\/en\\\/\",\"name\":\"Red Wing Store Frankfurt\",\"description\":\"First Red Wing Store in Europe \u2013 since 1977\",\"potentialAction\":[{\"@type\":\"SearchAction\",\"target\":{\"@type\":\"EntryPoint\",\"urlTemplate\":\"https:\\\/\\\/www.redwingfrankfurt.com\\\/en\\\/?s={search_term_string}\"},\"query-input\":{\"@type\":\"PropertyValueSpecification\",\"valueRequired\":true,\"valueName\":\"search_term_string\"}}],\"inLanguage\":\"en-US\"}]}<\/script>\n<!-- \/ Yoast SEO plugin. -->","yoast_head_json":{"title":"8836 Moc Toe - Red Wing Store Frankfurt","description":"Red Wing 8836: Chocolate Muleskinner Roughout-Leder, wetterfest & strapazierf\u00e4hig. Klassischer Moc Toe Look mit Traction Tred Sohle & hohem Komfort.","robots":{"index":"index","follow":"follow","max-snippet":"max-snippet:-1","max-image-preview":"max-image-preview:large","max-video-preview":"max-video-preview:-1"},"canonical":"https:\/\/www.redwingfrankfurt.com\/en\/shop\/moc-toe-en\/8836-moc-toe\/","og_locale":"en_US","og_type":"article","og_title":"8836 Moc Toe - Red Wing Store Frankfurt","og_description":"Red Wing 8836: Chocolate Muleskinner Roughout-Leder, wetterfest & strapazierf\u00e4hig. Klassischer Moc Toe Look mit Traction Tred Sohle & hohem Komfort.","og_url":"https:\/\/www.redwingfrankfurt.com\/en\/shop\/moc-toe-en\/8836-moc-toe\/","og_site_name":"Red Wing Store Frankfurt","article_modified_time":"2026-01-29T13:01:54+00:00","og_image":[{"width":2560,"height":2560,"url":"https:\/\/www.redwingfrankfurt.com\/wp-content\/uploads\/2025\/06\/RWH_8836_N3_Cropped-scaled-e1750773099621.jpg","type":"image\/jpeg"}],"twitter_card":"summary_large_image","twitter_misc":{"Est. reading time":"1 minute"},"schema":{"@context":"https:\/\/schema.org","@graph":[{"@type":"WebPage","@id":"https:\/\/www.redwingfrankfurt.com\/en\/shop\/moc-toe-en\/8836-moc-toe\/","url":"https:\/\/www.redwingfrankfurt.com\/en\/shop\/moc-toe-en\/8836-moc-toe\/","name":"8836 Moc Toe - Red Wing Store Frankfurt","isPartOf":{"@id":"https:\/\/www.redwingfrankfurt.com\/en\/#website"},"primaryImageOfPage":{"@id":"https:\/\/www.redwingfrankfurt.com\/en\/shop\/moc-toe-en\/8836-moc-toe\/#primaryimage"},"image":{"@id":"https:\/\/www.redwingfrankfurt.com\/en\/shop\/moc-toe-en\/8836-moc-toe\/#primaryimage"},"thumbnailUrl":"https:\/\/www.redwingfrankfurt.com\/wp-content\/uploads\/2025\/06\/RWH_8836_N3_Cropped-scaled-e1750773099621.jpg","datePublished":"2025-06-24T13:46:06+00:00","dateModified":"2026-01-29T13:01:54+00:00","description":"Red Wing 8836: Chocolate Muleskinner Roughout-Leder, wetterfest & strapazierf\u00e4hig. Klassischer Moc Toe Look mit Traction Tred Sohle & hohem Komfort.","breadcrumb":{"@id":"https:\/\/www.redwingfrankfurt.com\/en\/shop\/moc-toe-en\/8836-moc-toe\/#breadcrumb"},"inLanguage":"en-US","potentialAction":[{"@type":"ReadAction","target":["https:\/\/www.redwingfrankfurt.com\/en\/shop\/moc-toe-en\/8836-moc-toe\/"]}]},{"@type":"ImageObject","inLanguage":"en-US","@id":"https:\/\/www.redwingfrankfurt.com\/en\/shop\/moc-toe-en\/8836-moc-toe\/#primaryimage","url":"https:\/\/www.redwingfrankfurt.com\/wp-content\/uploads\/2025\/06\/RWH_8836_N3_Cropped-scaled-e1750773099621.jpg","contentUrl":"https:\/\/www.redwingfrankfurt.com\/wp-content\/uploads\/2025\/06\/RWH_8836_N3_Cropped-scaled-e1750773099621.jpg","width":2560,"height":2560},{"@type":"BreadcrumbList","@id":"https:\/\/www.redwingfrankfurt.com\/en\/shop\/moc-toe-en\/8836-moc-toe\/#breadcrumb","itemListElement":[{"@type":"ListItem","position":1,"name":"Startseite","item":"https:\/\/www.redwingfrankfurt.com\/en\/"},{"@type":"ListItem","position":2,"name":"Shop","item":"https:\/\/www.redwingfrankfurt.com\/shop\/"},{"@type":"ListItem","position":3,"name":"8836 Moc Toe"}]},{"@type":"WebSite","@id":"https:\/\/www.redwingfrankfurt.com\/en\/#website","url":"https:\/\/www.redwingfrankfurt.com\/en\/","name":"Red Wing Store Frankfurt","description":"First Red Wing Store in Europe \u2013 since 1977","potentialAction":[{"@type":"SearchAction","target":{"@type":"EntryPoint","urlTemplate":"https:\/\/www.redwingfrankfurt.com\/en\/?s={search_term_string}"},"query-input":{"@type":"PropertyValueSpecification","valueRequired":true,"valueName":"search_term_string"}}],"inLanguage":"en-US"}]}},"_links":{"self":[{"href":"https:\/\/www.redwingfrankfurt.com\/en\/wp-json\/wp\/v2\/product\/21126","targetHints":{"allow":["GET"]}}],"collection":[{"href":"https:\/\/www.redwingfrankfurt.com\/en\/wp-json\/wp\/v2\/product"}],"about":[{"href":"https:\/\/www.redwingfrankfurt.com\/en\/wp-json\/wp\/v2\/types\/product"}],"wp:featuredmedia":[{"embeddable":true,"href":"https:\/\/www.redwingfrankfurt.com\/en\/wp-json\/wp\/v2\/media\/21051"}],"wp:attachment":[{"href":"https:\/\/www.redwingfrankfurt.com\/en\/wp-json\/wp\/v2\/media?parent=21126"}],"wp:term":[{"taxonomy":"product_brand","embeddable":true,"href":"https:\/\/www.redwingfrankfurt.com\/en\/wp-json\/wp\/v2\/product_brand?post=21126"},{"taxonomy":"product_cat","embeddable":true,"href":"https:\/\/www.redwingfrankfurt.com\/en\/wp-json\/wp\/v2\/product_cat?post=21126"},{"taxonomy":"product_tag","embeddable":true,"href":"https:\/\/www.redwingfrankfurt.com\/en\/wp-json\/wp\/v2\/product_tag?post=21126"}],"curies":[{"name":"wp","href":"https:\/\/api.w.org\/{rel}","templated":true}]}}