{"id":21104,"date":"2025-06-24T14:22:07","date_gmt":"2025-06-24T12:22:07","guid":{"rendered":"https:\/\/www.redwingfrankfurt.com\/?post_type=product&#038;p=21104"},"modified":"2026-04-08T10:23:22","modified_gmt":"2026-04-08T08:23:22","slug":"2949-moc-lug","status":"publish","type":"product","link":"https:\/\/www.redwingfrankfurt.com\/en\/shop\/moc-toe-en\/2949-moc-lug\/","title":{"rendered":"2949 Moc Lug"},"content":{"rendered":"<p>Der Red Wing 2949 ist die schwarze Variante des legend\u00e4ren Roughneck \u2013 kraftvoll, authentisch und gemacht f\u00fcr jedes Terrain. Das \u00f6lgegerbte Black Oil Slick-Leder entwickelt mit der Zeit eine unverwechselbare Patina und unterstreicht den rauen Charakter dieses 6-Zoll-Moc-Toe-Boots. Die robuste Vibram\u00ae-Lug-Sohle sorgt f\u00fcr sicheren Tritt auf jedem Untergrund, w\u00e4hrend die traditionelle Goodyear-Rahmennaht Langlebigkeit garantiert. Handgefertigt in den USA \u2013 ein Stiefel f\u00fcr alle, die echtes Handwerk und kompromisslose Qualit\u00e4t sch\u00e4tzen.<\/p>\n<p>&nbsp;<\/p>\n","protected":false},"excerpt":{"rendered":"<ul>\n<li>Leder: Black Oil Slick<\/li>\n<li>Innen: Lederbrandsohle<\/li>\n<li>Sohle: Vibram Lug<\/li>\n<li>Konstruktion: Rahmengen\u00e4ht<br \/>\n<span style=\"color: #ffffff;\">&#8212;&#8212;&#8212;&#8212;&#8212;&#8212;&#8212;&#8212;&#8212;&#8212;&#8212;<\/span><br \/>\nMade in the USA!<\/li>\n<\/ul>\n","protected":false},"featured_media":21085,"template":"","meta":[],"product_brand":[],"product_cat":[83,96],"product_tag":[1005,460,1003,846,427,461,503],"class_list":{"0":"post-21104","1":"product","2":"type-product","3":"status-publish","4":"has-post-thumbnail","6":"product_cat-mens-shoes","7":"product_cat-moc-toe","8":"product_tag-1005","9":"product_tag-black","10":"product_tag-black-oil-slick","11":"product_tag-data","12":"product_tag-moc-toe","13":"product_tag-schwarz","14":"product_tag-vibram-lug","15":"pa_farbe-schwarz","16":"pa_groesse-129","17":"pa_groesse-130","18":"pa_groesse-44-5","19":"pa_groesse-132","20":"pa_groesse-133","21":"pa_groesse-134","22":"pa_groesse-122","23":"pa_groesse-123","24":"pa_groesse-118","25":"pa_groesse-41-5","26":"pa_groesse-127","27":"pa_groesse-42-5","29":"first","30":"instock","31":"taxable","32":"shipping-taxable","33":"purchasable","34":"product-type-variable","35":"add-to-wishlist-before_image"},"yoast_head":"<!-- This site is optimized with the Yoast SEO plugin v27.3 - https:\/\/yoast.com\/product\/yoast-seo-wordpress\/ -->\n<title>2949 Moc Lug - Red Wing Store Frankfurt<\/title>\n<meta name=\"description\" content=\"Red Wing 2949 Roughneck: Black Harness Leder &amp; Vibram-Sohle. Strapazierf\u00e4higer 6-Inch Boot mit Goodyear-Welt \u2013 handgefertigt in den USA.\" \/>\n<meta name=\"robots\" content=\"index, follow, max-snippet:-1, max-image-preview:large, max-video-preview:-1\" \/>\n<link rel=\"canonical\" href=\"https:\/\/www.redwingfrankfurt.com\/en\/shop\/moc-toe-en\/2949-moc-lug\/\" \/>\n<meta property=\"og:locale\" content=\"en_US\" \/>\n<meta property=\"og:type\" content=\"article\" \/>\n<meta property=\"og:title\" content=\"2949 Moc Lug - Red Wing Store Frankfurt\" \/>\n<meta property=\"og:description\" content=\"Red Wing 2949 Roughneck: Black Harness Leder &amp; Vibram-Sohle. Strapazierf\u00e4higer 6-Inch Boot mit Goodyear-Welt \u2013 handgefertigt in den USA.\" \/>\n<meta property=\"og:url\" content=\"https:\/\/www.redwingfrankfurt.com\/en\/shop\/moc-toe-en\/2949-moc-lug\/\" \/>\n<meta property=\"og:site_name\" content=\"Red Wing Store Frankfurt\" \/>\n<meta property=\"article:modified_time\" content=\"2026-04-08T08:23:22+00:00\" \/>\n<meta property=\"og:image\" content=\"https:\/\/www.redwingfrankfurt.com\/wp-content\/uploads\/2025\/06\/RWH_2949_N3_Cropped-scaled-e1750769104497.jpg\" \/>\n\t<meta property=\"og:image:width\" content=\"2560\" \/>\n\t<meta property=\"og:image:height\" content=\"2560\" \/>\n\t<meta property=\"og:image:type\" content=\"image\/jpeg\" \/>\n<meta name=\"twitter:card\" content=\"summary_large_image\" \/>\n<script type=\"application\/ld+json\" class=\"yoast-schema-graph\">{\"@context\":\"https:\\\/\\\/schema.org\",\"@graph\":[{\"@type\":\"WebPage\",\"@id\":\"https:\\\/\\\/www.redwingfrankfurt.com\\\/en\\\/shop\\\/moc-toe-en\\\/2949-moc-lug\\\/\",\"url\":\"https:\\\/\\\/www.redwingfrankfurt.com\\\/en\\\/shop\\\/moc-toe-en\\\/2949-moc-lug\\\/\",\"name\":\"2949 Moc Lug - Red Wing Store Frankfurt\",\"isPartOf\":{\"@id\":\"https:\\\/\\\/www.redwingfrankfurt.com\\\/en\\\/#website\"},\"primaryImageOfPage\":{\"@id\":\"https:\\\/\\\/www.redwingfrankfurt.com\\\/en\\\/shop\\\/moc-toe-en\\\/2949-moc-lug\\\/#primaryimage\"},\"image\":{\"@id\":\"https:\\\/\\\/www.redwingfrankfurt.com\\\/en\\\/shop\\\/moc-toe-en\\\/2949-moc-lug\\\/#primaryimage\"},\"thumbnailUrl\":\"https:\\\/\\\/www.redwingfrankfurt.com\\\/wp-content\\\/uploads\\\/2025\\\/06\\\/RWH_2949_N3_Cropped-scaled-e1750769104497.jpg\",\"datePublished\":\"2025-06-24T12:22:07+00:00\",\"dateModified\":\"2026-04-08T08:23:22+00:00\",\"description\":\"Red Wing 2949 Roughneck: Black Harness Leder & Vibram-Sohle. Strapazierf\u00e4higer 6-Inch Boot mit Goodyear-Welt \u2013 handgefertigt in den USA.\",\"breadcrumb\":{\"@id\":\"https:\\\/\\\/www.redwingfrankfurt.com\\\/en\\\/shop\\\/moc-toe-en\\\/2949-moc-lug\\\/#breadcrumb\"},\"inLanguage\":\"en-US\",\"potentialAction\":[{\"@type\":\"ReadAction\",\"target\":[\"https:\\\/\\\/www.redwingfrankfurt.com\\\/en\\\/shop\\\/moc-toe-en\\\/2949-moc-lug\\\/\"]}]},{\"@type\":\"ImageObject\",\"inLanguage\":\"en-US\",\"@id\":\"https:\\\/\\\/www.redwingfrankfurt.com\\\/en\\\/shop\\\/moc-toe-en\\\/2949-moc-lug\\\/#primaryimage\",\"url\":\"https:\\\/\\\/www.redwingfrankfurt.com\\\/wp-content\\\/uploads\\\/2025\\\/06\\\/RWH_2949_N3_Cropped-scaled-e1750769104497.jpg\",\"contentUrl\":\"https:\\\/\\\/www.redwingfrankfurt.com\\\/wp-content\\\/uploads\\\/2025\\\/06\\\/RWH_2949_N3_Cropped-scaled-e1750769104497.jpg\",\"width\":2560,\"height\":2560},{\"@type\":\"BreadcrumbList\",\"@id\":\"https:\\\/\\\/www.redwingfrankfurt.com\\\/en\\\/shop\\\/moc-toe-en\\\/2949-moc-lug\\\/#breadcrumb\",\"itemListElement\":[{\"@type\":\"ListItem\",\"position\":1,\"name\":\"Startseite\",\"item\":\"https:\\\/\\\/www.redwingfrankfurt.com\\\/en\\\/\"},{\"@type\":\"ListItem\",\"position\":2,\"name\":\"Shop\",\"item\":\"https:\\\/\\\/www.redwingfrankfurt.com\\\/shop\\\/\"},{\"@type\":\"ListItem\",\"position\":3,\"name\":\"2949 Moc Lug\"}]},{\"@type\":\"WebSite\",\"@id\":\"https:\\\/\\\/www.redwingfrankfurt.com\\\/en\\\/#website\",\"url\":\"https:\\\/\\\/www.redwingfrankfurt.com\\\/en\\\/\",\"name\":\"Red Wing Store Frankfurt\",\"description\":\"First Red Wing Store in Europe \u2013 since 1977\",\"potentialAction\":[{\"@type\":\"SearchAction\",\"target\":{\"@type\":\"EntryPoint\",\"urlTemplate\":\"https:\\\/\\\/www.redwingfrankfurt.com\\\/en\\\/?s={search_term_string}\"},\"query-input\":{\"@type\":\"PropertyValueSpecification\",\"valueRequired\":true,\"valueName\":\"search_term_string\"}}],\"inLanguage\":\"en-US\"}]}<\/script>\n<!-- \/ Yoast SEO plugin. -->","yoast_head_json":{"title":"2949 Moc Lug - Red Wing Store Frankfurt","description":"Red Wing 2949 Roughneck: Black Harness Leder & Vibram-Sohle. Strapazierf\u00e4higer 6-Inch Boot mit Goodyear-Welt \u2013 handgefertigt in den USA.","robots":{"index":"index","follow":"follow","max-snippet":"max-snippet:-1","max-image-preview":"max-image-preview:large","max-video-preview":"max-video-preview:-1"},"canonical":"https:\/\/www.redwingfrankfurt.com\/en\/shop\/moc-toe-en\/2949-moc-lug\/","og_locale":"en_US","og_type":"article","og_title":"2949 Moc Lug - Red Wing Store Frankfurt","og_description":"Red Wing 2949 Roughneck: Black Harness Leder & Vibram-Sohle. Strapazierf\u00e4higer 6-Inch Boot mit Goodyear-Welt \u2013 handgefertigt in den USA.","og_url":"https:\/\/www.redwingfrankfurt.com\/en\/shop\/moc-toe-en\/2949-moc-lug\/","og_site_name":"Red Wing Store Frankfurt","article_modified_time":"2026-04-08T08:23:22+00:00","og_image":[{"width":2560,"height":2560,"url":"https:\/\/www.redwingfrankfurt.com\/wp-content\/uploads\/2025\/06\/RWH_2949_N3_Cropped-scaled-e1750769104497.jpg","type":"image\/jpeg"}],"twitter_card":"summary_large_image","schema":{"@context":"https:\/\/schema.org","@graph":[{"@type":"WebPage","@id":"https:\/\/www.redwingfrankfurt.com\/en\/shop\/moc-toe-en\/2949-moc-lug\/","url":"https:\/\/www.redwingfrankfurt.com\/en\/shop\/moc-toe-en\/2949-moc-lug\/","name":"2949 Moc Lug - Red Wing Store Frankfurt","isPartOf":{"@id":"https:\/\/www.redwingfrankfurt.com\/en\/#website"},"primaryImageOfPage":{"@id":"https:\/\/www.redwingfrankfurt.com\/en\/shop\/moc-toe-en\/2949-moc-lug\/#primaryimage"},"image":{"@id":"https:\/\/www.redwingfrankfurt.com\/en\/shop\/moc-toe-en\/2949-moc-lug\/#primaryimage"},"thumbnailUrl":"https:\/\/www.redwingfrankfurt.com\/wp-content\/uploads\/2025\/06\/RWH_2949_N3_Cropped-scaled-e1750769104497.jpg","datePublished":"2025-06-24T12:22:07+00:00","dateModified":"2026-04-08T08:23:22+00:00","description":"Red Wing 2949 Roughneck: Black Harness Leder & Vibram-Sohle. Strapazierf\u00e4higer 6-Inch Boot mit Goodyear-Welt \u2013 handgefertigt in den USA.","breadcrumb":{"@id":"https:\/\/www.redwingfrankfurt.com\/en\/shop\/moc-toe-en\/2949-moc-lug\/#breadcrumb"},"inLanguage":"en-US","potentialAction":[{"@type":"ReadAction","target":["https:\/\/www.redwingfrankfurt.com\/en\/shop\/moc-toe-en\/2949-moc-lug\/"]}]},{"@type":"ImageObject","inLanguage":"en-US","@id":"https:\/\/www.redwingfrankfurt.com\/en\/shop\/moc-toe-en\/2949-moc-lug\/#primaryimage","url":"https:\/\/www.redwingfrankfurt.com\/wp-content\/uploads\/2025\/06\/RWH_2949_N3_Cropped-scaled-e1750769104497.jpg","contentUrl":"https:\/\/www.redwingfrankfurt.com\/wp-content\/uploads\/2025\/06\/RWH_2949_N3_Cropped-scaled-e1750769104497.jpg","width":2560,"height":2560},{"@type":"BreadcrumbList","@id":"https:\/\/www.redwingfrankfurt.com\/en\/shop\/moc-toe-en\/2949-moc-lug\/#breadcrumb","itemListElement":[{"@type":"ListItem","position":1,"name":"Startseite","item":"https:\/\/www.redwingfrankfurt.com\/en\/"},{"@type":"ListItem","position":2,"name":"Shop","item":"https:\/\/www.redwingfrankfurt.com\/shop\/"},{"@type":"ListItem","position":3,"name":"2949 Moc Lug"}]},{"@type":"WebSite","@id":"https:\/\/www.redwingfrankfurt.com\/en\/#website","url":"https:\/\/www.redwingfrankfurt.com\/en\/","name":"Red Wing Store Frankfurt","description":"First Red Wing Store in Europe \u2013 since 1977","potentialAction":[{"@type":"SearchAction","target":{"@type":"EntryPoint","urlTemplate":"https:\/\/www.redwingfrankfurt.com\/en\/?s={search_term_string}"},"query-input":{"@type":"PropertyValueSpecification","valueRequired":true,"valueName":"search_term_string"}}],"inLanguage":"en-US"}]}},"_links":{"self":[{"href":"https:\/\/www.redwingfrankfurt.com\/en\/wp-json\/wp\/v2\/product\/21104","targetHints":{"allow":["GET"]}}],"collection":[{"href":"https:\/\/www.redwingfrankfurt.com\/en\/wp-json\/wp\/v2\/product"}],"about":[{"href":"https:\/\/www.redwingfrankfurt.com\/en\/wp-json\/wp\/v2\/types\/product"}],"wp:featuredmedia":[{"embeddable":true,"href":"https:\/\/www.redwingfrankfurt.com\/en\/wp-json\/wp\/v2\/media\/21085"}],"wp:attachment":[{"href":"https:\/\/www.redwingfrankfurt.com\/en\/wp-json\/wp\/v2\/media?parent=21104"}],"wp:term":[{"taxonomy":"product_brand","embeddable":true,"href":"https:\/\/www.redwingfrankfurt.com\/en\/wp-json\/wp\/v2\/product_brand?post=21104"},{"taxonomy":"product_cat","embeddable":true,"href":"https:\/\/www.redwingfrankfurt.com\/en\/wp-json\/wp\/v2\/product_cat?post=21104"},{"taxonomy":"product_tag","embeddable":true,"href":"https:\/\/www.redwingfrankfurt.com\/en\/wp-json\/wp\/v2\/product_tag?post=21104"}],"curies":[{"name":"wp","href":"https:\/\/api.w.org\/{rel}","templated":true}]}}