{"id":2098,"date":"2014-10-18T14:49:41","date_gmt":"2014-10-18T12:49:41","guid":{"rendered":"http:\/\/dev1.redwingfrankfurt.com\/shop\/red-wing-boot-oil\/"},"modified":"2026-04-03T01:49:04","modified_gmt":"2026-04-02T23:49:04","slug":"red-wing-boot-oil","status":"publish","type":"product","link":"https:\/\/www.redwingfrankfurt.com\/en\/shop\/care-products\/red-wing-boot-oil\/","title":{"rendered":"Boot Oil"},"content":{"rendered":"<p>Das All Natural Boot Oil ist die nat\u00fcrliche Alternative f\u00fcr \u00f6lhaltige Red Wing Leder. Mit Kiefernharz und Mink Oil pflegt es tiefenwirksam, macht das Leder geschmeidig und bietet zuverl\u00e4ssigen Schutz vor N\u00e4sse. Ideal f\u00fcr \u00f6lgegerbte Lederarten \u2013 erh\u00e4lt Struktur, Tiefe und Glanz ohne das Material zu \u00fcberpflegen.<\/p>\n","protected":false},"excerpt":{"rendered":"<p>Das All Natural Boot Oil ist die nat\u00fcrliche Alternative f\u00fcr \u00f6lhaltige Red Wing Leder. Mit Kiefernharz und Mink Oil pflegt es tiefenwirksam, macht das Leder geschmeidig und bietet zuverl\u00e4ssigen Schutz vor N\u00e4sse. Ideal f\u00fcr \u00f6lgegerbte Lederarten \u2013 erh\u00e4lt Struktur, Tiefe und Glanz ohne das Material zu \u00fcberpflegen.<\/p>\n","protected":false},"featured_media":15964,"template":"","meta":[],"product_brand":[],"product_cat":[108],"product_tag":[668,451,859],"class_list":{"0":"post-2098","1":"product","2":"type-product","3":"status-publish","4":"has-post-thumbnail","6":"product_cat-care-products","7":"product_tag-668","8":"product_tag-boot-oil","9":"product_tag-care","11":"first","12":"instock","13":"taxable","14":"shipping-taxable","15":"purchasable","16":"product-type-simple","17":"add-to-wishlist-before_image"},"yoast_head":"<!-- This site is optimized with the Yoast SEO plugin v27.3 - https:\/\/yoast.com\/product\/yoast-seo-wordpress\/ -->\n<title>Boot Oil - Red Wing Store Frankfurt<\/title>\n<meta name=\"description\" content=\"Red Wing All Natural Boot Oil. Pflegt und sch\u00fctzt \u00f6lhaltiges Leder tiefenwirksam. F\u00fcr langlebige, geschmeidige Red Wing Heritage Boots.\" \/>\n<meta name=\"robots\" content=\"index, follow, max-snippet:-1, max-image-preview:large, max-video-preview:-1\" \/>\n<link rel=\"canonical\" href=\"https:\/\/www.redwingfrankfurt.com\/en\/shop\/care-products\/red-wing-boot-oil\/\" \/>\n<meta property=\"og:locale\" content=\"en_US\" \/>\n<meta property=\"og:type\" content=\"article\" \/>\n<meta property=\"og:title\" content=\"Boot Oil - Red Wing Store Frankfurt\" \/>\n<meta property=\"og:description\" content=\"Red Wing All Natural Boot Oil. Pflegt und sch\u00fctzt \u00f6lhaltiges Leder tiefenwirksam. F\u00fcr langlebige, geschmeidige Red Wing Heritage Boots.\" \/>\n<meta property=\"og:url\" content=\"https:\/\/www.redwingfrankfurt.com\/en\/shop\/care-products\/red-wing-boot-oil\/\" \/>\n<meta property=\"og:site_name\" content=\"Red Wing Store Frankfurt\" \/>\n<meta property=\"article:modified_time\" content=\"2026-04-02T23:49:04+00:00\" \/>\n<meta property=\"og:image\" content=\"https:\/\/www.redwingfrankfurt.com\/wp-content\/uploads\/2014\/10\/red-wing-shoe-store-frankfurt-boot-oil-97103-berlin-hamburg-muenchen.jpg\" \/>\n\t<meta property=\"og:image:width\" content=\"1100\" \/>\n\t<meta property=\"og:image:height\" content=\"1100\" \/>\n\t<meta property=\"og:image:type\" content=\"image\/jpeg\" \/>\n<meta name=\"twitter:card\" content=\"summary_large_image\" \/>\n<script type=\"application\/ld+json\" class=\"yoast-schema-graph\">{\"@context\":\"https:\\\/\\\/schema.org\",\"@graph\":[{\"@type\":\"WebPage\",\"@id\":\"https:\\\/\\\/www.redwingfrankfurt.com\\\/en\\\/shop\\\/care-products\\\/red-wing-boot-oil\\\/\",\"url\":\"https:\\\/\\\/www.redwingfrankfurt.com\\\/en\\\/shop\\\/care-products\\\/red-wing-boot-oil\\\/\",\"name\":\"Boot Oil - Red Wing Store Frankfurt\",\"isPartOf\":{\"@id\":\"https:\\\/\\\/www.redwingfrankfurt.com\\\/en\\\/#website\"},\"primaryImageOfPage\":{\"@id\":\"https:\\\/\\\/www.redwingfrankfurt.com\\\/en\\\/shop\\\/care-products\\\/red-wing-boot-oil\\\/#primaryimage\"},\"image\":{\"@id\":\"https:\\\/\\\/www.redwingfrankfurt.com\\\/en\\\/shop\\\/care-products\\\/red-wing-boot-oil\\\/#primaryimage\"},\"thumbnailUrl\":\"https:\\\/\\\/www.redwingfrankfurt.com\\\/wp-content\\\/uploads\\\/2014\\\/10\\\/red-wing-shoe-store-frankfurt-boot-oil-97103-berlin-hamburg-muenchen.jpg\",\"datePublished\":\"2014-10-18T12:49:41+00:00\",\"dateModified\":\"2026-04-02T23:49:04+00:00\",\"description\":\"Red Wing All Natural Boot Oil. Pflegt und sch\u00fctzt \u00f6lhaltiges Leder tiefenwirksam. F\u00fcr langlebige, geschmeidige Red Wing Heritage Boots.\",\"breadcrumb\":{\"@id\":\"https:\\\/\\\/www.redwingfrankfurt.com\\\/en\\\/shop\\\/care-products\\\/red-wing-boot-oil\\\/#breadcrumb\"},\"inLanguage\":\"en-US\",\"potentialAction\":[{\"@type\":\"ReadAction\",\"target\":[\"https:\\\/\\\/www.redwingfrankfurt.com\\\/en\\\/shop\\\/care-products\\\/red-wing-boot-oil\\\/\"]}]},{\"@type\":\"ImageObject\",\"inLanguage\":\"en-US\",\"@id\":\"https:\\\/\\\/www.redwingfrankfurt.com\\\/en\\\/shop\\\/care-products\\\/red-wing-boot-oil\\\/#primaryimage\",\"url\":\"https:\\\/\\\/www.redwingfrankfurt.com\\\/wp-content\\\/uploads\\\/2014\\\/10\\\/red-wing-shoe-store-frankfurt-boot-oil-97103-berlin-hamburg-muenchen.jpg\",\"contentUrl\":\"https:\\\/\\\/www.redwingfrankfurt.com\\\/wp-content\\\/uploads\\\/2014\\\/10\\\/red-wing-shoe-store-frankfurt-boot-oil-97103-berlin-hamburg-muenchen.jpg\",\"width\":1100,\"height\":1100},{\"@type\":\"BreadcrumbList\",\"@id\":\"https:\\\/\\\/www.redwingfrankfurt.com\\\/en\\\/shop\\\/care-products\\\/red-wing-boot-oil\\\/#breadcrumb\",\"itemListElement\":[{\"@type\":\"ListItem\",\"position\":1,\"name\":\"Startseite\",\"item\":\"https:\\\/\\\/www.redwingfrankfurt.com\\\/en\\\/\"},{\"@type\":\"ListItem\",\"position\":2,\"name\":\"Shop\",\"item\":\"https:\\\/\\\/www.redwingfrankfurt.com\\\/shop\\\/\"},{\"@type\":\"ListItem\",\"position\":3,\"name\":\"Boot Oil\"}]},{\"@type\":\"WebSite\",\"@id\":\"https:\\\/\\\/www.redwingfrankfurt.com\\\/en\\\/#website\",\"url\":\"https:\\\/\\\/www.redwingfrankfurt.com\\\/en\\\/\",\"name\":\"Red Wing Store Frankfurt\",\"description\":\"First Red Wing Store in Europe \u2013 since 1977\",\"potentialAction\":[{\"@type\":\"SearchAction\",\"target\":{\"@type\":\"EntryPoint\",\"urlTemplate\":\"https:\\\/\\\/www.redwingfrankfurt.com\\\/en\\\/?s={search_term_string}\"},\"query-input\":{\"@type\":\"PropertyValueSpecification\",\"valueRequired\":true,\"valueName\":\"search_term_string\"}}],\"inLanguage\":\"en-US\"}]}<\/script>\n<!-- \/ Yoast SEO plugin. -->","yoast_head_json":{"title":"Boot Oil - Red Wing Store Frankfurt","description":"Red Wing All Natural Boot Oil. Pflegt und sch\u00fctzt \u00f6lhaltiges Leder tiefenwirksam. F\u00fcr langlebige, geschmeidige Red Wing Heritage Boots.","robots":{"index":"index","follow":"follow","max-snippet":"max-snippet:-1","max-image-preview":"max-image-preview:large","max-video-preview":"max-video-preview:-1"},"canonical":"https:\/\/www.redwingfrankfurt.com\/en\/shop\/care-products\/red-wing-boot-oil\/","og_locale":"en_US","og_type":"article","og_title":"Boot Oil - Red Wing Store Frankfurt","og_description":"Red Wing All Natural Boot Oil. Pflegt und sch\u00fctzt \u00f6lhaltiges Leder tiefenwirksam. F\u00fcr langlebige, geschmeidige Red Wing Heritage Boots.","og_url":"https:\/\/www.redwingfrankfurt.com\/en\/shop\/care-products\/red-wing-boot-oil\/","og_site_name":"Red Wing Store Frankfurt","article_modified_time":"2026-04-02T23:49:04+00:00","og_image":[{"width":1100,"height":1100,"url":"https:\/\/www.redwingfrankfurt.com\/wp-content\/uploads\/2014\/10\/red-wing-shoe-store-frankfurt-boot-oil-97103-berlin-hamburg-muenchen.jpg","type":"image\/jpeg"}],"twitter_card":"summary_large_image","schema":{"@context":"https:\/\/schema.org","@graph":[{"@type":"WebPage","@id":"https:\/\/www.redwingfrankfurt.com\/en\/shop\/care-products\/red-wing-boot-oil\/","url":"https:\/\/www.redwingfrankfurt.com\/en\/shop\/care-products\/red-wing-boot-oil\/","name":"Boot Oil - Red Wing Store Frankfurt","isPartOf":{"@id":"https:\/\/www.redwingfrankfurt.com\/en\/#website"},"primaryImageOfPage":{"@id":"https:\/\/www.redwingfrankfurt.com\/en\/shop\/care-products\/red-wing-boot-oil\/#primaryimage"},"image":{"@id":"https:\/\/www.redwingfrankfurt.com\/en\/shop\/care-products\/red-wing-boot-oil\/#primaryimage"},"thumbnailUrl":"https:\/\/www.redwingfrankfurt.com\/wp-content\/uploads\/2014\/10\/red-wing-shoe-store-frankfurt-boot-oil-97103-berlin-hamburg-muenchen.jpg","datePublished":"2014-10-18T12:49:41+00:00","dateModified":"2026-04-02T23:49:04+00:00","description":"Red Wing All Natural Boot Oil. Pflegt und sch\u00fctzt \u00f6lhaltiges Leder tiefenwirksam. F\u00fcr langlebige, geschmeidige Red Wing Heritage Boots.","breadcrumb":{"@id":"https:\/\/www.redwingfrankfurt.com\/en\/shop\/care-products\/red-wing-boot-oil\/#breadcrumb"},"inLanguage":"en-US","potentialAction":[{"@type":"ReadAction","target":["https:\/\/www.redwingfrankfurt.com\/en\/shop\/care-products\/red-wing-boot-oil\/"]}]},{"@type":"ImageObject","inLanguage":"en-US","@id":"https:\/\/www.redwingfrankfurt.com\/en\/shop\/care-products\/red-wing-boot-oil\/#primaryimage","url":"https:\/\/www.redwingfrankfurt.com\/wp-content\/uploads\/2014\/10\/red-wing-shoe-store-frankfurt-boot-oil-97103-berlin-hamburg-muenchen.jpg","contentUrl":"https:\/\/www.redwingfrankfurt.com\/wp-content\/uploads\/2014\/10\/red-wing-shoe-store-frankfurt-boot-oil-97103-berlin-hamburg-muenchen.jpg","width":1100,"height":1100},{"@type":"BreadcrumbList","@id":"https:\/\/www.redwingfrankfurt.com\/en\/shop\/care-products\/red-wing-boot-oil\/#breadcrumb","itemListElement":[{"@type":"ListItem","position":1,"name":"Startseite","item":"https:\/\/www.redwingfrankfurt.com\/en\/"},{"@type":"ListItem","position":2,"name":"Shop","item":"https:\/\/www.redwingfrankfurt.com\/shop\/"},{"@type":"ListItem","position":3,"name":"Boot Oil"}]},{"@type":"WebSite","@id":"https:\/\/www.redwingfrankfurt.com\/en\/#website","url":"https:\/\/www.redwingfrankfurt.com\/en\/","name":"Red Wing Store Frankfurt","description":"First Red Wing Store in Europe \u2013 since 1977","potentialAction":[{"@type":"SearchAction","target":{"@type":"EntryPoint","urlTemplate":"https:\/\/www.redwingfrankfurt.com\/en\/?s={search_term_string}"},"query-input":{"@type":"PropertyValueSpecification","valueRequired":true,"valueName":"search_term_string"}}],"inLanguage":"en-US"}]}},"_links":{"self":[{"href":"https:\/\/www.redwingfrankfurt.com\/en\/wp-json\/wp\/v2\/product\/2098","targetHints":{"allow":["GET"]}}],"collection":[{"href":"https:\/\/www.redwingfrankfurt.com\/en\/wp-json\/wp\/v2\/product"}],"about":[{"href":"https:\/\/www.redwingfrankfurt.com\/en\/wp-json\/wp\/v2\/types\/product"}],"wp:featuredmedia":[{"embeddable":true,"href":"https:\/\/www.redwingfrankfurt.com\/en\/wp-json\/wp\/v2\/media\/15964"}],"wp:attachment":[{"href":"https:\/\/www.redwingfrankfurt.com\/en\/wp-json\/wp\/v2\/media?parent=2098"}],"wp:term":[{"taxonomy":"product_brand","embeddable":true,"href":"https:\/\/www.redwingfrankfurt.com\/en\/wp-json\/wp\/v2\/product_brand?post=2098"},{"taxonomy":"product_cat","embeddable":true,"href":"https:\/\/www.redwingfrankfurt.com\/en\/wp-json\/wp\/v2\/product_cat?post=2098"},{"taxonomy":"product_tag","embeddable":true,"href":"https:\/\/www.redwingfrankfurt.com\/en\/wp-json\/wp\/v2\/product_tag?post=2098"}],"curies":[{"name":"wp","href":"https:\/\/api.w.org\/{rel}","templated":true}]}}