{"id":2097,"date":"2014-10-18T14:48:39","date_gmt":"2014-10-18T12:48:39","guid":{"rendered":"http:\/\/dev1.redwingfrankfurt.com\/shop\/red-wing-leather-cleaner\/"},"modified":"2026-04-16T20:22:52","modified_gmt":"2026-04-16T18:22:52","slug":"red-wing-leather-cleaner","status":"publish","type":"product","link":"https:\/\/www.redwingfrankfurt.com\/en\/shop\/care-products\/red-wing-leather-cleaner\/","title":{"rendered":"Foam Leather Cleaner"},"content":{"rendered":"<p>Der Red Wing Foam Leather Cleaner entfernt Schmutz und Flecken gr\u00fcndlich, ohne das Leder zu strapazieren. Die milde Reinigungsl\u00f6sung wird mit Wasser aufgesch\u00e4umt und mit dem mitgelieferten Schwamm aufgetragen \u2013 ideal, um deine Boots sanft und effektiv zu s\u00e4ubern. Anschlie\u00dfend einfach abwischen und trocknen lassen. Perfekt zur Vorbereitung vor der Pflege mit \u00d6l oder Creme.<\/p>\n","protected":false},"excerpt":{"rendered":"<p>Lederreiniger inklusive kleinem Schwamm zum reinigen von Glattleder Red Wings.<\/p>\n","protected":false},"featured_media":12887,"template":"","meta":[],"product_brand":[],"product_cat":[108],"product_tag":[669,859,453,637,673,672,645,671,670],"class_list":{"0":"post-2097","1":"product","2":"type-product","3":"status-publish","4":"has-post-thumbnail","6":"product_cat-care-products","7":"product_tag-669","8":"product_tag-care","9":"product_tag-cleaner","10":"product_tag-foam-leather-cleaner","11":"product_tag-leder-seife","12":"product_tag-lederseife","13":"product_tag-reiniger","14":"product_tag-seife","15":"product_tag-soap","17":"first","18":"instock","19":"taxable","20":"shipping-taxable","21":"purchasable","22":"product-type-simple","23":"add-to-wishlist-before_image"},"yoast_head":"<!-- This site is optimized with the Yoast SEO plugin v27.4 - https:\/\/yoast.com\/product\/yoast-seo-wordpress\/ -->\n<title>Foam Leather Cleaner - Red Wing Store Frankfurt<\/title>\n<meta name=\"robots\" content=\"index, follow, max-snippet:-1, max-image-preview:large, max-video-preview:-1\" \/>\n<link rel=\"canonical\" href=\"https:\/\/www.redwingfrankfurt.com\/en\/shop\/care-products\/red-wing-leather-cleaner\/\" \/>\n<meta property=\"og:locale\" content=\"en_US\" \/>\n<meta property=\"og:type\" content=\"article\" \/>\n<meta property=\"og:title\" content=\"Foam Leather Cleaner - Red Wing Store Frankfurt\" \/>\n<meta property=\"og:description\" content=\"Lederreiniger inklusive kleinem Schwamm zum reinigen von Glattleder Red Wings.\" \/>\n<meta property=\"og:url\" content=\"https:\/\/www.redwingfrankfurt.com\/en\/shop\/care-products\/red-wing-leather-cleaner\/\" \/>\n<meta property=\"og:site_name\" content=\"Red Wing Store Frankfurt\" \/>\n<meta property=\"article:modified_time\" content=\"2026-04-16T18:22:52+00:00\" \/>\n<meta property=\"og:image\" content=\"https:\/\/www.redwingfrankfurt.com\/wp-content\/uploads\/2022\/03\/red-wing-shoe-store-frankfurt-foam-leather-cleaner-91025-berlin-hamburg-muenchen.jpg\" \/>\n\t<meta property=\"og:image:width\" content=\"2000\" \/>\n\t<meta property=\"og:image:height\" content=\"2000\" \/>\n\t<meta property=\"og:image:type\" content=\"image\/jpeg\" \/>\n<meta name=\"twitter:card\" content=\"summary_large_image\" \/>\n<script type=\"application\/ld+json\" class=\"yoast-schema-graph\">{\"@context\":\"https:\\\/\\\/schema.org\",\"@graph\":[{\"@type\":\"WebPage\",\"@id\":\"https:\\\/\\\/www.redwingfrankfurt.com\\\/en\\\/shop\\\/care-products\\\/red-wing-leather-cleaner\\\/\",\"url\":\"https:\\\/\\\/www.redwingfrankfurt.com\\\/en\\\/shop\\\/care-products\\\/red-wing-leather-cleaner\\\/\",\"name\":\"Foam Leather Cleaner - Red Wing Store Frankfurt\",\"isPartOf\":{\"@id\":\"https:\\\/\\\/www.redwingfrankfurt.com\\\/en\\\/#website\"},\"primaryImageOfPage\":{\"@id\":\"https:\\\/\\\/www.redwingfrankfurt.com\\\/en\\\/shop\\\/care-products\\\/red-wing-leather-cleaner\\\/#primaryimage\"},\"image\":{\"@id\":\"https:\\\/\\\/www.redwingfrankfurt.com\\\/en\\\/shop\\\/care-products\\\/red-wing-leather-cleaner\\\/#primaryimage\"},\"thumbnailUrl\":\"https:\\\/\\\/www.redwingfrankfurt.com\\\/wp-content\\\/uploads\\\/2022\\\/03\\\/red-wing-shoe-store-frankfurt-foam-leather-cleaner-91025-berlin-hamburg-muenchen.jpg\",\"datePublished\":\"2014-10-18T12:48:39+00:00\",\"dateModified\":\"2026-04-16T18:22:52+00:00\",\"breadcrumb\":{\"@id\":\"https:\\\/\\\/www.redwingfrankfurt.com\\\/en\\\/shop\\\/care-products\\\/red-wing-leather-cleaner\\\/#breadcrumb\"},\"inLanguage\":\"en-US\",\"potentialAction\":[{\"@type\":\"ReadAction\",\"target\":[\"https:\\\/\\\/www.redwingfrankfurt.com\\\/en\\\/shop\\\/care-products\\\/red-wing-leather-cleaner\\\/\"]}]},{\"@type\":\"ImageObject\",\"inLanguage\":\"en-US\",\"@id\":\"https:\\\/\\\/www.redwingfrankfurt.com\\\/en\\\/shop\\\/care-products\\\/red-wing-leather-cleaner\\\/#primaryimage\",\"url\":\"https:\\\/\\\/www.redwingfrankfurt.com\\\/wp-content\\\/uploads\\\/2022\\\/03\\\/red-wing-shoe-store-frankfurt-foam-leather-cleaner-91025-berlin-hamburg-muenchen.jpg\",\"contentUrl\":\"https:\\\/\\\/www.redwingfrankfurt.com\\\/wp-content\\\/uploads\\\/2022\\\/03\\\/red-wing-shoe-store-frankfurt-foam-leather-cleaner-91025-berlin-hamburg-muenchen.jpg\",\"width\":2000,\"height\":2000,\"caption\":\"red wing shoe store frankfurt foam leather cleaner 91025 berlin hamburg m\u00fcnchen\"},{\"@type\":\"BreadcrumbList\",\"@id\":\"https:\\\/\\\/www.redwingfrankfurt.com\\\/en\\\/shop\\\/care-products\\\/red-wing-leather-cleaner\\\/#breadcrumb\",\"itemListElement\":[{\"@type\":\"ListItem\",\"position\":1,\"name\":\"Startseite\",\"item\":\"https:\\\/\\\/www.redwingfrankfurt.com\\\/en\\\/\"},{\"@type\":\"ListItem\",\"position\":2,\"name\":\"Shop\",\"item\":\"https:\\\/\\\/www.redwingfrankfurt.com\\\/shop\\\/\"},{\"@type\":\"ListItem\",\"position\":3,\"name\":\"Foam Leather Cleaner\"}]},{\"@type\":\"WebSite\",\"@id\":\"https:\\\/\\\/www.redwingfrankfurt.com\\\/en\\\/#website\",\"url\":\"https:\\\/\\\/www.redwingfrankfurt.com\\\/en\\\/\",\"name\":\"Red Wing Store Frankfurt\",\"description\":\"First Red Wing Store in Europe \u2013 since 1977\",\"potentialAction\":[{\"@type\":\"SearchAction\",\"target\":{\"@type\":\"EntryPoint\",\"urlTemplate\":\"https:\\\/\\\/www.redwingfrankfurt.com\\\/en\\\/?s={search_term_string}\"},\"query-input\":{\"@type\":\"PropertyValueSpecification\",\"valueRequired\":true,\"valueName\":\"search_term_string\"}}],\"inLanguage\":\"en-US\"}]}<\/script>\n<!-- \/ Yoast SEO plugin. -->","yoast_head_json":{"title":"Foam Leather Cleaner - Red Wing Store Frankfurt","robots":{"index":"index","follow":"follow","max-snippet":"max-snippet:-1","max-image-preview":"max-image-preview:large","max-video-preview":"max-video-preview:-1"},"canonical":"https:\/\/www.redwingfrankfurt.com\/en\/shop\/care-products\/red-wing-leather-cleaner\/","og_locale":"en_US","og_type":"article","og_title":"Foam Leather Cleaner - Red Wing Store Frankfurt","og_description":"Lederreiniger inklusive kleinem Schwamm zum reinigen von Glattleder Red Wings.","og_url":"https:\/\/www.redwingfrankfurt.com\/en\/shop\/care-products\/red-wing-leather-cleaner\/","og_site_name":"Red Wing Store Frankfurt","article_modified_time":"2026-04-16T18:22:52+00:00","og_image":[{"width":2000,"height":2000,"url":"https:\/\/www.redwingfrankfurt.com\/wp-content\/uploads\/2022\/03\/red-wing-shoe-store-frankfurt-foam-leather-cleaner-91025-berlin-hamburg-muenchen.jpg","type":"image\/jpeg"}],"twitter_card":"summary_large_image","schema":{"@context":"https:\/\/schema.org","@graph":[{"@type":"WebPage","@id":"https:\/\/www.redwingfrankfurt.com\/en\/shop\/care-products\/red-wing-leather-cleaner\/","url":"https:\/\/www.redwingfrankfurt.com\/en\/shop\/care-products\/red-wing-leather-cleaner\/","name":"Foam Leather Cleaner - Red Wing Store Frankfurt","isPartOf":{"@id":"https:\/\/www.redwingfrankfurt.com\/en\/#website"},"primaryImageOfPage":{"@id":"https:\/\/www.redwingfrankfurt.com\/en\/shop\/care-products\/red-wing-leather-cleaner\/#primaryimage"},"image":{"@id":"https:\/\/www.redwingfrankfurt.com\/en\/shop\/care-products\/red-wing-leather-cleaner\/#primaryimage"},"thumbnailUrl":"https:\/\/www.redwingfrankfurt.com\/wp-content\/uploads\/2022\/03\/red-wing-shoe-store-frankfurt-foam-leather-cleaner-91025-berlin-hamburg-muenchen.jpg","datePublished":"2014-10-18T12:48:39+00:00","dateModified":"2026-04-16T18:22:52+00:00","breadcrumb":{"@id":"https:\/\/www.redwingfrankfurt.com\/en\/shop\/care-products\/red-wing-leather-cleaner\/#breadcrumb"},"inLanguage":"en-US","potentialAction":[{"@type":"ReadAction","target":["https:\/\/www.redwingfrankfurt.com\/en\/shop\/care-products\/red-wing-leather-cleaner\/"]}]},{"@type":"ImageObject","inLanguage":"en-US","@id":"https:\/\/www.redwingfrankfurt.com\/en\/shop\/care-products\/red-wing-leather-cleaner\/#primaryimage","url":"https:\/\/www.redwingfrankfurt.com\/wp-content\/uploads\/2022\/03\/red-wing-shoe-store-frankfurt-foam-leather-cleaner-91025-berlin-hamburg-muenchen.jpg","contentUrl":"https:\/\/www.redwingfrankfurt.com\/wp-content\/uploads\/2022\/03\/red-wing-shoe-store-frankfurt-foam-leather-cleaner-91025-berlin-hamburg-muenchen.jpg","width":2000,"height":2000,"caption":"red wing shoe store frankfurt foam leather cleaner 91025 berlin hamburg m\u00fcnchen"},{"@type":"BreadcrumbList","@id":"https:\/\/www.redwingfrankfurt.com\/en\/shop\/care-products\/red-wing-leather-cleaner\/#breadcrumb","itemListElement":[{"@type":"ListItem","position":1,"name":"Startseite","item":"https:\/\/www.redwingfrankfurt.com\/en\/"},{"@type":"ListItem","position":2,"name":"Shop","item":"https:\/\/www.redwingfrankfurt.com\/shop\/"},{"@type":"ListItem","position":3,"name":"Foam Leather Cleaner"}]},{"@type":"WebSite","@id":"https:\/\/www.redwingfrankfurt.com\/en\/#website","url":"https:\/\/www.redwingfrankfurt.com\/en\/","name":"Red Wing Store Frankfurt","description":"First Red Wing Store in Europe \u2013 since 1977","potentialAction":[{"@type":"SearchAction","target":{"@type":"EntryPoint","urlTemplate":"https:\/\/www.redwingfrankfurt.com\/en\/?s={search_term_string}"},"query-input":{"@type":"PropertyValueSpecification","valueRequired":true,"valueName":"search_term_string"}}],"inLanguage":"en-US"}]}},"_links":{"self":[{"href":"https:\/\/www.redwingfrankfurt.com\/en\/wp-json\/wp\/v2\/product\/2097","targetHints":{"allow":["GET"]}}],"collection":[{"href":"https:\/\/www.redwingfrankfurt.com\/en\/wp-json\/wp\/v2\/product"}],"about":[{"href":"https:\/\/www.redwingfrankfurt.com\/en\/wp-json\/wp\/v2\/types\/product"}],"wp:featuredmedia":[{"embeddable":true,"href":"https:\/\/www.redwingfrankfurt.com\/en\/wp-json\/wp\/v2\/media\/12887"}],"wp:attachment":[{"href":"https:\/\/www.redwingfrankfurt.com\/en\/wp-json\/wp\/v2\/media?parent=2097"}],"wp:term":[{"taxonomy":"product_brand","embeddable":true,"href":"https:\/\/www.redwingfrankfurt.com\/en\/wp-json\/wp\/v2\/product_brand?post=2097"},{"taxonomy":"product_cat","embeddable":true,"href":"https:\/\/www.redwingfrankfurt.com\/en\/wp-json\/wp\/v2\/product_cat?post=2097"},{"taxonomy":"product_tag","embeddable":true,"href":"https:\/\/www.redwingfrankfurt.com\/en\/wp-json\/wp\/v2\/product_tag?post=2097"}],"curies":[{"name":"wp","href":"https:\/\/api.w.org\/{rel}","templated":true}]}}