{"id":2096,"date":"2014-10-18T14:47:11","date_gmt":"2014-10-18T12:47:11","guid":{"rendered":"http:\/\/dev1.redwingfrankfurt.com\/shop\/red-wing-mink-oil\/"},"modified":"2026-04-11T14:01:21","modified_gmt":"2026-04-11T12:01:21","slug":"mink-oil-red-wing-store-frankfurt","status":"publish","type":"product","link":"https:\/\/www.redwingfrankfurt.com\/en\/shop\/care-products\/mink-oil-red-wing-store-frankfurt\/","title":{"rendered":"Mink Oil"},"content":{"rendered":"<p>Pflege, Schutz und Langlebigkeit in einem: Das Red Wing Mink Oil h\u00e4lt deine Heritage Boots geschmeidig, sch\u00fctzt vor Wasser und beugt Austrocknung vor. Die reichhaltige Formel aus nat\u00fcrlichen \u00d6len und Wachsen verleiht dem Leder eine tiefere, sattere Farbe und f\u00f6rdert eine edle Patina. Perfekt f\u00fcr \u00f6lgegerbte Leder wie beim Iron Ranger, Moc Toe 875 oder Blacksmith.<\/p>\n","protected":false},"excerpt":{"rendered":"<p>Pflege, Schutz und Langlebigkeit in einem: Das Red Wing Mink Oil h\u00e4lt deine Heritage Boots geschmeidig, sch\u00fctzt vor Wasser und beugt Austrocknung vor. Die reichhaltige Formel aus nat\u00fcrlichen \u00d6len und Wachsen verleiht dem Leder eine tiefere, sattere Farbe und f\u00f6rdert eine edle Patina. Perfekt f\u00fcr \u00f6lgegerbte Leder wie beim Iron Ranger, Moc Toe 875 oder [&hellip;]<\/p>\n","protected":false},"featured_media":21665,"template":"","meta":[],"product_brand":[],"product_cat":[108],"product_tag":[674,859,677,676,675,450,678],"class_list":{"0":"post-2096","1":"product","2":"type-product","3":"status-publish","4":"has-post-thumbnail","6":"product_cat-care-products","7":"product_tag-674","8":"product_tag-care","9":"product_tag-fett","10":"product_tag-leder-fett","11":"product_tag-lederfett","12":"product_tag-mink-oil","13":"product_tag-wachs","15":"first","16":"instock","17":"taxable","18":"shipping-taxable","19":"purchasable","20":"product-type-simple","21":"add-to-wishlist-before_image"},"yoast_head":"<!-- This site is optimized with the Yoast SEO plugin v27.3 - https:\/\/yoast.com\/product\/yoast-seo-wordpress\/ -->\n<title>Mink Oil - Red Wing Store Frankfurt<\/title>\n<meta name=\"description\" content=\"Red Wing Mink Oil. Sch\u00fctzt und pflegt deine Red Wing Boots. Mink Oil macht Leder weich, wasserabweisend und verleiht eine edle Patina.\" \/>\n<meta name=\"robots\" content=\"index, follow, max-snippet:-1, max-image-preview:large, max-video-preview:-1\" \/>\n<link rel=\"canonical\" href=\"https:\/\/www.redwingfrankfurt.com\/en\/shop\/care-products\/mink-oil-red-wing-store-frankfurt\/\" \/>\n<meta property=\"og:locale\" content=\"en_US\" \/>\n<meta property=\"og:type\" content=\"article\" \/>\n<meta property=\"og:title\" content=\"Mink Oil - Red Wing Store Frankfurt\" \/>\n<meta property=\"og:description\" content=\"Red Wing Mink Oil. Sch\u00fctzt und pflegt deine Red Wing Boots. Mink Oil macht Leder weich, wasserabweisend und verleiht eine edle Patina.\" \/>\n<meta property=\"og:url\" content=\"https:\/\/www.redwingfrankfurt.com\/en\/shop\/care-products\/mink-oil-red-wing-store-frankfurt\/\" \/>\n<meta property=\"og:site_name\" content=\"Red Wing Store Frankfurt\" \/>\n<meta property=\"article:modified_time\" content=\"2026-04-11T12:01:21+00:00\" \/>\n<meta property=\"og:image\" content=\"https:\/\/www.redwingfrankfurt.com\/wp-content\/uploads\/2025\/11\/97105_PC1-471x471.png\" \/>\n\t<meta property=\"og:image:width\" content=\"471\" \/>\n\t<meta property=\"og:image:height\" content=\"471\" \/>\n\t<meta property=\"og:image:type\" content=\"image\/png\" \/>\n<meta name=\"twitter:card\" content=\"summary_large_image\" \/>\n<script type=\"application\/ld+json\" class=\"yoast-schema-graph\">{\"@context\":\"https:\\\/\\\/schema.org\",\"@graph\":[{\"@type\":\"WebPage\",\"@id\":\"https:\\\/\\\/www.redwingfrankfurt.com\\\/en\\\/shop\\\/care-products\\\/mink-oil-red-wing-store-frankfurt\\\/\",\"url\":\"https:\\\/\\\/www.redwingfrankfurt.com\\\/en\\\/shop\\\/care-products\\\/mink-oil-red-wing-store-frankfurt\\\/\",\"name\":\"Mink Oil - Red Wing Store Frankfurt\",\"isPartOf\":{\"@id\":\"https:\\\/\\\/www.redwingfrankfurt.com\\\/en\\\/#website\"},\"primaryImageOfPage\":{\"@id\":\"https:\\\/\\\/www.redwingfrankfurt.com\\\/en\\\/shop\\\/care-products\\\/mink-oil-red-wing-store-frankfurt\\\/#primaryimage\"},\"image\":{\"@id\":\"https:\\\/\\\/www.redwingfrankfurt.com\\\/en\\\/shop\\\/care-products\\\/mink-oil-red-wing-store-frankfurt\\\/#primaryimage\"},\"thumbnailUrl\":\"https:\\\/\\\/www.redwingfrankfurt.com\\\/wp-content\\\/uploads\\\/2025\\\/11\\\/97105_PC1-scaled.png\",\"datePublished\":\"2014-10-18T12:47:11+00:00\",\"dateModified\":\"2026-04-11T12:01:21+00:00\",\"description\":\"Red Wing Mink Oil. Sch\u00fctzt und pflegt deine Red Wing Boots. Mink Oil macht Leder weich, wasserabweisend und verleiht eine edle Patina.\",\"breadcrumb\":{\"@id\":\"https:\\\/\\\/www.redwingfrankfurt.com\\\/en\\\/shop\\\/care-products\\\/mink-oil-red-wing-store-frankfurt\\\/#breadcrumb\"},\"inLanguage\":\"en-US\",\"potentialAction\":[{\"@type\":\"ReadAction\",\"target\":[\"https:\\\/\\\/www.redwingfrankfurt.com\\\/en\\\/shop\\\/care-products\\\/mink-oil-red-wing-store-frankfurt\\\/\"]}]},{\"@type\":\"ImageObject\",\"inLanguage\":\"en-US\",\"@id\":\"https:\\\/\\\/www.redwingfrankfurt.com\\\/en\\\/shop\\\/care-products\\\/mink-oil-red-wing-store-frankfurt\\\/#primaryimage\",\"url\":\"https:\\\/\\\/www.redwingfrankfurt.com\\\/wp-content\\\/uploads\\\/2025\\\/11\\\/97105_PC1-scaled.png\",\"contentUrl\":\"https:\\\/\\\/www.redwingfrankfurt.com\\\/wp-content\\\/uploads\\\/2025\\\/11\\\/97105_PC1-scaled.png\",\"width\":2560,\"height\":2560},{\"@type\":\"BreadcrumbList\",\"@id\":\"https:\\\/\\\/www.redwingfrankfurt.com\\\/en\\\/shop\\\/care-products\\\/mink-oil-red-wing-store-frankfurt\\\/#breadcrumb\",\"itemListElement\":[{\"@type\":\"ListItem\",\"position\":1,\"name\":\"Startseite\",\"item\":\"https:\\\/\\\/www.redwingfrankfurt.com\\\/en\\\/\"},{\"@type\":\"ListItem\",\"position\":2,\"name\":\"Shop\",\"item\":\"https:\\\/\\\/www.redwingfrankfurt.com\\\/shop\\\/\"},{\"@type\":\"ListItem\",\"position\":3,\"name\":\"Mink Oil\"}]},{\"@type\":\"WebSite\",\"@id\":\"https:\\\/\\\/www.redwingfrankfurt.com\\\/en\\\/#website\",\"url\":\"https:\\\/\\\/www.redwingfrankfurt.com\\\/en\\\/\",\"name\":\"Red Wing Store Frankfurt\",\"description\":\"First Red Wing Store in Europe \u2013 since 1977\",\"potentialAction\":[{\"@type\":\"SearchAction\",\"target\":{\"@type\":\"EntryPoint\",\"urlTemplate\":\"https:\\\/\\\/www.redwingfrankfurt.com\\\/en\\\/?s={search_term_string}\"},\"query-input\":{\"@type\":\"PropertyValueSpecification\",\"valueRequired\":true,\"valueName\":\"search_term_string\"}}],\"inLanguage\":\"en-US\"}]}<\/script>\n<!-- \/ Yoast SEO plugin. -->","yoast_head_json":{"title":"Mink Oil - Red Wing Store Frankfurt","description":"Red Wing Mink Oil. Sch\u00fctzt und pflegt deine Red Wing Boots. Mink Oil macht Leder weich, wasserabweisend und verleiht eine edle Patina.","robots":{"index":"index","follow":"follow","max-snippet":"max-snippet:-1","max-image-preview":"max-image-preview:large","max-video-preview":"max-video-preview:-1"},"canonical":"https:\/\/www.redwingfrankfurt.com\/en\/shop\/care-products\/mink-oil-red-wing-store-frankfurt\/","og_locale":"en_US","og_type":"article","og_title":"Mink Oil - Red Wing Store Frankfurt","og_description":"Red Wing Mink Oil. Sch\u00fctzt und pflegt deine Red Wing Boots. Mink Oil macht Leder weich, wasserabweisend und verleiht eine edle Patina.","og_url":"https:\/\/www.redwingfrankfurt.com\/en\/shop\/care-products\/mink-oil-red-wing-store-frankfurt\/","og_site_name":"Red Wing Store Frankfurt","article_modified_time":"2026-04-11T12:01:21+00:00","og_image":[{"width":471,"height":471,"url":"https:\/\/www.redwingfrankfurt.com\/wp-content\/uploads\/2025\/11\/97105_PC1-471x471.png","type":"image\/png"}],"twitter_card":"summary_large_image","schema":{"@context":"https:\/\/schema.org","@graph":[{"@type":"WebPage","@id":"https:\/\/www.redwingfrankfurt.com\/en\/shop\/care-products\/mink-oil-red-wing-store-frankfurt\/","url":"https:\/\/www.redwingfrankfurt.com\/en\/shop\/care-products\/mink-oil-red-wing-store-frankfurt\/","name":"Mink Oil - Red Wing Store Frankfurt","isPartOf":{"@id":"https:\/\/www.redwingfrankfurt.com\/en\/#website"},"primaryImageOfPage":{"@id":"https:\/\/www.redwingfrankfurt.com\/en\/shop\/care-products\/mink-oil-red-wing-store-frankfurt\/#primaryimage"},"image":{"@id":"https:\/\/www.redwingfrankfurt.com\/en\/shop\/care-products\/mink-oil-red-wing-store-frankfurt\/#primaryimage"},"thumbnailUrl":"https:\/\/www.redwingfrankfurt.com\/wp-content\/uploads\/2025\/11\/97105_PC1-scaled.png","datePublished":"2014-10-18T12:47:11+00:00","dateModified":"2026-04-11T12:01:21+00:00","description":"Red Wing Mink Oil. Sch\u00fctzt und pflegt deine Red Wing Boots. Mink Oil macht Leder weich, wasserabweisend und verleiht eine edle Patina.","breadcrumb":{"@id":"https:\/\/www.redwingfrankfurt.com\/en\/shop\/care-products\/mink-oil-red-wing-store-frankfurt\/#breadcrumb"},"inLanguage":"en-US","potentialAction":[{"@type":"ReadAction","target":["https:\/\/www.redwingfrankfurt.com\/en\/shop\/care-products\/mink-oil-red-wing-store-frankfurt\/"]}]},{"@type":"ImageObject","inLanguage":"en-US","@id":"https:\/\/www.redwingfrankfurt.com\/en\/shop\/care-products\/mink-oil-red-wing-store-frankfurt\/#primaryimage","url":"https:\/\/www.redwingfrankfurt.com\/wp-content\/uploads\/2025\/11\/97105_PC1-scaled.png","contentUrl":"https:\/\/www.redwingfrankfurt.com\/wp-content\/uploads\/2025\/11\/97105_PC1-scaled.png","width":2560,"height":2560},{"@type":"BreadcrumbList","@id":"https:\/\/www.redwingfrankfurt.com\/en\/shop\/care-products\/mink-oil-red-wing-store-frankfurt\/#breadcrumb","itemListElement":[{"@type":"ListItem","position":1,"name":"Startseite","item":"https:\/\/www.redwingfrankfurt.com\/en\/"},{"@type":"ListItem","position":2,"name":"Shop","item":"https:\/\/www.redwingfrankfurt.com\/shop\/"},{"@type":"ListItem","position":3,"name":"Mink Oil"}]},{"@type":"WebSite","@id":"https:\/\/www.redwingfrankfurt.com\/en\/#website","url":"https:\/\/www.redwingfrankfurt.com\/en\/","name":"Red Wing Store Frankfurt","description":"First Red Wing Store in Europe \u2013 since 1977","potentialAction":[{"@type":"SearchAction","target":{"@type":"EntryPoint","urlTemplate":"https:\/\/www.redwingfrankfurt.com\/en\/?s={search_term_string}"},"query-input":{"@type":"PropertyValueSpecification","valueRequired":true,"valueName":"search_term_string"}}],"inLanguage":"en-US"}]}},"_links":{"self":[{"href":"https:\/\/www.redwingfrankfurt.com\/en\/wp-json\/wp\/v2\/product\/2096","targetHints":{"allow":["GET"]}}],"collection":[{"href":"https:\/\/www.redwingfrankfurt.com\/en\/wp-json\/wp\/v2\/product"}],"about":[{"href":"https:\/\/www.redwingfrankfurt.com\/en\/wp-json\/wp\/v2\/types\/product"}],"wp:featuredmedia":[{"embeddable":true,"href":"https:\/\/www.redwingfrankfurt.com\/en\/wp-json\/wp\/v2\/media\/21665"}],"wp:attachment":[{"href":"https:\/\/www.redwingfrankfurt.com\/en\/wp-json\/wp\/v2\/media?parent=2096"}],"wp:term":[{"taxonomy":"product_brand","embeddable":true,"href":"https:\/\/www.redwingfrankfurt.com\/en\/wp-json\/wp\/v2\/product_brand?post=2096"},{"taxonomy":"product_cat","embeddable":true,"href":"https:\/\/www.redwingfrankfurt.com\/en\/wp-json\/wp\/v2\/product_cat?post=2096"},{"taxonomy":"product_tag","embeddable":true,"href":"https:\/\/www.redwingfrankfurt.com\/en\/wp-json\/wp\/v2\/product_tag?post=2096"}],"curies":[{"name":"wp","href":"https:\/\/api.w.org\/{rel}","templated":true}]}}