{"id":20905,"date":"2014-11-06T14:41:23","date_gmt":"2014-11-06T12:41:23","guid":{"rendered":"https:\/\/www.redwingfrankfurt.com\/shop\/uncategorized\/875-moc-toe\/"},"modified":"2025-05-23T17:08:11","modified_gmt":"2025-05-23T15:08:11","slug":"875-moc-toe","status":"publish","type":"product","link":"https:\/\/www.redwingfrankfurt.com\/en\/shop\/mens-shoes-en\/875-moc-toe\/","title":{"rendered":"875 Moc Toe"},"content":{"rendered":"<p>Der 875 ist DER Klassiker schlechthin und eine Ikone der work Boot Familie. Urspr\u00fcnglich entworfen um eine niedrigere Alternative zum 877 Irish Setter zu bieten, ist er \u00fcber 50 Jahre sp\u00e4ter immer noch ein zeitloser Klassiker und eng mit der Erfolgsgeschichte von Red Wing verbunden.<\/p>\n<p>Klassischer Red Wing Moc in der Farbe <strong>Oro Legacy<\/strong>. Unsere Moc Toes sind der perfekte Begleiter f\u00fcr den Alltag. Unverw\u00fcstliches vollnarbiges Rindsleder, Rahmengen\u00e4ht und eine weiche und trittd\u00e4mpfende Sohle.<br \/>\nDiese Kombination sorgt nicht nur f\u00fcr einen sicheren Stand sondern auch f\u00fcr langanhaltenden Komfort f\u00fcr alle die lange auf den F\u00fc\u00dfen sind.<\/p>\n","protected":false},"excerpt":{"rendered":"<ul>\n<li>Leather: Oro-Legacy<\/li>\n<li>Innen: Lederbrandsohle<\/li>\n<li>Outsole: Cushion Crepe Wedge<\/li>\n<li>Construction: Goodyear Welt<br \/>\n<span style=\"color: #ffffff;\">&#8212;&#8212;&#8212;&#8212;&#8212;&#8212;&#8212;&#8212;&#8212;&#8212;&#8212;&#8211;<\/span><br \/>\nMade in the USA!<\/li>\n<\/ul>\n","protected":false},"featured_media":18950,"template":"","meta":[],"product_brand":[],"product_cat":[989,990],"product_tag":[994,992,993,996,997,991,995],"class_list":{"0":"post-20905","1":"product","2":"type-product","3":"status-publish","4":"has-post-thumbnail","6":"product_cat-mens-shoes-en","7":"product_cat-moc-toe-en","8":"product_tag-875-en","9":"product_tag-braun-en","10":"product_tag-brown-en","11":"product_tag-cognac-en","12":"product_tag-data-en","13":"product_tag-moc-toe-en","14":"product_tag-oro-legacy-en","15":"pa_farbe-cognac-en","16":"pa_groesse-10-us-43-eu","17":"pa_groesse-105-us-43-5-eu","18":"pa_groesse-11-us-445-eu","19":"pa_groesse-115-us-45-eu","20":"pa_groesse-12-us-46-eu","21":"pa_groesse-13-us-47-eu","22":"pa_groesse-14-us-48-eu-en","23":"pa_groesse-15-us-49-eu-en","24":"pa_groesse-7-us-39-eu","25":"pa_groesse-75-us-40-eu","26":"pa_groesse-8-us-41-eu","27":"pa_groesse-85-us-41-5-eu","28":"pa_groesse-9-us-42-eu","29":"pa_groesse-95-us-425-eu","31":"first","32":"instock","33":"taxable","34":"shipping-taxable","35":"purchasable","36":"product-type-variable","37":"add-to-wishlist-before_image"},"yoast_head":"<!-- This site is optimized with the Yoast SEO plugin v27.3 - https:\/\/yoast.com\/product\/yoast-seo-wordpress\/ -->\n<title>875 Moc Toe - Red Wing Store Frankfurt<\/title>\n<meta name=\"robots\" content=\"index, follow, max-snippet:-1, max-image-preview:large, max-video-preview:-1\" \/>\n<link rel=\"canonical\" href=\"https:\/\/www.redwingfrankfurt.com\/en\/shop\/mens-shoes-en\/875-moc-toe\/\" \/>\n<meta property=\"og:locale\" content=\"en_US\" \/>\n<meta property=\"og:type\" content=\"article\" \/>\n<meta property=\"og:title\" content=\"875 Moc Toe - Red Wing Store Frankfurt\" \/>\n<meta property=\"og:description\" content=\"Leather: Oro-Legacy  Innen: Lederbrandsohle  Outsole: Cushion Crepe Wedge  Construction: Goodyear Welt ----------------------------------- Made in the USA!\" \/>\n<meta property=\"og:url\" content=\"https:\/\/www.redwingfrankfurt.com\/en\/shop\/mens-shoes-en\/875-moc-toe\/\" \/>\n<meta property=\"og:site_name\" content=\"Red Wing Store Frankfurt\" \/>\n<meta property=\"article:modified_time\" content=\"2025-05-23T15:08:11+00:00\" \/>\n<meta property=\"og:image\" content=\"https:\/\/www.redwingfrankfurt.com\/wp-content\/uploads\/2024\/07\/875_PC3-scaled-e1721662188183.jpg\" \/>\n\t<meta property=\"og:image:width\" content=\"2560\" \/>\n\t<meta property=\"og:image:height\" content=\"2560\" \/>\n\t<meta property=\"og:image:type\" content=\"image\/jpeg\" \/>\n<meta name=\"twitter:card\" content=\"summary_large_image\" \/>\n<meta name=\"twitter:label1\" content=\"Est. reading time\" \/>\n\t<meta name=\"twitter:data1\" content=\"1 minute\" \/>\n<script type=\"application\/ld+json\" class=\"yoast-schema-graph\">{\"@context\":\"https:\\\/\\\/schema.org\",\"@graph\":[{\"@type\":\"WebPage\",\"@id\":\"https:\\\/\\\/www.redwingfrankfurt.com\\\/en\\\/shop\\\/mens-shoes-en\\\/875-moc-toe\\\/\",\"url\":\"https:\\\/\\\/www.redwingfrankfurt.com\\\/en\\\/shop\\\/mens-shoes-en\\\/875-moc-toe\\\/\",\"name\":\"875 Moc Toe - Red Wing Store Frankfurt\",\"isPartOf\":{\"@id\":\"https:\\\/\\\/www.redwingfrankfurt.com\\\/en\\\/#website\"},\"primaryImageOfPage\":{\"@id\":\"https:\\\/\\\/www.redwingfrankfurt.com\\\/en\\\/shop\\\/mens-shoes-en\\\/875-moc-toe\\\/#primaryimage\"},\"image\":{\"@id\":\"https:\\\/\\\/www.redwingfrankfurt.com\\\/en\\\/shop\\\/mens-shoes-en\\\/875-moc-toe\\\/#primaryimage\"},\"thumbnailUrl\":\"https:\\\/\\\/www.redwingfrankfurt.com\\\/wp-content\\\/uploads\\\/2024\\\/07\\\/875_PC3-scaled-e1721662188183.jpg\",\"datePublished\":\"2014-11-06T12:41:23+00:00\",\"dateModified\":\"2025-05-23T15:08:11+00:00\",\"breadcrumb\":{\"@id\":\"https:\\\/\\\/www.redwingfrankfurt.com\\\/en\\\/shop\\\/mens-shoes-en\\\/875-moc-toe\\\/#breadcrumb\"},\"inLanguage\":\"en-US\",\"potentialAction\":[{\"@type\":\"ReadAction\",\"target\":[\"https:\\\/\\\/www.redwingfrankfurt.com\\\/en\\\/shop\\\/mens-shoes-en\\\/875-moc-toe\\\/\"]}]},{\"@type\":\"ImageObject\",\"inLanguage\":\"en-US\",\"@id\":\"https:\\\/\\\/www.redwingfrankfurt.com\\\/en\\\/shop\\\/mens-shoes-en\\\/875-moc-toe\\\/#primaryimage\",\"url\":\"https:\\\/\\\/www.redwingfrankfurt.com\\\/wp-content\\\/uploads\\\/2024\\\/07\\\/875_PC3-scaled-e1721662188183.jpg\",\"contentUrl\":\"https:\\\/\\\/www.redwingfrankfurt.com\\\/wp-content\\\/uploads\\\/2024\\\/07\\\/875_PC3-scaled-e1721662188183.jpg\",\"width\":2560,\"height\":2560},{\"@type\":\"BreadcrumbList\",\"@id\":\"https:\\\/\\\/www.redwingfrankfurt.com\\\/en\\\/shop\\\/mens-shoes-en\\\/875-moc-toe\\\/#breadcrumb\",\"itemListElement\":[{\"@type\":\"ListItem\",\"position\":1,\"name\":\"Startseite\",\"item\":\"https:\\\/\\\/www.redwingfrankfurt.com\\\/en\\\/\"},{\"@type\":\"ListItem\",\"position\":2,\"name\":\"Shop\",\"item\":\"https:\\\/\\\/www.redwingfrankfurt.com\\\/shop\\\/\"},{\"@type\":\"ListItem\",\"position\":3,\"name\":\"875 Moc Toe\"}]},{\"@type\":\"WebSite\",\"@id\":\"https:\\\/\\\/www.redwingfrankfurt.com\\\/en\\\/#website\",\"url\":\"https:\\\/\\\/www.redwingfrankfurt.com\\\/en\\\/\",\"name\":\"Red Wing Store Frankfurt\",\"description\":\"First Red Wing Store in Europe \u2013 since 1977\",\"potentialAction\":[{\"@type\":\"SearchAction\",\"target\":{\"@type\":\"EntryPoint\",\"urlTemplate\":\"https:\\\/\\\/www.redwingfrankfurt.com\\\/en\\\/?s={search_term_string}\"},\"query-input\":{\"@type\":\"PropertyValueSpecification\",\"valueRequired\":true,\"valueName\":\"search_term_string\"}}],\"inLanguage\":\"en-US\"}]}<\/script>\n<!-- \/ Yoast SEO plugin. -->","yoast_head_json":{"title":"875 Moc Toe - Red Wing Store Frankfurt","robots":{"index":"index","follow":"follow","max-snippet":"max-snippet:-1","max-image-preview":"max-image-preview:large","max-video-preview":"max-video-preview:-1"},"canonical":"https:\/\/www.redwingfrankfurt.com\/en\/shop\/mens-shoes-en\/875-moc-toe\/","og_locale":"en_US","og_type":"article","og_title":"875 Moc Toe - Red Wing Store Frankfurt","og_description":"Leather: Oro-Legacy  Innen: Lederbrandsohle  Outsole: Cushion Crepe Wedge  Construction: Goodyear Welt ----------------------------------- Made in the USA!","og_url":"https:\/\/www.redwingfrankfurt.com\/en\/shop\/mens-shoes-en\/875-moc-toe\/","og_site_name":"Red Wing Store Frankfurt","article_modified_time":"2025-05-23T15:08:11+00:00","og_image":[{"width":2560,"height":2560,"url":"https:\/\/www.redwingfrankfurt.com\/wp-content\/uploads\/2024\/07\/875_PC3-scaled-e1721662188183.jpg","type":"image\/jpeg"}],"twitter_card":"summary_large_image","twitter_misc":{"Est. reading time":"1 minute"},"schema":{"@context":"https:\/\/schema.org","@graph":[{"@type":"WebPage","@id":"https:\/\/www.redwingfrankfurt.com\/en\/shop\/mens-shoes-en\/875-moc-toe\/","url":"https:\/\/www.redwingfrankfurt.com\/en\/shop\/mens-shoes-en\/875-moc-toe\/","name":"875 Moc Toe - Red Wing Store Frankfurt","isPartOf":{"@id":"https:\/\/www.redwingfrankfurt.com\/en\/#website"},"primaryImageOfPage":{"@id":"https:\/\/www.redwingfrankfurt.com\/en\/shop\/mens-shoes-en\/875-moc-toe\/#primaryimage"},"image":{"@id":"https:\/\/www.redwingfrankfurt.com\/en\/shop\/mens-shoes-en\/875-moc-toe\/#primaryimage"},"thumbnailUrl":"https:\/\/www.redwingfrankfurt.com\/wp-content\/uploads\/2024\/07\/875_PC3-scaled-e1721662188183.jpg","datePublished":"2014-11-06T12:41:23+00:00","dateModified":"2025-05-23T15:08:11+00:00","breadcrumb":{"@id":"https:\/\/www.redwingfrankfurt.com\/en\/shop\/mens-shoes-en\/875-moc-toe\/#breadcrumb"},"inLanguage":"en-US","potentialAction":[{"@type":"ReadAction","target":["https:\/\/www.redwingfrankfurt.com\/en\/shop\/mens-shoes-en\/875-moc-toe\/"]}]},{"@type":"ImageObject","inLanguage":"en-US","@id":"https:\/\/www.redwingfrankfurt.com\/en\/shop\/mens-shoes-en\/875-moc-toe\/#primaryimage","url":"https:\/\/www.redwingfrankfurt.com\/wp-content\/uploads\/2024\/07\/875_PC3-scaled-e1721662188183.jpg","contentUrl":"https:\/\/www.redwingfrankfurt.com\/wp-content\/uploads\/2024\/07\/875_PC3-scaled-e1721662188183.jpg","width":2560,"height":2560},{"@type":"BreadcrumbList","@id":"https:\/\/www.redwingfrankfurt.com\/en\/shop\/mens-shoes-en\/875-moc-toe\/#breadcrumb","itemListElement":[{"@type":"ListItem","position":1,"name":"Startseite","item":"https:\/\/www.redwingfrankfurt.com\/en\/"},{"@type":"ListItem","position":2,"name":"Shop","item":"https:\/\/www.redwingfrankfurt.com\/shop\/"},{"@type":"ListItem","position":3,"name":"875 Moc Toe"}]},{"@type":"WebSite","@id":"https:\/\/www.redwingfrankfurt.com\/en\/#website","url":"https:\/\/www.redwingfrankfurt.com\/en\/","name":"Red Wing Store Frankfurt","description":"First Red Wing Store in Europe \u2013 since 1977","potentialAction":[{"@type":"SearchAction","target":{"@type":"EntryPoint","urlTemplate":"https:\/\/www.redwingfrankfurt.com\/en\/?s={search_term_string}"},"query-input":{"@type":"PropertyValueSpecification","valueRequired":true,"valueName":"search_term_string"}}],"inLanguage":"en-US"}]}},"_links":{"self":[{"href":"https:\/\/www.redwingfrankfurt.com\/en\/wp-json\/wp\/v2\/product\/20905","targetHints":{"allow":["GET"]}}],"collection":[{"href":"https:\/\/www.redwingfrankfurt.com\/en\/wp-json\/wp\/v2\/product"}],"about":[{"href":"https:\/\/www.redwingfrankfurt.com\/en\/wp-json\/wp\/v2\/types\/product"}],"wp:featuredmedia":[{"embeddable":true,"href":"https:\/\/www.redwingfrankfurt.com\/en\/wp-json\/wp\/v2\/media\/18950"}],"wp:attachment":[{"href":"https:\/\/www.redwingfrankfurt.com\/en\/wp-json\/wp\/v2\/media?parent=20905"}],"wp:term":[{"taxonomy":"product_brand","embeddable":true,"href":"https:\/\/www.redwingfrankfurt.com\/en\/wp-json\/wp\/v2\/product_brand?post=20905"},{"taxonomy":"product_cat","embeddable":true,"href":"https:\/\/www.redwingfrankfurt.com\/en\/wp-json\/wp\/v2\/product_cat?post=20905"},{"taxonomy":"product_tag","embeddable":true,"href":"https:\/\/www.redwingfrankfurt.com\/en\/wp-json\/wp\/v2\/product_tag?post=20905"}],"curies":[{"name":"wp","href":"https:\/\/api.w.org\/{rel}","templated":true}]}}