{"id":19970,"date":"2024-11-13T13:57:45","date_gmt":"2024-11-13T11:57:45","guid":{"rendered":"https:\/\/www.redwingfrankfurt.com\/?post_type=product&#038;p=19970"},"modified":"2026-01-09T14:49:42","modified_gmt":"2026-01-09T12:49:42","slug":"3er-pack-cotton-ragg-socks-2","status":"publish","type":"product","link":"https:\/\/www.redwingfrankfurt.com\/en\/shop\/accessories\/socks\/3er-pack-cotton-ragg-socks-2\/","title":{"rendered":"3er Pack Cotton Ragg Socks"},"content":{"rendered":"","protected":false},"excerpt":{"rendered":"<p>Wir bringen etwas mehr Farbe ins Spiel!<br \/>\nMitteldicke Baumwollsocke in schwarz meliert. Durch die Kombination von Baumwolle, Elastan und Nylon erzielen wir eine insgesamt bessere Passform und Formbest\u00e4ndigkeit.<br \/>\nDurch die Zusammensetzung wird der Fu\u00df von vom Strumpf quasi ummantelt und wirft somit auch keine l\u00e4stigen Falten mehr.<br \/>\nDer Ideale Socken f\u00fcr die ganze Saison.<\/p>\n<ul>\n<li>66% Baumwolle , 32% Nylon, 2% Spandex<\/li>\n<\/ul>\n","protected":false},"featured_media":20000,"template":"","meta":[],"product_brand":[],"product_cat":[107],"product_tag":[769,460,770,766,461,755,756,765],"class_list":{"0":"post-19970","1":"product","2":"type-product","3":"status-publish","4":"has-post-thumbnail","6":"product_cat-socks","7":"product_tag-769","8":"product_tag-black","9":"product_tag-black-melange","10":"product_tag-cotton-ragg-crew","11":"product_tag-schwarz","12":"product_tag-socken","13":"product_tag-socks","14":"product_tag-struempfe","15":"pa_farbe-schwarz","16":"pa_groesse-6-9","17":"pa_groesse-3er-6-9","18":"pa_groesse-3er-9-12","19":"pa_groesse-9-12","21":"first","22":"instock","23":"taxable","24":"shipping-taxable","25":"purchasable","26":"product-type-variable","27":"add-to-wishlist-before_image"},"yoast_head":"<!-- This site is optimized with the Yoast SEO plugin v27.4 - https:\/\/yoast.com\/product\/yoast-seo-wordpress\/ -->\n<title>3er Pack Cotton Ragg Socks - Red Wing Store Frankfurt<\/title>\n<meta name=\"robots\" content=\"index, follow, max-snippet:-1, max-image-preview:large, max-video-preview:-1\" \/>\n<link rel=\"canonical\" href=\"https:\/\/www.redwingfrankfurt.com\/en\/shop\/accessories\/socks\/3er-pack-cotton-ragg-socks-2\/\" \/>\n<meta property=\"og:locale\" content=\"en_US\" \/>\n<meta property=\"og:type\" content=\"article\" \/>\n<meta property=\"og:title\" content=\"3er Pack Cotton Ragg Socks - Red Wing Store Frankfurt\" \/>\n<meta property=\"og:description\" content=\"Wir bringen etwas mehr Farbe ins Spiel! Mitteldicke Baumwollsocke in schwarz meliert. Durch die Kombination von Baumwolle, Elastan und Nylon erzielen wir eine insgesamt bessere Passform und Formbest\u00e4ndigkeit. Durch die Zusammensetzung wird der Fu\u00df von vom Strumpf quasi ummantelt und wirft somit auch keine l\u00e4stigen Falten mehr. Der Ideale Socken f\u00fcr die ganze Saison.   66% Baumwolle , 32% Nylon, 2% Spandex\" \/>\n<meta property=\"og:url\" content=\"https:\/\/www.redwingfrankfurt.com\/en\/shop\/accessories\/socks\/3er-pack-cotton-ragg-socks-2\/\" \/>\n<meta property=\"og:site_name\" content=\"Red Wing Store Frankfurt\" \/>\n<meta property=\"article:modified_time\" content=\"2026-01-09T12:49:42+00:00\" \/>\n<meta property=\"og:image\" content=\"https:\/\/www.redwingfrankfurt.com\/wp-content\/uploads\/2024\/11\/RWS_Socks_Cotton-Ragg-Crew_Black-Melange_2560x2560-1.jpg\" \/>\n\t<meta property=\"og:image:width\" content=\"2560\" \/>\n\t<meta property=\"og:image:height\" content=\"2560\" \/>\n\t<meta property=\"og:image:type\" content=\"image\/jpeg\" \/>\n<meta name=\"twitter:card\" content=\"summary_large_image\" \/>\n<script type=\"application\/ld+json\" class=\"yoast-schema-graph\">{\"@context\":\"https:\\\/\\\/schema.org\",\"@graph\":[{\"@type\":\"WebPage\",\"@id\":\"https:\\\/\\\/www.redwingfrankfurt.com\\\/en\\\/shop\\\/accessories\\\/socks\\\/3er-pack-cotton-ragg-socks-2\\\/\",\"url\":\"https:\\\/\\\/www.redwingfrankfurt.com\\\/en\\\/shop\\\/accessories\\\/socks\\\/3er-pack-cotton-ragg-socks-2\\\/\",\"name\":\"3er Pack Cotton Ragg Socks - Red Wing Store Frankfurt\",\"isPartOf\":{\"@id\":\"https:\\\/\\\/www.redwingfrankfurt.com\\\/en\\\/#website\"},\"primaryImageOfPage\":{\"@id\":\"https:\\\/\\\/www.redwingfrankfurt.com\\\/en\\\/shop\\\/accessories\\\/socks\\\/3er-pack-cotton-ragg-socks-2\\\/#primaryimage\"},\"image\":{\"@id\":\"https:\\\/\\\/www.redwingfrankfurt.com\\\/en\\\/shop\\\/accessories\\\/socks\\\/3er-pack-cotton-ragg-socks-2\\\/#primaryimage\"},\"thumbnailUrl\":\"https:\\\/\\\/www.redwingfrankfurt.com\\\/wp-content\\\/uploads\\\/2024\\\/11\\\/RWS_Socks_Cotton-Ragg-Crew_Black-Melange_2560x2560-1.jpg\",\"datePublished\":\"2024-11-13T11:57:45+00:00\",\"dateModified\":\"2026-01-09T12:49:42+00:00\",\"breadcrumb\":{\"@id\":\"https:\\\/\\\/www.redwingfrankfurt.com\\\/en\\\/shop\\\/accessories\\\/socks\\\/3er-pack-cotton-ragg-socks-2\\\/#breadcrumb\"},\"inLanguage\":\"en-US\",\"potentialAction\":[{\"@type\":\"ReadAction\",\"target\":[\"https:\\\/\\\/www.redwingfrankfurt.com\\\/en\\\/shop\\\/accessories\\\/socks\\\/3er-pack-cotton-ragg-socks-2\\\/\"]}]},{\"@type\":\"ImageObject\",\"inLanguage\":\"en-US\",\"@id\":\"https:\\\/\\\/www.redwingfrankfurt.com\\\/en\\\/shop\\\/accessories\\\/socks\\\/3er-pack-cotton-ragg-socks-2\\\/#primaryimage\",\"url\":\"https:\\\/\\\/www.redwingfrankfurt.com\\\/wp-content\\\/uploads\\\/2024\\\/11\\\/RWS_Socks_Cotton-Ragg-Crew_Black-Melange_2560x2560-1.jpg\",\"contentUrl\":\"https:\\\/\\\/www.redwingfrankfurt.com\\\/wp-content\\\/uploads\\\/2024\\\/11\\\/RWS_Socks_Cotton-Ragg-Crew_Black-Melange_2560x2560-1.jpg\",\"width\":2560,\"height\":2560},{\"@type\":\"BreadcrumbList\",\"@id\":\"https:\\\/\\\/www.redwingfrankfurt.com\\\/en\\\/shop\\\/accessories\\\/socks\\\/3er-pack-cotton-ragg-socks-2\\\/#breadcrumb\",\"itemListElement\":[{\"@type\":\"ListItem\",\"position\":1,\"name\":\"Startseite\",\"item\":\"https:\\\/\\\/www.redwingfrankfurt.com\\\/en\\\/\"},{\"@type\":\"ListItem\",\"position\":2,\"name\":\"Shop\",\"item\":\"https:\\\/\\\/www.redwingfrankfurt.com\\\/shop\\\/\"},{\"@type\":\"ListItem\",\"position\":3,\"name\":\"3er Pack Cotton Ragg Socks\"}]},{\"@type\":\"WebSite\",\"@id\":\"https:\\\/\\\/www.redwingfrankfurt.com\\\/en\\\/#website\",\"url\":\"https:\\\/\\\/www.redwingfrankfurt.com\\\/en\\\/\",\"name\":\"Red Wing Store Frankfurt\",\"description\":\"First Red Wing Store in Europe \u2013 since 1977\",\"potentialAction\":[{\"@type\":\"SearchAction\",\"target\":{\"@type\":\"EntryPoint\",\"urlTemplate\":\"https:\\\/\\\/www.redwingfrankfurt.com\\\/en\\\/?s={search_term_string}\"},\"query-input\":{\"@type\":\"PropertyValueSpecification\",\"valueRequired\":true,\"valueName\":\"search_term_string\"}}],\"inLanguage\":\"en-US\"}]}<\/script>\n<!-- \/ Yoast SEO plugin. -->","yoast_head_json":{"title":"3er Pack Cotton Ragg Socks - Red Wing Store Frankfurt","robots":{"index":"index","follow":"follow","max-snippet":"max-snippet:-1","max-image-preview":"max-image-preview:large","max-video-preview":"max-video-preview:-1"},"canonical":"https:\/\/www.redwingfrankfurt.com\/en\/shop\/accessories\/socks\/3er-pack-cotton-ragg-socks-2\/","og_locale":"en_US","og_type":"article","og_title":"3er Pack Cotton Ragg Socks - Red Wing Store Frankfurt","og_description":"Wir bringen etwas mehr Farbe ins Spiel! Mitteldicke Baumwollsocke in schwarz meliert. Durch die Kombination von Baumwolle, Elastan und Nylon erzielen wir eine insgesamt bessere Passform und Formbest\u00e4ndigkeit. Durch die Zusammensetzung wird der Fu\u00df von vom Strumpf quasi ummantelt und wirft somit auch keine l\u00e4stigen Falten mehr. Der Ideale Socken f\u00fcr die ganze Saison.   66% Baumwolle , 32% Nylon, 2% Spandex","og_url":"https:\/\/www.redwingfrankfurt.com\/en\/shop\/accessories\/socks\/3er-pack-cotton-ragg-socks-2\/","og_site_name":"Red Wing Store Frankfurt","article_modified_time":"2026-01-09T12:49:42+00:00","og_image":[{"width":2560,"height":2560,"url":"https:\/\/www.redwingfrankfurt.com\/wp-content\/uploads\/2024\/11\/RWS_Socks_Cotton-Ragg-Crew_Black-Melange_2560x2560-1.jpg","type":"image\/jpeg"}],"twitter_card":"summary_large_image","schema":{"@context":"https:\/\/schema.org","@graph":[{"@type":"WebPage","@id":"https:\/\/www.redwingfrankfurt.com\/en\/shop\/accessories\/socks\/3er-pack-cotton-ragg-socks-2\/","url":"https:\/\/www.redwingfrankfurt.com\/en\/shop\/accessories\/socks\/3er-pack-cotton-ragg-socks-2\/","name":"3er Pack Cotton Ragg Socks - Red Wing Store Frankfurt","isPartOf":{"@id":"https:\/\/www.redwingfrankfurt.com\/en\/#website"},"primaryImageOfPage":{"@id":"https:\/\/www.redwingfrankfurt.com\/en\/shop\/accessories\/socks\/3er-pack-cotton-ragg-socks-2\/#primaryimage"},"image":{"@id":"https:\/\/www.redwingfrankfurt.com\/en\/shop\/accessories\/socks\/3er-pack-cotton-ragg-socks-2\/#primaryimage"},"thumbnailUrl":"https:\/\/www.redwingfrankfurt.com\/wp-content\/uploads\/2024\/11\/RWS_Socks_Cotton-Ragg-Crew_Black-Melange_2560x2560-1.jpg","datePublished":"2024-11-13T11:57:45+00:00","dateModified":"2026-01-09T12:49:42+00:00","breadcrumb":{"@id":"https:\/\/www.redwingfrankfurt.com\/en\/shop\/accessories\/socks\/3er-pack-cotton-ragg-socks-2\/#breadcrumb"},"inLanguage":"en-US","potentialAction":[{"@type":"ReadAction","target":["https:\/\/www.redwingfrankfurt.com\/en\/shop\/accessories\/socks\/3er-pack-cotton-ragg-socks-2\/"]}]},{"@type":"ImageObject","inLanguage":"en-US","@id":"https:\/\/www.redwingfrankfurt.com\/en\/shop\/accessories\/socks\/3er-pack-cotton-ragg-socks-2\/#primaryimage","url":"https:\/\/www.redwingfrankfurt.com\/wp-content\/uploads\/2024\/11\/RWS_Socks_Cotton-Ragg-Crew_Black-Melange_2560x2560-1.jpg","contentUrl":"https:\/\/www.redwingfrankfurt.com\/wp-content\/uploads\/2024\/11\/RWS_Socks_Cotton-Ragg-Crew_Black-Melange_2560x2560-1.jpg","width":2560,"height":2560},{"@type":"BreadcrumbList","@id":"https:\/\/www.redwingfrankfurt.com\/en\/shop\/accessories\/socks\/3er-pack-cotton-ragg-socks-2\/#breadcrumb","itemListElement":[{"@type":"ListItem","position":1,"name":"Startseite","item":"https:\/\/www.redwingfrankfurt.com\/en\/"},{"@type":"ListItem","position":2,"name":"Shop","item":"https:\/\/www.redwingfrankfurt.com\/shop\/"},{"@type":"ListItem","position":3,"name":"3er Pack Cotton Ragg Socks"}]},{"@type":"WebSite","@id":"https:\/\/www.redwingfrankfurt.com\/en\/#website","url":"https:\/\/www.redwingfrankfurt.com\/en\/","name":"Red Wing Store Frankfurt","description":"First Red Wing Store in Europe \u2013 since 1977","potentialAction":[{"@type":"SearchAction","target":{"@type":"EntryPoint","urlTemplate":"https:\/\/www.redwingfrankfurt.com\/en\/?s={search_term_string}"},"query-input":{"@type":"PropertyValueSpecification","valueRequired":true,"valueName":"search_term_string"}}],"inLanguage":"en-US"}]}},"_links":{"self":[{"href":"https:\/\/www.redwingfrankfurt.com\/en\/wp-json\/wp\/v2\/product\/19970","targetHints":{"allow":["GET"]}}],"collection":[{"href":"https:\/\/www.redwingfrankfurt.com\/en\/wp-json\/wp\/v2\/product"}],"about":[{"href":"https:\/\/www.redwingfrankfurt.com\/en\/wp-json\/wp\/v2\/types\/product"}],"wp:featuredmedia":[{"embeddable":true,"href":"https:\/\/www.redwingfrankfurt.com\/en\/wp-json\/wp\/v2\/media\/20000"}],"wp:attachment":[{"href":"https:\/\/www.redwingfrankfurt.com\/en\/wp-json\/wp\/v2\/media?parent=19970"}],"wp:term":[{"taxonomy":"product_brand","embeddable":true,"href":"https:\/\/www.redwingfrankfurt.com\/en\/wp-json\/wp\/v2\/product_brand?post=19970"},{"taxonomy":"product_cat","embeddable":true,"href":"https:\/\/www.redwingfrankfurt.com\/en\/wp-json\/wp\/v2\/product_cat?post=19970"},{"taxonomy":"product_tag","embeddable":true,"href":"https:\/\/www.redwingfrankfurt.com\/en\/wp-json\/wp\/v2\/product_tag?post=19970"}],"curies":[{"name":"wp","href":"https:\/\/api.w.org\/{rel}","templated":true}]}}