{"id":19962,"date":"2024-11-13T13:20:57","date_gmt":"2024-11-13T11:20:57","guid":{"rendered":"https:\/\/www.redwingfrankfurt.com\/?post_type=product&#038;p=19962"},"modified":"2026-01-03T16:33:12","modified_gmt":"2026-01-03T14:33:12","slug":"3er-pack-merino-socks","status":"publish","type":"product","link":"https:\/\/www.redwingfrankfurt.com\/en\/shop\/accessories\/socks\/3er-pack-merino-socks\/","title":{"rendered":"3er Pack Merino Socks"},"content":{"rendered":"","protected":false},"excerpt":{"rendered":"<p>Winter is coming!<br \/>\nMit unserer Merino Wool Sock ist frieren kein Thema mehr.<br \/>\nZehen- und fersenverst\u00e4rkt f\u00fcr lange Best\u00e4ndigkeit, innen frottiert f\u00fcr ideale Feuchtigkeitsaufnahme.<br \/>\nDurch die Frottierung wird die W\u00e4rme im Schuh gehalten, dar\u00fcber hinaus kann der Strumpf Schweiss und Feuchtigkeit aufnhemen ohne direkt nass zu werden und sorgt somit wir f\u00fcr ein ideales Schuhklima. Der perfekte Strumpf um Red Wings einzulaufen und ein treuer Begleiter bei minus graden im Winter.<\/p>\n<ul>\n<li>80% Merino Wolle , 18% Nylon, 2% Elastan<\/li>\n<li>Zehen- und Fersenbereich verst\u00e4rkt<\/li>\n<li>Frottierung Innen \u2013 F\u00fcr gute Feuchtigkeitsaufnahme<\/li>\n<\/ul>\n","protected":false},"featured_media":20010,"template":"","meta":[],"product_brand":[],"product_cat":[107],"product_tag":[776,473,474,775,774,755,756,765],"class_list":{"0":"post-19962","1":"product","2":"type-product","3":"status-publish","4":"has-post-thumbnail","6":"product_cat-socks","7":"product_tag-776","8":"product_tag-grau","9":"product_tag-grey","10":"product_tag-merino","11":"product_tag-merino-wool-sock","12":"product_tag-socken","13":"product_tag-socks","14":"product_tag-struempfe","15":"pa_farbe-grau","16":"pa_groesse-6-9","17":"pa_groesse-3er-6-9","18":"pa_groesse-3er-9-12","19":"pa_groesse-3er-pack-46-eu-50-eu","20":"pa_groesse-9-12","21":"pa_groesse-46-eu-50-eu","23":"first","24":"instock","25":"taxable","26":"shipping-taxable","27":"purchasable","28":"product-type-variable","29":"add-to-wishlist-before_image"},"yoast_head":"<!-- This site is optimized with the Yoast SEO plugin v27.4 - https:\/\/yoast.com\/product\/yoast-seo-wordpress\/ -->\n<title>3er Pack Merino Socks - Red Wing Store Frankfurt<\/title>\n<meta name=\"robots\" content=\"index, follow, max-snippet:-1, max-image-preview:large, max-video-preview:-1\" \/>\n<link rel=\"canonical\" href=\"https:\/\/www.redwingfrankfurt.com\/en\/shop\/accessories\/socks\/3er-pack-merino-socks\/\" \/>\n<meta property=\"og:locale\" content=\"en_US\" \/>\n<meta property=\"og:type\" content=\"article\" \/>\n<meta property=\"og:title\" content=\"3er Pack Merino Socks - Red Wing Store Frankfurt\" \/>\n<meta property=\"og:description\" content=\"Winter is coming! Mit unserer Merino Wool Sock ist frieren kein Thema mehr. Zehen- und fersenverst\u00e4rkt f\u00fcr lange Best\u00e4ndigkeit, innen frottiert f\u00fcr ideale Feuchtigkeitsaufnahme. Durch die Frottierung wird die W\u00e4rme im Schuh gehalten, dar\u00fcber hinaus kann der Strumpf Schweiss und Feuchtigkeit aufnhemen ohne direkt nass zu werden und sorgt somit wir f\u00fcr ein ideales Schuhklima. Der perfekte Strumpf um Red Wings einzulaufen und ein treuer Begleiter bei minus graden im Winter.   80% Merino Wolle , 18% Nylon, 2% Elastan  Zehen- und Fersenbereich verst\u00e4rkt  Frottierung Innen \u2013 F\u00fcr gute Feuchtigkeitsaufnahme\" \/>\n<meta property=\"og:url\" content=\"https:\/\/www.redwingfrankfurt.com\/en\/shop\/accessories\/socks\/3er-pack-merino-socks\/\" \/>\n<meta property=\"og:site_name\" content=\"Red Wing Store Frankfurt\" \/>\n<meta property=\"article:modified_time\" content=\"2026-01-03T14:33:12+00:00\" \/>\n<meta property=\"og:image\" content=\"https:\/\/www.redwingfrankfurt.com\/wp-content\/uploads\/2024\/11\/RWS_Socks_Merino-Wool_Grey_2560x2560-3.jpg\" \/>\n\t<meta property=\"og:image:width\" content=\"2560\" \/>\n\t<meta property=\"og:image:height\" content=\"2560\" \/>\n\t<meta property=\"og:image:type\" content=\"image\/jpeg\" \/>\n<meta name=\"twitter:card\" content=\"summary_large_image\" \/>\n<script type=\"application\/ld+json\" class=\"yoast-schema-graph\">{\"@context\":\"https:\\\/\\\/schema.org\",\"@graph\":[{\"@type\":\"WebPage\",\"@id\":\"https:\\\/\\\/www.redwingfrankfurt.com\\\/en\\\/shop\\\/accessories\\\/socks\\\/3er-pack-merino-socks\\\/\",\"url\":\"https:\\\/\\\/www.redwingfrankfurt.com\\\/en\\\/shop\\\/accessories\\\/socks\\\/3er-pack-merino-socks\\\/\",\"name\":\"3er Pack Merino Socks - Red Wing Store Frankfurt\",\"isPartOf\":{\"@id\":\"https:\\\/\\\/www.redwingfrankfurt.com\\\/en\\\/#website\"},\"primaryImageOfPage\":{\"@id\":\"https:\\\/\\\/www.redwingfrankfurt.com\\\/en\\\/shop\\\/accessories\\\/socks\\\/3er-pack-merino-socks\\\/#primaryimage\"},\"image\":{\"@id\":\"https:\\\/\\\/www.redwingfrankfurt.com\\\/en\\\/shop\\\/accessories\\\/socks\\\/3er-pack-merino-socks\\\/#primaryimage\"},\"thumbnailUrl\":\"https:\\\/\\\/www.redwingfrankfurt.com\\\/wp-content\\\/uploads\\\/2024\\\/11\\\/RWS_Socks_Merino-Wool_Grey_2560x2560-3.jpg\",\"datePublished\":\"2024-11-13T11:20:57+00:00\",\"dateModified\":\"2026-01-03T14:33:12+00:00\",\"breadcrumb\":{\"@id\":\"https:\\\/\\\/www.redwingfrankfurt.com\\\/en\\\/shop\\\/accessories\\\/socks\\\/3er-pack-merino-socks\\\/#breadcrumb\"},\"inLanguage\":\"en-US\",\"potentialAction\":[{\"@type\":\"ReadAction\",\"target\":[\"https:\\\/\\\/www.redwingfrankfurt.com\\\/en\\\/shop\\\/accessories\\\/socks\\\/3er-pack-merino-socks\\\/\"]}]},{\"@type\":\"ImageObject\",\"inLanguage\":\"en-US\",\"@id\":\"https:\\\/\\\/www.redwingfrankfurt.com\\\/en\\\/shop\\\/accessories\\\/socks\\\/3er-pack-merino-socks\\\/#primaryimage\",\"url\":\"https:\\\/\\\/www.redwingfrankfurt.com\\\/wp-content\\\/uploads\\\/2024\\\/11\\\/RWS_Socks_Merino-Wool_Grey_2560x2560-3.jpg\",\"contentUrl\":\"https:\\\/\\\/www.redwingfrankfurt.com\\\/wp-content\\\/uploads\\\/2024\\\/11\\\/RWS_Socks_Merino-Wool_Grey_2560x2560-3.jpg\",\"width\":2560,\"height\":2560},{\"@type\":\"BreadcrumbList\",\"@id\":\"https:\\\/\\\/www.redwingfrankfurt.com\\\/en\\\/shop\\\/accessories\\\/socks\\\/3er-pack-merino-socks\\\/#breadcrumb\",\"itemListElement\":[{\"@type\":\"ListItem\",\"position\":1,\"name\":\"Startseite\",\"item\":\"https:\\\/\\\/www.redwingfrankfurt.com\\\/en\\\/\"},{\"@type\":\"ListItem\",\"position\":2,\"name\":\"Shop\",\"item\":\"https:\\\/\\\/www.redwingfrankfurt.com\\\/shop\\\/\"},{\"@type\":\"ListItem\",\"position\":3,\"name\":\"3er Pack Merino Socks\"}]},{\"@type\":\"WebSite\",\"@id\":\"https:\\\/\\\/www.redwingfrankfurt.com\\\/en\\\/#website\",\"url\":\"https:\\\/\\\/www.redwingfrankfurt.com\\\/en\\\/\",\"name\":\"Red Wing Store Frankfurt\",\"description\":\"First Red Wing Store in Europe \u2013 since 1977\",\"potentialAction\":[{\"@type\":\"SearchAction\",\"target\":{\"@type\":\"EntryPoint\",\"urlTemplate\":\"https:\\\/\\\/www.redwingfrankfurt.com\\\/en\\\/?s={search_term_string}\"},\"query-input\":{\"@type\":\"PropertyValueSpecification\",\"valueRequired\":true,\"valueName\":\"search_term_string\"}}],\"inLanguage\":\"en-US\"}]}<\/script>\n<!-- \/ Yoast SEO plugin. -->","yoast_head_json":{"title":"3er Pack Merino Socks - Red Wing Store Frankfurt","robots":{"index":"index","follow":"follow","max-snippet":"max-snippet:-1","max-image-preview":"max-image-preview:large","max-video-preview":"max-video-preview:-1"},"canonical":"https:\/\/www.redwingfrankfurt.com\/en\/shop\/accessories\/socks\/3er-pack-merino-socks\/","og_locale":"en_US","og_type":"article","og_title":"3er Pack Merino Socks - Red Wing Store Frankfurt","og_description":"Winter is coming! Mit unserer Merino Wool Sock ist frieren kein Thema mehr. Zehen- und fersenverst\u00e4rkt f\u00fcr lange Best\u00e4ndigkeit, innen frottiert f\u00fcr ideale Feuchtigkeitsaufnahme. Durch die Frottierung wird die W\u00e4rme im Schuh gehalten, dar\u00fcber hinaus kann der Strumpf Schweiss und Feuchtigkeit aufnhemen ohne direkt nass zu werden und sorgt somit wir f\u00fcr ein ideales Schuhklima. Der perfekte Strumpf um Red Wings einzulaufen und ein treuer Begleiter bei minus graden im Winter.   80% Merino Wolle , 18% Nylon, 2% Elastan  Zehen- und Fersenbereich verst\u00e4rkt  Frottierung Innen \u2013 F\u00fcr gute Feuchtigkeitsaufnahme","og_url":"https:\/\/www.redwingfrankfurt.com\/en\/shop\/accessories\/socks\/3er-pack-merino-socks\/","og_site_name":"Red Wing Store Frankfurt","article_modified_time":"2026-01-03T14:33:12+00:00","og_image":[{"width":2560,"height":2560,"url":"https:\/\/www.redwingfrankfurt.com\/wp-content\/uploads\/2024\/11\/RWS_Socks_Merino-Wool_Grey_2560x2560-3.jpg","type":"image\/jpeg"}],"twitter_card":"summary_large_image","schema":{"@context":"https:\/\/schema.org","@graph":[{"@type":"WebPage","@id":"https:\/\/www.redwingfrankfurt.com\/en\/shop\/accessories\/socks\/3er-pack-merino-socks\/","url":"https:\/\/www.redwingfrankfurt.com\/en\/shop\/accessories\/socks\/3er-pack-merino-socks\/","name":"3er Pack Merino Socks - Red Wing Store Frankfurt","isPartOf":{"@id":"https:\/\/www.redwingfrankfurt.com\/en\/#website"},"primaryImageOfPage":{"@id":"https:\/\/www.redwingfrankfurt.com\/en\/shop\/accessories\/socks\/3er-pack-merino-socks\/#primaryimage"},"image":{"@id":"https:\/\/www.redwingfrankfurt.com\/en\/shop\/accessories\/socks\/3er-pack-merino-socks\/#primaryimage"},"thumbnailUrl":"https:\/\/www.redwingfrankfurt.com\/wp-content\/uploads\/2024\/11\/RWS_Socks_Merino-Wool_Grey_2560x2560-3.jpg","datePublished":"2024-11-13T11:20:57+00:00","dateModified":"2026-01-03T14:33:12+00:00","breadcrumb":{"@id":"https:\/\/www.redwingfrankfurt.com\/en\/shop\/accessories\/socks\/3er-pack-merino-socks\/#breadcrumb"},"inLanguage":"en-US","potentialAction":[{"@type":"ReadAction","target":["https:\/\/www.redwingfrankfurt.com\/en\/shop\/accessories\/socks\/3er-pack-merino-socks\/"]}]},{"@type":"ImageObject","inLanguage":"en-US","@id":"https:\/\/www.redwingfrankfurt.com\/en\/shop\/accessories\/socks\/3er-pack-merino-socks\/#primaryimage","url":"https:\/\/www.redwingfrankfurt.com\/wp-content\/uploads\/2024\/11\/RWS_Socks_Merino-Wool_Grey_2560x2560-3.jpg","contentUrl":"https:\/\/www.redwingfrankfurt.com\/wp-content\/uploads\/2024\/11\/RWS_Socks_Merino-Wool_Grey_2560x2560-3.jpg","width":2560,"height":2560},{"@type":"BreadcrumbList","@id":"https:\/\/www.redwingfrankfurt.com\/en\/shop\/accessories\/socks\/3er-pack-merino-socks\/#breadcrumb","itemListElement":[{"@type":"ListItem","position":1,"name":"Startseite","item":"https:\/\/www.redwingfrankfurt.com\/en\/"},{"@type":"ListItem","position":2,"name":"Shop","item":"https:\/\/www.redwingfrankfurt.com\/shop\/"},{"@type":"ListItem","position":3,"name":"3er Pack Merino Socks"}]},{"@type":"WebSite","@id":"https:\/\/www.redwingfrankfurt.com\/en\/#website","url":"https:\/\/www.redwingfrankfurt.com\/en\/","name":"Red Wing Store Frankfurt","description":"First Red Wing Store in Europe \u2013 since 1977","potentialAction":[{"@type":"SearchAction","target":{"@type":"EntryPoint","urlTemplate":"https:\/\/www.redwingfrankfurt.com\/en\/?s={search_term_string}"},"query-input":{"@type":"PropertyValueSpecification","valueRequired":true,"valueName":"search_term_string"}}],"inLanguage":"en-US"}]}},"_links":{"self":[{"href":"https:\/\/www.redwingfrankfurt.com\/en\/wp-json\/wp\/v2\/product\/19962","targetHints":{"allow":["GET"]}}],"collection":[{"href":"https:\/\/www.redwingfrankfurt.com\/en\/wp-json\/wp\/v2\/product"}],"about":[{"href":"https:\/\/www.redwingfrankfurt.com\/en\/wp-json\/wp\/v2\/types\/product"}],"wp:featuredmedia":[{"embeddable":true,"href":"https:\/\/www.redwingfrankfurt.com\/en\/wp-json\/wp\/v2\/media\/20010"}],"wp:attachment":[{"href":"https:\/\/www.redwingfrankfurt.com\/en\/wp-json\/wp\/v2\/media?parent=19962"}],"wp:term":[{"taxonomy":"product_brand","embeddable":true,"href":"https:\/\/www.redwingfrankfurt.com\/en\/wp-json\/wp\/v2\/product_brand?post=19962"},{"taxonomy":"product_cat","embeddable":true,"href":"https:\/\/www.redwingfrankfurt.com\/en\/wp-json\/wp\/v2\/product_cat?post=19962"},{"taxonomy":"product_tag","embeddable":true,"href":"https:\/\/www.redwingfrankfurt.com\/en\/wp-json\/wp\/v2\/product_tag?post=19962"}],"curies":[{"name":"wp","href":"https:\/\/api.w.org\/{rel}","templated":true}]}}