{"id":19882,"date":"2024-11-08T14:59:24","date_gmt":"2024-11-08T12:59:24","guid":{"rendered":"https:\/\/www.redwingfrankfurt.com\/?post_type=product&#038;p=19882"},"modified":"2026-04-02T17:54:05","modified_gmt":"2026-04-02T15:54:05","slug":"pioneer-leather-belt","status":"publish","type":"product","link":"https:\/\/www.redwingfrankfurt.com\/en\/shop\/accessories\/belts\/pioneer-leather-belt\/","title":{"rendered":"Pioneer Belt"},"content":{"rendered":"","protected":false},"excerpt":{"rendered":"<p>Die Pioneer G\u00fcrtel entstehen in reiner Handarbeit und entsprechen farblich den g\u00e4ngigen<br \/>\nRed Wing Gerbungen, so dass sie sich sehr gut kombinieren lassen.<br \/>\nDas verwendete premium Leder kommt ausschlie\u00dflich aus der Red Wing eigenen<br \/>\nS.B Foot Tannery. Die Messing Schnalle ist frei von Nickel.<\/p>\n<p>Made in USA!<\/p>\n","protected":false},"featured_media":19892,"template":"","meta":[],"product_brand":[],"product_cat":[51,110],"product_tag":[940,439,941,909,443,615],"class_list":{"0":"post-19882","1":"product","2":"type-product","3":"status-publish","4":"has-post-thumbnail","6":"product_cat-accessories","7":"product_cat-belts","8":"product_tag-940","9":"product_tag-belt","10":"product_tag-black-cherry-excalibur","11":"product_tag-bordeaux","12":"product_tag-guertel","13":"product_tag-pioneer-leather-belt","14":"pa_farbe-bordeaux-rot","15":"pa_laenge-137","16":"pa_laenge-138","17":"pa_laenge-139","18":"pa_laenge-36-2","19":"pa_laenge-38-2","20":"pa_laenge-40-2","21":"pa_laenge-42-2","23":"first","24":"instock","25":"taxable","26":"shipping-taxable","27":"purchasable","28":"product-type-variable","29":"add-to-wishlist-before_image"},"yoast_head":"<!-- This site is optimized with the Yoast SEO plugin v27.4 - https:\/\/yoast.com\/product\/yoast-seo-wordpress\/ -->\n<title>Pioneer Belt - Red Wing Store Frankfurt<\/title>\n<meta name=\"robots\" content=\"index, follow, max-snippet:-1, max-image-preview:large, max-video-preview:-1\" \/>\n<link rel=\"canonical\" href=\"https:\/\/www.redwingfrankfurt.com\/en\/shop\/accessories\/belts\/pioneer-leather-belt\/\" \/>\n<meta property=\"og:locale\" content=\"en_US\" \/>\n<meta property=\"og:type\" content=\"article\" \/>\n<meta property=\"og:title\" content=\"Pioneer Belt - Red Wing Store Frankfurt\" \/>\n<meta property=\"og:description\" content=\"Die Pioneer G\u00fcrtel entstehen in reiner Handarbeit und entsprechen farblich den g\u00e4ngigen Red Wing Gerbungen, so dass sie sich sehr gut kombinieren lassen. Das verwendete premium Leder kommt ausschlie\u00dflich aus der Red Wing eigenen S.B Foot Tannery. Die Messing Schnalle ist frei von Nickel.  Made in USA!\" \/>\n<meta property=\"og:url\" content=\"https:\/\/www.redwingfrankfurt.com\/en\/shop\/accessories\/belts\/pioneer-leather-belt\/\" \/>\n<meta property=\"og:site_name\" content=\"Red Wing Store Frankfurt\" \/>\n<meta property=\"article:modified_time\" content=\"2026-04-02T15:54:05+00:00\" \/>\n<meta property=\"og:image\" content=\"https:\/\/www.redwingfrankfurt.com\/wp-content\/uploads\/2024\/11\/RH97695C_MUL_N1_0421.jpg\" \/>\n\t<meta property=\"og:image:width\" content=\"1554\" \/>\n\t<meta property=\"og:image:height\" content=\"1567\" \/>\n\t<meta property=\"og:image:type\" content=\"image\/jpeg\" \/>\n<meta name=\"twitter:card\" content=\"summary_large_image\" \/>\n<script type=\"application\/ld+json\" class=\"yoast-schema-graph\">{\"@context\":\"https:\\\/\\\/schema.org\",\"@graph\":[{\"@type\":\"WebPage\",\"@id\":\"https:\\\/\\\/www.redwingfrankfurt.com\\\/en\\\/shop\\\/accessories\\\/belts\\\/pioneer-leather-belt\\\/\",\"url\":\"https:\\\/\\\/www.redwingfrankfurt.com\\\/en\\\/shop\\\/accessories\\\/belts\\\/pioneer-leather-belt\\\/\",\"name\":\"Pioneer Belt - Red Wing Store Frankfurt\",\"isPartOf\":{\"@id\":\"https:\\\/\\\/www.redwingfrankfurt.com\\\/en\\\/#website\"},\"primaryImageOfPage\":{\"@id\":\"https:\\\/\\\/www.redwingfrankfurt.com\\\/en\\\/shop\\\/accessories\\\/belts\\\/pioneer-leather-belt\\\/#primaryimage\"},\"image\":{\"@id\":\"https:\\\/\\\/www.redwingfrankfurt.com\\\/en\\\/shop\\\/accessories\\\/belts\\\/pioneer-leather-belt\\\/#primaryimage\"},\"thumbnailUrl\":\"https:\\\/\\\/www.redwingfrankfurt.com\\\/wp-content\\\/uploads\\\/2024\\\/11\\\/RH97695C_MUL_N1_0421.jpg\",\"datePublished\":\"2024-11-08T12:59:24+00:00\",\"dateModified\":\"2026-04-02T15:54:05+00:00\",\"breadcrumb\":{\"@id\":\"https:\\\/\\\/www.redwingfrankfurt.com\\\/en\\\/shop\\\/accessories\\\/belts\\\/pioneer-leather-belt\\\/#breadcrumb\"},\"inLanguage\":\"en-US\",\"potentialAction\":[{\"@type\":\"ReadAction\",\"target\":[\"https:\\\/\\\/www.redwingfrankfurt.com\\\/en\\\/shop\\\/accessories\\\/belts\\\/pioneer-leather-belt\\\/\"]}]},{\"@type\":\"ImageObject\",\"inLanguage\":\"en-US\",\"@id\":\"https:\\\/\\\/www.redwingfrankfurt.com\\\/en\\\/shop\\\/accessories\\\/belts\\\/pioneer-leather-belt\\\/#primaryimage\",\"url\":\"https:\\\/\\\/www.redwingfrankfurt.com\\\/wp-content\\\/uploads\\\/2024\\\/11\\\/RH97695C_MUL_N1_0421.jpg\",\"contentUrl\":\"https:\\\/\\\/www.redwingfrankfurt.com\\\/wp-content\\\/uploads\\\/2024\\\/11\\\/RH97695C_MUL_N1_0421.jpg\",\"width\":1554,\"height\":1567},{\"@type\":\"BreadcrumbList\",\"@id\":\"https:\\\/\\\/www.redwingfrankfurt.com\\\/en\\\/shop\\\/accessories\\\/belts\\\/pioneer-leather-belt\\\/#breadcrumb\",\"itemListElement\":[{\"@type\":\"ListItem\",\"position\":1,\"name\":\"Startseite\",\"item\":\"https:\\\/\\\/www.redwingfrankfurt.com\\\/en\\\/\"},{\"@type\":\"ListItem\",\"position\":2,\"name\":\"Shop\",\"item\":\"https:\\\/\\\/www.redwingfrankfurt.com\\\/shop\\\/\"},{\"@type\":\"ListItem\",\"position\":3,\"name\":\"Pioneer Belt\"}]},{\"@type\":\"WebSite\",\"@id\":\"https:\\\/\\\/www.redwingfrankfurt.com\\\/en\\\/#website\",\"url\":\"https:\\\/\\\/www.redwingfrankfurt.com\\\/en\\\/\",\"name\":\"Red Wing Store Frankfurt\",\"description\":\"First Red Wing Store in Europe \u2013 since 1977\",\"potentialAction\":[{\"@type\":\"SearchAction\",\"target\":{\"@type\":\"EntryPoint\",\"urlTemplate\":\"https:\\\/\\\/www.redwingfrankfurt.com\\\/en\\\/?s={search_term_string}\"},\"query-input\":{\"@type\":\"PropertyValueSpecification\",\"valueRequired\":true,\"valueName\":\"search_term_string\"}}],\"inLanguage\":\"en-US\"}]}<\/script>\n<!-- \/ Yoast SEO plugin. -->","yoast_head_json":{"title":"Pioneer Belt - Red Wing Store Frankfurt","robots":{"index":"index","follow":"follow","max-snippet":"max-snippet:-1","max-image-preview":"max-image-preview:large","max-video-preview":"max-video-preview:-1"},"canonical":"https:\/\/www.redwingfrankfurt.com\/en\/shop\/accessories\/belts\/pioneer-leather-belt\/","og_locale":"en_US","og_type":"article","og_title":"Pioneer Belt - Red Wing Store Frankfurt","og_description":"Die Pioneer G\u00fcrtel entstehen in reiner Handarbeit und entsprechen farblich den g\u00e4ngigen Red Wing Gerbungen, so dass sie sich sehr gut kombinieren lassen. Das verwendete premium Leder kommt ausschlie\u00dflich aus der Red Wing eigenen S.B Foot Tannery. Die Messing Schnalle ist frei von Nickel.  Made in USA!","og_url":"https:\/\/www.redwingfrankfurt.com\/en\/shop\/accessories\/belts\/pioneer-leather-belt\/","og_site_name":"Red Wing Store Frankfurt","article_modified_time":"2026-04-02T15:54:05+00:00","og_image":[{"width":1554,"height":1567,"url":"https:\/\/www.redwingfrankfurt.com\/wp-content\/uploads\/2024\/11\/RH97695C_MUL_N1_0421.jpg","type":"image\/jpeg"}],"twitter_card":"summary_large_image","schema":{"@context":"https:\/\/schema.org","@graph":[{"@type":"WebPage","@id":"https:\/\/www.redwingfrankfurt.com\/en\/shop\/accessories\/belts\/pioneer-leather-belt\/","url":"https:\/\/www.redwingfrankfurt.com\/en\/shop\/accessories\/belts\/pioneer-leather-belt\/","name":"Pioneer Belt - Red Wing Store Frankfurt","isPartOf":{"@id":"https:\/\/www.redwingfrankfurt.com\/en\/#website"},"primaryImageOfPage":{"@id":"https:\/\/www.redwingfrankfurt.com\/en\/shop\/accessories\/belts\/pioneer-leather-belt\/#primaryimage"},"image":{"@id":"https:\/\/www.redwingfrankfurt.com\/en\/shop\/accessories\/belts\/pioneer-leather-belt\/#primaryimage"},"thumbnailUrl":"https:\/\/www.redwingfrankfurt.com\/wp-content\/uploads\/2024\/11\/RH97695C_MUL_N1_0421.jpg","datePublished":"2024-11-08T12:59:24+00:00","dateModified":"2026-04-02T15:54:05+00:00","breadcrumb":{"@id":"https:\/\/www.redwingfrankfurt.com\/en\/shop\/accessories\/belts\/pioneer-leather-belt\/#breadcrumb"},"inLanguage":"en-US","potentialAction":[{"@type":"ReadAction","target":["https:\/\/www.redwingfrankfurt.com\/en\/shop\/accessories\/belts\/pioneer-leather-belt\/"]}]},{"@type":"ImageObject","inLanguage":"en-US","@id":"https:\/\/www.redwingfrankfurt.com\/en\/shop\/accessories\/belts\/pioneer-leather-belt\/#primaryimage","url":"https:\/\/www.redwingfrankfurt.com\/wp-content\/uploads\/2024\/11\/RH97695C_MUL_N1_0421.jpg","contentUrl":"https:\/\/www.redwingfrankfurt.com\/wp-content\/uploads\/2024\/11\/RH97695C_MUL_N1_0421.jpg","width":1554,"height":1567},{"@type":"BreadcrumbList","@id":"https:\/\/www.redwingfrankfurt.com\/en\/shop\/accessories\/belts\/pioneer-leather-belt\/#breadcrumb","itemListElement":[{"@type":"ListItem","position":1,"name":"Startseite","item":"https:\/\/www.redwingfrankfurt.com\/en\/"},{"@type":"ListItem","position":2,"name":"Shop","item":"https:\/\/www.redwingfrankfurt.com\/shop\/"},{"@type":"ListItem","position":3,"name":"Pioneer Belt"}]},{"@type":"WebSite","@id":"https:\/\/www.redwingfrankfurt.com\/en\/#website","url":"https:\/\/www.redwingfrankfurt.com\/en\/","name":"Red Wing Store Frankfurt","description":"First Red Wing Store in Europe \u2013 since 1977","potentialAction":[{"@type":"SearchAction","target":{"@type":"EntryPoint","urlTemplate":"https:\/\/www.redwingfrankfurt.com\/en\/?s={search_term_string}"},"query-input":{"@type":"PropertyValueSpecification","valueRequired":true,"valueName":"search_term_string"}}],"inLanguage":"en-US"}]}},"_links":{"self":[{"href":"https:\/\/www.redwingfrankfurt.com\/en\/wp-json\/wp\/v2\/product\/19882","targetHints":{"allow":["GET"]}}],"collection":[{"href":"https:\/\/www.redwingfrankfurt.com\/en\/wp-json\/wp\/v2\/product"}],"about":[{"href":"https:\/\/www.redwingfrankfurt.com\/en\/wp-json\/wp\/v2\/types\/product"}],"wp:featuredmedia":[{"embeddable":true,"href":"https:\/\/www.redwingfrankfurt.com\/en\/wp-json\/wp\/v2\/media\/19892"}],"wp:attachment":[{"href":"https:\/\/www.redwingfrankfurt.com\/en\/wp-json\/wp\/v2\/media?parent=19882"}],"wp:term":[{"taxonomy":"product_brand","embeddable":true,"href":"https:\/\/www.redwingfrankfurt.com\/en\/wp-json\/wp\/v2\/product_brand?post=19882"},{"taxonomy":"product_cat","embeddable":true,"href":"https:\/\/www.redwingfrankfurt.com\/en\/wp-json\/wp\/v2\/product_cat?post=19882"},{"taxonomy":"product_tag","embeddable":true,"href":"https:\/\/www.redwingfrankfurt.com\/en\/wp-json\/wp\/v2\/product_tag?post=19882"}],"curies":[{"name":"wp","href":"https:\/\/api.w.org\/{rel}","templated":true}]}}