{"id":17516,"date":"2023-08-12T14:25:06","date_gmt":"2023-08-12T12:25:06","guid":{"rendered":"https:\/\/www.redwingfrankfurt.com\/?post_type=product&#038;p=17516"},"modified":"2026-04-24T16:45:23","modified_gmt":"2026-04-24T14:45:23","slug":"8875-moc-toe","status":"publish","type":"product","link":"https:\/\/www.redwingfrankfurt.com\/en\/shop\/moc-toe-en\/8875-moc-toe\/","title":{"rendered":"8875 Moc Toe"},"content":{"rendered":"<p>Der Red Wing 8875 ist das kr\u00e4ftige Herzst\u00fcck unter den Moc Toe Boots \u2013 in intensiv gef\u00e4rbtem Oro Russet Leder, das mit jedem Tragen langsam ins warme Rotbraun \u00fcbergeht. Das volumin\u00f6se, leicht gl\u00e4nzende Leder f\u00fchlt sich robust an und gewinnt mit der Zeit eine charaktervolle Patina. Die ikonische Traction\u202fTred Sohle bietet perfekten Grip und sp\u00fcrbare D\u00e4mpfung \u2013 f\u00fcr festen Halt in jeder Umgebung. Die rahmengen\u00e4hte Goodyear-Welt garantiert extreme Langlebigkeit, l\u00e4sst sich bei Bedarf unkompliziert neu besohlen und tr\u00e4gt dich viele Jahre. Mit dem klassischen 6\u2011Zoll-Schaft, dreifacher Steppnaht und metallischen \u00d6sen wirkt der 8875 selbstbewusst und zeitlos zugleich. Hergestellt in Red Wing, Minnesota.<\/p>\n","protected":false},"excerpt":{"rendered":"<p>&nbsp;<\/p>\n<ul>\n<li>Leder: Oro Russet<\/li>\n<li>Innen: Lederbrandsohle<\/li>\n<li>Sohle: Cushion Crepe Wedge<\/li>\n<li>Konstruktion: Rahmengen\u00e4ht<br \/>\n<span style=\"color: #ffffff;\">&#8212;&#8212;&#8212;&#8212;&#8212;&#8212;&#8212;&#8212;&#8212;&#8212;&#8212;&#8211;<\/span><br \/>\nMade in the USA!<\/li>\n<\/ul>\n","protected":false},"featured_media":22715,"template":"","meta":[],"product_brand":[],"product_cat":[83,96],"product_tag":[868,846,427,527,514,515],"class_list":{"0":"post-17516","1":"product","2":"type-product","3":"status-publish","4":"has-post-thumbnail","6":"product_cat-mens-shoes","7":"product_cat-moc-toe","8":"product_tag-868","9":"product_tag-data","10":"product_tag-moc-toe","11":"product_tag-oro-russet","12":"product_tag-red","13":"product_tag-rot","14":"pa_farbe-rot","15":"pa_groesse-129","16":"pa_groesse-130","17":"pa_groesse-44-5","18":"pa_groesse-132","19":"pa_groesse-133","20":"pa_groesse-134","21":"pa_groesse-122","22":"pa_groesse-123","23":"pa_groesse-118","24":"pa_groesse-41-5","25":"pa_groesse-127","26":"pa_groesse-42-5","28":"first","29":"instock","30":"taxable","31":"shipping-taxable","32":"purchasable","33":"product-type-variable","34":"add-to-wishlist-before_image"},"yoast_head":"<!-- This site is optimized with the Yoast SEO plugin v27.4 - https:\/\/yoast.com\/product\/yoast-seo-wordpress\/ -->\n<title>8875 Moc Toe - Red Wing Store Frankfurt<\/title>\n<meta name=\"description\" content=\"8875 \u2013 Oro Russet: Klassischer Moc Toe aus kr\u00e4ftigem Oro Russet Leder. Traction Tred Sohle, Goodyear-Welt, robust &amp; langlebig. Handgefertigt in den USA.\" \/>\n<meta name=\"robots\" content=\"index, follow, max-snippet:-1, max-image-preview:large, max-video-preview:-1\" \/>\n<link rel=\"canonical\" href=\"https:\/\/www.redwingfrankfurt.com\/en\/shop\/moc-toe-en\/8875-moc-toe\/\" \/>\n<meta property=\"og:locale\" content=\"en_US\" \/>\n<meta property=\"og:type\" content=\"article\" \/>\n<meta property=\"og:title\" content=\"8875 Moc Toe - Red Wing Store Frankfurt\" \/>\n<meta property=\"og:description\" content=\"8875 \u2013 Oro Russet: Klassischer Moc Toe aus kr\u00e4ftigem Oro Russet Leder. Traction Tred Sohle, Goodyear-Welt, robust &amp; langlebig. Handgefertigt in den USA.\" \/>\n<meta property=\"og:url\" content=\"https:\/\/www.redwingfrankfurt.com\/en\/shop\/moc-toe-en\/8875-moc-toe\/\" \/>\n<meta property=\"og:site_name\" content=\"Red Wing Store Frankfurt\" \/>\n<meta property=\"article:modified_time\" content=\"2026-04-24T14:45:23+00:00\" \/>\n<meta property=\"og:image\" content=\"https:\/\/www.redwingfrankfurt.com\/wp-content\/uploads\/2026\/03\/official-red-wing-shoe-store-frankfurt-moc-toe-8875.jpg\" \/>\n\t<meta property=\"og:image:width\" content=\"2069\" \/>\n\t<meta property=\"og:image:height\" content=\"2069\" \/>\n\t<meta property=\"og:image:type\" content=\"image\/jpeg\" \/>\n<meta name=\"twitter:card\" content=\"summary_large_image\" \/>\n<meta name=\"twitter:label1\" content=\"Est. reading time\" \/>\n\t<meta name=\"twitter:data1\" content=\"1 minute\" \/>\n<script type=\"application\/ld+json\" class=\"yoast-schema-graph\">{\"@context\":\"https:\\\/\\\/schema.org\",\"@graph\":[{\"@type\":\"WebPage\",\"@id\":\"https:\\\/\\\/www.redwingfrankfurt.com\\\/en\\\/shop\\\/moc-toe-en\\\/8875-moc-toe\\\/\",\"url\":\"https:\\\/\\\/www.redwingfrankfurt.com\\\/en\\\/shop\\\/moc-toe-en\\\/8875-moc-toe\\\/\",\"name\":\"8875 Moc Toe - Red Wing Store Frankfurt\",\"isPartOf\":{\"@id\":\"https:\\\/\\\/www.redwingfrankfurt.com\\\/en\\\/#website\"},\"primaryImageOfPage\":{\"@id\":\"https:\\\/\\\/www.redwingfrankfurt.com\\\/en\\\/shop\\\/moc-toe-en\\\/8875-moc-toe\\\/#primaryimage\"},\"image\":{\"@id\":\"https:\\\/\\\/www.redwingfrankfurt.com\\\/en\\\/shop\\\/moc-toe-en\\\/8875-moc-toe\\\/#primaryimage\"},\"thumbnailUrl\":\"https:\\\/\\\/www.redwingfrankfurt.com\\\/wp-content\\\/uploads\\\/2026\\\/03\\\/official-red-wing-shoe-store-frankfurt-moc-toe-8875.jpg\",\"datePublished\":\"2023-08-12T12:25:06+00:00\",\"dateModified\":\"2026-04-24T14:45:23+00:00\",\"description\":\"8875 \u2013 Oro Russet: Klassischer Moc Toe aus kr\u00e4ftigem Oro Russet Leder. Traction Tred Sohle, Goodyear-Welt, robust & langlebig. Handgefertigt in den USA.\",\"breadcrumb\":{\"@id\":\"https:\\\/\\\/www.redwingfrankfurt.com\\\/en\\\/shop\\\/moc-toe-en\\\/8875-moc-toe\\\/#breadcrumb\"},\"inLanguage\":\"en-US\",\"potentialAction\":[{\"@type\":\"ReadAction\",\"target\":[\"https:\\\/\\\/www.redwingfrankfurt.com\\\/en\\\/shop\\\/moc-toe-en\\\/8875-moc-toe\\\/\"]}]},{\"@type\":\"ImageObject\",\"inLanguage\":\"en-US\",\"@id\":\"https:\\\/\\\/www.redwingfrankfurt.com\\\/en\\\/shop\\\/moc-toe-en\\\/8875-moc-toe\\\/#primaryimage\",\"url\":\"https:\\\/\\\/www.redwingfrankfurt.com\\\/wp-content\\\/uploads\\\/2026\\\/03\\\/official-red-wing-shoe-store-frankfurt-moc-toe-8875.jpg\",\"contentUrl\":\"https:\\\/\\\/www.redwingfrankfurt.com\\\/wp-content\\\/uploads\\\/2026\\\/03\\\/official-red-wing-shoe-store-frankfurt-moc-toe-8875.jpg\",\"width\":2069,\"height\":2069},{\"@type\":\"BreadcrumbList\",\"@id\":\"https:\\\/\\\/www.redwingfrankfurt.com\\\/en\\\/shop\\\/moc-toe-en\\\/8875-moc-toe\\\/#breadcrumb\",\"itemListElement\":[{\"@type\":\"ListItem\",\"position\":1,\"name\":\"Startseite\",\"item\":\"https:\\\/\\\/www.redwingfrankfurt.com\\\/en\\\/\"},{\"@type\":\"ListItem\",\"position\":2,\"name\":\"Shop\",\"item\":\"https:\\\/\\\/www.redwingfrankfurt.com\\\/shop\\\/\"},{\"@type\":\"ListItem\",\"position\":3,\"name\":\"8875 Moc Toe\"}]},{\"@type\":\"WebSite\",\"@id\":\"https:\\\/\\\/www.redwingfrankfurt.com\\\/en\\\/#website\",\"url\":\"https:\\\/\\\/www.redwingfrankfurt.com\\\/en\\\/\",\"name\":\"Red Wing Store Frankfurt\",\"description\":\"First Red Wing Store in Europe \u2013 since 1977\",\"potentialAction\":[{\"@type\":\"SearchAction\",\"target\":{\"@type\":\"EntryPoint\",\"urlTemplate\":\"https:\\\/\\\/www.redwingfrankfurt.com\\\/en\\\/?s={search_term_string}\"},\"query-input\":{\"@type\":\"PropertyValueSpecification\",\"valueRequired\":true,\"valueName\":\"search_term_string\"}}],\"inLanguage\":\"en-US\"}]}<\/script>\n<!-- \/ Yoast SEO plugin. -->","yoast_head_json":{"title":"8875 Moc Toe - Red Wing Store Frankfurt","description":"8875 \u2013 Oro Russet: Klassischer Moc Toe aus kr\u00e4ftigem Oro Russet Leder. Traction Tred Sohle, Goodyear-Welt, robust & langlebig. Handgefertigt in den USA.","robots":{"index":"index","follow":"follow","max-snippet":"max-snippet:-1","max-image-preview":"max-image-preview:large","max-video-preview":"max-video-preview:-1"},"canonical":"https:\/\/www.redwingfrankfurt.com\/en\/shop\/moc-toe-en\/8875-moc-toe\/","og_locale":"en_US","og_type":"article","og_title":"8875 Moc Toe - Red Wing Store Frankfurt","og_description":"8875 \u2013 Oro Russet: Klassischer Moc Toe aus kr\u00e4ftigem Oro Russet Leder. Traction Tred Sohle, Goodyear-Welt, robust & langlebig. Handgefertigt in den USA.","og_url":"https:\/\/www.redwingfrankfurt.com\/en\/shop\/moc-toe-en\/8875-moc-toe\/","og_site_name":"Red Wing Store Frankfurt","article_modified_time":"2026-04-24T14:45:23+00:00","og_image":[{"width":2069,"height":2069,"url":"https:\/\/www.redwingfrankfurt.com\/wp-content\/uploads\/2026\/03\/official-red-wing-shoe-store-frankfurt-moc-toe-8875.jpg","type":"image\/jpeg"}],"twitter_card":"summary_large_image","twitter_misc":{"Est. reading time":"1 minute"},"schema":{"@context":"https:\/\/schema.org","@graph":[{"@type":"WebPage","@id":"https:\/\/www.redwingfrankfurt.com\/en\/shop\/moc-toe-en\/8875-moc-toe\/","url":"https:\/\/www.redwingfrankfurt.com\/en\/shop\/moc-toe-en\/8875-moc-toe\/","name":"8875 Moc Toe - Red Wing Store Frankfurt","isPartOf":{"@id":"https:\/\/www.redwingfrankfurt.com\/en\/#website"},"primaryImageOfPage":{"@id":"https:\/\/www.redwingfrankfurt.com\/en\/shop\/moc-toe-en\/8875-moc-toe\/#primaryimage"},"image":{"@id":"https:\/\/www.redwingfrankfurt.com\/en\/shop\/moc-toe-en\/8875-moc-toe\/#primaryimage"},"thumbnailUrl":"https:\/\/www.redwingfrankfurt.com\/wp-content\/uploads\/2026\/03\/official-red-wing-shoe-store-frankfurt-moc-toe-8875.jpg","datePublished":"2023-08-12T12:25:06+00:00","dateModified":"2026-04-24T14:45:23+00:00","description":"8875 \u2013 Oro Russet: Klassischer Moc Toe aus kr\u00e4ftigem Oro Russet Leder. Traction Tred Sohle, Goodyear-Welt, robust & langlebig. Handgefertigt in den USA.","breadcrumb":{"@id":"https:\/\/www.redwingfrankfurt.com\/en\/shop\/moc-toe-en\/8875-moc-toe\/#breadcrumb"},"inLanguage":"en-US","potentialAction":[{"@type":"ReadAction","target":["https:\/\/www.redwingfrankfurt.com\/en\/shop\/moc-toe-en\/8875-moc-toe\/"]}]},{"@type":"ImageObject","inLanguage":"en-US","@id":"https:\/\/www.redwingfrankfurt.com\/en\/shop\/moc-toe-en\/8875-moc-toe\/#primaryimage","url":"https:\/\/www.redwingfrankfurt.com\/wp-content\/uploads\/2026\/03\/official-red-wing-shoe-store-frankfurt-moc-toe-8875.jpg","contentUrl":"https:\/\/www.redwingfrankfurt.com\/wp-content\/uploads\/2026\/03\/official-red-wing-shoe-store-frankfurt-moc-toe-8875.jpg","width":2069,"height":2069},{"@type":"BreadcrumbList","@id":"https:\/\/www.redwingfrankfurt.com\/en\/shop\/moc-toe-en\/8875-moc-toe\/#breadcrumb","itemListElement":[{"@type":"ListItem","position":1,"name":"Startseite","item":"https:\/\/www.redwingfrankfurt.com\/en\/"},{"@type":"ListItem","position":2,"name":"Shop","item":"https:\/\/www.redwingfrankfurt.com\/shop\/"},{"@type":"ListItem","position":3,"name":"8875 Moc Toe"}]},{"@type":"WebSite","@id":"https:\/\/www.redwingfrankfurt.com\/en\/#website","url":"https:\/\/www.redwingfrankfurt.com\/en\/","name":"Red Wing Store Frankfurt","description":"First Red Wing Store in Europe \u2013 since 1977","potentialAction":[{"@type":"SearchAction","target":{"@type":"EntryPoint","urlTemplate":"https:\/\/www.redwingfrankfurt.com\/en\/?s={search_term_string}"},"query-input":{"@type":"PropertyValueSpecification","valueRequired":true,"valueName":"search_term_string"}}],"inLanguage":"en-US"}]}},"_links":{"self":[{"href":"https:\/\/www.redwingfrankfurt.com\/en\/wp-json\/wp\/v2\/product\/17516","targetHints":{"allow":["GET"]}}],"collection":[{"href":"https:\/\/www.redwingfrankfurt.com\/en\/wp-json\/wp\/v2\/product"}],"about":[{"href":"https:\/\/www.redwingfrankfurt.com\/en\/wp-json\/wp\/v2\/types\/product"}],"wp:featuredmedia":[{"embeddable":true,"href":"https:\/\/www.redwingfrankfurt.com\/en\/wp-json\/wp\/v2\/media\/22715"}],"wp:attachment":[{"href":"https:\/\/www.redwingfrankfurt.com\/en\/wp-json\/wp\/v2\/media?parent=17516"}],"wp:term":[{"taxonomy":"product_brand","embeddable":true,"href":"https:\/\/www.redwingfrankfurt.com\/en\/wp-json\/wp\/v2\/product_brand?post=17516"},{"taxonomy":"product_cat","embeddable":true,"href":"https:\/\/www.redwingfrankfurt.com\/en\/wp-json\/wp\/v2\/product_cat?post=17516"},{"taxonomy":"product_tag","embeddable":true,"href":"https:\/\/www.redwingfrankfurt.com\/en\/wp-json\/wp\/v2\/product_tag?post=17516"}],"curies":[{"name":"wp","href":"https:\/\/api.w.org\/{rel}","templated":true}]}}