{"id":10220,"date":"2021-03-10T17:06:17","date_gmt":"2021-03-10T15:06:17","guid":{"rendered":"https:\/\/www.redwingfrankfurt.com\/?post_type=product&#038;p=10220"},"modified":"2026-04-16T20:22:52","modified_gmt":"2026-04-16T18:22:52","slug":"laces-flach-gewachst-braun-120cm","status":"publish","type":"product","link":"https:\/\/www.redwingfrankfurt.com\/en\/shop\/accessories\/laces\/laces-flach-gewachst-braun-120cm\/","title":{"rendered":"Laces Flach Gewachst 120cm"},"content":{"rendered":"<p>Die ~122 cm langen Schn\u00fcrsenkel sind die Standardwahl f\u00fcr viele Red Wing Heritage-Boots mit mittlerer Lochzahl. Ob als Nylon-Taslan oder als gewachste Variante \u2013 sie verbinden klassische Optik mit zuverl\u00e4ssiger Funktion und sind perfekt f\u00fcr Modelle wie Iron Ranger oder Moc-Toe-Boots (6\u20137 \u00d6sen).v<\/p>\n","protected":false},"excerpt":{"rendered":"<p>Original Red Wing Senkel in Braun, flach und gewachst. Perfekt f\u00fcr alle Modelle der Beckman\/Blacksmith Serie mit 7 Loch-Schn\u00fcrung, wie z.B. 3345, 3344 etc.<\/p>\n","protected":false},"featured_media":22268,"template":"","meta":[],"product_brand":[],"product_cat":[109],"product_tag":[722,720,721,441,442],"class_list":{"0":"post-10220","1":"product","2":"type-product","3":"status-publish","4":"has-post-thumbnail","6":"product_cat-laces","7":"product_tag-722","8":"product_tag-flach","9":"product_tag-gewachst","10":"product_tag-laces","11":"product_tag-schnuersenkel","12":"pa_farbe-braun","14":"first","15":"instock","16":"taxable","17":"shipping-taxable","18":"purchasable","19":"product-type-simple","20":"add-to-wishlist-before_image"},"yoast_head":"<!-- This site is optimized with the Yoast SEO plugin v27.4 - https:\/\/yoast.com\/product\/yoast-seo-wordpress\/ -->\n<title>Laces Flach Gewachst 120cm - Red Wing Store Frankfurt<\/title>\n<meta name=\"description\" content=\"Red Wing Schn\u00fcrsenkel 48\u2033 (~122 cm) \u2013 klassische Boot-L\u00e4nge, erh\u00e4ltlich in Taslan und gewachster Ausf\u00fchrung, robuste Performance &amp; heritage-Look.\" \/>\n<meta name=\"robots\" content=\"index, follow, max-snippet:-1, max-image-preview:large, max-video-preview:-1\" \/>\n<link rel=\"canonical\" href=\"https:\/\/www.redwingfrankfurt.com\/en\/shop\/accessories\/laces\/laces-flach-gewachst-braun-120cm\/\" \/>\n<meta property=\"og:locale\" content=\"en_US\" \/>\n<meta property=\"og:type\" content=\"article\" \/>\n<meta property=\"og:title\" content=\"Laces Flach Gewachst 120cm - Red Wing Store Frankfurt\" \/>\n<meta property=\"og:description\" content=\"Red Wing Schn\u00fcrsenkel 48\u2033 (~122 cm) \u2013 klassische Boot-L\u00e4nge, erh\u00e4ltlich in Taslan und gewachster Ausf\u00fchrung, robuste Performance &amp; heritage-Look.\" \/>\n<meta property=\"og:url\" content=\"https:\/\/www.redwingfrankfurt.com\/en\/shop\/accessories\/laces\/laces-flach-gewachst-braun-120cm\/\" \/>\n<meta property=\"og:site_name\" content=\"Red Wing Store Frankfurt\" \/>\n<meta property=\"article:modified_time\" content=\"2026-04-16T18:22:52+00:00\" \/>\n<meta property=\"og:image\" content=\"https:\/\/www.redwingfrankfurt.com\/wp-content\/uploads\/2026\/01\/RWS_Senkel_RH97138C_2000x2000.png\" \/>\n\t<meta property=\"og:image:width\" content=\"2000\" \/>\n\t<meta property=\"og:image:height\" content=\"2000\" \/>\n\t<meta property=\"og:image:type\" content=\"image\/png\" \/>\n<meta name=\"twitter:card\" content=\"summary_large_image\" \/>\n<script type=\"application\/ld+json\" class=\"yoast-schema-graph\">{\"@context\":\"https:\\\/\\\/schema.org\",\"@graph\":[{\"@type\":\"WebPage\",\"@id\":\"https:\\\/\\\/www.redwingfrankfurt.com\\\/en\\\/shop\\\/accessories\\\/laces\\\/laces-flach-gewachst-braun-120cm\\\/\",\"url\":\"https:\\\/\\\/www.redwingfrankfurt.com\\\/en\\\/shop\\\/accessories\\\/laces\\\/laces-flach-gewachst-braun-120cm\\\/\",\"name\":\"Laces Flach Gewachst 120cm - Red Wing Store Frankfurt\",\"isPartOf\":{\"@id\":\"https:\\\/\\\/www.redwingfrankfurt.com\\\/en\\\/#website\"},\"primaryImageOfPage\":{\"@id\":\"https:\\\/\\\/www.redwingfrankfurt.com\\\/en\\\/shop\\\/accessories\\\/laces\\\/laces-flach-gewachst-braun-120cm\\\/#primaryimage\"},\"image\":{\"@id\":\"https:\\\/\\\/www.redwingfrankfurt.com\\\/en\\\/shop\\\/accessories\\\/laces\\\/laces-flach-gewachst-braun-120cm\\\/#primaryimage\"},\"thumbnailUrl\":\"https:\\\/\\\/www.redwingfrankfurt.com\\\/wp-content\\\/uploads\\\/2026\\\/01\\\/RWS_Senkel_RH97138C_2000x2000.png\",\"datePublished\":\"2021-03-10T15:06:17+00:00\",\"dateModified\":\"2026-04-16T18:22:52+00:00\",\"description\":\"Red Wing Schn\u00fcrsenkel 48\u2033 (~122 cm) \u2013 klassische Boot-L\u00e4nge, erh\u00e4ltlich in Taslan und gewachster Ausf\u00fchrung, robuste Performance & heritage-Look.\",\"breadcrumb\":{\"@id\":\"https:\\\/\\\/www.redwingfrankfurt.com\\\/en\\\/shop\\\/accessories\\\/laces\\\/laces-flach-gewachst-braun-120cm\\\/#breadcrumb\"},\"inLanguage\":\"en-US\",\"potentialAction\":[{\"@type\":\"ReadAction\",\"target\":[\"https:\\\/\\\/www.redwingfrankfurt.com\\\/en\\\/shop\\\/accessories\\\/laces\\\/laces-flach-gewachst-braun-120cm\\\/\"]}]},{\"@type\":\"ImageObject\",\"inLanguage\":\"en-US\",\"@id\":\"https:\\\/\\\/www.redwingfrankfurt.com\\\/en\\\/shop\\\/accessories\\\/laces\\\/laces-flach-gewachst-braun-120cm\\\/#primaryimage\",\"url\":\"https:\\\/\\\/www.redwingfrankfurt.com\\\/wp-content\\\/uploads\\\/2026\\\/01\\\/RWS_Senkel_RH97138C_2000x2000.png\",\"contentUrl\":\"https:\\\/\\\/www.redwingfrankfurt.com\\\/wp-content\\\/uploads\\\/2026\\\/01\\\/RWS_Senkel_RH97138C_2000x2000.png\",\"width\":2000,\"height\":2000},{\"@type\":\"BreadcrumbList\",\"@id\":\"https:\\\/\\\/www.redwingfrankfurt.com\\\/en\\\/shop\\\/accessories\\\/laces\\\/laces-flach-gewachst-braun-120cm\\\/#breadcrumb\",\"itemListElement\":[{\"@type\":\"ListItem\",\"position\":1,\"name\":\"Startseite\",\"item\":\"https:\\\/\\\/www.redwingfrankfurt.com\\\/en\\\/\"},{\"@type\":\"ListItem\",\"position\":2,\"name\":\"Shop\",\"item\":\"https:\\\/\\\/www.redwingfrankfurt.com\\\/shop\\\/\"},{\"@type\":\"ListItem\",\"position\":3,\"name\":\"Laces Flach Gewachst 120cm\"}]},{\"@type\":\"WebSite\",\"@id\":\"https:\\\/\\\/www.redwingfrankfurt.com\\\/en\\\/#website\",\"url\":\"https:\\\/\\\/www.redwingfrankfurt.com\\\/en\\\/\",\"name\":\"Red Wing Store Frankfurt\",\"description\":\"First Red Wing Store in Europe \u2013 since 1977\",\"potentialAction\":[{\"@type\":\"SearchAction\",\"target\":{\"@type\":\"EntryPoint\",\"urlTemplate\":\"https:\\\/\\\/www.redwingfrankfurt.com\\\/en\\\/?s={search_term_string}\"},\"query-input\":{\"@type\":\"PropertyValueSpecification\",\"valueRequired\":true,\"valueName\":\"search_term_string\"}}],\"inLanguage\":\"en-US\"}]}<\/script>\n<!-- \/ Yoast SEO plugin. -->","yoast_head_json":{"title":"Laces Flach Gewachst 120cm - Red Wing Store Frankfurt","description":"Red Wing Schn\u00fcrsenkel 48\u2033 (~122 cm) \u2013 klassische Boot-L\u00e4nge, erh\u00e4ltlich in Taslan und gewachster Ausf\u00fchrung, robuste Performance & heritage-Look.","robots":{"index":"index","follow":"follow","max-snippet":"max-snippet:-1","max-image-preview":"max-image-preview:large","max-video-preview":"max-video-preview:-1"},"canonical":"https:\/\/www.redwingfrankfurt.com\/en\/shop\/accessories\/laces\/laces-flach-gewachst-braun-120cm\/","og_locale":"en_US","og_type":"article","og_title":"Laces Flach Gewachst 120cm - Red Wing Store Frankfurt","og_description":"Red Wing Schn\u00fcrsenkel 48\u2033 (~122 cm) \u2013 klassische Boot-L\u00e4nge, erh\u00e4ltlich in Taslan und gewachster Ausf\u00fchrung, robuste Performance & heritage-Look.","og_url":"https:\/\/www.redwingfrankfurt.com\/en\/shop\/accessories\/laces\/laces-flach-gewachst-braun-120cm\/","og_site_name":"Red Wing Store Frankfurt","article_modified_time":"2026-04-16T18:22:52+00:00","og_image":[{"width":2000,"height":2000,"url":"https:\/\/www.redwingfrankfurt.com\/wp-content\/uploads\/2026\/01\/RWS_Senkel_RH97138C_2000x2000.png","type":"image\/png"}],"twitter_card":"summary_large_image","schema":{"@context":"https:\/\/schema.org","@graph":[{"@type":"WebPage","@id":"https:\/\/www.redwingfrankfurt.com\/en\/shop\/accessories\/laces\/laces-flach-gewachst-braun-120cm\/","url":"https:\/\/www.redwingfrankfurt.com\/en\/shop\/accessories\/laces\/laces-flach-gewachst-braun-120cm\/","name":"Laces Flach Gewachst 120cm - Red Wing Store Frankfurt","isPartOf":{"@id":"https:\/\/www.redwingfrankfurt.com\/en\/#website"},"primaryImageOfPage":{"@id":"https:\/\/www.redwingfrankfurt.com\/en\/shop\/accessories\/laces\/laces-flach-gewachst-braun-120cm\/#primaryimage"},"image":{"@id":"https:\/\/www.redwingfrankfurt.com\/en\/shop\/accessories\/laces\/laces-flach-gewachst-braun-120cm\/#primaryimage"},"thumbnailUrl":"https:\/\/www.redwingfrankfurt.com\/wp-content\/uploads\/2026\/01\/RWS_Senkel_RH97138C_2000x2000.png","datePublished":"2021-03-10T15:06:17+00:00","dateModified":"2026-04-16T18:22:52+00:00","description":"Red Wing Schn\u00fcrsenkel 48\u2033 (~122 cm) \u2013 klassische Boot-L\u00e4nge, erh\u00e4ltlich in Taslan und gewachster Ausf\u00fchrung, robuste Performance & heritage-Look.","breadcrumb":{"@id":"https:\/\/www.redwingfrankfurt.com\/en\/shop\/accessories\/laces\/laces-flach-gewachst-braun-120cm\/#breadcrumb"},"inLanguage":"en-US","potentialAction":[{"@type":"ReadAction","target":["https:\/\/www.redwingfrankfurt.com\/en\/shop\/accessories\/laces\/laces-flach-gewachst-braun-120cm\/"]}]},{"@type":"ImageObject","inLanguage":"en-US","@id":"https:\/\/www.redwingfrankfurt.com\/en\/shop\/accessories\/laces\/laces-flach-gewachst-braun-120cm\/#primaryimage","url":"https:\/\/www.redwingfrankfurt.com\/wp-content\/uploads\/2026\/01\/RWS_Senkel_RH97138C_2000x2000.png","contentUrl":"https:\/\/www.redwingfrankfurt.com\/wp-content\/uploads\/2026\/01\/RWS_Senkel_RH97138C_2000x2000.png","width":2000,"height":2000},{"@type":"BreadcrumbList","@id":"https:\/\/www.redwingfrankfurt.com\/en\/shop\/accessories\/laces\/laces-flach-gewachst-braun-120cm\/#breadcrumb","itemListElement":[{"@type":"ListItem","position":1,"name":"Startseite","item":"https:\/\/www.redwingfrankfurt.com\/en\/"},{"@type":"ListItem","position":2,"name":"Shop","item":"https:\/\/www.redwingfrankfurt.com\/shop\/"},{"@type":"ListItem","position":3,"name":"Laces Flach Gewachst 120cm"}]},{"@type":"WebSite","@id":"https:\/\/www.redwingfrankfurt.com\/en\/#website","url":"https:\/\/www.redwingfrankfurt.com\/en\/","name":"Red Wing Store Frankfurt","description":"First Red Wing Store in Europe \u2013 since 1977","potentialAction":[{"@type":"SearchAction","target":{"@type":"EntryPoint","urlTemplate":"https:\/\/www.redwingfrankfurt.com\/en\/?s={search_term_string}"},"query-input":{"@type":"PropertyValueSpecification","valueRequired":true,"valueName":"search_term_string"}}],"inLanguage":"en-US"}]}},"_links":{"self":[{"href":"https:\/\/www.redwingfrankfurt.com\/en\/wp-json\/wp\/v2\/product\/10220","targetHints":{"allow":["GET"]}}],"collection":[{"href":"https:\/\/www.redwingfrankfurt.com\/en\/wp-json\/wp\/v2\/product"}],"about":[{"href":"https:\/\/www.redwingfrankfurt.com\/en\/wp-json\/wp\/v2\/types\/product"}],"wp:featuredmedia":[{"embeddable":true,"href":"https:\/\/www.redwingfrankfurt.com\/en\/wp-json\/wp\/v2\/media\/22268"}],"wp:attachment":[{"href":"https:\/\/www.redwingfrankfurt.com\/en\/wp-json\/wp\/v2\/media?parent=10220"}],"wp:term":[{"taxonomy":"product_brand","embeddable":true,"href":"https:\/\/www.redwingfrankfurt.com\/en\/wp-json\/wp\/v2\/product_brand?post=10220"},{"taxonomy":"product_cat","embeddable":true,"href":"https:\/\/www.redwingfrankfurt.com\/en\/wp-json\/wp\/v2\/product_cat?post=10220"},{"taxonomy":"product_tag","embeddable":true,"href":"https:\/\/www.redwingfrankfurt.com\/en\/wp-json\/wp\/v2\/product_tag?post=10220"}],"curies":[{"name":"wp","href":"https:\/\/api.w.org\/{rel}","templated":true}]}}